{"id":22597,"date":"2025-06-18T18:31:30","date_gmt":"2025-06-18T16:31:30","guid":{"rendered":"https:\/\/hundtgroup.com\/produkt\/taladro-angular-inalambrico-bosch-gwb-12-v-10\/"},"modified":"2025-07-28T16:35:04","modified_gmt":"2025-07-28T14:35:04","slug":"taladro-angular-inalambrico-bosch-gwb-12-v-10","status":"publish","type":"product","link":"https:\/\/hundtgroup.com\/es\/produkt\/taladro-angular-inalambrico-bosch-gwb-12-v-10\/","title":{"rendered":"Taladro angular inal\u00e1mbrico Bosch GWB 12 V-10"},"content":{"rendered":"<p>Perfecto para taladrar y atornillar en espacios de trabajo reducidos, cabezal articulado de 90\u00b0 ajustable en<br \/>\n5 posiciones, luz LED brillante para iluminar \u00f3ptimamente el \u00e1rea de trabajo, portabrocas de acci\u00f3n r\u00e1pida con bloqueo autom\u00e1tico para cambiar r\u00e1pidamente de herramienta, interruptor electr\u00f3nico<br \/>\npara regular la velocidad variable<\/p>\n","protected":false},"excerpt":{"rendered":"<p>Perfecto para taladrar y atornillar en espacios de trabajo reducidos, cabezal articulado de 90\u00b0 ajustable en 5 posiciones, luz LED brillante para iluminar \u00f3ptimamente el \u00e1rea de trabajo, portabrocas de acci\u00f3n r\u00e1pida con bloqueo autom\u00e1tico para cambiar r\u00e1pidamente de herramienta, interruptor electr\u00f3nico para regular la velocidad variable<\/p>\n","protected":false},"featured_media":22599,"template":"","meta":{"_acf_changed":false,"inline_featured_image":false},"product_cat":[662,1840],"product_tag":[],"class_list":{"0":"post-22597","1":"product","2":"type-product","3":"status-publish","4":"has-post-thumbnail","6":"brand-bosch","7":"product_cat-herramientas-a-bateria","8":"product_cat-taladradora","10":"first","11":"instock","12":"taxable","13":"shipping-taxable","14":"purchasable","15":"product-type-simple","16":"add-to-wishlist-before_image"},"acf":[],"yoast_head":"<!-- This site is optimized with the Yoast SEO plugin v27.3 - https:\/\/yoast.com\/product\/yoast-seo-wordpress\/ -->\n<title>Taladro angular inal\u00e1mbrico Bosch GWB 12 V-10 - Wilhelm Hundt GmbH<\/title>\n<meta name=\"robots\" content=\"index, follow, max-snippet:-1, max-image-preview:large, max-video-preview:-1\" \/>\n<link rel=\"canonical\" href=\"https:\/\/hundtgroup.com\/es\/produkt\/taladro-angular-inalambrico-bosch-gwb-12-v-10\/\" \/>\n<meta property=\"og:locale\" content=\"es_ES\" \/>\n<meta property=\"og:type\" content=\"article\" \/>\n<meta property=\"og:title\" content=\"Taladro angular inal\u00e1mbrico Bosch GWB 12 V-10 - Wilhelm Hundt GmbH\" \/>\n<meta property=\"og:description\" content=\"Perfecto para taladrar y atornillar en espacios de trabajo reducidos, cabezal articulado de 90\u00b0 ajustable en 5 posiciones, luz LED brillante para iluminar \u00f3ptimamente el \u00e1rea de trabajo, portabrocas de acci\u00f3n r\u00e1pida con bloqueo autom\u00e1tico para cambiar r\u00e1pidamente de herramienta, interruptor electr\u00f3nico para regular la velocidad variable\" \/>\n<meta property=\"og:url\" content=\"https:\/\/hundtgroup.com\/es\/produkt\/taladro-angular-inalambrico-bosch-gwb-12-v-10\/\" \/>\n<meta property=\"og:site_name\" content=\"Wilhelm Hundt GmbH\" \/>\n<meta property=\"article:modified_time\" content=\"2025-07-28T14:35:04+00:00\" \/>\n<meta property=\"og:image\" content=\"https:\/\/hundtgroup.com\/wp-content\/uploads\/340016.jpg\" \/>\n\t<meta property=\"og:image:width\" content=\"520\" \/>\n\t<meta property=\"og:image:height\" content=\"520\" \/>\n\t<meta property=\"og:image:type\" content=\"image\/jpeg\" \/>\n<meta name=\"twitter:card\" content=\"summary_large_image\" \/>\n<script type=\"application\/ld+json\" class=\"yoast-schema-graph\">{\"@context\":\"https:\\\/\\\/schema.org\",\"@graph\":[{\"@type\":\"WebPage\",\"@id\":\"https:\\\/\\\/hundtgroup.com\\\/es\\\/produkt\\\/taladro-angular-inalambrico-bosch-gwb-12-v-10\\\/\",\"url\":\"https:\\\/\\\/hundtgroup.com\\\/es\\\/produkt\\\/taladro-angular-inalambrico-bosch-gwb-12-v-10\\\/\",\"name\":\"Taladro angular inal\u00e1mbrico Bosch GWB 12 V-10 - Wilhelm Hundt GmbH\",\"isPartOf\":{\"@id\":\"https:\\\/\\\/hundtgroup.com\\\/es\\\/#website\"},\"primaryImageOfPage\":{\"@id\":\"https:\\\/\\\/hundtgroup.com\\\/es\\\/produkt\\\/taladro-angular-inalambrico-bosch-gwb-12-v-10\\\/#primaryimage\"},\"image\":{\"@id\":\"https:\\\/\\\/hundtgroup.com\\\/es\\\/produkt\\\/taladro-angular-inalambrico-bosch-gwb-12-v-10\\\/#primaryimage\"},\"thumbnailUrl\":\"https:\\\/\\\/hundtgroup.com\\\/wp-content\\\/uploads\\\/340016.jpg\",\"datePublished\":\"2025-06-18T16:31:30+00:00\",\"dateModified\":\"2025-07-28T14:35:04+00:00\",\"breadcrumb\":{\"@id\":\"https:\\\/\\\/hundtgroup.com\\\/es\\\/produkt\\\/taladro-angular-inalambrico-bosch-gwb-12-v-10\\\/#breadcrumb\"},\"inLanguage\":\"es\",\"potentialAction\":[{\"@type\":\"ReadAction\",\"target\":[\"https:\\\/\\\/hundtgroup.com\\\/es\\\/produkt\\\/taladro-angular-inalambrico-bosch-gwb-12-v-10\\\/\"]}]},{\"@type\":\"ImageObject\",\"inLanguage\":\"es\",\"@id\":\"https:\\\/\\\/hundtgroup.com\\\/es\\\/produkt\\\/taladro-angular-inalambrico-bosch-gwb-12-v-10\\\/#primaryimage\",\"url\":\"https:\\\/\\\/hundtgroup.com\\\/wp-content\\\/uploads\\\/340016.jpg\",\"contentUrl\":\"https:\\\/\\\/hundtgroup.com\\\/wp-content\\\/uploads\\\/340016.jpg\",\"width\":520,\"height\":520},{\"@type\":\"BreadcrumbList\",\"@id\":\"https:\\\/\\\/hundtgroup.com\\\/es\\\/produkt\\\/taladro-angular-inalambrico-bosch-gwb-12-v-10\\\/#breadcrumb\",\"itemListElement\":[{\"@type\":\"ListItem\",\"position\":1,\"name\":\"Startseite\",\"item\":\"https:\\\/\\\/hundtgroup.com\\\/es\\\/inicio-nuevo\\\/\"},{\"@type\":\"ListItem\",\"position\":2,\"name\":\"Tienda\",\"item\":\"https:\\\/\\\/hundtgroup.com\\\/tienda\\\/\"},{\"@type\":\"ListItem\",\"position\":3,\"name\":\"Taladro angular inal\u00e1mbrico Bosch GWB 12 V-10\"}]},{\"@type\":\"WebSite\",\"@id\":\"https:\\\/\\\/hundtgroup.com\\\/es\\\/#website\",\"url\":\"https:\\\/\\\/hundtgroup.com\\\/es\\\/\",\"name\":\"Wilhelm Hundt GmbH\",\"description\":\"Tu especialista en m\u00e1quinas y herramientas para la transformaci\u00f3n de la chapa\",\"potentialAction\":[{\"@type\":\"SearchAction\",\"target\":{\"@type\":\"EntryPoint\",\"urlTemplate\":\"https:\\\/\\\/hundtgroup.com\\\/es\\\/?s={search_term_string}\"},\"query-input\":{\"@type\":\"PropertyValueSpecification\",\"valueRequired\":true,\"valueName\":\"search_term_string\"}}],\"inLanguage\":\"es\"}]}<\/script>\n<!-- \/ Yoast SEO plugin. -->","yoast_head_json":{"title":"Taladro angular inal\u00e1mbrico Bosch GWB 12 V-10 - Wilhelm Hundt GmbH","robots":{"index":"index","follow":"follow","max-snippet":"max-snippet:-1","max-image-preview":"max-image-preview:large","max-video-preview":"max-video-preview:-1"},"canonical":"https:\/\/hundtgroup.com\/es\/produkt\/taladro-angular-inalambrico-bosch-gwb-12-v-10\/","og_locale":"es_ES","og_type":"article","og_title":"Taladro angular inal\u00e1mbrico Bosch GWB 12 V-10 - Wilhelm Hundt GmbH","og_description":"Perfecto para taladrar y atornillar en espacios de trabajo reducidos, cabezal articulado de 90\u00b0 ajustable en 5 posiciones, luz LED brillante para iluminar \u00f3ptimamente el \u00e1rea de trabajo, portabrocas de acci\u00f3n r\u00e1pida con bloqueo autom\u00e1tico para cambiar r\u00e1pidamente de herramienta, interruptor electr\u00f3nico para regular la velocidad variable","og_url":"https:\/\/hundtgroup.com\/es\/produkt\/taladro-angular-inalambrico-bosch-gwb-12-v-10\/","og_site_name":"Wilhelm Hundt GmbH","article_modified_time":"2025-07-28T14:35:04+00:00","og_image":[{"width":520,"height":520,"url":"https:\/\/hundtgroup.com\/wp-content\/uploads\/340016.jpg","type":"image\/jpeg"}],"twitter_card":"summary_large_image","schema":{"@context":"https:\/\/schema.org","@graph":[{"@type":"WebPage","@id":"https:\/\/hundtgroup.com\/es\/produkt\/taladro-angular-inalambrico-bosch-gwb-12-v-10\/","url":"https:\/\/hundtgroup.com\/es\/produkt\/taladro-angular-inalambrico-bosch-gwb-12-v-10\/","name":"Taladro angular inal\u00e1mbrico Bosch GWB 12 V-10 - Wilhelm Hundt GmbH","isPartOf":{"@id":"https:\/\/hundtgroup.com\/es\/#website"},"primaryImageOfPage":{"@id":"https:\/\/hundtgroup.com\/es\/produkt\/taladro-angular-inalambrico-bosch-gwb-12-v-10\/#primaryimage"},"image":{"@id":"https:\/\/hundtgroup.com\/es\/produkt\/taladro-angular-inalambrico-bosch-gwb-12-v-10\/#primaryimage"},"thumbnailUrl":"https:\/\/hundtgroup.com\/wp-content\/uploads\/340016.jpg","datePublished":"2025-06-18T16:31:30+00:00","dateModified":"2025-07-28T14:35:04+00:00","breadcrumb":{"@id":"https:\/\/hundtgroup.com\/es\/produkt\/taladro-angular-inalambrico-bosch-gwb-12-v-10\/#breadcrumb"},"inLanguage":"es","potentialAction":[{"@type":"ReadAction","target":["https:\/\/hundtgroup.com\/es\/produkt\/taladro-angular-inalambrico-bosch-gwb-12-v-10\/"]}]},{"@type":"ImageObject","inLanguage":"es","@id":"https:\/\/hundtgroup.com\/es\/produkt\/taladro-angular-inalambrico-bosch-gwb-12-v-10\/#primaryimage","url":"https:\/\/hundtgroup.com\/wp-content\/uploads\/340016.jpg","contentUrl":"https:\/\/hundtgroup.com\/wp-content\/uploads\/340016.jpg","width":520,"height":520},{"@type":"BreadcrumbList","@id":"https:\/\/hundtgroup.com\/es\/produkt\/taladro-angular-inalambrico-bosch-gwb-12-v-10\/#breadcrumb","itemListElement":[{"@type":"ListItem","position":1,"name":"Startseite","item":"https:\/\/hundtgroup.com\/es\/inicio-nuevo\/"},{"@type":"ListItem","position":2,"name":"Tienda","item":"https:\/\/hundtgroup.com\/tienda\/"},{"@type":"ListItem","position":3,"name":"Taladro angular inal\u00e1mbrico Bosch GWB 12 V-10"}]},{"@type":"WebSite","@id":"https:\/\/hundtgroup.com\/es\/#website","url":"https:\/\/hundtgroup.com\/es\/","name":"Wilhelm Hundt GmbH","description":"Tu especialista en m\u00e1quinas y herramientas para la transformaci\u00f3n de la chapa","potentialAction":[{"@type":"SearchAction","target":{"@type":"EntryPoint","urlTemplate":"https:\/\/hundtgroup.com\/es\/?s={search_term_string}"},"query-input":{"@type":"PropertyValueSpecification","valueRequired":true,"valueName":"search_term_string"}}],"inLanguage":"es"}]}},"_links":{"self":[{"href":"https:\/\/hundtgroup.com\/es\/wp-json\/wp\/v2\/product\/22597","targetHints":{"allow":["GET"]}}],"collection":[{"href":"https:\/\/hundtgroup.com\/es\/wp-json\/wp\/v2\/product"}],"about":[{"href":"https:\/\/hundtgroup.com\/es\/wp-json\/wp\/v2\/types\/product"}],"wp:featuredmedia":[{"embeddable":true,"href":"https:\/\/hundtgroup.com\/es\/wp-json\/wp\/v2\/media\/22599"}],"wp:attachment":[{"href":"https:\/\/hundtgroup.com\/es\/wp-json\/wp\/v2\/media?parent=22597"}],"wp:term":[{"taxonomy":"product_cat","embeddable":true,"href":"https:\/\/hundtgroup.com\/es\/wp-json\/wp\/v2\/product_cat?post=22597"},{"taxonomy":"product_tag","embeddable":true,"href":"https:\/\/hundtgroup.com\/es\/wp-json\/wp\/v2\/product_tag?post=22597"}],"curies":[{"name":"wp","href":"https:\/\/api.w.org\/{rel}","templated":true}]}}