{"id":22772,"date":"2025-06-18T18:31:33","date_gmt":"2025-06-18T16:31:33","guid":{"rendered":"https:\/\/hundtgroup.com\/produkt\/amoladora-angular-sin-cable-bosch-gws-12-v-76-30-ah\/"},"modified":"2025-07-29T10:05:22","modified_gmt":"2025-07-29T08:05:22","slug":"amoladora-angular-sin-cable-bosch-gws-12-v-76-30-ah","status":"publish","type":"product","link":"https:\/\/hundtgroup.com\/es\/produkt\/amoladora-angular-sin-cable-bosch-gws-12-v-76-30-ah\/","title":{"rendered":"Amoladora angular sin cable Bosch GWS 12 V-76 3,0 Ah"},"content":{"rendered":"<p>La amoladora angular peque\u00f1a m\u00e1s manejable, extremadamente compacta y ergon\u00f3mica para un corte r\u00e1pido en la obra, uso vers\u00e1til en diversos materiales, cambio f\u00e1cil del disco gracias al nuevo bloqueo del husillo, ajuste sencillo del cap\u00f3 protector sin herramientas, frenado r\u00e1pido del disco.<\/p>\n","protected":false},"excerpt":{"rendered":"<p>La amoladora angular peque\u00f1a m\u00e1s manejable, extremadamente compacta y ergon\u00f3mica para un corte r\u00e1pido en la obra, uso vers\u00e1til en diversos materiales, cambio f\u00e1cil del disco gracias al nuevo bloqueo del husillo, ajuste sencillo del cap\u00f3 protector sin herramientas, frenado r\u00e1pido del disco.<\/p>\n","protected":false},"featured_media":22774,"template":"","meta":{"_acf_changed":false,"inline_featured_image":false},"product_cat":[662,1920],"product_tag":[],"class_list":{"0":"post-22772","1":"product","2":"type-product","3":"status-publish","4":"has-post-thumbnail","6":"brand-bosch","7":"product_cat-herramientas-a-bateria","8":"product_cat-amoladora-angular","10":"first","11":"instock","12":"taxable","13":"shipping-taxable","14":"purchasable","15":"product-type-simple","16":"add-to-wishlist-before_image"},"acf":[],"yoast_head":"<!-- This site is optimized with the Yoast SEO plugin v27.3 - https:\/\/yoast.com\/product\/yoast-seo-wordpress\/ -->\n<title>Amoladora angular sin cable Bosch GWS 12 V-76 3,0 Ah - Wilhelm Hundt GmbH<\/title>\n<meta name=\"robots\" content=\"index, follow, max-snippet:-1, max-image-preview:large, max-video-preview:-1\" \/>\n<link rel=\"canonical\" href=\"https:\/\/hundtgroup.com\/es\/produkt\/amoladora-angular-sin-cable-bosch-gws-12-v-76-30-ah\/\" \/>\n<meta property=\"og:locale\" content=\"es_ES\" \/>\n<meta property=\"og:type\" content=\"article\" \/>\n<meta property=\"og:title\" content=\"Amoladora angular sin cable Bosch GWS 12 V-76 3,0 Ah - Wilhelm Hundt GmbH\" \/>\n<meta property=\"og:description\" content=\"La amoladora angular peque\u00f1a m\u00e1s manejable, extremadamente compacta y ergon\u00f3mica para un corte r\u00e1pido en la obra, uso vers\u00e1til en diversos materiales, cambio f\u00e1cil del disco gracias al nuevo bloqueo del husillo, ajuste sencillo del cap\u00f3 protector sin herramientas, frenado r\u00e1pido del disco.\" \/>\n<meta property=\"og:url\" content=\"https:\/\/hundtgroup.com\/es\/produkt\/amoladora-angular-sin-cable-bosch-gws-12-v-76-30-ah\/\" \/>\n<meta property=\"og:site_name\" content=\"Wilhelm Hundt GmbH\" \/>\n<meta property=\"article:modified_time\" content=\"2025-07-29T08:05:22+00:00\" \/>\n<meta property=\"og:image\" content=\"https:\/\/hundtgroup.com\/wp-content\/uploads\/350104.jpg\" \/>\n\t<meta property=\"og:image:width\" content=\"628\" \/>\n\t<meta property=\"og:image:height\" content=\"600\" \/>\n\t<meta property=\"og:image:type\" content=\"image\/jpeg\" \/>\n<meta name=\"twitter:card\" content=\"summary_large_image\" \/>\n<meta name=\"twitter:label1\" content=\"Tiempo de lectura\" \/>\n\t<meta name=\"twitter:data1\" content=\"1 minuto\" \/>\n<script type=\"application\/ld+json\" class=\"yoast-schema-graph\">{\"@context\":\"https:\\\/\\\/schema.org\",\"@graph\":[{\"@type\":\"WebPage\",\"@id\":\"https:\\\/\\\/hundtgroup.com\\\/es\\\/produkt\\\/amoladora-angular-sin-cable-bosch-gws-12-v-76-30-ah\\\/\",\"url\":\"https:\\\/\\\/hundtgroup.com\\\/es\\\/produkt\\\/amoladora-angular-sin-cable-bosch-gws-12-v-76-30-ah\\\/\",\"name\":\"Amoladora angular sin cable Bosch GWS 12 V-76 3,0 Ah - Wilhelm Hundt GmbH\",\"isPartOf\":{\"@id\":\"https:\\\/\\\/hundtgroup.com\\\/es\\\/#website\"},\"primaryImageOfPage\":{\"@id\":\"https:\\\/\\\/hundtgroup.com\\\/es\\\/produkt\\\/amoladora-angular-sin-cable-bosch-gws-12-v-76-30-ah\\\/#primaryimage\"},\"image\":{\"@id\":\"https:\\\/\\\/hundtgroup.com\\\/es\\\/produkt\\\/amoladora-angular-sin-cable-bosch-gws-12-v-76-30-ah\\\/#primaryimage\"},\"thumbnailUrl\":\"https:\\\/\\\/hundtgroup.com\\\/wp-content\\\/uploads\\\/350104.jpg\",\"datePublished\":\"2025-06-18T16:31:33+00:00\",\"dateModified\":\"2025-07-29T08:05:22+00:00\",\"breadcrumb\":{\"@id\":\"https:\\\/\\\/hundtgroup.com\\\/es\\\/produkt\\\/amoladora-angular-sin-cable-bosch-gws-12-v-76-30-ah\\\/#breadcrumb\"},\"inLanguage\":\"es\",\"potentialAction\":[{\"@type\":\"ReadAction\",\"target\":[\"https:\\\/\\\/hundtgroup.com\\\/es\\\/produkt\\\/amoladora-angular-sin-cable-bosch-gws-12-v-76-30-ah\\\/\"]}]},{\"@type\":\"ImageObject\",\"inLanguage\":\"es\",\"@id\":\"https:\\\/\\\/hundtgroup.com\\\/es\\\/produkt\\\/amoladora-angular-sin-cable-bosch-gws-12-v-76-30-ah\\\/#primaryimage\",\"url\":\"https:\\\/\\\/hundtgroup.com\\\/wp-content\\\/uploads\\\/350104.jpg\",\"contentUrl\":\"https:\\\/\\\/hundtgroup.com\\\/wp-content\\\/uploads\\\/350104.jpg\",\"width\":628,\"height\":600},{\"@type\":\"BreadcrumbList\",\"@id\":\"https:\\\/\\\/hundtgroup.com\\\/es\\\/produkt\\\/amoladora-angular-sin-cable-bosch-gws-12-v-76-30-ah\\\/#breadcrumb\",\"itemListElement\":[{\"@type\":\"ListItem\",\"position\":1,\"name\":\"Startseite\",\"item\":\"https:\\\/\\\/hundtgroup.com\\\/es\\\/inicio-nuevo\\\/\"},{\"@type\":\"ListItem\",\"position\":2,\"name\":\"Tienda\",\"item\":\"https:\\\/\\\/hundtgroup.com\\\/tienda\\\/\"},{\"@type\":\"ListItem\",\"position\":3,\"name\":\"Amoladora angular sin cable Bosch GWS 12 V-76 3,0 Ah\"}]},{\"@type\":\"WebSite\",\"@id\":\"https:\\\/\\\/hundtgroup.com\\\/es\\\/#website\",\"url\":\"https:\\\/\\\/hundtgroup.com\\\/es\\\/\",\"name\":\"Wilhelm Hundt GmbH\",\"description\":\"Tu especialista en m\u00e1quinas y herramientas para la transformaci\u00f3n de la chapa\",\"potentialAction\":[{\"@type\":\"SearchAction\",\"target\":{\"@type\":\"EntryPoint\",\"urlTemplate\":\"https:\\\/\\\/hundtgroup.com\\\/es\\\/?s={search_term_string}\"},\"query-input\":{\"@type\":\"PropertyValueSpecification\",\"valueRequired\":true,\"valueName\":\"search_term_string\"}}],\"inLanguage\":\"es\"}]}<\/script>\n<!-- \/ Yoast SEO plugin. -->","yoast_head_json":{"title":"Amoladora angular sin cable Bosch GWS 12 V-76 3,0 Ah - Wilhelm Hundt GmbH","robots":{"index":"index","follow":"follow","max-snippet":"max-snippet:-1","max-image-preview":"max-image-preview:large","max-video-preview":"max-video-preview:-1"},"canonical":"https:\/\/hundtgroup.com\/es\/produkt\/amoladora-angular-sin-cable-bosch-gws-12-v-76-30-ah\/","og_locale":"es_ES","og_type":"article","og_title":"Amoladora angular sin cable Bosch GWS 12 V-76 3,0 Ah - Wilhelm Hundt GmbH","og_description":"La amoladora angular peque\u00f1a m\u00e1s manejable, extremadamente compacta y ergon\u00f3mica para un corte r\u00e1pido en la obra, uso vers\u00e1til en diversos materiales, cambio f\u00e1cil del disco gracias al nuevo bloqueo del husillo, ajuste sencillo del cap\u00f3 protector sin herramientas, frenado r\u00e1pido del disco.","og_url":"https:\/\/hundtgroup.com\/es\/produkt\/amoladora-angular-sin-cable-bosch-gws-12-v-76-30-ah\/","og_site_name":"Wilhelm Hundt GmbH","article_modified_time":"2025-07-29T08:05:22+00:00","og_image":[{"width":628,"height":600,"url":"https:\/\/hundtgroup.com\/wp-content\/uploads\/350104.jpg","type":"image\/jpeg"}],"twitter_card":"summary_large_image","twitter_misc":{"Tiempo de lectura":"1 minuto"},"schema":{"@context":"https:\/\/schema.org","@graph":[{"@type":"WebPage","@id":"https:\/\/hundtgroup.com\/es\/produkt\/amoladora-angular-sin-cable-bosch-gws-12-v-76-30-ah\/","url":"https:\/\/hundtgroup.com\/es\/produkt\/amoladora-angular-sin-cable-bosch-gws-12-v-76-30-ah\/","name":"Amoladora angular sin cable Bosch GWS 12 V-76 3,0 Ah - Wilhelm Hundt GmbH","isPartOf":{"@id":"https:\/\/hundtgroup.com\/es\/#website"},"primaryImageOfPage":{"@id":"https:\/\/hundtgroup.com\/es\/produkt\/amoladora-angular-sin-cable-bosch-gws-12-v-76-30-ah\/#primaryimage"},"image":{"@id":"https:\/\/hundtgroup.com\/es\/produkt\/amoladora-angular-sin-cable-bosch-gws-12-v-76-30-ah\/#primaryimage"},"thumbnailUrl":"https:\/\/hundtgroup.com\/wp-content\/uploads\/350104.jpg","datePublished":"2025-06-18T16:31:33+00:00","dateModified":"2025-07-29T08:05:22+00:00","breadcrumb":{"@id":"https:\/\/hundtgroup.com\/es\/produkt\/amoladora-angular-sin-cable-bosch-gws-12-v-76-30-ah\/#breadcrumb"},"inLanguage":"es","potentialAction":[{"@type":"ReadAction","target":["https:\/\/hundtgroup.com\/es\/produkt\/amoladora-angular-sin-cable-bosch-gws-12-v-76-30-ah\/"]}]},{"@type":"ImageObject","inLanguage":"es","@id":"https:\/\/hundtgroup.com\/es\/produkt\/amoladora-angular-sin-cable-bosch-gws-12-v-76-30-ah\/#primaryimage","url":"https:\/\/hundtgroup.com\/wp-content\/uploads\/350104.jpg","contentUrl":"https:\/\/hundtgroup.com\/wp-content\/uploads\/350104.jpg","width":628,"height":600},{"@type":"BreadcrumbList","@id":"https:\/\/hundtgroup.com\/es\/produkt\/amoladora-angular-sin-cable-bosch-gws-12-v-76-30-ah\/#breadcrumb","itemListElement":[{"@type":"ListItem","position":1,"name":"Startseite","item":"https:\/\/hundtgroup.com\/es\/inicio-nuevo\/"},{"@type":"ListItem","position":2,"name":"Tienda","item":"https:\/\/hundtgroup.com\/tienda\/"},{"@type":"ListItem","position":3,"name":"Amoladora angular sin cable Bosch GWS 12 V-76 3,0 Ah"}]},{"@type":"WebSite","@id":"https:\/\/hundtgroup.com\/es\/#website","url":"https:\/\/hundtgroup.com\/es\/","name":"Wilhelm Hundt GmbH","description":"Tu especialista en m\u00e1quinas y herramientas para la transformaci\u00f3n de la chapa","potentialAction":[{"@type":"SearchAction","target":{"@type":"EntryPoint","urlTemplate":"https:\/\/hundtgroup.com\/es\/?s={search_term_string}"},"query-input":{"@type":"PropertyValueSpecification","valueRequired":true,"valueName":"search_term_string"}}],"inLanguage":"es"}]}},"_links":{"self":[{"href":"https:\/\/hundtgroup.com\/es\/wp-json\/wp\/v2\/product\/22772","targetHints":{"allow":["GET"]}}],"collection":[{"href":"https:\/\/hundtgroup.com\/es\/wp-json\/wp\/v2\/product"}],"about":[{"href":"https:\/\/hundtgroup.com\/es\/wp-json\/wp\/v2\/types\/product"}],"wp:featuredmedia":[{"embeddable":true,"href":"https:\/\/hundtgroup.com\/es\/wp-json\/wp\/v2\/media\/22774"}],"wp:attachment":[{"href":"https:\/\/hundtgroup.com\/es\/wp-json\/wp\/v2\/media?parent=22772"}],"wp:term":[{"taxonomy":"product_cat","embeddable":true,"href":"https:\/\/hundtgroup.com\/es\/wp-json\/wp\/v2\/product_cat?post=22772"},{"taxonomy":"product_tag","embeddable":true,"href":"https:\/\/hundtgroup.com\/es\/wp-json\/wp\/v2\/product_tag?post=22772"}],"curies":[{"name":"wp","href":"https:\/\/api.w.org\/{rel}","templated":true}]}}