{"id":23088,"date":"2022-10-26T16:00:00","date_gmt":"2022-10-26T14:00:00","guid":{"rendered":"https:\/\/hundtgroup.com\/produkt\/pieza-de-cabeza-para-remaches-ciegos-o48-50-mm\/"},"modified":"2025-07-29T14:03:45","modified_gmt":"2025-07-29T12:03:45","slug":"pieza-de-cabeza-para-remaches-ciegos-o48-50-mm","status":"publish","type":"product","link":"https:\/\/hundtgroup.com\/es\/produkt\/pieza-de-cabeza-para-remaches-ciegos-o48-50-mm\/","title":{"rendered":"Pieza de cabeza para remaches ciegos \u00d84,8 + 5,0 mm"},"content":{"rendered":"<p>Pieza de nariz para utilizar remaches ciegos, adecuada para las tenazas de remachar:<br \/>\nBZ 9\/ BZ 50\/ BZ 101\/ BZ 102\/ 103\/ Rivdom<\/p>\n<p>La pieza de nariz para remaches de 6,0 mm \u00d8 s\u00f3lo encaja en la tenaza de remachar BZ 50.<br \/>\nEl di\u00e1metro posible del remache ciego se especifica en cada caso.<\/p>\n","protected":false},"excerpt":{"rendered":"<p>Pieza de nariz para utilizar remaches ciegos, adecuada para las tenazas de remachar: BZ 9\/ BZ 50\/ BZ 101\/ BZ 102\/ 103\/ Rivdom La pieza de nariz para remaches de 6,0 mm \u00d8 s\u00f3lo encaja en la tenaza de remachar BZ 50. El di\u00e1metro posible del remache ciego se especifica en cada caso.<\/p>\n","protected":false},"featured_media":23077,"template":"","meta":{"_acf_changed":false,"inline_featured_image":false},"product_cat":[1835,1861,1865],"product_tag":[],"class_list":{"0":"post-23088","1":"product","2":"type-product","3":"status-publish","4":"has-post-thumbnail","6":"brand-honsel","7":"product_cat-herramientas-de-remachado","8":"product_cat-accesorios","9":"product_cat-boquillas","11":"first","12":"instock","13":"taxable","14":"shipping-taxable","15":"purchasable","16":"product-type-simple","17":"add-to-wishlist-before_image"},"acf":[],"yoast_head":"<!-- This site is optimized with the Yoast SEO plugin v27.3 - https:\/\/yoast.com\/product\/yoast-seo-wordpress\/ -->\n<title>Pieza de cabeza para remaches ciegos \u00d84,8 + 5,0 mm - Wilhelm Hundt GmbH<\/title>\n<meta name=\"robots\" content=\"index, follow, max-snippet:-1, max-image-preview:large, max-video-preview:-1\" \/>\n<link rel=\"canonical\" href=\"https:\/\/hundtgroup.com\/es\/produkt\/pieza-de-cabeza-para-remaches-ciegos-o48-50-mm\/\" \/>\n<meta property=\"og:locale\" content=\"es_ES\" \/>\n<meta property=\"og:type\" content=\"article\" \/>\n<meta property=\"og:title\" content=\"Pieza de cabeza para remaches ciegos \u00d84,8 + 5,0 mm - Wilhelm Hundt GmbH\" \/>\n<meta property=\"og:description\" content=\"Pieza de nariz para utilizar remaches ciegos, adecuada para las tenazas de remachar: BZ 9\/ BZ 50\/ BZ 101\/ BZ 102\/ 103\/ Rivdom La pieza de nariz para remaches de 6,0 mm \u00d8 s\u00f3lo encaja en la tenaza de remachar BZ 50. El di\u00e1metro posible del remache ciego se especifica en cada caso.\" \/>\n<meta property=\"og:url\" content=\"https:\/\/hundtgroup.com\/es\/produkt\/pieza-de-cabeza-para-remaches-ciegos-o48-50-mm\/\" \/>\n<meta property=\"og:site_name\" content=\"Wilhelm Hundt GmbH\" \/>\n<meta property=\"article:modified_time\" content=\"2025-07-29T12:03:45+00:00\" \/>\n<meta property=\"og:image\" content=\"https:\/\/hundtgroup.com\/wp-content\/uploads\/500314.jpg\" \/>\n\t<meta property=\"og:image:width\" content=\"400\" \/>\n\t<meta property=\"og:image:height\" content=\"266\" \/>\n\t<meta property=\"og:image:type\" content=\"image\/jpeg\" \/>\n<meta name=\"twitter:card\" content=\"summary_large_image\" \/>\n<script type=\"application\/ld+json\" class=\"yoast-schema-graph\">{\"@context\":\"https:\\\/\\\/schema.org\",\"@graph\":[{\"@type\":\"WebPage\",\"@id\":\"https:\\\/\\\/hundtgroup.com\\\/es\\\/produkt\\\/pieza-de-cabeza-para-remaches-ciegos-o48-50-mm\\\/\",\"url\":\"https:\\\/\\\/hundtgroup.com\\\/es\\\/produkt\\\/pieza-de-cabeza-para-remaches-ciegos-o48-50-mm\\\/\",\"name\":\"Pieza de cabeza para remaches ciegos \u00d84,8 + 5,0 mm - Wilhelm Hundt GmbH\",\"isPartOf\":{\"@id\":\"https:\\\/\\\/hundtgroup.com\\\/es\\\/#website\"},\"primaryImageOfPage\":{\"@id\":\"https:\\\/\\\/hundtgroup.com\\\/es\\\/produkt\\\/pieza-de-cabeza-para-remaches-ciegos-o48-50-mm\\\/#primaryimage\"},\"image\":{\"@id\":\"https:\\\/\\\/hundtgroup.com\\\/es\\\/produkt\\\/pieza-de-cabeza-para-remaches-ciegos-o48-50-mm\\\/#primaryimage\"},\"thumbnailUrl\":\"https:\\\/\\\/hundtgroup.com\\\/wp-content\\\/uploads\\\/500314.jpg\",\"datePublished\":\"2022-10-26T14:00:00+00:00\",\"dateModified\":\"2025-07-29T12:03:45+00:00\",\"breadcrumb\":{\"@id\":\"https:\\\/\\\/hundtgroup.com\\\/es\\\/produkt\\\/pieza-de-cabeza-para-remaches-ciegos-o48-50-mm\\\/#breadcrumb\"},\"inLanguage\":\"es\",\"potentialAction\":[{\"@type\":\"ReadAction\",\"target\":[\"https:\\\/\\\/hundtgroup.com\\\/es\\\/produkt\\\/pieza-de-cabeza-para-remaches-ciegos-o48-50-mm\\\/\"]}]},{\"@type\":\"ImageObject\",\"inLanguage\":\"es\",\"@id\":\"https:\\\/\\\/hundtgroup.com\\\/es\\\/produkt\\\/pieza-de-cabeza-para-remaches-ciegos-o48-50-mm\\\/#primaryimage\",\"url\":\"https:\\\/\\\/hundtgroup.com\\\/wp-content\\\/uploads\\\/500314.jpg\",\"contentUrl\":\"https:\\\/\\\/hundtgroup.com\\\/wp-content\\\/uploads\\\/500314.jpg\",\"width\":400,\"height\":266},{\"@type\":\"BreadcrumbList\",\"@id\":\"https:\\\/\\\/hundtgroup.com\\\/es\\\/produkt\\\/pieza-de-cabeza-para-remaches-ciegos-o48-50-mm\\\/#breadcrumb\",\"itemListElement\":[{\"@type\":\"ListItem\",\"position\":1,\"name\":\"Startseite\",\"item\":\"https:\\\/\\\/hundtgroup.com\\\/es\\\/inicio-nuevo\\\/\"},{\"@type\":\"ListItem\",\"position\":2,\"name\":\"Tienda\",\"item\":\"https:\\\/\\\/hundtgroup.com\\\/tienda\\\/\"},{\"@type\":\"ListItem\",\"position\":3,\"name\":\"Pieza de cabeza para remaches ciegos \u00d84,8 + 5,0 mm\"}]},{\"@type\":\"WebSite\",\"@id\":\"https:\\\/\\\/hundtgroup.com\\\/es\\\/#website\",\"url\":\"https:\\\/\\\/hundtgroup.com\\\/es\\\/\",\"name\":\"Wilhelm Hundt GmbH\",\"description\":\"Tu especialista en m\u00e1quinas y herramientas para la transformaci\u00f3n de la chapa\",\"potentialAction\":[{\"@type\":\"SearchAction\",\"target\":{\"@type\":\"EntryPoint\",\"urlTemplate\":\"https:\\\/\\\/hundtgroup.com\\\/es\\\/?s={search_term_string}\"},\"query-input\":{\"@type\":\"PropertyValueSpecification\",\"valueRequired\":true,\"valueName\":\"search_term_string\"}}],\"inLanguage\":\"es\"}]}<\/script>\n<!-- \/ Yoast SEO plugin. -->","yoast_head_json":{"title":"Pieza de cabeza para remaches ciegos \u00d84,8 + 5,0 mm - Wilhelm Hundt GmbH","robots":{"index":"index","follow":"follow","max-snippet":"max-snippet:-1","max-image-preview":"max-image-preview:large","max-video-preview":"max-video-preview:-1"},"canonical":"https:\/\/hundtgroup.com\/es\/produkt\/pieza-de-cabeza-para-remaches-ciegos-o48-50-mm\/","og_locale":"es_ES","og_type":"article","og_title":"Pieza de cabeza para remaches ciegos \u00d84,8 + 5,0 mm - Wilhelm Hundt GmbH","og_description":"Pieza de nariz para utilizar remaches ciegos, adecuada para las tenazas de remachar: BZ 9\/ BZ 50\/ BZ 101\/ BZ 102\/ 103\/ Rivdom La pieza de nariz para remaches de 6,0 mm \u00d8 s\u00f3lo encaja en la tenaza de remachar BZ 50. El di\u00e1metro posible del remache ciego se especifica en cada caso.","og_url":"https:\/\/hundtgroup.com\/es\/produkt\/pieza-de-cabeza-para-remaches-ciegos-o48-50-mm\/","og_site_name":"Wilhelm Hundt GmbH","article_modified_time":"2025-07-29T12:03:45+00:00","og_image":[{"width":400,"height":266,"url":"https:\/\/hundtgroup.com\/wp-content\/uploads\/500314.jpg","type":"image\/jpeg"}],"twitter_card":"summary_large_image","schema":{"@context":"https:\/\/schema.org","@graph":[{"@type":"WebPage","@id":"https:\/\/hundtgroup.com\/es\/produkt\/pieza-de-cabeza-para-remaches-ciegos-o48-50-mm\/","url":"https:\/\/hundtgroup.com\/es\/produkt\/pieza-de-cabeza-para-remaches-ciegos-o48-50-mm\/","name":"Pieza de cabeza para remaches ciegos \u00d84,8 + 5,0 mm - Wilhelm Hundt GmbH","isPartOf":{"@id":"https:\/\/hundtgroup.com\/es\/#website"},"primaryImageOfPage":{"@id":"https:\/\/hundtgroup.com\/es\/produkt\/pieza-de-cabeza-para-remaches-ciegos-o48-50-mm\/#primaryimage"},"image":{"@id":"https:\/\/hundtgroup.com\/es\/produkt\/pieza-de-cabeza-para-remaches-ciegos-o48-50-mm\/#primaryimage"},"thumbnailUrl":"https:\/\/hundtgroup.com\/wp-content\/uploads\/500314.jpg","datePublished":"2022-10-26T14:00:00+00:00","dateModified":"2025-07-29T12:03:45+00:00","breadcrumb":{"@id":"https:\/\/hundtgroup.com\/es\/produkt\/pieza-de-cabeza-para-remaches-ciegos-o48-50-mm\/#breadcrumb"},"inLanguage":"es","potentialAction":[{"@type":"ReadAction","target":["https:\/\/hundtgroup.com\/es\/produkt\/pieza-de-cabeza-para-remaches-ciegos-o48-50-mm\/"]}]},{"@type":"ImageObject","inLanguage":"es","@id":"https:\/\/hundtgroup.com\/es\/produkt\/pieza-de-cabeza-para-remaches-ciegos-o48-50-mm\/#primaryimage","url":"https:\/\/hundtgroup.com\/wp-content\/uploads\/500314.jpg","contentUrl":"https:\/\/hundtgroup.com\/wp-content\/uploads\/500314.jpg","width":400,"height":266},{"@type":"BreadcrumbList","@id":"https:\/\/hundtgroup.com\/es\/produkt\/pieza-de-cabeza-para-remaches-ciegos-o48-50-mm\/#breadcrumb","itemListElement":[{"@type":"ListItem","position":1,"name":"Startseite","item":"https:\/\/hundtgroup.com\/es\/inicio-nuevo\/"},{"@type":"ListItem","position":2,"name":"Tienda","item":"https:\/\/hundtgroup.com\/tienda\/"},{"@type":"ListItem","position":3,"name":"Pieza de cabeza para remaches ciegos \u00d84,8 + 5,0 mm"}]},{"@type":"WebSite","@id":"https:\/\/hundtgroup.com\/es\/#website","url":"https:\/\/hundtgroup.com\/es\/","name":"Wilhelm Hundt GmbH","description":"Tu especialista en m\u00e1quinas y herramientas para la transformaci\u00f3n de la chapa","potentialAction":[{"@type":"SearchAction","target":{"@type":"EntryPoint","urlTemplate":"https:\/\/hundtgroup.com\/es\/?s={search_term_string}"},"query-input":{"@type":"PropertyValueSpecification","valueRequired":true,"valueName":"search_term_string"}}],"inLanguage":"es"}]}},"_links":{"self":[{"href":"https:\/\/hundtgroup.com\/es\/wp-json\/wp\/v2\/product\/23088","targetHints":{"allow":["GET"]}}],"collection":[{"href":"https:\/\/hundtgroup.com\/es\/wp-json\/wp\/v2\/product"}],"about":[{"href":"https:\/\/hundtgroup.com\/es\/wp-json\/wp\/v2\/types\/product"}],"wp:featuredmedia":[{"embeddable":true,"href":"https:\/\/hundtgroup.com\/es\/wp-json\/wp\/v2\/media\/23077"}],"wp:attachment":[{"href":"https:\/\/hundtgroup.com\/es\/wp-json\/wp\/v2\/media?parent=23088"}],"wp:term":[{"taxonomy":"product_cat","embeddable":true,"href":"https:\/\/hundtgroup.com\/es\/wp-json\/wp\/v2\/product_cat?post=23088"},{"taxonomy":"product_tag","embeddable":true,"href":"https:\/\/hundtgroup.com\/es\/wp-json\/wp\/v2\/product_tag?post=23088"}],"curies":[{"name":"wp","href":"https:\/\/api.w.org\/{rel}","templated":true}]}}