{"id":24275,"date":"2022-10-26T15:59:34","date_gmt":"2022-10-26T13:59:34","guid":{"rendered":"https:\/\/hundtgroup.com\/produkt\/prolongacion-schuko-45-m-230v-3-vias\/"},"modified":"2025-08-05T18:11:43","modified_gmt":"2025-08-05T16:11:43","slug":"prolongacion-schuko-45-m-230v-3-vias","status":"publish","type":"product","link":"https:\/\/hundtgroup.com\/es\/produkt\/prolongacion-schuko-45-m-230v-3-vias\/","title":{"rendered":"Prolongaci\u00f3n Schuko 4,5 m 230V 3 v\u00edas"},"content":{"rendered":"<p>Toma de corriente de distribuci\u00f3n de 3 v\u00edas.<br \/>\nDise\u00f1o resistente de caucho macizo.<br \/>\nOjal para colgar.<br \/>\nTapa con bisagra de seguridad giratoria y de cierre autom\u00e1tico con marca de martillo.<br \/>\nComprobado seg\u00fan DIN VDE 0620-1, DIN VDE 0282-4<\/p>\n","protected":false},"excerpt":{"rendered":"<p>Toma de corriente de distribuci\u00f3n de 3 v\u00edas. Dise\u00f1o resistente de caucho macizo. Ojal para colgar. Tapa con bisagra de seguridad giratoria y de cierre autom\u00e1tico con marca de martillo. Comprobado seg\u00fan DIN VDE 0620-1, DIN VDE 0282-4<\/p>\n","protected":false},"featured_media":24265,"template":"","meta":{"_acf_changed":false,"inline_featured_image":false},"product_cat":[1844,1753],"product_tag":[],"class_list":{"0":"post-24275","1":"product","2":"type-product","3":"status-publish","4":"has-post-thumbnail","6":"brand-hundt","7":"product_cat-extensiones","8":"product_cat-electrico","10":"first","11":"instock","12":"taxable","13":"shipping-taxable","14":"purchasable","15":"product-type-simple","16":"add-to-wishlist-before_image"},"acf":[],"yoast_head":"<!-- This site is optimized with the Yoast SEO plugin v27.3 - https:\/\/yoast.com\/product\/yoast-seo-wordpress\/ -->\n<title>Prolongaci\u00f3n Schuko 4,5 m 230V 3 v\u00edas - Wilhelm Hundt GmbH<\/title>\n<meta name=\"robots\" content=\"index, follow, max-snippet:-1, max-image-preview:large, max-video-preview:-1\" \/>\n<link rel=\"canonical\" href=\"https:\/\/hundtgroup.com\/es\/produkt\/prolongacion-schuko-45-m-230v-3-vias\/\" \/>\n<meta property=\"og:locale\" content=\"es_ES\" \/>\n<meta property=\"og:type\" content=\"article\" \/>\n<meta property=\"og:title\" content=\"Prolongaci\u00f3n Schuko 4,5 m 230V 3 v\u00edas - Wilhelm Hundt GmbH\" \/>\n<meta property=\"og:description\" content=\"Toma de corriente de distribuci\u00f3n de 3 v\u00edas. Dise\u00f1o resistente de caucho macizo. Ojal para colgar. Tapa con bisagra de seguridad giratoria y de cierre autom\u00e1tico con marca de martillo. Comprobado seg\u00fan DIN VDE 0620-1, DIN VDE 0282-4\" \/>\n<meta property=\"og:url\" content=\"https:\/\/hundtgroup.com\/es\/produkt\/prolongacion-schuko-45-m-230v-3-vias\/\" \/>\n<meta property=\"og:site_name\" content=\"Wilhelm Hundt GmbH\" \/>\n<meta property=\"article:modified_time\" content=\"2025-08-05T16:11:43+00:00\" \/>\n<meta property=\"og:image\" content=\"https:\/\/hundtgroup.com\/wp-content\/uploads\/230032.png\" \/>\n\t<meta property=\"og:image:width\" content=\"827\" \/>\n\t<meta property=\"og:image:height\" content=\"534\" \/>\n\t<meta property=\"og:image:type\" content=\"image\/png\" \/>\n<meta name=\"twitter:card\" content=\"summary_large_image\" \/>\n<script type=\"application\/ld+json\" class=\"yoast-schema-graph\">{\"@context\":\"https:\\\/\\\/schema.org\",\"@graph\":[{\"@type\":\"WebPage\",\"@id\":\"https:\\\/\\\/hundtgroup.com\\\/es\\\/produkt\\\/prolongacion-schuko-45-m-230v-3-vias\\\/\",\"url\":\"https:\\\/\\\/hundtgroup.com\\\/es\\\/produkt\\\/prolongacion-schuko-45-m-230v-3-vias\\\/\",\"name\":\"Prolongaci\u00f3n Schuko 4,5 m 230V 3 v\u00edas - Wilhelm Hundt GmbH\",\"isPartOf\":{\"@id\":\"https:\\\/\\\/hundtgroup.com\\\/es\\\/#website\"},\"primaryImageOfPage\":{\"@id\":\"https:\\\/\\\/hundtgroup.com\\\/es\\\/produkt\\\/prolongacion-schuko-45-m-230v-3-vias\\\/#primaryimage\"},\"image\":{\"@id\":\"https:\\\/\\\/hundtgroup.com\\\/es\\\/produkt\\\/prolongacion-schuko-45-m-230v-3-vias\\\/#primaryimage\"},\"thumbnailUrl\":\"https:\\\/\\\/hundtgroup.com\\\/wp-content\\\/uploads\\\/230032.png\",\"datePublished\":\"2022-10-26T13:59:34+00:00\",\"dateModified\":\"2025-08-05T16:11:43+00:00\",\"breadcrumb\":{\"@id\":\"https:\\\/\\\/hundtgroup.com\\\/es\\\/produkt\\\/prolongacion-schuko-45-m-230v-3-vias\\\/#breadcrumb\"},\"inLanguage\":\"es\",\"potentialAction\":[{\"@type\":\"ReadAction\",\"target\":[\"https:\\\/\\\/hundtgroup.com\\\/es\\\/produkt\\\/prolongacion-schuko-45-m-230v-3-vias\\\/\"]}]},{\"@type\":\"ImageObject\",\"inLanguage\":\"es\",\"@id\":\"https:\\\/\\\/hundtgroup.com\\\/es\\\/produkt\\\/prolongacion-schuko-45-m-230v-3-vias\\\/#primaryimage\",\"url\":\"https:\\\/\\\/hundtgroup.com\\\/wp-content\\\/uploads\\\/230032.png\",\"contentUrl\":\"https:\\\/\\\/hundtgroup.com\\\/wp-content\\\/uploads\\\/230032.png\",\"width\":827,\"height\":534},{\"@type\":\"BreadcrumbList\",\"@id\":\"https:\\\/\\\/hundtgroup.com\\\/es\\\/produkt\\\/prolongacion-schuko-45-m-230v-3-vias\\\/#breadcrumb\",\"itemListElement\":[{\"@type\":\"ListItem\",\"position\":1,\"name\":\"Startseite\",\"item\":\"https:\\\/\\\/hundtgroup.com\\\/es\\\/inicio-nuevo\\\/\"},{\"@type\":\"ListItem\",\"position\":2,\"name\":\"Tienda\",\"item\":\"https:\\\/\\\/hundtgroup.com\\\/tienda\\\/\"},{\"@type\":\"ListItem\",\"position\":3,\"name\":\"Prolongaci\u00f3n Schuko 4,5 m 230V 3 v\u00edas\"}]},{\"@type\":\"WebSite\",\"@id\":\"https:\\\/\\\/hundtgroup.com\\\/es\\\/#website\",\"url\":\"https:\\\/\\\/hundtgroup.com\\\/es\\\/\",\"name\":\"Wilhelm Hundt GmbH\",\"description\":\"Tu especialista en m\u00e1quinas y herramientas para la transformaci\u00f3n de la chapa\",\"potentialAction\":[{\"@type\":\"SearchAction\",\"target\":{\"@type\":\"EntryPoint\",\"urlTemplate\":\"https:\\\/\\\/hundtgroup.com\\\/es\\\/?s={search_term_string}\"},\"query-input\":{\"@type\":\"PropertyValueSpecification\",\"valueRequired\":true,\"valueName\":\"search_term_string\"}}],\"inLanguage\":\"es\"}]}<\/script>\n<!-- \/ Yoast SEO plugin. -->","yoast_head_json":{"title":"Prolongaci\u00f3n Schuko 4,5 m 230V 3 v\u00edas - Wilhelm Hundt GmbH","robots":{"index":"index","follow":"follow","max-snippet":"max-snippet:-1","max-image-preview":"max-image-preview:large","max-video-preview":"max-video-preview:-1"},"canonical":"https:\/\/hundtgroup.com\/es\/produkt\/prolongacion-schuko-45-m-230v-3-vias\/","og_locale":"es_ES","og_type":"article","og_title":"Prolongaci\u00f3n Schuko 4,5 m 230V 3 v\u00edas - Wilhelm Hundt GmbH","og_description":"Toma de corriente de distribuci\u00f3n de 3 v\u00edas. Dise\u00f1o resistente de caucho macizo. Ojal para colgar. Tapa con bisagra de seguridad giratoria y de cierre autom\u00e1tico con marca de martillo. Comprobado seg\u00fan DIN VDE 0620-1, DIN VDE 0282-4","og_url":"https:\/\/hundtgroup.com\/es\/produkt\/prolongacion-schuko-45-m-230v-3-vias\/","og_site_name":"Wilhelm Hundt GmbH","article_modified_time":"2025-08-05T16:11:43+00:00","og_image":[{"width":827,"height":534,"url":"https:\/\/hundtgroup.com\/wp-content\/uploads\/230032.png","type":"image\/png"}],"twitter_card":"summary_large_image","schema":{"@context":"https:\/\/schema.org","@graph":[{"@type":"WebPage","@id":"https:\/\/hundtgroup.com\/es\/produkt\/prolongacion-schuko-45-m-230v-3-vias\/","url":"https:\/\/hundtgroup.com\/es\/produkt\/prolongacion-schuko-45-m-230v-3-vias\/","name":"Prolongaci\u00f3n Schuko 4,5 m 230V 3 v\u00edas - Wilhelm Hundt GmbH","isPartOf":{"@id":"https:\/\/hundtgroup.com\/es\/#website"},"primaryImageOfPage":{"@id":"https:\/\/hundtgroup.com\/es\/produkt\/prolongacion-schuko-45-m-230v-3-vias\/#primaryimage"},"image":{"@id":"https:\/\/hundtgroup.com\/es\/produkt\/prolongacion-schuko-45-m-230v-3-vias\/#primaryimage"},"thumbnailUrl":"https:\/\/hundtgroup.com\/wp-content\/uploads\/230032.png","datePublished":"2022-10-26T13:59:34+00:00","dateModified":"2025-08-05T16:11:43+00:00","breadcrumb":{"@id":"https:\/\/hundtgroup.com\/es\/produkt\/prolongacion-schuko-45-m-230v-3-vias\/#breadcrumb"},"inLanguage":"es","potentialAction":[{"@type":"ReadAction","target":["https:\/\/hundtgroup.com\/es\/produkt\/prolongacion-schuko-45-m-230v-3-vias\/"]}]},{"@type":"ImageObject","inLanguage":"es","@id":"https:\/\/hundtgroup.com\/es\/produkt\/prolongacion-schuko-45-m-230v-3-vias\/#primaryimage","url":"https:\/\/hundtgroup.com\/wp-content\/uploads\/230032.png","contentUrl":"https:\/\/hundtgroup.com\/wp-content\/uploads\/230032.png","width":827,"height":534},{"@type":"BreadcrumbList","@id":"https:\/\/hundtgroup.com\/es\/produkt\/prolongacion-schuko-45-m-230v-3-vias\/#breadcrumb","itemListElement":[{"@type":"ListItem","position":1,"name":"Startseite","item":"https:\/\/hundtgroup.com\/es\/inicio-nuevo\/"},{"@type":"ListItem","position":2,"name":"Tienda","item":"https:\/\/hundtgroup.com\/tienda\/"},{"@type":"ListItem","position":3,"name":"Prolongaci\u00f3n Schuko 4,5 m 230V 3 v\u00edas"}]},{"@type":"WebSite","@id":"https:\/\/hundtgroup.com\/es\/#website","url":"https:\/\/hundtgroup.com\/es\/","name":"Wilhelm Hundt GmbH","description":"Tu especialista en m\u00e1quinas y herramientas para la transformaci\u00f3n de la chapa","potentialAction":[{"@type":"SearchAction","target":{"@type":"EntryPoint","urlTemplate":"https:\/\/hundtgroup.com\/es\/?s={search_term_string}"},"query-input":{"@type":"PropertyValueSpecification","valueRequired":true,"valueName":"search_term_string"}}],"inLanguage":"es"}]}},"_links":{"self":[{"href":"https:\/\/hundtgroup.com\/es\/wp-json\/wp\/v2\/product\/24275","targetHints":{"allow":["GET"]}}],"collection":[{"href":"https:\/\/hundtgroup.com\/es\/wp-json\/wp\/v2\/product"}],"about":[{"href":"https:\/\/hundtgroup.com\/es\/wp-json\/wp\/v2\/types\/product"}],"wp:featuredmedia":[{"embeddable":true,"href":"https:\/\/hundtgroup.com\/es\/wp-json\/wp\/v2\/media\/24265"}],"wp:attachment":[{"href":"https:\/\/hundtgroup.com\/es\/wp-json\/wp\/v2\/media?parent=24275"}],"wp:term":[{"taxonomy":"product_cat","embeddable":true,"href":"https:\/\/hundtgroup.com\/es\/wp-json\/wp\/v2\/product_cat?post=24275"},{"taxonomy":"product_tag","embeddable":true,"href":"https:\/\/hundtgroup.com\/es\/wp-json\/wp\/v2\/product_tag?post=24275"}],"curies":[{"name":"wp","href":"https:\/\/api.w.org\/{rel}","templated":true}]}}