{"id":24284,"date":"2022-10-26T15:59:34","date_gmt":"2022-10-26T13:59:34","guid":{"rendered":"https:\/\/hundtgroup.com\/produkt\/carrete-de-cable-metalico-de-40-m-obra\/"},"modified":"2025-08-05T18:11:56","modified_gmt":"2025-08-05T16:11:56","slug":"carrete-de-cable-metalico-de-40-m-obra","status":"publish","type":"product","link":"https:\/\/hundtgroup.com\/es\/produkt\/carrete-de-cable-metalico-de-40-m-obra\/","title":{"rendered":"carrete de cable met\u00e1lico de 40 m obra"},"content":{"rendered":"<p>Adecuado para su uso en obras.<br \/>\nCuerpo del enrollador de chapa de acero galvanizado en caliente con aislamiento protector especial para proteger contra descargas el\u00e9ctricas causadas por mazos de cables defectuosos al enrollar el cable.<br \/>\nBastidor de base galvanizado, estable y amortiguador, con freno de bloqueo.<br \/>\nDisyuntor t\u00e9rmico VDE con funci\u00f3n autom\u00e1tica para proteger contra el sobrecalentamiento.<br \/>\n3 tomas de contacto protectoras con tapas abatibles de seguridad y marca de martillo.<br \/>\nCon gu\u00eda de cable patentada.<br \/>\nEnrollador de cable probado por el DGUV. Cumple la norma BGI 608 <\/p>\n","protected":false},"excerpt":{"rendered":"<p>Adecuado para su uso en obras. Cuerpo del enrollador de chapa de acero galvanizado en caliente con aislamiento protector especial para proteger contra descargas el\u00e9ctricas causadas por mazos de cables defectuosos al enrollar el cable. Bastidor de base galvanizado, estable y amortiguador, con freno de bloqueo. Disyuntor t\u00e9rmico VDE con funci\u00f3n autom\u00e1tica para proteger contra [&hellip;]<\/p>\n","protected":false},"featured_media":24285,"template":"","meta":{"_acf_changed":false,"inline_featured_image":false},"product_cat":[1843,1753],"product_tag":[],"class_list":{"0":"post-24284","1":"product","2":"type-product","3":"status-publish","4":"has-post-thumbnail","6":"brand-hundt","7":"product_cat-bobinas-de-cable","8":"product_cat-electrico","10":"first","11":"instock","12":"taxable","13":"shipping-taxable","14":"purchasable","15":"product-type-simple","16":"add-to-wishlist-before_image"},"acf":[],"yoast_head":"<!-- This site is optimized with the Yoast SEO plugin v27.3 - https:\/\/yoast.com\/product\/yoast-seo-wordpress\/ -->\n<title>carrete de cable met\u00e1lico de 40 m obra - Wilhelm Hundt GmbH<\/title>\n<meta name=\"robots\" content=\"index, follow, max-snippet:-1, max-image-preview:large, max-video-preview:-1\" \/>\n<link rel=\"canonical\" href=\"https:\/\/hundtgroup.com\/es\/produkt\/carrete-de-cable-metalico-de-40-m-obra\/\" \/>\n<meta property=\"og:locale\" content=\"es_ES\" \/>\n<meta property=\"og:type\" content=\"article\" \/>\n<meta property=\"og:title\" content=\"carrete de cable met\u00e1lico de 40 m obra - Wilhelm Hundt GmbH\" \/>\n<meta property=\"og:description\" content=\"Adecuado para su uso en obras. Cuerpo del enrollador de chapa de acero galvanizado en caliente con aislamiento protector especial para proteger contra descargas el\u00e9ctricas causadas por mazos de cables defectuosos al enrollar el cable. Bastidor de base galvanizado, estable y amortiguador, con freno de bloqueo. Disyuntor t\u00e9rmico VDE con funci\u00f3n autom\u00e1tica para proteger contra [&hellip;]\" \/>\n<meta property=\"og:url\" content=\"https:\/\/hundtgroup.com\/es\/produkt\/carrete-de-cable-metalico-de-40-m-obra\/\" \/>\n<meta property=\"og:site_name\" content=\"Wilhelm Hundt GmbH\" \/>\n<meta property=\"article:modified_time\" content=\"2025-08-05T16:11:56+00:00\" \/>\n<meta property=\"og:image\" content=\"https:\/\/hundtgroup.com\/wp-content\/uploads\/230014.png\" \/>\n\t<meta property=\"og:image:width\" content=\"442\" \/>\n\t<meta property=\"og:image:height\" content=\"591\" \/>\n\t<meta property=\"og:image:type\" content=\"image\/png\" \/>\n<meta name=\"twitter:card\" content=\"summary_large_image\" \/>\n<script type=\"application\/ld+json\" class=\"yoast-schema-graph\">{\"@context\":\"https:\\\/\\\/schema.org\",\"@graph\":[{\"@type\":\"WebPage\",\"@id\":\"https:\\\/\\\/hundtgroup.com\\\/es\\\/produkt\\\/carrete-de-cable-metalico-de-40-m-obra\\\/\",\"url\":\"https:\\\/\\\/hundtgroup.com\\\/es\\\/produkt\\\/carrete-de-cable-metalico-de-40-m-obra\\\/\",\"name\":\"carrete de cable met\u00e1lico de 40 m obra - Wilhelm Hundt GmbH\",\"isPartOf\":{\"@id\":\"https:\\\/\\\/hundtgroup.com\\\/es\\\/#website\"},\"primaryImageOfPage\":{\"@id\":\"https:\\\/\\\/hundtgroup.com\\\/es\\\/produkt\\\/carrete-de-cable-metalico-de-40-m-obra\\\/#primaryimage\"},\"image\":{\"@id\":\"https:\\\/\\\/hundtgroup.com\\\/es\\\/produkt\\\/carrete-de-cable-metalico-de-40-m-obra\\\/#primaryimage\"},\"thumbnailUrl\":\"https:\\\/\\\/hundtgroup.com\\\/wp-content\\\/uploads\\\/230014.png\",\"datePublished\":\"2022-10-26T13:59:34+00:00\",\"dateModified\":\"2025-08-05T16:11:56+00:00\",\"breadcrumb\":{\"@id\":\"https:\\\/\\\/hundtgroup.com\\\/es\\\/produkt\\\/carrete-de-cable-metalico-de-40-m-obra\\\/#breadcrumb\"},\"inLanguage\":\"es\",\"potentialAction\":[{\"@type\":\"ReadAction\",\"target\":[\"https:\\\/\\\/hundtgroup.com\\\/es\\\/produkt\\\/carrete-de-cable-metalico-de-40-m-obra\\\/\"]}]},{\"@type\":\"ImageObject\",\"inLanguage\":\"es\",\"@id\":\"https:\\\/\\\/hundtgroup.com\\\/es\\\/produkt\\\/carrete-de-cable-metalico-de-40-m-obra\\\/#primaryimage\",\"url\":\"https:\\\/\\\/hundtgroup.com\\\/wp-content\\\/uploads\\\/230014.png\",\"contentUrl\":\"https:\\\/\\\/hundtgroup.com\\\/wp-content\\\/uploads\\\/230014.png\",\"width\":442,\"height\":591},{\"@type\":\"BreadcrumbList\",\"@id\":\"https:\\\/\\\/hundtgroup.com\\\/es\\\/produkt\\\/carrete-de-cable-metalico-de-40-m-obra\\\/#breadcrumb\",\"itemListElement\":[{\"@type\":\"ListItem\",\"position\":1,\"name\":\"Startseite\",\"item\":\"https:\\\/\\\/hundtgroup.com\\\/es\\\/inicio-nuevo\\\/\"},{\"@type\":\"ListItem\",\"position\":2,\"name\":\"Tienda\",\"item\":\"https:\\\/\\\/hundtgroup.com\\\/tienda\\\/\"},{\"@type\":\"ListItem\",\"position\":3,\"name\":\"carrete de cable met\u00e1lico de 40 m obra\"}]},{\"@type\":\"WebSite\",\"@id\":\"https:\\\/\\\/hundtgroup.com\\\/es\\\/#website\",\"url\":\"https:\\\/\\\/hundtgroup.com\\\/es\\\/\",\"name\":\"Wilhelm Hundt GmbH\",\"description\":\"Tu especialista en m\u00e1quinas y herramientas para la transformaci\u00f3n de la chapa\",\"potentialAction\":[{\"@type\":\"SearchAction\",\"target\":{\"@type\":\"EntryPoint\",\"urlTemplate\":\"https:\\\/\\\/hundtgroup.com\\\/es\\\/?s={search_term_string}\"},\"query-input\":{\"@type\":\"PropertyValueSpecification\",\"valueRequired\":true,\"valueName\":\"search_term_string\"}}],\"inLanguage\":\"es\"}]}<\/script>\n<!-- \/ Yoast SEO plugin. -->","yoast_head_json":{"title":"carrete de cable met\u00e1lico de 40 m obra - Wilhelm Hundt GmbH","robots":{"index":"index","follow":"follow","max-snippet":"max-snippet:-1","max-image-preview":"max-image-preview:large","max-video-preview":"max-video-preview:-1"},"canonical":"https:\/\/hundtgroup.com\/es\/produkt\/carrete-de-cable-metalico-de-40-m-obra\/","og_locale":"es_ES","og_type":"article","og_title":"carrete de cable met\u00e1lico de 40 m obra - Wilhelm Hundt GmbH","og_description":"Adecuado para su uso en obras. Cuerpo del enrollador de chapa de acero galvanizado en caliente con aislamiento protector especial para proteger contra descargas el\u00e9ctricas causadas por mazos de cables defectuosos al enrollar el cable. Bastidor de base galvanizado, estable y amortiguador, con freno de bloqueo. Disyuntor t\u00e9rmico VDE con funci\u00f3n autom\u00e1tica para proteger contra [&hellip;]","og_url":"https:\/\/hundtgroup.com\/es\/produkt\/carrete-de-cable-metalico-de-40-m-obra\/","og_site_name":"Wilhelm Hundt GmbH","article_modified_time":"2025-08-05T16:11:56+00:00","og_image":[{"width":442,"height":591,"url":"https:\/\/hundtgroup.com\/wp-content\/uploads\/230014.png","type":"image\/png"}],"twitter_card":"summary_large_image","schema":{"@context":"https:\/\/schema.org","@graph":[{"@type":"WebPage","@id":"https:\/\/hundtgroup.com\/es\/produkt\/carrete-de-cable-metalico-de-40-m-obra\/","url":"https:\/\/hundtgroup.com\/es\/produkt\/carrete-de-cable-metalico-de-40-m-obra\/","name":"carrete de cable met\u00e1lico de 40 m obra - Wilhelm Hundt GmbH","isPartOf":{"@id":"https:\/\/hundtgroup.com\/es\/#website"},"primaryImageOfPage":{"@id":"https:\/\/hundtgroup.com\/es\/produkt\/carrete-de-cable-metalico-de-40-m-obra\/#primaryimage"},"image":{"@id":"https:\/\/hundtgroup.com\/es\/produkt\/carrete-de-cable-metalico-de-40-m-obra\/#primaryimage"},"thumbnailUrl":"https:\/\/hundtgroup.com\/wp-content\/uploads\/230014.png","datePublished":"2022-10-26T13:59:34+00:00","dateModified":"2025-08-05T16:11:56+00:00","breadcrumb":{"@id":"https:\/\/hundtgroup.com\/es\/produkt\/carrete-de-cable-metalico-de-40-m-obra\/#breadcrumb"},"inLanguage":"es","potentialAction":[{"@type":"ReadAction","target":["https:\/\/hundtgroup.com\/es\/produkt\/carrete-de-cable-metalico-de-40-m-obra\/"]}]},{"@type":"ImageObject","inLanguage":"es","@id":"https:\/\/hundtgroup.com\/es\/produkt\/carrete-de-cable-metalico-de-40-m-obra\/#primaryimage","url":"https:\/\/hundtgroup.com\/wp-content\/uploads\/230014.png","contentUrl":"https:\/\/hundtgroup.com\/wp-content\/uploads\/230014.png","width":442,"height":591},{"@type":"BreadcrumbList","@id":"https:\/\/hundtgroup.com\/es\/produkt\/carrete-de-cable-metalico-de-40-m-obra\/#breadcrumb","itemListElement":[{"@type":"ListItem","position":1,"name":"Startseite","item":"https:\/\/hundtgroup.com\/es\/inicio-nuevo\/"},{"@type":"ListItem","position":2,"name":"Tienda","item":"https:\/\/hundtgroup.com\/tienda\/"},{"@type":"ListItem","position":3,"name":"carrete de cable met\u00e1lico de 40 m obra"}]},{"@type":"WebSite","@id":"https:\/\/hundtgroup.com\/es\/#website","url":"https:\/\/hundtgroup.com\/es\/","name":"Wilhelm Hundt GmbH","description":"Tu especialista en m\u00e1quinas y herramientas para la transformaci\u00f3n de la chapa","potentialAction":[{"@type":"SearchAction","target":{"@type":"EntryPoint","urlTemplate":"https:\/\/hundtgroup.com\/es\/?s={search_term_string}"},"query-input":{"@type":"PropertyValueSpecification","valueRequired":true,"valueName":"search_term_string"}}],"inLanguage":"es"}]}},"_links":{"self":[{"href":"https:\/\/hundtgroup.com\/es\/wp-json\/wp\/v2\/product\/24284","targetHints":{"allow":["GET"]}}],"collection":[{"href":"https:\/\/hundtgroup.com\/es\/wp-json\/wp\/v2\/product"}],"about":[{"href":"https:\/\/hundtgroup.com\/es\/wp-json\/wp\/v2\/types\/product"}],"wp:featuredmedia":[{"embeddable":true,"href":"https:\/\/hundtgroup.com\/es\/wp-json\/wp\/v2\/media\/24285"}],"wp:attachment":[{"href":"https:\/\/hundtgroup.com\/es\/wp-json\/wp\/v2\/media?parent=24284"}],"wp:term":[{"taxonomy":"product_cat","embeddable":true,"href":"https:\/\/hundtgroup.com\/es\/wp-json\/wp\/v2\/product_cat?post=24284"},{"taxonomy":"product_tag","embeddable":true,"href":"https:\/\/hundtgroup.com\/es\/wp-json\/wp\/v2\/product_tag?post=24284"}],"curies":[{"name":"wp","href":"https:\/\/api.w.org\/{rel}","templated":true}]}}