{"id":24471,"date":"2022-10-26T15:59:39","date_gmt":"2022-10-26T13:59:39","guid":{"rendered":"https:\/\/hundtgroup.com\/produkt\/tapon-de-plastico-negro\/"},"modified":"2025-08-06T08:46:47","modified_gmt":"2025-08-06T06:46:47","slug":"tapon-de-plastico-negro","status":"publish","type":"product","link":"https:\/\/hundtgroup.com\/es\/produkt\/tapon-de-plastico-negro\/","title":{"rendered":"Tap\u00f3n de pl\u00e1stico negro"},"content":{"rendered":"<p>Tapones de espuma de PU negra<br \/>\nLos tapones de pl\u00e1stico negro est\u00e1n estabilizados contra los efectos de la intemperie mediante la adici\u00f3n de negro de humo activo<\/p>\n<p>Precio por 1.000 piezas<br \/>\n(por ejemplo, cantidad de pedido 5 = 5.000 piezas)<\/p>\n<p>Unidad de embalaje 5.000 piezas<br \/>\nCantidad m\u00ednima de pedido 1.000 piezas<\/p>\n","protected":false},"excerpt":{"rendered":"<p>Tapones de espuma de PU negra Los tapones de pl\u00e1stico negro est\u00e1n estabilizados contra los efectos de la intemperie mediante la adici\u00f3n de negro de humo activo Precio por 1.000 piezas (por ejemplo, cantidad de pedido 5 = 5.000 piezas) Unidad de embalaje 5.000 piezas Cantidad m\u00ednima de pedido 1.000 piezas<\/p>\n","protected":false},"featured_media":24474,"template":"","meta":{"_acf_changed":false,"inline_featured_image":false},"product_cat":[1834,1771],"product_tag":[],"class_list":{"0":"post-24471","1":"product","2":"type-product","3":"status-publish","4":"has-post-thumbnail","6":"brand-hundt","7":"product_cat-accesorios-para-aisladores-es","8":"product_cat-equipamiento-para-obras","10":"first","11":"instock","12":"taxable","13":"shipping-taxable","14":"purchasable","15":"product-type-simple","16":"add-to-wishlist-before_image"},"acf":[],"yoast_head":"<!-- This site is optimized with the Yoast SEO plugin v27.3 - https:\/\/yoast.com\/product\/yoast-seo-wordpress\/ -->\n<title>Tap\u00f3n de pl\u00e1stico negro - Wilhelm Hundt GmbH<\/title>\n<meta name=\"robots\" content=\"index, follow, max-snippet:-1, max-image-preview:large, max-video-preview:-1\" \/>\n<link rel=\"canonical\" href=\"https:\/\/hundtgroup.com\/es\/produkt\/tapon-de-plastico-negro\/\" \/>\n<meta property=\"og:locale\" content=\"es_ES\" \/>\n<meta property=\"og:type\" content=\"article\" \/>\n<meta property=\"og:title\" content=\"Tap\u00f3n de pl\u00e1stico negro - Wilhelm Hundt GmbH\" \/>\n<meta property=\"og:description\" content=\"Tapones de espuma de PU negra Los tapones de pl\u00e1stico negro est\u00e1n estabilizados contra los efectos de la intemperie mediante la adici\u00f3n de negro de humo activo Precio por 1.000 piezas (por ejemplo, cantidad de pedido 5 = 5.000 piezas) Unidad de embalaje 5.000 piezas Cantidad m\u00ednima de pedido 1.000 piezas\" \/>\n<meta property=\"og:url\" content=\"https:\/\/hundtgroup.com\/es\/produkt\/tapon-de-plastico-negro\/\" \/>\n<meta property=\"og:site_name\" content=\"Wilhelm Hundt GmbH\" \/>\n<meta property=\"article:modified_time\" content=\"2025-08-06T06:46:47+00:00\" \/>\n<meta property=\"og:image\" content=\"https:\/\/hundtgroup.com\/wp-content\/uploads\/455315.jpg\" \/>\n\t<meta property=\"og:image:width\" content=\"523\" \/>\n\t<meta property=\"og:image:height\" content=\"353\" \/>\n\t<meta property=\"og:image:type\" content=\"image\/jpeg\" \/>\n<meta name=\"twitter:card\" content=\"summary_large_image\" \/>\n<script type=\"application\/ld+json\" class=\"yoast-schema-graph\">{\"@context\":\"https:\\\/\\\/schema.org\",\"@graph\":[{\"@type\":\"WebPage\",\"@id\":\"https:\\\/\\\/hundtgroup.com\\\/es\\\/produkt\\\/tapon-de-plastico-negro\\\/\",\"url\":\"https:\\\/\\\/hundtgroup.com\\\/es\\\/produkt\\\/tapon-de-plastico-negro\\\/\",\"name\":\"Tap\u00f3n de pl\u00e1stico negro - Wilhelm Hundt GmbH\",\"isPartOf\":{\"@id\":\"https:\\\/\\\/hundtgroup.com\\\/es\\\/#website\"},\"primaryImageOfPage\":{\"@id\":\"https:\\\/\\\/hundtgroup.com\\\/es\\\/produkt\\\/tapon-de-plastico-negro\\\/#primaryimage\"},\"image\":{\"@id\":\"https:\\\/\\\/hundtgroup.com\\\/es\\\/produkt\\\/tapon-de-plastico-negro\\\/#primaryimage\"},\"thumbnailUrl\":\"https:\\\/\\\/hundtgroup.com\\\/wp-content\\\/uploads\\\/455315.jpg\",\"datePublished\":\"2022-10-26T13:59:39+00:00\",\"dateModified\":\"2025-08-06T06:46:47+00:00\",\"breadcrumb\":{\"@id\":\"https:\\\/\\\/hundtgroup.com\\\/es\\\/produkt\\\/tapon-de-plastico-negro\\\/#breadcrumb\"},\"inLanguage\":\"es\",\"potentialAction\":[{\"@type\":\"ReadAction\",\"target\":[\"https:\\\/\\\/hundtgroup.com\\\/es\\\/produkt\\\/tapon-de-plastico-negro\\\/\"]}]},{\"@type\":\"ImageObject\",\"inLanguage\":\"es\",\"@id\":\"https:\\\/\\\/hundtgroup.com\\\/es\\\/produkt\\\/tapon-de-plastico-negro\\\/#primaryimage\",\"url\":\"https:\\\/\\\/hundtgroup.com\\\/wp-content\\\/uploads\\\/455315.jpg\",\"contentUrl\":\"https:\\\/\\\/hundtgroup.com\\\/wp-content\\\/uploads\\\/455315.jpg\",\"width\":523,\"height\":353},{\"@type\":\"BreadcrumbList\",\"@id\":\"https:\\\/\\\/hundtgroup.com\\\/es\\\/produkt\\\/tapon-de-plastico-negro\\\/#breadcrumb\",\"itemListElement\":[{\"@type\":\"ListItem\",\"position\":1,\"name\":\"Startseite\",\"item\":\"https:\\\/\\\/hundtgroup.com\\\/es\\\/inicio-nuevo\\\/\"},{\"@type\":\"ListItem\",\"position\":2,\"name\":\"Tienda\",\"item\":\"https:\\\/\\\/hundtgroup.com\\\/tienda\\\/\"},{\"@type\":\"ListItem\",\"position\":3,\"name\":\"Tap\u00f3n de pl\u00e1stico negro\"}]},{\"@type\":\"WebSite\",\"@id\":\"https:\\\/\\\/hundtgroup.com\\\/es\\\/#website\",\"url\":\"https:\\\/\\\/hundtgroup.com\\\/es\\\/\",\"name\":\"Wilhelm Hundt GmbH\",\"description\":\"Tu especialista en m\u00e1quinas y herramientas para la transformaci\u00f3n de la chapa\",\"potentialAction\":[{\"@type\":\"SearchAction\",\"target\":{\"@type\":\"EntryPoint\",\"urlTemplate\":\"https:\\\/\\\/hundtgroup.com\\\/es\\\/?s={search_term_string}\"},\"query-input\":{\"@type\":\"PropertyValueSpecification\",\"valueRequired\":true,\"valueName\":\"search_term_string\"}}],\"inLanguage\":\"es\"}]}<\/script>\n<!-- \/ Yoast SEO plugin. -->","yoast_head_json":{"title":"Tap\u00f3n de pl\u00e1stico negro - Wilhelm Hundt GmbH","robots":{"index":"index","follow":"follow","max-snippet":"max-snippet:-1","max-image-preview":"max-image-preview:large","max-video-preview":"max-video-preview:-1"},"canonical":"https:\/\/hundtgroup.com\/es\/produkt\/tapon-de-plastico-negro\/","og_locale":"es_ES","og_type":"article","og_title":"Tap\u00f3n de pl\u00e1stico negro - Wilhelm Hundt GmbH","og_description":"Tapones de espuma de PU negra Los tapones de pl\u00e1stico negro est\u00e1n estabilizados contra los efectos de la intemperie mediante la adici\u00f3n de negro de humo activo Precio por 1.000 piezas (por ejemplo, cantidad de pedido 5 = 5.000 piezas) Unidad de embalaje 5.000 piezas Cantidad m\u00ednima de pedido 1.000 piezas","og_url":"https:\/\/hundtgroup.com\/es\/produkt\/tapon-de-plastico-negro\/","og_site_name":"Wilhelm Hundt GmbH","article_modified_time":"2025-08-06T06:46:47+00:00","og_image":[{"width":523,"height":353,"url":"https:\/\/hundtgroup.com\/wp-content\/uploads\/455315.jpg","type":"image\/jpeg"}],"twitter_card":"summary_large_image","schema":{"@context":"https:\/\/schema.org","@graph":[{"@type":"WebPage","@id":"https:\/\/hundtgroup.com\/es\/produkt\/tapon-de-plastico-negro\/","url":"https:\/\/hundtgroup.com\/es\/produkt\/tapon-de-plastico-negro\/","name":"Tap\u00f3n de pl\u00e1stico negro - Wilhelm Hundt GmbH","isPartOf":{"@id":"https:\/\/hundtgroup.com\/es\/#website"},"primaryImageOfPage":{"@id":"https:\/\/hundtgroup.com\/es\/produkt\/tapon-de-plastico-negro\/#primaryimage"},"image":{"@id":"https:\/\/hundtgroup.com\/es\/produkt\/tapon-de-plastico-negro\/#primaryimage"},"thumbnailUrl":"https:\/\/hundtgroup.com\/wp-content\/uploads\/455315.jpg","datePublished":"2022-10-26T13:59:39+00:00","dateModified":"2025-08-06T06:46:47+00:00","breadcrumb":{"@id":"https:\/\/hundtgroup.com\/es\/produkt\/tapon-de-plastico-negro\/#breadcrumb"},"inLanguage":"es","potentialAction":[{"@type":"ReadAction","target":["https:\/\/hundtgroup.com\/es\/produkt\/tapon-de-plastico-negro\/"]}]},{"@type":"ImageObject","inLanguage":"es","@id":"https:\/\/hundtgroup.com\/es\/produkt\/tapon-de-plastico-negro\/#primaryimage","url":"https:\/\/hundtgroup.com\/wp-content\/uploads\/455315.jpg","contentUrl":"https:\/\/hundtgroup.com\/wp-content\/uploads\/455315.jpg","width":523,"height":353},{"@type":"BreadcrumbList","@id":"https:\/\/hundtgroup.com\/es\/produkt\/tapon-de-plastico-negro\/#breadcrumb","itemListElement":[{"@type":"ListItem","position":1,"name":"Startseite","item":"https:\/\/hundtgroup.com\/es\/inicio-nuevo\/"},{"@type":"ListItem","position":2,"name":"Tienda","item":"https:\/\/hundtgroup.com\/tienda\/"},{"@type":"ListItem","position":3,"name":"Tap\u00f3n de pl\u00e1stico negro"}]},{"@type":"WebSite","@id":"https:\/\/hundtgroup.com\/es\/#website","url":"https:\/\/hundtgroup.com\/es\/","name":"Wilhelm Hundt GmbH","description":"Tu especialista en m\u00e1quinas y herramientas para la transformaci\u00f3n de la chapa","potentialAction":[{"@type":"SearchAction","target":{"@type":"EntryPoint","urlTemplate":"https:\/\/hundtgroup.com\/es\/?s={search_term_string}"},"query-input":{"@type":"PropertyValueSpecification","valueRequired":true,"valueName":"search_term_string"}}],"inLanguage":"es"}]}},"_links":{"self":[{"href":"https:\/\/hundtgroup.com\/es\/wp-json\/wp\/v2\/product\/24471","targetHints":{"allow":["GET"]}}],"collection":[{"href":"https:\/\/hundtgroup.com\/es\/wp-json\/wp\/v2\/product"}],"about":[{"href":"https:\/\/hundtgroup.com\/es\/wp-json\/wp\/v2\/types\/product"}],"wp:featuredmedia":[{"embeddable":true,"href":"https:\/\/hundtgroup.com\/es\/wp-json\/wp\/v2\/media\/24474"}],"wp:attachment":[{"href":"https:\/\/hundtgroup.com\/es\/wp-json\/wp\/v2\/media?parent=24471"}],"wp:term":[{"taxonomy":"product_cat","embeddable":true,"href":"https:\/\/hundtgroup.com\/es\/wp-json\/wp\/v2\/product_cat?post=24471"},{"taxonomy":"product_tag","embeddable":true,"href":"https:\/\/hundtgroup.com\/es\/wp-json\/wp\/v2\/product_tag?post=24471"}],"curies":[{"name":"wp","href":"https:\/\/api.w.org\/{rel}","templated":true}]}}