{"id":24554,"date":"2022-10-26T15:59:30","date_gmt":"2022-10-26T13:59:30","guid":{"rendered":"https:\/\/hundtgroup.com\/produkt\/broca-hundt-hss-gs-o55-mm\/"},"modified":"2025-07-29T13:25:01","modified_gmt":"2025-07-29T11:25:01","slug":"broca-hundt-hss-gs-o55-mm","status":"publish","type":"product","link":"https:\/\/hundtgroup.com\/es\/produkt\/broca-hundt-hss-gs-o55-mm\/","title":{"rendered":"Broca Hundt HSS-GS \u00d85,5 mm"},"content":{"rendered":"<p>Similar a DIN 1897 tipo N, derecha, con v\u00e1stago recto, brillante, rectificado de perfil<br \/>\ncalidad con corte transversal, especialmente adecuado para su uso en taladradoras manuales, para taladrar materiales de paredes finas como chapa de acero,<br \/>\nchapa de lat\u00f3n, chapa de aluminio, placas de pl\u00e1stico, adecuado para la construcci\u00f3n de carrocer\u00edas de autom\u00f3viles y la construcci\u00f3n met\u00e1lica<\/p>\n<p>PU= 10 unid.<br \/>\n(cantidad de pedido, p. ej.: 10, 20, 30, etc.)<\/p>\n","protected":false},"excerpt":{"rendered":"<p>Similar a DIN 1897 tipo N, derecha, con v\u00e1stago recto, brillante, rectificado de perfil calidad con corte transversal, especialmente adecuado para su uso en taladradoras manuales, para taladrar materiales de paredes finas como chapa de acero, chapa de lat\u00f3n, chapa de aluminio, placas de pl\u00e1stico, adecuado para la construcci\u00f3n de carrocer\u00edas de autom\u00f3viles y la [&hellip;]<\/p>\n","protected":false},"featured_media":24036,"template":"","meta":{"_acf_changed":false,"inline_featured_image":false},"product_cat":[1886,1756,1841],"product_tag":[],"class_list":{"0":"post-24554","1":"product","2":"type-product","3":"status-publish","4":"has-post-thumbnail","6":"brand-hundt","7":"product_cat-broca-hss-gs","8":"product_cat-bateria-accesorios-electricos","9":"product_cat-despliegues","11":"first","12":"instock","13":"taxable","14":"shipping-taxable","15":"purchasable","16":"product-type-simple","17":"add-to-wishlist-before_image"},"acf":[],"yoast_head":"<!-- This site is optimized with the Yoast SEO plugin v27.3 - https:\/\/yoast.com\/product\/yoast-seo-wordpress\/ -->\n<title>Broca Hundt HSS-GS \u00d85,5 mm - Wilhelm Hundt GmbH<\/title>\n<meta name=\"robots\" content=\"index, follow, max-snippet:-1, max-image-preview:large, max-video-preview:-1\" \/>\n<link rel=\"canonical\" href=\"https:\/\/hundtgroup.com\/es\/produkt\/broca-hundt-hss-gs-o55-mm\/\" \/>\n<meta property=\"og:locale\" content=\"es_ES\" \/>\n<meta property=\"og:type\" content=\"article\" \/>\n<meta property=\"og:title\" content=\"Broca Hundt HSS-GS \u00d85,5 mm - Wilhelm Hundt GmbH\" \/>\n<meta property=\"og:description\" content=\"Similar a DIN 1897 tipo N, derecha, con v\u00e1stago recto, brillante, rectificado de perfil calidad con corte transversal, especialmente adecuado para su uso en taladradoras manuales, para taladrar materiales de paredes finas como chapa de acero, chapa de lat\u00f3n, chapa de aluminio, placas de pl\u00e1stico, adecuado para la construcci\u00f3n de carrocer\u00edas de autom\u00f3viles y la [&hellip;]\" \/>\n<meta property=\"og:url\" content=\"https:\/\/hundtgroup.com\/es\/produkt\/broca-hundt-hss-gs-o55-mm\/\" \/>\n<meta property=\"og:site_name\" content=\"Wilhelm Hundt GmbH\" \/>\n<meta property=\"article:modified_time\" content=\"2025-07-29T11:25:01+00:00\" \/>\n<meta property=\"og:image\" content=\"https:\/\/hundtgroup.com\/wp-content\/uploads\/451300.png\" \/>\n\t<meta property=\"og:image:width\" content=\"827\" \/>\n\t<meta property=\"og:image:height\" content=\"186\" \/>\n\t<meta property=\"og:image:type\" content=\"image\/png\" \/>\n<meta name=\"twitter:card\" content=\"summary_large_image\" \/>\n<script type=\"application\/ld+json\" class=\"yoast-schema-graph\">{\"@context\":\"https:\\\/\\\/schema.org\",\"@graph\":[{\"@type\":\"WebPage\",\"@id\":\"https:\\\/\\\/hundtgroup.com\\\/es\\\/produkt\\\/broca-hundt-hss-gs-o55-mm\\\/\",\"url\":\"https:\\\/\\\/hundtgroup.com\\\/es\\\/produkt\\\/broca-hundt-hss-gs-o55-mm\\\/\",\"name\":\"Broca Hundt HSS-GS \u00d85,5 mm - Wilhelm Hundt GmbH\",\"isPartOf\":{\"@id\":\"https:\\\/\\\/hundtgroup.com\\\/es\\\/#website\"},\"primaryImageOfPage\":{\"@id\":\"https:\\\/\\\/hundtgroup.com\\\/es\\\/produkt\\\/broca-hundt-hss-gs-o55-mm\\\/#primaryimage\"},\"image\":{\"@id\":\"https:\\\/\\\/hundtgroup.com\\\/es\\\/produkt\\\/broca-hundt-hss-gs-o55-mm\\\/#primaryimage\"},\"thumbnailUrl\":\"https:\\\/\\\/hundtgroup.com\\\/wp-content\\\/uploads\\\/451300.png\",\"datePublished\":\"2022-10-26T13:59:30+00:00\",\"dateModified\":\"2025-07-29T11:25:01+00:00\",\"breadcrumb\":{\"@id\":\"https:\\\/\\\/hundtgroup.com\\\/es\\\/produkt\\\/broca-hundt-hss-gs-o55-mm\\\/#breadcrumb\"},\"inLanguage\":\"es\",\"potentialAction\":[{\"@type\":\"ReadAction\",\"target\":[\"https:\\\/\\\/hundtgroup.com\\\/es\\\/produkt\\\/broca-hundt-hss-gs-o55-mm\\\/\"]}]},{\"@type\":\"ImageObject\",\"inLanguage\":\"es\",\"@id\":\"https:\\\/\\\/hundtgroup.com\\\/es\\\/produkt\\\/broca-hundt-hss-gs-o55-mm\\\/#primaryimage\",\"url\":\"https:\\\/\\\/hundtgroup.com\\\/wp-content\\\/uploads\\\/451300.png\",\"contentUrl\":\"https:\\\/\\\/hundtgroup.com\\\/wp-content\\\/uploads\\\/451300.png\",\"width\":827,\"height\":186},{\"@type\":\"BreadcrumbList\",\"@id\":\"https:\\\/\\\/hundtgroup.com\\\/es\\\/produkt\\\/broca-hundt-hss-gs-o55-mm\\\/#breadcrumb\",\"itemListElement\":[{\"@type\":\"ListItem\",\"position\":1,\"name\":\"Startseite\",\"item\":\"https:\\\/\\\/hundtgroup.com\\\/es\\\/inicio-nuevo\\\/\"},{\"@type\":\"ListItem\",\"position\":2,\"name\":\"Tienda\",\"item\":\"https:\\\/\\\/hundtgroup.com\\\/tienda\\\/\"},{\"@type\":\"ListItem\",\"position\":3,\"name\":\"Broca Hundt HSS-GS \u00d85,5 mm\"}]},{\"@type\":\"WebSite\",\"@id\":\"https:\\\/\\\/hundtgroup.com\\\/es\\\/#website\",\"url\":\"https:\\\/\\\/hundtgroup.com\\\/es\\\/\",\"name\":\"Wilhelm Hundt GmbH\",\"description\":\"Tu especialista en m\u00e1quinas y herramientas para la transformaci\u00f3n de la chapa\",\"potentialAction\":[{\"@type\":\"SearchAction\",\"target\":{\"@type\":\"EntryPoint\",\"urlTemplate\":\"https:\\\/\\\/hundtgroup.com\\\/es\\\/?s={search_term_string}\"},\"query-input\":{\"@type\":\"PropertyValueSpecification\",\"valueRequired\":true,\"valueName\":\"search_term_string\"}}],\"inLanguage\":\"es\"}]}<\/script>\n<!-- \/ Yoast SEO plugin. -->","yoast_head_json":{"title":"Broca Hundt HSS-GS \u00d85,5 mm - Wilhelm Hundt GmbH","robots":{"index":"index","follow":"follow","max-snippet":"max-snippet:-1","max-image-preview":"max-image-preview:large","max-video-preview":"max-video-preview:-1"},"canonical":"https:\/\/hundtgroup.com\/es\/produkt\/broca-hundt-hss-gs-o55-mm\/","og_locale":"es_ES","og_type":"article","og_title":"Broca Hundt HSS-GS \u00d85,5 mm - Wilhelm Hundt GmbH","og_description":"Similar a DIN 1897 tipo N, derecha, con v\u00e1stago recto, brillante, rectificado de perfil calidad con corte transversal, especialmente adecuado para su uso en taladradoras manuales, para taladrar materiales de paredes finas como chapa de acero, chapa de lat\u00f3n, chapa de aluminio, placas de pl\u00e1stico, adecuado para la construcci\u00f3n de carrocer\u00edas de autom\u00f3viles y la [&hellip;]","og_url":"https:\/\/hundtgroup.com\/es\/produkt\/broca-hundt-hss-gs-o55-mm\/","og_site_name":"Wilhelm Hundt GmbH","article_modified_time":"2025-07-29T11:25:01+00:00","og_image":[{"width":827,"height":186,"url":"https:\/\/hundtgroup.com\/wp-content\/uploads\/451300.png","type":"image\/png"}],"twitter_card":"summary_large_image","schema":{"@context":"https:\/\/schema.org","@graph":[{"@type":"WebPage","@id":"https:\/\/hundtgroup.com\/es\/produkt\/broca-hundt-hss-gs-o55-mm\/","url":"https:\/\/hundtgroup.com\/es\/produkt\/broca-hundt-hss-gs-o55-mm\/","name":"Broca Hundt HSS-GS \u00d85,5 mm - Wilhelm Hundt GmbH","isPartOf":{"@id":"https:\/\/hundtgroup.com\/es\/#website"},"primaryImageOfPage":{"@id":"https:\/\/hundtgroup.com\/es\/produkt\/broca-hundt-hss-gs-o55-mm\/#primaryimage"},"image":{"@id":"https:\/\/hundtgroup.com\/es\/produkt\/broca-hundt-hss-gs-o55-mm\/#primaryimage"},"thumbnailUrl":"https:\/\/hundtgroup.com\/wp-content\/uploads\/451300.png","datePublished":"2022-10-26T13:59:30+00:00","dateModified":"2025-07-29T11:25:01+00:00","breadcrumb":{"@id":"https:\/\/hundtgroup.com\/es\/produkt\/broca-hundt-hss-gs-o55-mm\/#breadcrumb"},"inLanguage":"es","potentialAction":[{"@type":"ReadAction","target":["https:\/\/hundtgroup.com\/es\/produkt\/broca-hundt-hss-gs-o55-mm\/"]}]},{"@type":"ImageObject","inLanguage":"es","@id":"https:\/\/hundtgroup.com\/es\/produkt\/broca-hundt-hss-gs-o55-mm\/#primaryimage","url":"https:\/\/hundtgroup.com\/wp-content\/uploads\/451300.png","contentUrl":"https:\/\/hundtgroup.com\/wp-content\/uploads\/451300.png","width":827,"height":186},{"@type":"BreadcrumbList","@id":"https:\/\/hundtgroup.com\/es\/produkt\/broca-hundt-hss-gs-o55-mm\/#breadcrumb","itemListElement":[{"@type":"ListItem","position":1,"name":"Startseite","item":"https:\/\/hundtgroup.com\/es\/inicio-nuevo\/"},{"@type":"ListItem","position":2,"name":"Tienda","item":"https:\/\/hundtgroup.com\/tienda\/"},{"@type":"ListItem","position":3,"name":"Broca Hundt HSS-GS \u00d85,5 mm"}]},{"@type":"WebSite","@id":"https:\/\/hundtgroup.com\/es\/#website","url":"https:\/\/hundtgroup.com\/es\/","name":"Wilhelm Hundt GmbH","description":"Tu especialista en m\u00e1quinas y herramientas para la transformaci\u00f3n de la chapa","potentialAction":[{"@type":"SearchAction","target":{"@type":"EntryPoint","urlTemplate":"https:\/\/hundtgroup.com\/es\/?s={search_term_string}"},"query-input":{"@type":"PropertyValueSpecification","valueRequired":true,"valueName":"search_term_string"}}],"inLanguage":"es"}]}},"_links":{"self":[{"href":"https:\/\/hundtgroup.com\/es\/wp-json\/wp\/v2\/product\/24554","targetHints":{"allow":["GET"]}}],"collection":[{"href":"https:\/\/hundtgroup.com\/es\/wp-json\/wp\/v2\/product"}],"about":[{"href":"https:\/\/hundtgroup.com\/es\/wp-json\/wp\/v2\/types\/product"}],"wp:featuredmedia":[{"embeddable":true,"href":"https:\/\/hundtgroup.com\/es\/wp-json\/wp\/v2\/media\/24036"}],"wp:attachment":[{"href":"https:\/\/hundtgroup.com\/es\/wp-json\/wp\/v2\/media?parent=24554"}],"wp:term":[{"taxonomy":"product_cat","embeddable":true,"href":"https:\/\/hundtgroup.com\/es\/wp-json\/wp\/v2\/product_cat?post=24554"},{"taxonomy":"product_tag","embeddable":true,"href":"https:\/\/hundtgroup.com\/es\/wp-json\/wp\/v2\/product_tag?post=24554"}],"curies":[{"name":"wp","href":"https:\/\/api.w.org\/{rel}","templated":true}]}}