{"id":25084,"date":"2022-10-26T15:59:13","date_gmt":"2022-10-26T13:59:13","guid":{"rendered":"https:\/\/hundtgroup.com\/produkt\/alicates-de-remachar-manuales-para-remaches-ciegos-tios-4\/"},"modified":"2025-07-29T12:58:42","modified_gmt":"2025-07-29T10:58:42","slug":"alicates-de-remachar-manuales-para-remaches-ciegos-tios-4","status":"publish","type":"product","link":"https:\/\/hundtgroup.com\/es\/produkt\/alicates-de-remachar-manuales-para-remaches-ciegos-tios-4\/","title":{"rendered":"Alicates de remachar manuales para remaches ciegos TIOS 4"},"content":{"rendered":"<p>Alicates manuales para remaches ciegos TIOS 4 con muelle de apertura<br \/>\nCuerpo de fundici\u00f3n especial de metal ligero con inserto de acero fundido para sujetar la boquilla<br \/>\nEmpu\u00f1adura de la palanca e interior de acero de alta calidad<br \/>\nAlicates manuales para remaches ciegos (con la boquilla correspondiente) para remaches ciegos de 2,4 \/ 2,8 \/ 3,0 \/ 3,2 \/ 4,0 mm de di\u00e1metro de aluminio, acero, cobre o monel, as\u00ed como para remaches ciegos tipo cazoleta de 3,2 mm de di\u00e1metro de aluminio y cobre<\/p>\n","protected":false},"excerpt":{"rendered":"<p>Alicates manuales para remaches ciegos TIOS 4 con muelle de apertura Cuerpo de fundici\u00f3n especial de metal ligero con inserto de acero fundido para sujetar la boquilla Empu\u00f1adura de la palanca e interior de acero de alta calidad Alicates manuales para remaches ciegos (con la boquilla correspondiente) para remaches ciegos de 2,4 \/ 2,8 \/ [&hellip;]<\/p>\n","protected":false},"featured_media":25087,"template":"","meta":{"_acf_changed":false,"inline_featured_image":false},"product_cat":[1836,1835],"product_tag":[],"class_list":{"0":"post-25084","1":"product","2":"type-product","3":"status-publish","4":"has-post-thumbnail","6":"brand-titgemeyer","7":"product_cat-manual-es","8":"product_cat-herramientas-de-remachado","10":"first","11":"instock","12":"taxable","13":"shipping-taxable","14":"purchasable","15":"product-type-simple","16":"add-to-wishlist-before_image"},"acf":[],"yoast_head":"<!-- This site is optimized with the Yoast SEO plugin v27.3 - https:\/\/yoast.com\/product\/yoast-seo-wordpress\/ -->\n<title>Alicates de remachar manuales para remaches ciegos TIOS 4 - Wilhelm Hundt GmbH<\/title>\n<meta name=\"robots\" content=\"index, follow, max-snippet:-1, max-image-preview:large, max-video-preview:-1\" \/>\n<link rel=\"canonical\" href=\"https:\/\/hundtgroup.com\/es\/produkt\/alicates-de-remachar-manuales-para-remaches-ciegos-tios-4\/\" \/>\n<meta property=\"og:locale\" content=\"es_ES\" \/>\n<meta property=\"og:type\" content=\"article\" \/>\n<meta property=\"og:title\" content=\"Alicates de remachar manuales para remaches ciegos TIOS 4 - Wilhelm Hundt GmbH\" \/>\n<meta property=\"og:description\" content=\"Alicates manuales para remaches ciegos TIOS 4 con muelle de apertura Cuerpo de fundici\u00f3n especial de metal ligero con inserto de acero fundido para sujetar la boquilla Empu\u00f1adura de la palanca e interior de acero de alta calidad Alicates manuales para remaches ciegos (con la boquilla correspondiente) para remaches ciegos de 2,4 \/ 2,8 \/ [&hellip;]\" \/>\n<meta property=\"og:url\" content=\"https:\/\/hundtgroup.com\/es\/produkt\/alicates-de-remachar-manuales-para-remaches-ciegos-tios-4\/\" \/>\n<meta property=\"og:site_name\" content=\"Wilhelm Hundt GmbH\" \/>\n<meta property=\"article:modified_time\" content=\"2025-07-29T10:58:42+00:00\" \/>\n<meta property=\"og:image\" content=\"https:\/\/hundtgroup.com\/wp-content\/uploads\/500450.png\" \/>\n\t<meta property=\"og:image:width\" content=\"758\" \/>\n\t<meta property=\"og:image:height\" content=\"369\" \/>\n\t<meta property=\"og:image:type\" content=\"image\/png\" \/>\n<meta name=\"twitter:card\" content=\"summary_large_image\" \/>\n<script type=\"application\/ld+json\" class=\"yoast-schema-graph\">{\"@context\":\"https:\\\/\\\/schema.org\",\"@graph\":[{\"@type\":\"WebPage\",\"@id\":\"https:\\\/\\\/hundtgroup.com\\\/es\\\/produkt\\\/alicates-de-remachar-manuales-para-remaches-ciegos-tios-4\\\/\",\"url\":\"https:\\\/\\\/hundtgroup.com\\\/es\\\/produkt\\\/alicates-de-remachar-manuales-para-remaches-ciegos-tios-4\\\/\",\"name\":\"Alicates de remachar manuales para remaches ciegos TIOS 4 - Wilhelm Hundt GmbH\",\"isPartOf\":{\"@id\":\"https:\\\/\\\/hundtgroup.com\\\/es\\\/#website\"},\"primaryImageOfPage\":{\"@id\":\"https:\\\/\\\/hundtgroup.com\\\/es\\\/produkt\\\/alicates-de-remachar-manuales-para-remaches-ciegos-tios-4\\\/#primaryimage\"},\"image\":{\"@id\":\"https:\\\/\\\/hundtgroup.com\\\/es\\\/produkt\\\/alicates-de-remachar-manuales-para-remaches-ciegos-tios-4\\\/#primaryimage\"},\"thumbnailUrl\":\"https:\\\/\\\/hundtgroup.com\\\/wp-content\\\/uploads\\\/500450.png\",\"datePublished\":\"2022-10-26T13:59:13+00:00\",\"dateModified\":\"2025-07-29T10:58:42+00:00\",\"breadcrumb\":{\"@id\":\"https:\\\/\\\/hundtgroup.com\\\/es\\\/produkt\\\/alicates-de-remachar-manuales-para-remaches-ciegos-tios-4\\\/#breadcrumb\"},\"inLanguage\":\"es\",\"potentialAction\":[{\"@type\":\"ReadAction\",\"target\":[\"https:\\\/\\\/hundtgroup.com\\\/es\\\/produkt\\\/alicates-de-remachar-manuales-para-remaches-ciegos-tios-4\\\/\"]}]},{\"@type\":\"ImageObject\",\"inLanguage\":\"es\",\"@id\":\"https:\\\/\\\/hundtgroup.com\\\/es\\\/produkt\\\/alicates-de-remachar-manuales-para-remaches-ciegos-tios-4\\\/#primaryimage\",\"url\":\"https:\\\/\\\/hundtgroup.com\\\/wp-content\\\/uploads\\\/500450.png\",\"contentUrl\":\"https:\\\/\\\/hundtgroup.com\\\/wp-content\\\/uploads\\\/500450.png\",\"width\":758,\"height\":369},{\"@type\":\"BreadcrumbList\",\"@id\":\"https:\\\/\\\/hundtgroup.com\\\/es\\\/produkt\\\/alicates-de-remachar-manuales-para-remaches-ciegos-tios-4\\\/#breadcrumb\",\"itemListElement\":[{\"@type\":\"ListItem\",\"position\":1,\"name\":\"Startseite\",\"item\":\"https:\\\/\\\/hundtgroup.com\\\/es\\\/inicio-nuevo\\\/\"},{\"@type\":\"ListItem\",\"position\":2,\"name\":\"Tienda\",\"item\":\"https:\\\/\\\/hundtgroup.com\\\/tienda\\\/\"},{\"@type\":\"ListItem\",\"position\":3,\"name\":\"Alicates de remachar manuales para remaches ciegos TIOS 4\"}]},{\"@type\":\"WebSite\",\"@id\":\"https:\\\/\\\/hundtgroup.com\\\/es\\\/#website\",\"url\":\"https:\\\/\\\/hundtgroup.com\\\/es\\\/\",\"name\":\"Wilhelm Hundt GmbH\",\"description\":\"Tu especialista en m\u00e1quinas y herramientas para la transformaci\u00f3n de la chapa\",\"potentialAction\":[{\"@type\":\"SearchAction\",\"target\":{\"@type\":\"EntryPoint\",\"urlTemplate\":\"https:\\\/\\\/hundtgroup.com\\\/es\\\/?s={search_term_string}\"},\"query-input\":{\"@type\":\"PropertyValueSpecification\",\"valueRequired\":true,\"valueName\":\"search_term_string\"}}],\"inLanguage\":\"es\"}]}<\/script>\n<!-- \/ Yoast SEO plugin. -->","yoast_head_json":{"title":"Alicates de remachar manuales para remaches ciegos TIOS 4 - Wilhelm Hundt GmbH","robots":{"index":"index","follow":"follow","max-snippet":"max-snippet:-1","max-image-preview":"max-image-preview:large","max-video-preview":"max-video-preview:-1"},"canonical":"https:\/\/hundtgroup.com\/es\/produkt\/alicates-de-remachar-manuales-para-remaches-ciegos-tios-4\/","og_locale":"es_ES","og_type":"article","og_title":"Alicates de remachar manuales para remaches ciegos TIOS 4 - Wilhelm Hundt GmbH","og_description":"Alicates manuales para remaches ciegos TIOS 4 con muelle de apertura Cuerpo de fundici\u00f3n especial de metal ligero con inserto de acero fundido para sujetar la boquilla Empu\u00f1adura de la palanca e interior de acero de alta calidad Alicates manuales para remaches ciegos (con la boquilla correspondiente) para remaches ciegos de 2,4 \/ 2,8 \/ [&hellip;]","og_url":"https:\/\/hundtgroup.com\/es\/produkt\/alicates-de-remachar-manuales-para-remaches-ciegos-tios-4\/","og_site_name":"Wilhelm Hundt GmbH","article_modified_time":"2025-07-29T10:58:42+00:00","og_image":[{"width":758,"height":369,"url":"https:\/\/hundtgroup.com\/wp-content\/uploads\/500450.png","type":"image\/png"}],"twitter_card":"summary_large_image","schema":{"@context":"https:\/\/schema.org","@graph":[{"@type":"WebPage","@id":"https:\/\/hundtgroup.com\/es\/produkt\/alicates-de-remachar-manuales-para-remaches-ciegos-tios-4\/","url":"https:\/\/hundtgroup.com\/es\/produkt\/alicates-de-remachar-manuales-para-remaches-ciegos-tios-4\/","name":"Alicates de remachar manuales para remaches ciegos TIOS 4 - Wilhelm Hundt GmbH","isPartOf":{"@id":"https:\/\/hundtgroup.com\/es\/#website"},"primaryImageOfPage":{"@id":"https:\/\/hundtgroup.com\/es\/produkt\/alicates-de-remachar-manuales-para-remaches-ciegos-tios-4\/#primaryimage"},"image":{"@id":"https:\/\/hundtgroup.com\/es\/produkt\/alicates-de-remachar-manuales-para-remaches-ciegos-tios-4\/#primaryimage"},"thumbnailUrl":"https:\/\/hundtgroup.com\/wp-content\/uploads\/500450.png","datePublished":"2022-10-26T13:59:13+00:00","dateModified":"2025-07-29T10:58:42+00:00","breadcrumb":{"@id":"https:\/\/hundtgroup.com\/es\/produkt\/alicates-de-remachar-manuales-para-remaches-ciegos-tios-4\/#breadcrumb"},"inLanguage":"es","potentialAction":[{"@type":"ReadAction","target":["https:\/\/hundtgroup.com\/es\/produkt\/alicates-de-remachar-manuales-para-remaches-ciegos-tios-4\/"]}]},{"@type":"ImageObject","inLanguage":"es","@id":"https:\/\/hundtgroup.com\/es\/produkt\/alicates-de-remachar-manuales-para-remaches-ciegos-tios-4\/#primaryimage","url":"https:\/\/hundtgroup.com\/wp-content\/uploads\/500450.png","contentUrl":"https:\/\/hundtgroup.com\/wp-content\/uploads\/500450.png","width":758,"height":369},{"@type":"BreadcrumbList","@id":"https:\/\/hundtgroup.com\/es\/produkt\/alicates-de-remachar-manuales-para-remaches-ciegos-tios-4\/#breadcrumb","itemListElement":[{"@type":"ListItem","position":1,"name":"Startseite","item":"https:\/\/hundtgroup.com\/es\/inicio-nuevo\/"},{"@type":"ListItem","position":2,"name":"Tienda","item":"https:\/\/hundtgroup.com\/tienda\/"},{"@type":"ListItem","position":3,"name":"Alicates de remachar manuales para remaches ciegos TIOS 4"}]},{"@type":"WebSite","@id":"https:\/\/hundtgroup.com\/es\/#website","url":"https:\/\/hundtgroup.com\/es\/","name":"Wilhelm Hundt GmbH","description":"Tu especialista en m\u00e1quinas y herramientas para la transformaci\u00f3n de la chapa","potentialAction":[{"@type":"SearchAction","target":{"@type":"EntryPoint","urlTemplate":"https:\/\/hundtgroup.com\/es\/?s={search_term_string}"},"query-input":{"@type":"PropertyValueSpecification","valueRequired":true,"valueName":"search_term_string"}}],"inLanguage":"es"}]}},"_links":{"self":[{"href":"https:\/\/hundtgroup.com\/es\/wp-json\/wp\/v2\/product\/25084","targetHints":{"allow":["GET"]}}],"collection":[{"href":"https:\/\/hundtgroup.com\/es\/wp-json\/wp\/v2\/product"}],"about":[{"href":"https:\/\/hundtgroup.com\/es\/wp-json\/wp\/v2\/types\/product"}],"wp:featuredmedia":[{"embeddable":true,"href":"https:\/\/hundtgroup.com\/es\/wp-json\/wp\/v2\/media\/25087"}],"wp:attachment":[{"href":"https:\/\/hundtgroup.com\/es\/wp-json\/wp\/v2\/media?parent=25084"}],"wp:term":[{"taxonomy":"product_cat","embeddable":true,"href":"https:\/\/hundtgroup.com\/es\/wp-json\/wp\/v2\/product_cat?post=25084"},{"taxonomy":"product_tag","embeddable":true,"href":"https:\/\/hundtgroup.com\/es\/wp-json\/wp\/v2\/product_tag?post=25084"}],"curies":[{"name":"wp","href":"https:\/\/api.w.org\/{rel}","templated":true}]}}