{"id":25302,"date":"2022-10-26T15:59:16","date_gmt":"2022-10-26T13:59:16","guid":{"rendered":"https:\/\/hundtgroup.com\/produkt\/herramienta-de-colocacion-de-remaches-ciegos-rr1000-de-aire-comprimido\/"},"modified":"2025-07-29T13:05:43","modified_gmt":"2025-07-29T11:05:43","slug":"herramienta-de-colocacion-de-remaches-ciegos-rr1000-de-aire-comprimido","status":"publish","type":"product","link":"https:\/\/hundtgroup.com\/es\/produkt\/herramienta-de-colocacion-de-remaches-ciegos-rr1000-de-aire-comprimido\/","title":{"rendered":"Herramienta de colocaci\u00f3n de remaches ciegos RR1000 de aire comprimido"},"content":{"rendered":"<p>La RR1000 es una herramienta neum\u00e1tica moderna, dise\u00f1ada para el procesamiento fiable de remaches ciegos en talleres y en el comercio.<br \/>\nC\u00f3modo manejo y equipamiento completo en un malet\u00edn de alta calidad.<br \/>\nProcesa remaches ciegos de 2,4 mm \u00d8 &#8211; 5,0 mm \u00d8 (todos los materiales).<\/p>\n","protected":false},"excerpt":{"rendered":"<p>La RR1000 es una herramienta neum\u00e1tica moderna, dise\u00f1ada para el procesamiento fiable de remaches ciegos en talleres y en el comercio. C\u00f3modo manejo y equipamiento completo en un malet\u00edn de alta calidad. Procesa remaches ciegos de 2,4 mm \u00d8 &#8211; 5,0 mm \u00d8 (todos los materiales).<\/p>\n","protected":false},"featured_media":25305,"template":"","meta":{"_acf_changed":false,"inline_featured_image":false},"product_cat":[1835,1838],"product_tag":[],"class_list":{"0":"post-25302","1":"product","2":"type-product","3":"status-publish","4":"has-post-thumbnail","6":"brand-honsel","7":"product_cat-herramientas-de-remachado","8":"product_cat-aire-comprimido","10":"first","11":"instock","12":"taxable","13":"shipping-taxable","14":"purchasable","15":"product-type-simple","16":"add-to-wishlist-before_image"},"acf":[],"yoast_head":"<!-- This site is optimized with the Yoast SEO plugin v27.3 - https:\/\/yoast.com\/product\/yoast-seo-wordpress\/ -->\n<title>Herramienta de colocaci\u00f3n de remaches ciegos RR1000 de aire comprimido - Wilhelm Hundt GmbH<\/title>\n<meta name=\"robots\" content=\"index, follow, max-snippet:-1, max-image-preview:large, max-video-preview:-1\" \/>\n<link rel=\"canonical\" href=\"https:\/\/hundtgroup.com\/es\/produkt\/herramienta-de-colocacion-de-remaches-ciegos-rr1000-de-aire-comprimido\/\" \/>\n<meta property=\"og:locale\" content=\"es_ES\" \/>\n<meta property=\"og:type\" content=\"article\" \/>\n<meta property=\"og:title\" content=\"Herramienta de colocaci\u00f3n de remaches ciegos RR1000 de aire comprimido - Wilhelm Hundt GmbH\" \/>\n<meta property=\"og:description\" content=\"La RR1000 es una herramienta neum\u00e1tica moderna, dise\u00f1ada para el procesamiento fiable de remaches ciegos en talleres y en el comercio. C\u00f3modo manejo y equipamiento completo en un malet\u00edn de alta calidad. Procesa remaches ciegos de 2,4 mm \u00d8 &#8211; 5,0 mm \u00d8 (todos los materiales).\" \/>\n<meta property=\"og:url\" content=\"https:\/\/hundtgroup.com\/es\/produkt\/herramienta-de-colocacion-de-remaches-ciegos-rr1000-de-aire-comprimido\/\" \/>\n<meta property=\"og:site_name\" content=\"Wilhelm Hundt GmbH\" \/>\n<meta property=\"article:modified_time\" content=\"2025-07-29T11:05:43+00:00\" \/>\n<meta property=\"og:image\" content=\"https:\/\/hundtgroup.com\/wp-content\/uploads\/500109.jpg\" \/>\n\t<meta property=\"og:image:width\" content=\"400\" \/>\n\t<meta property=\"og:image:height\" content=\"667\" \/>\n\t<meta property=\"og:image:type\" content=\"image\/jpeg\" \/>\n<meta name=\"twitter:card\" content=\"summary_large_image\" \/>\n<script type=\"application\/ld+json\" class=\"yoast-schema-graph\">{\"@context\":\"https:\\\/\\\/schema.org\",\"@graph\":[{\"@type\":\"WebPage\",\"@id\":\"https:\\\/\\\/hundtgroup.com\\\/es\\\/produkt\\\/herramienta-de-colocacion-de-remaches-ciegos-rr1000-de-aire-comprimido\\\/\",\"url\":\"https:\\\/\\\/hundtgroup.com\\\/es\\\/produkt\\\/herramienta-de-colocacion-de-remaches-ciegos-rr1000-de-aire-comprimido\\\/\",\"name\":\"Herramienta de colocaci\u00f3n de remaches ciegos RR1000 de aire comprimido - Wilhelm Hundt GmbH\",\"isPartOf\":{\"@id\":\"https:\\\/\\\/hundtgroup.com\\\/es\\\/#website\"},\"primaryImageOfPage\":{\"@id\":\"https:\\\/\\\/hundtgroup.com\\\/es\\\/produkt\\\/herramienta-de-colocacion-de-remaches-ciegos-rr1000-de-aire-comprimido\\\/#primaryimage\"},\"image\":{\"@id\":\"https:\\\/\\\/hundtgroup.com\\\/es\\\/produkt\\\/herramienta-de-colocacion-de-remaches-ciegos-rr1000-de-aire-comprimido\\\/#primaryimage\"},\"thumbnailUrl\":\"https:\\\/\\\/hundtgroup.com\\\/wp-content\\\/uploads\\\/500109.jpg\",\"datePublished\":\"2022-10-26T13:59:16+00:00\",\"dateModified\":\"2025-07-29T11:05:43+00:00\",\"breadcrumb\":{\"@id\":\"https:\\\/\\\/hundtgroup.com\\\/es\\\/produkt\\\/herramienta-de-colocacion-de-remaches-ciegos-rr1000-de-aire-comprimido\\\/#breadcrumb\"},\"inLanguage\":\"es\",\"potentialAction\":[{\"@type\":\"ReadAction\",\"target\":[\"https:\\\/\\\/hundtgroup.com\\\/es\\\/produkt\\\/herramienta-de-colocacion-de-remaches-ciegos-rr1000-de-aire-comprimido\\\/\"]}]},{\"@type\":\"ImageObject\",\"inLanguage\":\"es\",\"@id\":\"https:\\\/\\\/hundtgroup.com\\\/es\\\/produkt\\\/herramienta-de-colocacion-de-remaches-ciegos-rr1000-de-aire-comprimido\\\/#primaryimage\",\"url\":\"https:\\\/\\\/hundtgroup.com\\\/wp-content\\\/uploads\\\/500109.jpg\",\"contentUrl\":\"https:\\\/\\\/hundtgroup.com\\\/wp-content\\\/uploads\\\/500109.jpg\",\"width\":400,\"height\":667},{\"@type\":\"BreadcrumbList\",\"@id\":\"https:\\\/\\\/hundtgroup.com\\\/es\\\/produkt\\\/herramienta-de-colocacion-de-remaches-ciegos-rr1000-de-aire-comprimido\\\/#breadcrumb\",\"itemListElement\":[{\"@type\":\"ListItem\",\"position\":1,\"name\":\"Startseite\",\"item\":\"https:\\\/\\\/hundtgroup.com\\\/es\\\/inicio-nuevo\\\/\"},{\"@type\":\"ListItem\",\"position\":2,\"name\":\"Tienda\",\"item\":\"https:\\\/\\\/hundtgroup.com\\\/tienda\\\/\"},{\"@type\":\"ListItem\",\"position\":3,\"name\":\"Herramienta de colocaci\u00f3n de remaches ciegos RR1000 de aire comprimido\"}]},{\"@type\":\"WebSite\",\"@id\":\"https:\\\/\\\/hundtgroup.com\\\/es\\\/#website\",\"url\":\"https:\\\/\\\/hundtgroup.com\\\/es\\\/\",\"name\":\"Wilhelm Hundt GmbH\",\"description\":\"Tu especialista en m\u00e1quinas y herramientas para la transformaci\u00f3n de la chapa\",\"potentialAction\":[{\"@type\":\"SearchAction\",\"target\":{\"@type\":\"EntryPoint\",\"urlTemplate\":\"https:\\\/\\\/hundtgroup.com\\\/es\\\/?s={search_term_string}\"},\"query-input\":{\"@type\":\"PropertyValueSpecification\",\"valueRequired\":true,\"valueName\":\"search_term_string\"}}],\"inLanguage\":\"es\"}]}<\/script>\n<!-- \/ Yoast SEO plugin. -->","yoast_head_json":{"title":"Herramienta de colocaci\u00f3n de remaches ciegos RR1000 de aire comprimido - Wilhelm Hundt GmbH","robots":{"index":"index","follow":"follow","max-snippet":"max-snippet:-1","max-image-preview":"max-image-preview:large","max-video-preview":"max-video-preview:-1"},"canonical":"https:\/\/hundtgroup.com\/es\/produkt\/herramienta-de-colocacion-de-remaches-ciegos-rr1000-de-aire-comprimido\/","og_locale":"es_ES","og_type":"article","og_title":"Herramienta de colocaci\u00f3n de remaches ciegos RR1000 de aire comprimido - Wilhelm Hundt GmbH","og_description":"La RR1000 es una herramienta neum\u00e1tica moderna, dise\u00f1ada para el procesamiento fiable de remaches ciegos en talleres y en el comercio. C\u00f3modo manejo y equipamiento completo en un malet\u00edn de alta calidad. Procesa remaches ciegos de 2,4 mm \u00d8 &#8211; 5,0 mm \u00d8 (todos los materiales).","og_url":"https:\/\/hundtgroup.com\/es\/produkt\/herramienta-de-colocacion-de-remaches-ciegos-rr1000-de-aire-comprimido\/","og_site_name":"Wilhelm Hundt GmbH","article_modified_time":"2025-07-29T11:05:43+00:00","og_image":[{"width":400,"height":667,"url":"https:\/\/hundtgroup.com\/wp-content\/uploads\/500109.jpg","type":"image\/jpeg"}],"twitter_card":"summary_large_image","schema":{"@context":"https:\/\/schema.org","@graph":[{"@type":"WebPage","@id":"https:\/\/hundtgroup.com\/es\/produkt\/herramienta-de-colocacion-de-remaches-ciegos-rr1000-de-aire-comprimido\/","url":"https:\/\/hundtgroup.com\/es\/produkt\/herramienta-de-colocacion-de-remaches-ciegos-rr1000-de-aire-comprimido\/","name":"Herramienta de colocaci\u00f3n de remaches ciegos RR1000 de aire comprimido - Wilhelm Hundt GmbH","isPartOf":{"@id":"https:\/\/hundtgroup.com\/es\/#website"},"primaryImageOfPage":{"@id":"https:\/\/hundtgroup.com\/es\/produkt\/herramienta-de-colocacion-de-remaches-ciegos-rr1000-de-aire-comprimido\/#primaryimage"},"image":{"@id":"https:\/\/hundtgroup.com\/es\/produkt\/herramienta-de-colocacion-de-remaches-ciegos-rr1000-de-aire-comprimido\/#primaryimage"},"thumbnailUrl":"https:\/\/hundtgroup.com\/wp-content\/uploads\/500109.jpg","datePublished":"2022-10-26T13:59:16+00:00","dateModified":"2025-07-29T11:05:43+00:00","breadcrumb":{"@id":"https:\/\/hundtgroup.com\/es\/produkt\/herramienta-de-colocacion-de-remaches-ciegos-rr1000-de-aire-comprimido\/#breadcrumb"},"inLanguage":"es","potentialAction":[{"@type":"ReadAction","target":["https:\/\/hundtgroup.com\/es\/produkt\/herramienta-de-colocacion-de-remaches-ciegos-rr1000-de-aire-comprimido\/"]}]},{"@type":"ImageObject","inLanguage":"es","@id":"https:\/\/hundtgroup.com\/es\/produkt\/herramienta-de-colocacion-de-remaches-ciegos-rr1000-de-aire-comprimido\/#primaryimage","url":"https:\/\/hundtgroup.com\/wp-content\/uploads\/500109.jpg","contentUrl":"https:\/\/hundtgroup.com\/wp-content\/uploads\/500109.jpg","width":400,"height":667},{"@type":"BreadcrumbList","@id":"https:\/\/hundtgroup.com\/es\/produkt\/herramienta-de-colocacion-de-remaches-ciegos-rr1000-de-aire-comprimido\/#breadcrumb","itemListElement":[{"@type":"ListItem","position":1,"name":"Startseite","item":"https:\/\/hundtgroup.com\/es\/inicio-nuevo\/"},{"@type":"ListItem","position":2,"name":"Tienda","item":"https:\/\/hundtgroup.com\/tienda\/"},{"@type":"ListItem","position":3,"name":"Herramienta de colocaci\u00f3n de remaches ciegos RR1000 de aire comprimido"}]},{"@type":"WebSite","@id":"https:\/\/hundtgroup.com\/es\/#website","url":"https:\/\/hundtgroup.com\/es\/","name":"Wilhelm Hundt GmbH","description":"Tu especialista en m\u00e1quinas y herramientas para la transformaci\u00f3n de la chapa","potentialAction":[{"@type":"SearchAction","target":{"@type":"EntryPoint","urlTemplate":"https:\/\/hundtgroup.com\/es\/?s={search_term_string}"},"query-input":{"@type":"PropertyValueSpecification","valueRequired":true,"valueName":"search_term_string"}}],"inLanguage":"es"}]}},"_links":{"self":[{"href":"https:\/\/hundtgroup.com\/es\/wp-json\/wp\/v2\/product\/25302","targetHints":{"allow":["GET"]}}],"collection":[{"href":"https:\/\/hundtgroup.com\/es\/wp-json\/wp\/v2\/product"}],"about":[{"href":"https:\/\/hundtgroup.com\/es\/wp-json\/wp\/v2\/types\/product"}],"wp:featuredmedia":[{"embeddable":true,"href":"https:\/\/hundtgroup.com\/es\/wp-json\/wp\/v2\/media\/25305"}],"wp:attachment":[{"href":"https:\/\/hundtgroup.com\/es\/wp-json\/wp\/v2\/media?parent=25302"}],"wp:term":[{"taxonomy":"product_cat","embeddable":true,"href":"https:\/\/hundtgroup.com\/es\/wp-json\/wp\/v2\/product_cat?post=25302"},{"taxonomy":"product_tag","embeddable":true,"href":"https:\/\/hundtgroup.com\/es\/wp-json\/wp\/v2\/product_tag?post=25302"}],"curies":[{"name":"wp","href":"https:\/\/api.w.org\/{rel}","templated":true}]}}