{"id":25414,"date":"2022-10-26T15:59:16","date_gmt":"2022-10-26T13:59:16","guid":{"rendered":"https:\/\/hundtgroup.com\/produkt\/remachadora-sin-cable-rivdom-one\/"},"modified":"2025-08-01T11:59:09","modified_gmt":"2025-08-01T09:59:09","slug":"remachadora-sin-cable-rivdom-one","status":"publish","type":"product","link":"https:\/\/hundtgroup.com\/es\/produkt\/remachadora-sin-cable-rivdom-one\/","title":{"rendered":"Remachadora sin cable Rivdom ONE"},"content":{"rendered":"<p>Los remaches ciegos de hasta 5 mm de di\u00e1metro (en todos los materiales) se colocan de forma fiable gracias al potente motor y al mecanismo de sujeci\u00f3n optimizado.<br \/>\nBater\u00edas de iones de litio con tecnolog\u00eda de carga RivdomPLUS: \u00a1se cargan por completo en 30 minutos!<br \/>\nNueva carcasa con excelente ergonom\u00eda y peso reducido.<br \/>\nEl nuevo gatillo con recorrido extremadamente corto permite trabajar de forma r\u00e1pida y c\u00f3moda.<br \/>\nNuevo clip de cintur\u00f3n para uso m\u00f3vil.<br \/>\nDetalles pr\u00e1cticos conocidos, como el recipiente de recogida transparente y la iluminaci\u00f3n LED del punto de remachado.<\/p>\n","protected":false},"excerpt":{"rendered":"<p>Los remaches ciegos de hasta 5 mm de di\u00e1metro (en todos los materiales) se colocan de forma fiable gracias al potente motor y al mecanismo de sujeci\u00f3n optimizado. Bater\u00edas de iones de litio con tecnolog\u00eda de carga RivdomPLUS: \u00a1se cargan por completo en 30 minutos! Nueva carcasa con excelente ergonom\u00eda y peso reducido. El nuevo [&hellip;]<\/p>\n","protected":false},"featured_media":25415,"template":"","meta":{"_acf_changed":false,"inline_featured_image":false},"product_cat":[2852,1835,1837,1875,662],"product_tag":[],"class_list":{"0":"post-25414","1":"product","2":"type-product","3":"status-publish","4":"has-post-thumbnail","6":"brand-honsel","7":"product_cat-herramientas-de-remachado-es","8":"product_cat-herramientas-de-remachado","9":"product_cat-bateria-es","10":"product_cat-acciones","11":"product_cat-herramientas-a-bateria","13":"first","14":"instock","15":"taxable","16":"shipping-taxable","17":"purchasable","18":"product-type-simple","19":"add-to-wishlist-before_image"},"acf":[],"yoast_head":"<!-- This site is optimized with the Yoast SEO plugin v27.3 - https:\/\/yoast.com\/product\/yoast-seo-wordpress\/ -->\n<title>Remachadora sin cable Rivdom ONE - Wilhelm Hundt GmbH<\/title>\n<meta name=\"robots\" content=\"index, follow, max-snippet:-1, max-image-preview:large, max-video-preview:-1\" \/>\n<link rel=\"canonical\" href=\"https:\/\/hundtgroup.com\/es\/produkt\/remachadora-sin-cable-rivdom-one\/\" \/>\n<meta property=\"og:locale\" content=\"es_ES\" \/>\n<meta property=\"og:type\" content=\"article\" \/>\n<meta property=\"og:title\" content=\"Remachadora sin cable Rivdom ONE - Wilhelm Hundt GmbH\" \/>\n<meta property=\"og:description\" content=\"Los remaches ciegos de hasta 5 mm de di\u00e1metro (en todos los materiales) se colocan de forma fiable gracias al potente motor y al mecanismo de sujeci\u00f3n optimizado. Bater\u00edas de iones de litio con tecnolog\u00eda de carga RivdomPLUS: \u00a1se cargan por completo en 30 minutos! Nueva carcasa con excelente ergonom\u00eda y peso reducido. El nuevo [&hellip;]\" \/>\n<meta property=\"og:url\" content=\"https:\/\/hundtgroup.com\/es\/produkt\/remachadora-sin-cable-rivdom-one\/\" \/>\n<meta property=\"og:site_name\" content=\"Wilhelm Hundt GmbH\" \/>\n<meta property=\"article:modified_time\" content=\"2025-08-01T09:59:09+00:00\" \/>\n<meta property=\"og:image\" content=\"https:\/\/hundtgroup.com\/wp-content\/uploads\/500408.jpg\" \/>\n\t<meta property=\"og:image:width\" content=\"1600\" \/>\n\t<meta property=\"og:image:height\" content=\"900\" \/>\n\t<meta property=\"og:image:type\" content=\"image\/jpeg\" \/>\n<meta name=\"twitter:card\" content=\"summary_large_image\" \/>\n<meta name=\"twitter:label1\" content=\"Tiempo de lectura\" \/>\n\t<meta name=\"twitter:data1\" content=\"1 minuto\" \/>\n<script type=\"application\/ld+json\" class=\"yoast-schema-graph\">{\"@context\":\"https:\\\/\\\/schema.org\",\"@graph\":[{\"@type\":\"WebPage\",\"@id\":\"https:\\\/\\\/hundtgroup.com\\\/es\\\/produkt\\\/remachadora-sin-cable-rivdom-one\\\/\",\"url\":\"https:\\\/\\\/hundtgroup.com\\\/es\\\/produkt\\\/remachadora-sin-cable-rivdom-one\\\/\",\"name\":\"Remachadora sin cable Rivdom ONE - Wilhelm Hundt GmbH\",\"isPartOf\":{\"@id\":\"https:\\\/\\\/hundtgroup.com\\\/es\\\/#website\"},\"primaryImageOfPage\":{\"@id\":\"https:\\\/\\\/hundtgroup.com\\\/es\\\/produkt\\\/remachadora-sin-cable-rivdom-one\\\/#primaryimage\"},\"image\":{\"@id\":\"https:\\\/\\\/hundtgroup.com\\\/es\\\/produkt\\\/remachadora-sin-cable-rivdom-one\\\/#primaryimage\"},\"thumbnailUrl\":\"https:\\\/\\\/hundtgroup.com\\\/wp-content\\\/uploads\\\/500408.jpg\",\"datePublished\":\"2022-10-26T13:59:16+00:00\",\"dateModified\":\"2025-08-01T09:59:09+00:00\",\"breadcrumb\":{\"@id\":\"https:\\\/\\\/hundtgroup.com\\\/es\\\/produkt\\\/remachadora-sin-cable-rivdom-one\\\/#breadcrumb\"},\"inLanguage\":\"es\",\"potentialAction\":[{\"@type\":\"ReadAction\",\"target\":[\"https:\\\/\\\/hundtgroup.com\\\/es\\\/produkt\\\/remachadora-sin-cable-rivdom-one\\\/\"]}]},{\"@type\":\"ImageObject\",\"inLanguage\":\"es\",\"@id\":\"https:\\\/\\\/hundtgroup.com\\\/es\\\/produkt\\\/remachadora-sin-cable-rivdom-one\\\/#primaryimage\",\"url\":\"https:\\\/\\\/hundtgroup.com\\\/wp-content\\\/uploads\\\/500408.jpg\",\"contentUrl\":\"https:\\\/\\\/hundtgroup.com\\\/wp-content\\\/uploads\\\/500408.jpg\",\"width\":1600,\"height\":900},{\"@type\":\"BreadcrumbList\",\"@id\":\"https:\\\/\\\/hundtgroup.com\\\/es\\\/produkt\\\/remachadora-sin-cable-rivdom-one\\\/#breadcrumb\",\"itemListElement\":[{\"@type\":\"ListItem\",\"position\":1,\"name\":\"Startseite\",\"item\":\"https:\\\/\\\/hundtgroup.com\\\/es\\\/inicio-nuevo\\\/\"},{\"@type\":\"ListItem\",\"position\":2,\"name\":\"Tienda\",\"item\":\"https:\\\/\\\/hundtgroup.com\\\/tienda\\\/\"},{\"@type\":\"ListItem\",\"position\":3,\"name\":\"Remachadora sin cable Rivdom ONE\"}]},{\"@type\":\"WebSite\",\"@id\":\"https:\\\/\\\/hundtgroup.com\\\/es\\\/#website\",\"url\":\"https:\\\/\\\/hundtgroup.com\\\/es\\\/\",\"name\":\"Wilhelm Hundt GmbH\",\"description\":\"Tu especialista en m\u00e1quinas y herramientas para la transformaci\u00f3n de la chapa\",\"potentialAction\":[{\"@type\":\"SearchAction\",\"target\":{\"@type\":\"EntryPoint\",\"urlTemplate\":\"https:\\\/\\\/hundtgroup.com\\\/es\\\/?s={search_term_string}\"},\"query-input\":{\"@type\":\"PropertyValueSpecification\",\"valueRequired\":true,\"valueName\":\"search_term_string\"}}],\"inLanguage\":\"es\"}]}<\/script>\n<!-- \/ Yoast SEO plugin. -->","yoast_head_json":{"title":"Remachadora sin cable Rivdom ONE - Wilhelm Hundt GmbH","robots":{"index":"index","follow":"follow","max-snippet":"max-snippet:-1","max-image-preview":"max-image-preview:large","max-video-preview":"max-video-preview:-1"},"canonical":"https:\/\/hundtgroup.com\/es\/produkt\/remachadora-sin-cable-rivdom-one\/","og_locale":"es_ES","og_type":"article","og_title":"Remachadora sin cable Rivdom ONE - Wilhelm Hundt GmbH","og_description":"Los remaches ciegos de hasta 5 mm de di\u00e1metro (en todos los materiales) se colocan de forma fiable gracias al potente motor y al mecanismo de sujeci\u00f3n optimizado. Bater\u00edas de iones de litio con tecnolog\u00eda de carga RivdomPLUS: \u00a1se cargan por completo en 30 minutos! Nueva carcasa con excelente ergonom\u00eda y peso reducido. El nuevo [&hellip;]","og_url":"https:\/\/hundtgroup.com\/es\/produkt\/remachadora-sin-cable-rivdom-one\/","og_site_name":"Wilhelm Hundt GmbH","article_modified_time":"2025-08-01T09:59:09+00:00","og_image":[{"width":1600,"height":900,"url":"https:\/\/hundtgroup.com\/wp-content\/uploads\/500408.jpg","type":"image\/jpeg"}],"twitter_card":"summary_large_image","twitter_misc":{"Tiempo de lectura":"1 minuto"},"schema":{"@context":"https:\/\/schema.org","@graph":[{"@type":"WebPage","@id":"https:\/\/hundtgroup.com\/es\/produkt\/remachadora-sin-cable-rivdom-one\/","url":"https:\/\/hundtgroup.com\/es\/produkt\/remachadora-sin-cable-rivdom-one\/","name":"Remachadora sin cable Rivdom ONE - Wilhelm Hundt GmbH","isPartOf":{"@id":"https:\/\/hundtgroup.com\/es\/#website"},"primaryImageOfPage":{"@id":"https:\/\/hundtgroup.com\/es\/produkt\/remachadora-sin-cable-rivdom-one\/#primaryimage"},"image":{"@id":"https:\/\/hundtgroup.com\/es\/produkt\/remachadora-sin-cable-rivdom-one\/#primaryimage"},"thumbnailUrl":"https:\/\/hundtgroup.com\/wp-content\/uploads\/500408.jpg","datePublished":"2022-10-26T13:59:16+00:00","dateModified":"2025-08-01T09:59:09+00:00","breadcrumb":{"@id":"https:\/\/hundtgroup.com\/es\/produkt\/remachadora-sin-cable-rivdom-one\/#breadcrumb"},"inLanguage":"es","potentialAction":[{"@type":"ReadAction","target":["https:\/\/hundtgroup.com\/es\/produkt\/remachadora-sin-cable-rivdom-one\/"]}]},{"@type":"ImageObject","inLanguage":"es","@id":"https:\/\/hundtgroup.com\/es\/produkt\/remachadora-sin-cable-rivdom-one\/#primaryimage","url":"https:\/\/hundtgroup.com\/wp-content\/uploads\/500408.jpg","contentUrl":"https:\/\/hundtgroup.com\/wp-content\/uploads\/500408.jpg","width":1600,"height":900},{"@type":"BreadcrumbList","@id":"https:\/\/hundtgroup.com\/es\/produkt\/remachadora-sin-cable-rivdom-one\/#breadcrumb","itemListElement":[{"@type":"ListItem","position":1,"name":"Startseite","item":"https:\/\/hundtgroup.com\/es\/inicio-nuevo\/"},{"@type":"ListItem","position":2,"name":"Tienda","item":"https:\/\/hundtgroup.com\/tienda\/"},{"@type":"ListItem","position":3,"name":"Remachadora sin cable Rivdom ONE"}]},{"@type":"WebSite","@id":"https:\/\/hundtgroup.com\/es\/#website","url":"https:\/\/hundtgroup.com\/es\/","name":"Wilhelm Hundt GmbH","description":"Tu especialista en m\u00e1quinas y herramientas para la transformaci\u00f3n de la chapa","potentialAction":[{"@type":"SearchAction","target":{"@type":"EntryPoint","urlTemplate":"https:\/\/hundtgroup.com\/es\/?s={search_term_string}"},"query-input":{"@type":"PropertyValueSpecification","valueRequired":true,"valueName":"search_term_string"}}],"inLanguage":"es"}]}},"_links":{"self":[{"href":"https:\/\/hundtgroup.com\/es\/wp-json\/wp\/v2\/product\/25414","targetHints":{"allow":["GET"]}}],"collection":[{"href":"https:\/\/hundtgroup.com\/es\/wp-json\/wp\/v2\/product"}],"about":[{"href":"https:\/\/hundtgroup.com\/es\/wp-json\/wp\/v2\/types\/product"}],"wp:featuredmedia":[{"embeddable":true,"href":"https:\/\/hundtgroup.com\/es\/wp-json\/wp\/v2\/media\/25415"}],"wp:attachment":[{"href":"https:\/\/hundtgroup.com\/es\/wp-json\/wp\/v2\/media?parent=25414"}],"wp:term":[{"taxonomy":"product_cat","embeddable":true,"href":"https:\/\/hundtgroup.com\/es\/wp-json\/wp\/v2\/product_cat?post=25414"},{"taxonomy":"product_tag","embeddable":true,"href":"https:\/\/hundtgroup.com\/es\/wp-json\/wp\/v2\/product_tag?post=25414"}],"curies":[{"name":"wp","href":"https:\/\/api.w.org\/{rel}","templated":true}]}}