{"id":25440,"date":"2022-10-26T15:59:16","date_gmt":"2022-10-26T13:59:16","guid":{"rendered":"https:\/\/hundtgroup.com\/produkt\/remachadora-sin-cable-rivdom-ebz-zero\/"},"modified":"2025-08-01T11:59:12","modified_gmt":"2025-08-01T09:59:12","slug":"remachadora-sin-cable-rivdom-ebz-zero","status":"publish","type":"product","link":"https:\/\/hundtgroup.com\/es\/produkt\/remachadora-sin-cable-rivdom-ebz-zero\/","title":{"rendered":"Remachadora sin cable Rivdom ebZ ZERO"},"content":{"rendered":"<p>Compacta. Ligera. Sencillamente potente.<br \/>\nLa nueva peque\u00f1a para remaches ciegos de hasta 4,0 mm.<br \/>\nRivdomZERO tiene la carcasa ultracompacta ya conocida de RivSmart, un motor sin escobillas y la tecnolog\u00eda de carga RivdomPLUS.<br \/>\n\u00a1Las piezas de desgaste se pueden cambiar sin herramientas y el peso de s\u00f3lo 1,3 kg garantiza la m\u00e1xima comodidad!<br \/>\nEl motor de corriente continua BLDC sin escobillas de nuevo desarrollo garantiza una vida \u00fatil pr\u00e1cticamente sin desgaste y muy larga.<br \/>\nEl menor consumo de energ\u00eda y la menor generaci\u00f3n de calor aumentan la vida \u00fatil de la bater\u00eda y la eficacia del rendimiento.<br \/>\nDimensiones muy compactas y, por tanto, manejo inigualable para los lugares de instalaci\u00f3n m\u00e1s estrechos.<br \/>\nAjuste individual del rebobinado.<br \/>\nM\u00e1xima comodidad gracias al gatillo giratorio con fuerza de disparo muy baja \/ recorrido de disparo corto.  <\/p>\n","protected":false},"excerpt":{"rendered":"<p>Compacta. Ligera. Sencillamente potente. La nueva peque\u00f1a para remaches ciegos de hasta 4,0 mm. RivdomZERO tiene la carcasa ultracompacta ya conocida de RivSmart, un motor sin escobillas y la tecnolog\u00eda de carga RivdomPLUS. \u00a1Las piezas de desgaste se pueden cambiar sin herramientas y el peso de s\u00f3lo 1,3 kg garantiza la m\u00e1xima comodidad! El motor [&hellip;]<\/p>\n","protected":false},"featured_media":25442,"template":"","meta":{"_acf_changed":false,"inline_featured_image":false},"product_cat":[2852,1835,1837,662],"product_tag":[],"class_list":{"0":"post-25440","1":"product","2":"type-product","3":"status-publish","4":"has-post-thumbnail","6":"brand-honsel","7":"product_cat-herramientas-de-remachado-es","8":"product_cat-herramientas-de-remachado","9":"product_cat-bateria-es","10":"product_cat-herramientas-a-bateria","12":"first","13":"instock","14":"sale","15":"taxable","16":"shipping-taxable","17":"purchasable","18":"product-type-simple","19":"add-to-wishlist-before_image"},"acf":[],"yoast_head":"<!-- This site is optimized with the Yoast SEO plugin v27.3 - https:\/\/yoast.com\/product\/yoast-seo-wordpress\/ -->\n<title>Remachadora sin cable Rivdom ebZ ZERO - Wilhelm Hundt GmbH<\/title>\n<meta name=\"robots\" content=\"index, follow, max-snippet:-1, max-image-preview:large, max-video-preview:-1\" \/>\n<link rel=\"canonical\" href=\"https:\/\/hundtgroup.com\/es\/produkt\/remachadora-sin-cable-rivdom-ebz-zero\/\" \/>\n<meta property=\"og:locale\" content=\"es_ES\" \/>\n<meta property=\"og:type\" content=\"article\" \/>\n<meta property=\"og:title\" content=\"Remachadora sin cable Rivdom ebZ ZERO - Wilhelm Hundt GmbH\" \/>\n<meta property=\"og:description\" content=\"Compacta. Ligera. Sencillamente potente. La nueva peque\u00f1a para remaches ciegos de hasta 4,0 mm. RivdomZERO tiene la carcasa ultracompacta ya conocida de RivSmart, un motor sin escobillas y la tecnolog\u00eda de carga RivdomPLUS. \u00a1Las piezas de desgaste se pueden cambiar sin herramientas y el peso de s\u00f3lo 1,3 kg garantiza la m\u00e1xima comodidad! El motor [&hellip;]\" \/>\n<meta property=\"og:url\" content=\"https:\/\/hundtgroup.com\/es\/produkt\/remachadora-sin-cable-rivdom-ebz-zero\/\" \/>\n<meta property=\"og:site_name\" content=\"Wilhelm Hundt GmbH\" \/>\n<meta property=\"article:modified_time\" content=\"2025-08-01T09:59:12+00:00\" \/>\n<meta property=\"og:image\" content=\"https:\/\/hundtgroup.com\/wp-content\/uploads\/500401.jpg\" \/>\n\t<meta property=\"og:image:width\" content=\"1600\" \/>\n\t<meta property=\"og:image:height\" content=\"901\" \/>\n\t<meta property=\"og:image:type\" content=\"image\/jpeg\" \/>\n<meta name=\"twitter:card\" content=\"summary_large_image\" \/>\n<meta name=\"twitter:label1\" content=\"Tiempo de lectura\" \/>\n\t<meta name=\"twitter:data1\" content=\"1 minuto\" \/>\n<script type=\"application\/ld+json\" class=\"yoast-schema-graph\">{\"@context\":\"https:\\\/\\\/schema.org\",\"@graph\":[{\"@type\":\"WebPage\",\"@id\":\"https:\\\/\\\/hundtgroup.com\\\/es\\\/produkt\\\/remachadora-sin-cable-rivdom-ebz-zero\\\/\",\"url\":\"https:\\\/\\\/hundtgroup.com\\\/es\\\/produkt\\\/remachadora-sin-cable-rivdom-ebz-zero\\\/\",\"name\":\"Remachadora sin cable Rivdom ebZ ZERO - Wilhelm Hundt GmbH\",\"isPartOf\":{\"@id\":\"https:\\\/\\\/hundtgroup.com\\\/es\\\/#website\"},\"primaryImageOfPage\":{\"@id\":\"https:\\\/\\\/hundtgroup.com\\\/es\\\/produkt\\\/remachadora-sin-cable-rivdom-ebz-zero\\\/#primaryimage\"},\"image\":{\"@id\":\"https:\\\/\\\/hundtgroup.com\\\/es\\\/produkt\\\/remachadora-sin-cable-rivdom-ebz-zero\\\/#primaryimage\"},\"thumbnailUrl\":\"https:\\\/\\\/hundtgroup.com\\\/wp-content\\\/uploads\\\/500401.jpg\",\"datePublished\":\"2022-10-26T13:59:16+00:00\",\"dateModified\":\"2025-08-01T09:59:12+00:00\",\"breadcrumb\":{\"@id\":\"https:\\\/\\\/hundtgroup.com\\\/es\\\/produkt\\\/remachadora-sin-cable-rivdom-ebz-zero\\\/#breadcrumb\"},\"inLanguage\":\"es\",\"potentialAction\":[{\"@type\":\"ReadAction\",\"target\":[\"https:\\\/\\\/hundtgroup.com\\\/es\\\/produkt\\\/remachadora-sin-cable-rivdom-ebz-zero\\\/\"]}]},{\"@type\":\"ImageObject\",\"inLanguage\":\"es\",\"@id\":\"https:\\\/\\\/hundtgroup.com\\\/es\\\/produkt\\\/remachadora-sin-cable-rivdom-ebz-zero\\\/#primaryimage\",\"url\":\"https:\\\/\\\/hundtgroup.com\\\/wp-content\\\/uploads\\\/500401.jpg\",\"contentUrl\":\"https:\\\/\\\/hundtgroup.com\\\/wp-content\\\/uploads\\\/500401.jpg\",\"width\":1600,\"height\":901},{\"@type\":\"BreadcrumbList\",\"@id\":\"https:\\\/\\\/hundtgroup.com\\\/es\\\/produkt\\\/remachadora-sin-cable-rivdom-ebz-zero\\\/#breadcrumb\",\"itemListElement\":[{\"@type\":\"ListItem\",\"position\":1,\"name\":\"Startseite\",\"item\":\"https:\\\/\\\/hundtgroup.com\\\/es\\\/inicio-nuevo\\\/\"},{\"@type\":\"ListItem\",\"position\":2,\"name\":\"Tienda\",\"item\":\"https:\\\/\\\/hundtgroup.com\\\/tienda\\\/\"},{\"@type\":\"ListItem\",\"position\":3,\"name\":\"Remachadora sin cable Rivdom ebZ ZERO\"}]},{\"@type\":\"WebSite\",\"@id\":\"https:\\\/\\\/hundtgroup.com\\\/es\\\/#website\",\"url\":\"https:\\\/\\\/hundtgroup.com\\\/es\\\/\",\"name\":\"Wilhelm Hundt GmbH\",\"description\":\"Tu especialista en m\u00e1quinas y herramientas para la transformaci\u00f3n de la chapa\",\"potentialAction\":[{\"@type\":\"SearchAction\",\"target\":{\"@type\":\"EntryPoint\",\"urlTemplate\":\"https:\\\/\\\/hundtgroup.com\\\/es\\\/?s={search_term_string}\"},\"query-input\":{\"@type\":\"PropertyValueSpecification\",\"valueRequired\":true,\"valueName\":\"search_term_string\"}}],\"inLanguage\":\"es\"}]}<\/script>\n<!-- \/ Yoast SEO plugin. -->","yoast_head_json":{"title":"Remachadora sin cable Rivdom ebZ ZERO - Wilhelm Hundt GmbH","robots":{"index":"index","follow":"follow","max-snippet":"max-snippet:-1","max-image-preview":"max-image-preview:large","max-video-preview":"max-video-preview:-1"},"canonical":"https:\/\/hundtgroup.com\/es\/produkt\/remachadora-sin-cable-rivdom-ebz-zero\/","og_locale":"es_ES","og_type":"article","og_title":"Remachadora sin cable Rivdom ebZ ZERO - Wilhelm Hundt GmbH","og_description":"Compacta. Ligera. Sencillamente potente. La nueva peque\u00f1a para remaches ciegos de hasta 4,0 mm. RivdomZERO tiene la carcasa ultracompacta ya conocida de RivSmart, un motor sin escobillas y la tecnolog\u00eda de carga RivdomPLUS. \u00a1Las piezas de desgaste se pueden cambiar sin herramientas y el peso de s\u00f3lo 1,3 kg garantiza la m\u00e1xima comodidad! El motor [&hellip;]","og_url":"https:\/\/hundtgroup.com\/es\/produkt\/remachadora-sin-cable-rivdom-ebz-zero\/","og_site_name":"Wilhelm Hundt GmbH","article_modified_time":"2025-08-01T09:59:12+00:00","og_image":[{"width":1600,"height":901,"url":"https:\/\/hundtgroup.com\/wp-content\/uploads\/500401.jpg","type":"image\/jpeg"}],"twitter_card":"summary_large_image","twitter_misc":{"Tiempo de lectura":"1 minuto"},"schema":{"@context":"https:\/\/schema.org","@graph":[{"@type":"WebPage","@id":"https:\/\/hundtgroup.com\/es\/produkt\/remachadora-sin-cable-rivdom-ebz-zero\/","url":"https:\/\/hundtgroup.com\/es\/produkt\/remachadora-sin-cable-rivdom-ebz-zero\/","name":"Remachadora sin cable Rivdom ebZ ZERO - Wilhelm Hundt GmbH","isPartOf":{"@id":"https:\/\/hundtgroup.com\/es\/#website"},"primaryImageOfPage":{"@id":"https:\/\/hundtgroup.com\/es\/produkt\/remachadora-sin-cable-rivdom-ebz-zero\/#primaryimage"},"image":{"@id":"https:\/\/hundtgroup.com\/es\/produkt\/remachadora-sin-cable-rivdom-ebz-zero\/#primaryimage"},"thumbnailUrl":"https:\/\/hundtgroup.com\/wp-content\/uploads\/500401.jpg","datePublished":"2022-10-26T13:59:16+00:00","dateModified":"2025-08-01T09:59:12+00:00","breadcrumb":{"@id":"https:\/\/hundtgroup.com\/es\/produkt\/remachadora-sin-cable-rivdom-ebz-zero\/#breadcrumb"},"inLanguage":"es","potentialAction":[{"@type":"ReadAction","target":["https:\/\/hundtgroup.com\/es\/produkt\/remachadora-sin-cable-rivdom-ebz-zero\/"]}]},{"@type":"ImageObject","inLanguage":"es","@id":"https:\/\/hundtgroup.com\/es\/produkt\/remachadora-sin-cable-rivdom-ebz-zero\/#primaryimage","url":"https:\/\/hundtgroup.com\/wp-content\/uploads\/500401.jpg","contentUrl":"https:\/\/hundtgroup.com\/wp-content\/uploads\/500401.jpg","width":1600,"height":901},{"@type":"BreadcrumbList","@id":"https:\/\/hundtgroup.com\/es\/produkt\/remachadora-sin-cable-rivdom-ebz-zero\/#breadcrumb","itemListElement":[{"@type":"ListItem","position":1,"name":"Startseite","item":"https:\/\/hundtgroup.com\/es\/inicio-nuevo\/"},{"@type":"ListItem","position":2,"name":"Tienda","item":"https:\/\/hundtgroup.com\/tienda\/"},{"@type":"ListItem","position":3,"name":"Remachadora sin cable Rivdom ebZ ZERO"}]},{"@type":"WebSite","@id":"https:\/\/hundtgroup.com\/es\/#website","url":"https:\/\/hundtgroup.com\/es\/","name":"Wilhelm Hundt GmbH","description":"Tu especialista en m\u00e1quinas y herramientas para la transformaci\u00f3n de la chapa","potentialAction":[{"@type":"SearchAction","target":{"@type":"EntryPoint","urlTemplate":"https:\/\/hundtgroup.com\/es\/?s={search_term_string}"},"query-input":{"@type":"PropertyValueSpecification","valueRequired":true,"valueName":"search_term_string"}}],"inLanguage":"es"}]}},"_links":{"self":[{"href":"https:\/\/hundtgroup.com\/es\/wp-json\/wp\/v2\/product\/25440","targetHints":{"allow":["GET"]}}],"collection":[{"href":"https:\/\/hundtgroup.com\/es\/wp-json\/wp\/v2\/product"}],"about":[{"href":"https:\/\/hundtgroup.com\/es\/wp-json\/wp\/v2\/types\/product"}],"wp:featuredmedia":[{"embeddable":true,"href":"https:\/\/hundtgroup.com\/es\/wp-json\/wp\/v2\/media\/25442"}],"wp:attachment":[{"href":"https:\/\/hundtgroup.com\/es\/wp-json\/wp\/v2\/media?parent=25440"}],"wp:term":[{"taxonomy":"product_cat","embeddable":true,"href":"https:\/\/hundtgroup.com\/es\/wp-json\/wp\/v2\/product_cat?post=25440"},{"taxonomy":"product_tag","embeddable":true,"href":"https:\/\/hundtgroup.com\/es\/wp-json\/wp\/v2\/product_tag?post=25440"}],"curies":[{"name":"wp","href":"https:\/\/api.w.org\/{rel}","templated":true}]}}