{"id":25508,"date":"2022-10-26T15:58:20","date_gmt":"2022-10-26T13:58:20","guid":{"rendered":"https:\/\/hundtgroup.com\/produkt\/nivel-magnetico-70m-80-cm\/"},"modified":"2025-07-29T12:13:55","modified_gmt":"2025-07-29T10:13:55","slug":"nivel-magnetico-70m-80-cm","status":"publish","type":"product","link":"https:\/\/hundtgroup.com\/es\/produkt\/nivel-magnetico-70m-80-cm\/","title":{"rendered":"Nivel magn\u00e9tico 70M 80 cm"},"content":{"rendered":"<p>Nivel de burbuja de perfil rectangular de aluminio ligero con un potente sistema de imanes de tierras raras para adherirse a los elementos met\u00e1licos de construcci\u00f3n: manos libres al alinear y ajustar postes y vigas.<br \/>\nF\u00e1cil de limpiar gracias a las superficies laterales lisas y al recubrimiento electrost\u00e1tico en polvo.<br \/>\nLas tapas de pl\u00e1stico de los extremos protegen el perfil en caso de golpes.<br \/>\nLa tecnolog\u00eda de instalaci\u00f3n STABILA garantiza precisi\u00f3n a largo plazo &#8211; precisi\u00f3n de medici\u00f3n en posici\u00f3n normal \u00b1 0,5 mm\/m.<\/p>\n<p>Caracter\u00edsticas:<br \/>\n1 ampolla horizontal<br \/>\n1 ampolla vertical<br \/>\n2 superficies de medici\u00f3n fresadas<br \/>\nSistema de imanes de tierras raras (hasta 5 veces m\u00e1s potente que los imanes de ferrita est\u00e1ndar)<br \/>\n1 superficie de medici\u00f3n recubierta<\/p>\n","protected":false},"excerpt":{"rendered":"<p>Nivel de burbuja de perfil rectangular de aluminio ligero con un potente sistema de imanes de tierras raras para adherirse a los elementos met\u00e1licos de construcci\u00f3n: manos libres al alinear y ajustar postes y vigas. F\u00e1cil de limpiar gracias a las superficies laterales lisas y al recubrimiento electrost\u00e1tico en polvo. Las tapas de pl\u00e1stico de [&hellip;]<\/p>\n","protected":false},"featured_media":21051,"template":"","meta":{"_acf_changed":false,"inline_featured_image":false},"product_cat":[1754,1770,2776],"product_tag":[],"class_list":{"0":"post-25508","1":"product","2":"type-product","3":"status-publish","4":"has-post-thumbnail","6":"brand-stabila","7":"product_cat-herramientas-manuales","8":"product_cat-herramientas-de-medicion","9":"product_cat-nivel-de-burbuja","11":"first","12":"instock","13":"taxable","14":"shipping-taxable","15":"purchasable","16":"product-type-simple","17":"add-to-wishlist-before_image"},"acf":[],"yoast_head":"<!-- This site is optimized with the Yoast SEO plugin v27.3 - https:\/\/yoast.com\/product\/yoast-seo-wordpress\/ -->\n<title>Nivel magn\u00e9tico 70M 80 cm - Wilhelm Hundt GmbH<\/title>\n<meta name=\"robots\" content=\"index, follow, max-snippet:-1, max-image-preview:large, max-video-preview:-1\" \/>\n<link rel=\"canonical\" href=\"https:\/\/hundtgroup.com\/es\/produkt\/nivel-magnetico-70m-80-cm\/\" \/>\n<meta property=\"og:locale\" content=\"es_ES\" \/>\n<meta property=\"og:type\" content=\"article\" \/>\n<meta property=\"og:title\" content=\"Nivel magn\u00e9tico 70M 80 cm - Wilhelm Hundt GmbH\" \/>\n<meta property=\"og:description\" content=\"Nivel de burbuja de perfil rectangular de aluminio ligero con un potente sistema de imanes de tierras raras para adherirse a los elementos met\u00e1licos de construcci\u00f3n: manos libres al alinear y ajustar postes y vigas. F\u00e1cil de limpiar gracias a las superficies laterales lisas y al recubrimiento electrost\u00e1tico en polvo. Las tapas de pl\u00e1stico de [&hellip;]\" \/>\n<meta property=\"og:url\" content=\"https:\/\/hundtgroup.com\/es\/produkt\/nivel-magnetico-70m-80-cm\/\" \/>\n<meta property=\"og:site_name\" content=\"Wilhelm Hundt GmbH\" \/>\n<meta property=\"article:modified_time\" content=\"2025-07-29T10:13:55+00:00\" \/>\n<meta property=\"og:image\" content=\"https:\/\/hundtgroup.com\/wp-content\/uploads\/420024.png\" \/>\n\t<meta property=\"og:image:width\" content=\"827\" \/>\n\t<meta property=\"og:image:height\" content=\"90\" \/>\n\t<meta property=\"og:image:type\" content=\"image\/png\" \/>\n<meta name=\"twitter:card\" content=\"summary_large_image\" \/>\n<meta name=\"twitter:label1\" content=\"Tiempo de lectura\" \/>\n\t<meta name=\"twitter:data1\" content=\"1 minuto\" \/>\n<script type=\"application\/ld+json\" class=\"yoast-schema-graph\">{\"@context\":\"https:\\\/\\\/schema.org\",\"@graph\":[{\"@type\":\"WebPage\",\"@id\":\"https:\\\/\\\/hundtgroup.com\\\/es\\\/produkt\\\/nivel-magnetico-70m-80-cm\\\/\",\"url\":\"https:\\\/\\\/hundtgroup.com\\\/es\\\/produkt\\\/nivel-magnetico-70m-80-cm\\\/\",\"name\":\"Nivel magn\u00e9tico 70M 80 cm - Wilhelm Hundt GmbH\",\"isPartOf\":{\"@id\":\"https:\\\/\\\/hundtgroup.com\\\/es\\\/#website\"},\"primaryImageOfPage\":{\"@id\":\"https:\\\/\\\/hundtgroup.com\\\/es\\\/produkt\\\/nivel-magnetico-70m-80-cm\\\/#primaryimage\"},\"image\":{\"@id\":\"https:\\\/\\\/hundtgroup.com\\\/es\\\/produkt\\\/nivel-magnetico-70m-80-cm\\\/#primaryimage\"},\"thumbnailUrl\":\"https:\\\/\\\/hundtgroup.com\\\/wp-content\\\/uploads\\\/420024.png\",\"datePublished\":\"2022-10-26T13:58:20+00:00\",\"dateModified\":\"2025-07-29T10:13:55+00:00\",\"breadcrumb\":{\"@id\":\"https:\\\/\\\/hundtgroup.com\\\/es\\\/produkt\\\/nivel-magnetico-70m-80-cm\\\/#breadcrumb\"},\"inLanguage\":\"es\",\"potentialAction\":[{\"@type\":\"ReadAction\",\"target\":[\"https:\\\/\\\/hundtgroup.com\\\/es\\\/produkt\\\/nivel-magnetico-70m-80-cm\\\/\"]}]},{\"@type\":\"ImageObject\",\"inLanguage\":\"es\",\"@id\":\"https:\\\/\\\/hundtgroup.com\\\/es\\\/produkt\\\/nivel-magnetico-70m-80-cm\\\/#primaryimage\",\"url\":\"https:\\\/\\\/hundtgroup.com\\\/wp-content\\\/uploads\\\/420024.png\",\"contentUrl\":\"https:\\\/\\\/hundtgroup.com\\\/wp-content\\\/uploads\\\/420024.png\",\"width\":827,\"height\":90},{\"@type\":\"BreadcrumbList\",\"@id\":\"https:\\\/\\\/hundtgroup.com\\\/es\\\/produkt\\\/nivel-magnetico-70m-80-cm\\\/#breadcrumb\",\"itemListElement\":[{\"@type\":\"ListItem\",\"position\":1,\"name\":\"Startseite\",\"item\":\"https:\\\/\\\/hundtgroup.com\\\/es\\\/inicio-nuevo\\\/\"},{\"@type\":\"ListItem\",\"position\":2,\"name\":\"Tienda\",\"item\":\"https:\\\/\\\/hundtgroup.com\\\/tienda\\\/\"},{\"@type\":\"ListItem\",\"position\":3,\"name\":\"Nivel magn\u00e9tico 70M 80 cm\"}]},{\"@type\":\"WebSite\",\"@id\":\"https:\\\/\\\/hundtgroup.com\\\/es\\\/#website\",\"url\":\"https:\\\/\\\/hundtgroup.com\\\/es\\\/\",\"name\":\"Wilhelm Hundt GmbH\",\"description\":\"Tu especialista en m\u00e1quinas y herramientas para la transformaci\u00f3n de la chapa\",\"potentialAction\":[{\"@type\":\"SearchAction\",\"target\":{\"@type\":\"EntryPoint\",\"urlTemplate\":\"https:\\\/\\\/hundtgroup.com\\\/es\\\/?s={search_term_string}\"},\"query-input\":{\"@type\":\"PropertyValueSpecification\",\"valueRequired\":true,\"valueName\":\"search_term_string\"}}],\"inLanguage\":\"es\"}]}<\/script>\n<!-- \/ Yoast SEO plugin. -->","yoast_head_json":{"title":"Nivel magn\u00e9tico 70M 80 cm - Wilhelm Hundt GmbH","robots":{"index":"index","follow":"follow","max-snippet":"max-snippet:-1","max-image-preview":"max-image-preview:large","max-video-preview":"max-video-preview:-1"},"canonical":"https:\/\/hundtgroup.com\/es\/produkt\/nivel-magnetico-70m-80-cm\/","og_locale":"es_ES","og_type":"article","og_title":"Nivel magn\u00e9tico 70M 80 cm - Wilhelm Hundt GmbH","og_description":"Nivel de burbuja de perfil rectangular de aluminio ligero con un potente sistema de imanes de tierras raras para adherirse a los elementos met\u00e1licos de construcci\u00f3n: manos libres al alinear y ajustar postes y vigas. F\u00e1cil de limpiar gracias a las superficies laterales lisas y al recubrimiento electrost\u00e1tico en polvo. Las tapas de pl\u00e1stico de [&hellip;]","og_url":"https:\/\/hundtgroup.com\/es\/produkt\/nivel-magnetico-70m-80-cm\/","og_site_name":"Wilhelm Hundt GmbH","article_modified_time":"2025-07-29T10:13:55+00:00","og_image":[{"width":827,"height":90,"url":"https:\/\/hundtgroup.com\/wp-content\/uploads\/420024.png","type":"image\/png"}],"twitter_card":"summary_large_image","twitter_misc":{"Tiempo de lectura":"1 minuto"},"schema":{"@context":"https:\/\/schema.org","@graph":[{"@type":"WebPage","@id":"https:\/\/hundtgroup.com\/es\/produkt\/nivel-magnetico-70m-80-cm\/","url":"https:\/\/hundtgroup.com\/es\/produkt\/nivel-magnetico-70m-80-cm\/","name":"Nivel magn\u00e9tico 70M 80 cm - Wilhelm Hundt GmbH","isPartOf":{"@id":"https:\/\/hundtgroup.com\/es\/#website"},"primaryImageOfPage":{"@id":"https:\/\/hundtgroup.com\/es\/produkt\/nivel-magnetico-70m-80-cm\/#primaryimage"},"image":{"@id":"https:\/\/hundtgroup.com\/es\/produkt\/nivel-magnetico-70m-80-cm\/#primaryimage"},"thumbnailUrl":"https:\/\/hundtgroup.com\/wp-content\/uploads\/420024.png","datePublished":"2022-10-26T13:58:20+00:00","dateModified":"2025-07-29T10:13:55+00:00","breadcrumb":{"@id":"https:\/\/hundtgroup.com\/es\/produkt\/nivel-magnetico-70m-80-cm\/#breadcrumb"},"inLanguage":"es","potentialAction":[{"@type":"ReadAction","target":["https:\/\/hundtgroup.com\/es\/produkt\/nivel-magnetico-70m-80-cm\/"]}]},{"@type":"ImageObject","inLanguage":"es","@id":"https:\/\/hundtgroup.com\/es\/produkt\/nivel-magnetico-70m-80-cm\/#primaryimage","url":"https:\/\/hundtgroup.com\/wp-content\/uploads\/420024.png","contentUrl":"https:\/\/hundtgroup.com\/wp-content\/uploads\/420024.png","width":827,"height":90},{"@type":"BreadcrumbList","@id":"https:\/\/hundtgroup.com\/es\/produkt\/nivel-magnetico-70m-80-cm\/#breadcrumb","itemListElement":[{"@type":"ListItem","position":1,"name":"Startseite","item":"https:\/\/hundtgroup.com\/es\/inicio-nuevo\/"},{"@type":"ListItem","position":2,"name":"Tienda","item":"https:\/\/hundtgroup.com\/tienda\/"},{"@type":"ListItem","position":3,"name":"Nivel magn\u00e9tico 70M 80 cm"}]},{"@type":"WebSite","@id":"https:\/\/hundtgroup.com\/es\/#website","url":"https:\/\/hundtgroup.com\/es\/","name":"Wilhelm Hundt GmbH","description":"Tu especialista en m\u00e1quinas y herramientas para la transformaci\u00f3n de la chapa","potentialAction":[{"@type":"SearchAction","target":{"@type":"EntryPoint","urlTemplate":"https:\/\/hundtgroup.com\/es\/?s={search_term_string}"},"query-input":{"@type":"PropertyValueSpecification","valueRequired":true,"valueName":"search_term_string"}}],"inLanguage":"es"}]}},"_links":{"self":[{"href":"https:\/\/hundtgroup.com\/es\/wp-json\/wp\/v2\/product\/25508","targetHints":{"allow":["GET"]}}],"collection":[{"href":"https:\/\/hundtgroup.com\/es\/wp-json\/wp\/v2\/product"}],"about":[{"href":"https:\/\/hundtgroup.com\/es\/wp-json\/wp\/v2\/types\/product"}],"wp:featuredmedia":[{"embeddable":true,"href":"https:\/\/hundtgroup.com\/es\/wp-json\/wp\/v2\/media\/21051"}],"wp:attachment":[{"href":"https:\/\/hundtgroup.com\/es\/wp-json\/wp\/v2\/media?parent=25508"}],"wp:term":[{"taxonomy":"product_cat","embeddable":true,"href":"https:\/\/hundtgroup.com\/es\/wp-json\/wp\/v2\/product_cat?post=25508"},{"taxonomy":"product_tag","embeddable":true,"href":"https:\/\/hundtgroup.com\/es\/wp-json\/wp\/v2\/product_tag?post=25508"}],"curies":[{"name":"wp","href":"https:\/\/api.w.org\/{rel}","templated":true}]}}