{"id":26047,"date":"2022-08-23T16:02:52","date_gmt":"2022-08-23T14:02:52","guid":{"rendered":"https:\/\/hundtgroup.com\/produkt\/regla-plegable-de-madera-de-2-m-con-escala-de-circunferencias\/"},"modified":"2025-07-29T12:10:18","modified_gmt":"2025-07-29T10:10:18","slug":"regla-plegable-de-madera-de-2-m-con-escala-de-circunferencias","status":"publish","type":"product","link":"https:\/\/hundtgroup.com\/es\/produkt\/regla-plegable-de-madera-de-2-m-con-escala-de-circunferencias\/","title":{"rendered":"Regla plegable de madera de 2 m con escala de circunferencias"},"content":{"rendered":"<p>Articulaciones con muelles internos de precisi\u00f3n de acero endurecido para una suspensi\u00f3n duradera y sin desgaste. La articulaci\u00f3n se mueve siempre suavemente y puede bloquearse con precisi\u00f3n. Sin ranuras laterales, lo que permite trazar una l\u00ednea de marcado recta. Con resumen de \u00e1ngulos en el interior del primer eslab\u00f3n de serie. Con graduaci\u00f3n de la circunferencia: permite la lectura directa de la circunferencia midiendo el di\u00e1metro.    <\/p>\n","protected":false},"excerpt":{"rendered":"<p>Articulaciones con muelles internos de precisi\u00f3n de acero endurecido para una suspensi\u00f3n duradera y sin desgaste. La articulaci\u00f3n se mueve siempre suavemente y puede bloquearse con precisi\u00f3n. Sin ranuras laterales, lo que permite trazar una l\u00ednea de marcado recta. Con resumen de \u00e1ngulos en el interior del primer eslab\u00f3n de serie. Con graduaci\u00f3n de la [&hellip;]<\/p>\n","protected":false},"featured_media":26037,"template":"","meta":{"_acf_changed":false,"inline_featured_image":false},"product_cat":[1754,2807,1770],"product_tag":[],"class_list":{"0":"post-26047","1":"product","2":"type-product","3":"status-publish","4":"has-post-thumbnail","6":"brand-hundt","7":"product_cat-herramientas-manuales","8":"product_cat-escala-de-miembros","9":"product_cat-herramientas-de-medicion","11":"first","12":"instock","13":"taxable","14":"shipping-taxable","15":"purchasable","16":"product-type-simple","17":"add-to-wishlist-before_image"},"acf":[],"yoast_head":"<!-- This site is optimized with the Yoast SEO plugin v27.3 - https:\/\/yoast.com\/product\/yoast-seo-wordpress\/ -->\n<title>Regla plegable de madera de 2 m con escala de circunferencias - Wilhelm Hundt GmbH<\/title>\n<meta name=\"robots\" content=\"index, follow, max-snippet:-1, max-image-preview:large, max-video-preview:-1\" \/>\n<link rel=\"canonical\" href=\"https:\/\/hundtgroup.com\/es\/produkt\/regla-plegable-de-madera-de-2-m-con-escala-de-circunferencias\/\" \/>\n<meta property=\"og:locale\" content=\"es_ES\" \/>\n<meta property=\"og:type\" content=\"article\" \/>\n<meta property=\"og:title\" content=\"Regla plegable de madera de 2 m con escala de circunferencias - Wilhelm Hundt GmbH\" \/>\n<meta property=\"og:description\" content=\"Articulaciones con muelles internos de precisi\u00f3n de acero endurecido para una suspensi\u00f3n duradera y sin desgaste. La articulaci\u00f3n se mueve siempre suavemente y puede bloquearse con precisi\u00f3n. Sin ranuras laterales, lo que permite trazar una l\u00ednea de marcado recta. Con resumen de \u00e1ngulos en el interior del primer eslab\u00f3n de serie. Con graduaci\u00f3n de la [&hellip;]\" \/>\n<meta property=\"og:url\" content=\"https:\/\/hundtgroup.com\/es\/produkt\/regla-plegable-de-madera-de-2-m-con-escala-de-circunferencias\/\" \/>\n<meta property=\"og:site_name\" content=\"Wilhelm Hundt GmbH\" \/>\n<meta property=\"article:modified_time\" content=\"2025-07-29T10:10:18+00:00\" \/>\n<meta property=\"og:image\" content=\"https:\/\/hundtgroup.com\/wp-content\/uploads\/420202.png\" \/>\n\t<meta property=\"og:image:width\" content=\"561\" \/>\n\t<meta property=\"og:image:height\" content=\"207\" \/>\n\t<meta property=\"og:image:type\" content=\"image\/png\" \/>\n<meta name=\"twitter:card\" content=\"summary_large_image\" \/>\n<script type=\"application\/ld+json\" class=\"yoast-schema-graph\">{\"@context\":\"https:\\\/\\\/schema.org\",\"@graph\":[{\"@type\":\"WebPage\",\"@id\":\"https:\\\/\\\/hundtgroup.com\\\/es\\\/produkt\\\/regla-plegable-de-madera-de-2-m-con-escala-de-circunferencias\\\/\",\"url\":\"https:\\\/\\\/hundtgroup.com\\\/es\\\/produkt\\\/regla-plegable-de-madera-de-2-m-con-escala-de-circunferencias\\\/\",\"name\":\"Regla plegable de madera de 2 m con escala de circunferencias - Wilhelm Hundt GmbH\",\"isPartOf\":{\"@id\":\"https:\\\/\\\/hundtgroup.com\\\/es\\\/#website\"},\"primaryImageOfPage\":{\"@id\":\"https:\\\/\\\/hundtgroup.com\\\/es\\\/produkt\\\/regla-plegable-de-madera-de-2-m-con-escala-de-circunferencias\\\/#primaryimage\"},\"image\":{\"@id\":\"https:\\\/\\\/hundtgroup.com\\\/es\\\/produkt\\\/regla-plegable-de-madera-de-2-m-con-escala-de-circunferencias\\\/#primaryimage\"},\"thumbnailUrl\":\"https:\\\/\\\/hundtgroup.com\\\/wp-content\\\/uploads\\\/420202.png\",\"datePublished\":\"2022-08-23T14:02:52+00:00\",\"dateModified\":\"2025-07-29T10:10:18+00:00\",\"breadcrumb\":{\"@id\":\"https:\\\/\\\/hundtgroup.com\\\/es\\\/produkt\\\/regla-plegable-de-madera-de-2-m-con-escala-de-circunferencias\\\/#breadcrumb\"},\"inLanguage\":\"es\",\"potentialAction\":[{\"@type\":\"ReadAction\",\"target\":[\"https:\\\/\\\/hundtgroup.com\\\/es\\\/produkt\\\/regla-plegable-de-madera-de-2-m-con-escala-de-circunferencias\\\/\"]}]},{\"@type\":\"ImageObject\",\"inLanguage\":\"es\",\"@id\":\"https:\\\/\\\/hundtgroup.com\\\/es\\\/produkt\\\/regla-plegable-de-madera-de-2-m-con-escala-de-circunferencias\\\/#primaryimage\",\"url\":\"https:\\\/\\\/hundtgroup.com\\\/wp-content\\\/uploads\\\/420202.png\",\"contentUrl\":\"https:\\\/\\\/hundtgroup.com\\\/wp-content\\\/uploads\\\/420202.png\",\"width\":561,\"height\":207},{\"@type\":\"BreadcrumbList\",\"@id\":\"https:\\\/\\\/hundtgroup.com\\\/es\\\/produkt\\\/regla-plegable-de-madera-de-2-m-con-escala-de-circunferencias\\\/#breadcrumb\",\"itemListElement\":[{\"@type\":\"ListItem\",\"position\":1,\"name\":\"Startseite\",\"item\":\"https:\\\/\\\/hundtgroup.com\\\/es\\\/inicio-nuevo\\\/\"},{\"@type\":\"ListItem\",\"position\":2,\"name\":\"Tienda\",\"item\":\"https:\\\/\\\/hundtgroup.com\\\/tienda\\\/\"},{\"@type\":\"ListItem\",\"position\":3,\"name\":\"Regla plegable de madera de 2 m con escala de circunferencias\"}]},{\"@type\":\"WebSite\",\"@id\":\"https:\\\/\\\/hundtgroup.com\\\/es\\\/#website\",\"url\":\"https:\\\/\\\/hundtgroup.com\\\/es\\\/\",\"name\":\"Wilhelm Hundt GmbH\",\"description\":\"Tu especialista en m\u00e1quinas y herramientas para la transformaci\u00f3n de la chapa\",\"potentialAction\":[{\"@type\":\"SearchAction\",\"target\":{\"@type\":\"EntryPoint\",\"urlTemplate\":\"https:\\\/\\\/hundtgroup.com\\\/es\\\/?s={search_term_string}\"},\"query-input\":{\"@type\":\"PropertyValueSpecification\",\"valueRequired\":true,\"valueName\":\"search_term_string\"}}],\"inLanguage\":\"es\"}]}<\/script>\n<!-- \/ Yoast SEO plugin. -->","yoast_head_json":{"title":"Regla plegable de madera de 2 m con escala de circunferencias - Wilhelm Hundt GmbH","robots":{"index":"index","follow":"follow","max-snippet":"max-snippet:-1","max-image-preview":"max-image-preview:large","max-video-preview":"max-video-preview:-1"},"canonical":"https:\/\/hundtgroup.com\/es\/produkt\/regla-plegable-de-madera-de-2-m-con-escala-de-circunferencias\/","og_locale":"es_ES","og_type":"article","og_title":"Regla plegable de madera de 2 m con escala de circunferencias - Wilhelm Hundt GmbH","og_description":"Articulaciones con muelles internos de precisi\u00f3n de acero endurecido para una suspensi\u00f3n duradera y sin desgaste. La articulaci\u00f3n se mueve siempre suavemente y puede bloquearse con precisi\u00f3n. Sin ranuras laterales, lo que permite trazar una l\u00ednea de marcado recta. Con resumen de \u00e1ngulos en el interior del primer eslab\u00f3n de serie. Con graduaci\u00f3n de la [&hellip;]","og_url":"https:\/\/hundtgroup.com\/es\/produkt\/regla-plegable-de-madera-de-2-m-con-escala-de-circunferencias\/","og_site_name":"Wilhelm Hundt GmbH","article_modified_time":"2025-07-29T10:10:18+00:00","og_image":[{"width":561,"height":207,"url":"https:\/\/hundtgroup.com\/wp-content\/uploads\/420202.png","type":"image\/png"}],"twitter_card":"summary_large_image","schema":{"@context":"https:\/\/schema.org","@graph":[{"@type":"WebPage","@id":"https:\/\/hundtgroup.com\/es\/produkt\/regla-plegable-de-madera-de-2-m-con-escala-de-circunferencias\/","url":"https:\/\/hundtgroup.com\/es\/produkt\/regla-plegable-de-madera-de-2-m-con-escala-de-circunferencias\/","name":"Regla plegable de madera de 2 m con escala de circunferencias - Wilhelm Hundt GmbH","isPartOf":{"@id":"https:\/\/hundtgroup.com\/es\/#website"},"primaryImageOfPage":{"@id":"https:\/\/hundtgroup.com\/es\/produkt\/regla-plegable-de-madera-de-2-m-con-escala-de-circunferencias\/#primaryimage"},"image":{"@id":"https:\/\/hundtgroup.com\/es\/produkt\/regla-plegable-de-madera-de-2-m-con-escala-de-circunferencias\/#primaryimage"},"thumbnailUrl":"https:\/\/hundtgroup.com\/wp-content\/uploads\/420202.png","datePublished":"2022-08-23T14:02:52+00:00","dateModified":"2025-07-29T10:10:18+00:00","breadcrumb":{"@id":"https:\/\/hundtgroup.com\/es\/produkt\/regla-plegable-de-madera-de-2-m-con-escala-de-circunferencias\/#breadcrumb"},"inLanguage":"es","potentialAction":[{"@type":"ReadAction","target":["https:\/\/hundtgroup.com\/es\/produkt\/regla-plegable-de-madera-de-2-m-con-escala-de-circunferencias\/"]}]},{"@type":"ImageObject","inLanguage":"es","@id":"https:\/\/hundtgroup.com\/es\/produkt\/regla-plegable-de-madera-de-2-m-con-escala-de-circunferencias\/#primaryimage","url":"https:\/\/hundtgroup.com\/wp-content\/uploads\/420202.png","contentUrl":"https:\/\/hundtgroup.com\/wp-content\/uploads\/420202.png","width":561,"height":207},{"@type":"BreadcrumbList","@id":"https:\/\/hundtgroup.com\/es\/produkt\/regla-plegable-de-madera-de-2-m-con-escala-de-circunferencias\/#breadcrumb","itemListElement":[{"@type":"ListItem","position":1,"name":"Startseite","item":"https:\/\/hundtgroup.com\/es\/inicio-nuevo\/"},{"@type":"ListItem","position":2,"name":"Tienda","item":"https:\/\/hundtgroup.com\/tienda\/"},{"@type":"ListItem","position":3,"name":"Regla plegable de madera de 2 m con escala de circunferencias"}]},{"@type":"WebSite","@id":"https:\/\/hundtgroup.com\/es\/#website","url":"https:\/\/hundtgroup.com\/es\/","name":"Wilhelm Hundt GmbH","description":"Tu especialista en m\u00e1quinas y herramientas para la transformaci\u00f3n de la chapa","potentialAction":[{"@type":"SearchAction","target":{"@type":"EntryPoint","urlTemplate":"https:\/\/hundtgroup.com\/es\/?s={search_term_string}"},"query-input":{"@type":"PropertyValueSpecification","valueRequired":true,"valueName":"search_term_string"}}],"inLanguage":"es"}]}},"_links":{"self":[{"href":"https:\/\/hundtgroup.com\/es\/wp-json\/wp\/v2\/product\/26047","targetHints":{"allow":["GET"]}}],"collection":[{"href":"https:\/\/hundtgroup.com\/es\/wp-json\/wp\/v2\/product"}],"about":[{"href":"https:\/\/hundtgroup.com\/es\/wp-json\/wp\/v2\/types\/product"}],"wp:featuredmedia":[{"embeddable":true,"href":"https:\/\/hundtgroup.com\/es\/wp-json\/wp\/v2\/media\/26037"}],"wp:attachment":[{"href":"https:\/\/hundtgroup.com\/es\/wp-json\/wp\/v2\/media?parent=26047"}],"wp:term":[{"taxonomy":"product_cat","embeddable":true,"href":"https:\/\/hundtgroup.com\/es\/wp-json\/wp\/v2\/product_cat?post=26047"},{"taxonomy":"product_tag","embeddable":true,"href":"https:\/\/hundtgroup.com\/es\/wp-json\/wp\/v2\/product_tag?post=26047"}],"curies":[{"name":"wp","href":"https:\/\/api.w.org\/{rel}","templated":true}]}}