{"id":27033,"date":"2022-08-23T15:58:25","date_gmt":"2022-08-23T13:58:25","guid":{"rendered":"https:\/\/hundtgroup.com\/produkt\/trumpf-juego-de-2-guias-de-deslizamiento-para-trutool-tpc-165\/"},"modified":"2025-07-29T10:43:17","modified_gmt":"2025-07-29T08:43:17","slug":"trumpf-juego-de-2-guias-de-deslizamiento-para-trutool-tpc-165","status":"publish","type":"product","link":"https:\/\/hundtgroup.com\/es\/produkt\/trumpf-juego-de-2-guias-de-deslizamiento-para-trutool-tpc-165\/","title":{"rendered":"TRUMPF Juego de 2 gu\u00edas de deslizamiento para TruTool TPC 165"},"content":{"rendered":"<p>Accesorios para la Tronzadora de Tableros TRUMPF TPC 165<br \/>\nLos ra\u00edles de deslizamiento de pl\u00e1stico de la parte inferior de la mesa de apoyo favorecen un buen guiado de la m\u00e1quina y reducen los ara\u00f1azos en la superficie de la chapa.<br \/>\nContenido del paquete 2 piezas<\/p>\n","protected":false},"excerpt":{"rendered":"<p>Accesorios para la Tronzadora de Tableros TRUMPF TPC 165 Los ra\u00edles de deslizamiento de pl\u00e1stico de la parte inferior de la mesa de apoyo favorecen un buen guiado de la m\u00e1quina y reducen los ara\u00f1azos en la superficie de la chapa. Contenido del paquete 2 piezas<\/p>\n","protected":false},"featured_media":27037,"template":"","meta":{"_acf_changed":false,"inline_featured_image":false},"product_cat":[1788,1761,1756],"product_tag":[],"class_list":{"0":"post-27033","1":"product","2":"type-product","3":"status-publish","4":"has-post-thumbnail","6":"brand-trumpf","7":"product_cat-trutool-tpc-165-es","8":"product_cat-cortadora-de-paneles","9":"product_cat-bateria-accesorios-electricos","11":"first","12":"instock","13":"taxable","14":"shipping-taxable","15":"purchasable","16":"product-type-simple","17":"add-to-wishlist-before_image"},"acf":[],"yoast_head":"<!-- This site is optimized with the Yoast SEO plugin v27.3 - https:\/\/yoast.com\/product\/yoast-seo-wordpress\/ -->\n<title>TRUMPF Juego de 2 gu\u00edas de deslizamiento para TruTool TPC 165 - Wilhelm Hundt GmbH<\/title>\n<meta name=\"robots\" content=\"index, follow, max-snippet:-1, max-image-preview:large, max-video-preview:-1\" \/>\n<link rel=\"canonical\" href=\"https:\/\/hundtgroup.com\/es\/produkt\/trumpf-juego-de-2-guias-de-deslizamiento-para-trutool-tpc-165\/\" \/>\n<meta property=\"og:locale\" content=\"es_ES\" \/>\n<meta property=\"og:type\" content=\"article\" \/>\n<meta property=\"og:title\" content=\"TRUMPF Juego de 2 gu\u00edas de deslizamiento para TruTool TPC 165 - Wilhelm Hundt GmbH\" \/>\n<meta property=\"og:description\" content=\"Accesorios para la Tronzadora de Tableros TRUMPF TPC 165 Los ra\u00edles de deslizamiento de pl\u00e1stico de la parte inferior de la mesa de apoyo favorecen un buen guiado de la m\u00e1quina y reducen los ara\u00f1azos en la superficie de la chapa. Contenido del paquete 2 piezas\" \/>\n<meta property=\"og:url\" content=\"https:\/\/hundtgroup.com\/es\/produkt\/trumpf-juego-de-2-guias-de-deslizamiento-para-trutool-tpc-165\/\" \/>\n<meta property=\"og:site_name\" content=\"Wilhelm Hundt GmbH\" \/>\n<meta property=\"article:modified_time\" content=\"2025-07-29T08:43:17+00:00\" \/>\n<meta property=\"og:image\" content=\"https:\/\/hundtgroup.com\/wp-content\/uploads\/346128.png\" \/>\n\t<meta property=\"og:image:width\" content=\"800\" \/>\n\t<meta property=\"og:image:height\" content=\"584\" \/>\n\t<meta property=\"og:image:type\" content=\"image\/png\" \/>\n<meta name=\"twitter:card\" content=\"summary_large_image\" \/>\n<script type=\"application\/ld+json\" class=\"yoast-schema-graph\">{\"@context\":\"https:\\\/\\\/schema.org\",\"@graph\":[{\"@type\":\"WebPage\",\"@id\":\"https:\\\/\\\/hundtgroup.com\\\/es\\\/produkt\\\/trumpf-juego-de-2-guias-de-deslizamiento-para-trutool-tpc-165\\\/\",\"url\":\"https:\\\/\\\/hundtgroup.com\\\/es\\\/produkt\\\/trumpf-juego-de-2-guias-de-deslizamiento-para-trutool-tpc-165\\\/\",\"name\":\"TRUMPF Juego de 2 gu\u00edas de deslizamiento para TruTool TPC 165 - Wilhelm Hundt GmbH\",\"isPartOf\":{\"@id\":\"https:\\\/\\\/hundtgroup.com\\\/es\\\/#website\"},\"primaryImageOfPage\":{\"@id\":\"https:\\\/\\\/hundtgroup.com\\\/es\\\/produkt\\\/trumpf-juego-de-2-guias-de-deslizamiento-para-trutool-tpc-165\\\/#primaryimage\"},\"image\":{\"@id\":\"https:\\\/\\\/hundtgroup.com\\\/es\\\/produkt\\\/trumpf-juego-de-2-guias-de-deslizamiento-para-trutool-tpc-165\\\/#primaryimage\"},\"thumbnailUrl\":\"https:\\\/\\\/hundtgroup.com\\\/wp-content\\\/uploads\\\/346128.png\",\"datePublished\":\"2022-08-23T13:58:25+00:00\",\"dateModified\":\"2025-07-29T08:43:17+00:00\",\"breadcrumb\":{\"@id\":\"https:\\\/\\\/hundtgroup.com\\\/es\\\/produkt\\\/trumpf-juego-de-2-guias-de-deslizamiento-para-trutool-tpc-165\\\/#breadcrumb\"},\"inLanguage\":\"es\",\"potentialAction\":[{\"@type\":\"ReadAction\",\"target\":[\"https:\\\/\\\/hundtgroup.com\\\/es\\\/produkt\\\/trumpf-juego-de-2-guias-de-deslizamiento-para-trutool-tpc-165\\\/\"]}]},{\"@type\":\"ImageObject\",\"inLanguage\":\"es\",\"@id\":\"https:\\\/\\\/hundtgroup.com\\\/es\\\/produkt\\\/trumpf-juego-de-2-guias-de-deslizamiento-para-trutool-tpc-165\\\/#primaryimage\",\"url\":\"https:\\\/\\\/hundtgroup.com\\\/wp-content\\\/uploads\\\/346128.png\",\"contentUrl\":\"https:\\\/\\\/hundtgroup.com\\\/wp-content\\\/uploads\\\/346128.png\",\"width\":800,\"height\":584},{\"@type\":\"BreadcrumbList\",\"@id\":\"https:\\\/\\\/hundtgroup.com\\\/es\\\/produkt\\\/trumpf-juego-de-2-guias-de-deslizamiento-para-trutool-tpc-165\\\/#breadcrumb\",\"itemListElement\":[{\"@type\":\"ListItem\",\"position\":1,\"name\":\"Startseite\",\"item\":\"https:\\\/\\\/hundtgroup.com\\\/es\\\/inicio-nuevo\\\/\"},{\"@type\":\"ListItem\",\"position\":2,\"name\":\"Tienda\",\"item\":\"https:\\\/\\\/hundtgroup.com\\\/tienda\\\/\"},{\"@type\":\"ListItem\",\"position\":3,\"name\":\"TRUMPF Juego de 2 gu\u00edas de deslizamiento para TruTool TPC 165\"}]},{\"@type\":\"WebSite\",\"@id\":\"https:\\\/\\\/hundtgroup.com\\\/es\\\/#website\",\"url\":\"https:\\\/\\\/hundtgroup.com\\\/es\\\/\",\"name\":\"Wilhelm Hundt GmbH\",\"description\":\"Tu especialista en m\u00e1quinas y herramientas para la transformaci\u00f3n de la chapa\",\"potentialAction\":[{\"@type\":\"SearchAction\",\"target\":{\"@type\":\"EntryPoint\",\"urlTemplate\":\"https:\\\/\\\/hundtgroup.com\\\/es\\\/?s={search_term_string}\"},\"query-input\":{\"@type\":\"PropertyValueSpecification\",\"valueRequired\":true,\"valueName\":\"search_term_string\"}}],\"inLanguage\":\"es\"}]}<\/script>\n<!-- \/ Yoast SEO plugin. -->","yoast_head_json":{"title":"TRUMPF Juego de 2 gu\u00edas de deslizamiento para TruTool TPC 165 - Wilhelm Hundt GmbH","robots":{"index":"index","follow":"follow","max-snippet":"max-snippet:-1","max-image-preview":"max-image-preview:large","max-video-preview":"max-video-preview:-1"},"canonical":"https:\/\/hundtgroup.com\/es\/produkt\/trumpf-juego-de-2-guias-de-deslizamiento-para-trutool-tpc-165\/","og_locale":"es_ES","og_type":"article","og_title":"TRUMPF Juego de 2 gu\u00edas de deslizamiento para TruTool TPC 165 - Wilhelm Hundt GmbH","og_description":"Accesorios para la Tronzadora de Tableros TRUMPF TPC 165 Los ra\u00edles de deslizamiento de pl\u00e1stico de la parte inferior de la mesa de apoyo favorecen un buen guiado de la m\u00e1quina y reducen los ara\u00f1azos en la superficie de la chapa. Contenido del paquete 2 piezas","og_url":"https:\/\/hundtgroup.com\/es\/produkt\/trumpf-juego-de-2-guias-de-deslizamiento-para-trutool-tpc-165\/","og_site_name":"Wilhelm Hundt GmbH","article_modified_time":"2025-07-29T08:43:17+00:00","og_image":[{"width":800,"height":584,"url":"https:\/\/hundtgroup.com\/wp-content\/uploads\/346128.png","type":"image\/png"}],"twitter_card":"summary_large_image","schema":{"@context":"https:\/\/schema.org","@graph":[{"@type":"WebPage","@id":"https:\/\/hundtgroup.com\/es\/produkt\/trumpf-juego-de-2-guias-de-deslizamiento-para-trutool-tpc-165\/","url":"https:\/\/hundtgroup.com\/es\/produkt\/trumpf-juego-de-2-guias-de-deslizamiento-para-trutool-tpc-165\/","name":"TRUMPF Juego de 2 gu\u00edas de deslizamiento para TruTool TPC 165 - Wilhelm Hundt GmbH","isPartOf":{"@id":"https:\/\/hundtgroup.com\/es\/#website"},"primaryImageOfPage":{"@id":"https:\/\/hundtgroup.com\/es\/produkt\/trumpf-juego-de-2-guias-de-deslizamiento-para-trutool-tpc-165\/#primaryimage"},"image":{"@id":"https:\/\/hundtgroup.com\/es\/produkt\/trumpf-juego-de-2-guias-de-deslizamiento-para-trutool-tpc-165\/#primaryimage"},"thumbnailUrl":"https:\/\/hundtgroup.com\/wp-content\/uploads\/346128.png","datePublished":"2022-08-23T13:58:25+00:00","dateModified":"2025-07-29T08:43:17+00:00","breadcrumb":{"@id":"https:\/\/hundtgroup.com\/es\/produkt\/trumpf-juego-de-2-guias-de-deslizamiento-para-trutool-tpc-165\/#breadcrumb"},"inLanguage":"es","potentialAction":[{"@type":"ReadAction","target":["https:\/\/hundtgroup.com\/es\/produkt\/trumpf-juego-de-2-guias-de-deslizamiento-para-trutool-tpc-165\/"]}]},{"@type":"ImageObject","inLanguage":"es","@id":"https:\/\/hundtgroup.com\/es\/produkt\/trumpf-juego-de-2-guias-de-deslizamiento-para-trutool-tpc-165\/#primaryimage","url":"https:\/\/hundtgroup.com\/wp-content\/uploads\/346128.png","contentUrl":"https:\/\/hundtgroup.com\/wp-content\/uploads\/346128.png","width":800,"height":584},{"@type":"BreadcrumbList","@id":"https:\/\/hundtgroup.com\/es\/produkt\/trumpf-juego-de-2-guias-de-deslizamiento-para-trutool-tpc-165\/#breadcrumb","itemListElement":[{"@type":"ListItem","position":1,"name":"Startseite","item":"https:\/\/hundtgroup.com\/es\/inicio-nuevo\/"},{"@type":"ListItem","position":2,"name":"Tienda","item":"https:\/\/hundtgroup.com\/tienda\/"},{"@type":"ListItem","position":3,"name":"TRUMPF Juego de 2 gu\u00edas de deslizamiento para TruTool TPC 165"}]},{"@type":"WebSite","@id":"https:\/\/hundtgroup.com\/es\/#website","url":"https:\/\/hundtgroup.com\/es\/","name":"Wilhelm Hundt GmbH","description":"Tu especialista en m\u00e1quinas y herramientas para la transformaci\u00f3n de la chapa","potentialAction":[{"@type":"SearchAction","target":{"@type":"EntryPoint","urlTemplate":"https:\/\/hundtgroup.com\/es\/?s={search_term_string}"},"query-input":{"@type":"PropertyValueSpecification","valueRequired":true,"valueName":"search_term_string"}}],"inLanguage":"es"}]}},"_links":{"self":[{"href":"https:\/\/hundtgroup.com\/es\/wp-json\/wp\/v2\/product\/27033","targetHints":{"allow":["GET"]}}],"collection":[{"href":"https:\/\/hundtgroup.com\/es\/wp-json\/wp\/v2\/product"}],"about":[{"href":"https:\/\/hundtgroup.com\/es\/wp-json\/wp\/v2\/types\/product"}],"wp:featuredmedia":[{"embeddable":true,"href":"https:\/\/hundtgroup.com\/es\/wp-json\/wp\/v2\/media\/27037"}],"wp:attachment":[{"href":"https:\/\/hundtgroup.com\/es\/wp-json\/wp\/v2\/media?parent=27033"}],"wp:term":[{"taxonomy":"product_cat","embeddable":true,"href":"https:\/\/hundtgroup.com\/es\/wp-json\/wp\/v2\/product_cat?post=27033"},{"taxonomy":"product_tag","embeddable":true,"href":"https:\/\/hundtgroup.com\/es\/wp-json\/wp\/v2\/product_tag?post=27033"}],"curies":[{"name":"wp","href":"https:\/\/api.w.org\/{rel}","templated":true}]}}