{"id":27968,"date":"2022-08-23T15:56:29","date_gmt":"2022-08-23T13:56:29","guid":{"rendered":"https:\/\/hundtgroup.com\/produkt\/formador-de-bordes-de-soldadura-trutool-tkf-700-375\/"},"modified":"2025-07-29T10:18:22","modified_gmt":"2025-07-29T08:18:22","slug":"formador-de-bordes-de-soldadura-trutool-tkf-700-375","status":"publish","type":"product","link":"https:\/\/hundtgroup.com\/es\/produkt\/formador-de-bordes-de-soldadura-trutool-tkf-700-375\/","title":{"rendered":"Formador de bordes de soldadura TruTool TKF 700 37,5"},"content":{"rendered":"<p>La TKF 700 puede utilizarse siempre que necesites aplicar preparaciones de bordes de soldadura en forma de K, V, X e Y. Y no s\u00f3lo en chapas rectas, sino tambi\u00e9n en tubos. Y no s\u00f3lo en chapas rectas, sino tambi\u00e9n en tubos.<br \/>\nEl tama\u00f1o del bisel y el grosor de la chapa pueden ajustarse f\u00e1cilmente y sin herramientas. El portaherramientas puede girarse en una de las tres direcciones de procesamiento en cuesti\u00f3n de segundos.<br \/>\nGracias al reducido peso de la TKF 700, puede utilizarse en posici\u00f3n vertical, horizontal o elevada. El dispositivo se puede utilizar de forma manual o estacionaria.<br \/>\nPuedes aplicar cordones de soldadura no s\u00f3lo a chapas rectas, sino tambi\u00e9n a tubos, recortes interiores y bordes curvos.<br \/>\nProcesamiento de tubos a partir de un di\u00e1metro interior de 80 mm, recortes interiores a partir de un di\u00e1metro de 90 mm y bordes curvos con radios a partir de 40 mm<br \/>\nEl formador de bordes de soldadura se utiliza en talleres metal\u00fargicos, en ingenier\u00eda sider\u00fargica y mec\u00e1nica, en la construcci\u00f3n naval y de vagones.   <\/p>\n","protected":false},"excerpt":{"rendered":"<p>La TKF 700 puede utilizarse siempre que necesites aplicar preparaciones de bordes de soldadura en forma de K, V, X e Y. Y no s\u00f3lo en chapas rectas, sino tambi\u00e9n en tubos. Y no s\u00f3lo en chapas rectas, sino tambi\u00e9n en tubos. El tama\u00f1o del bisel y el grosor de la chapa pueden ajustarse f\u00e1cilmente [&hellip;]<\/p>\n","protected":false},"featured_media":27957,"template":"","meta":{"_acf_changed":false,"inline_featured_image":false},"product_cat":[672,1872],"product_tag":[],"class_list":{"0":"post-27968","1":"product","2":"type-product","3":"status-publish","4":"has-post-thumbnail","6":"brand-trumpf","7":"product_cat-herramientas-electricas","8":"product_cat-formador-de-bordes-de-soldadura-es","10":"first","11":"instock","12":"sale","13":"taxable","14":"shipping-taxable","15":"purchasable","16":"product-type-simple","17":"add-to-wishlist-before_image"},"acf":[],"yoast_head":"<!-- This site is optimized with the Yoast SEO plugin v27.3 - https:\/\/yoast.com\/product\/yoast-seo-wordpress\/ -->\n<title>Formador de bordes de soldadura TruTool TKF 700 37,5 - Wilhelm Hundt GmbH<\/title>\n<meta name=\"robots\" content=\"index, follow, max-snippet:-1, max-image-preview:large, max-video-preview:-1\" \/>\n<link rel=\"canonical\" href=\"https:\/\/hundtgroup.com\/es\/produkt\/formador-de-bordes-de-soldadura-trutool-tkf-700-375\/\" \/>\n<meta property=\"og:locale\" content=\"es_ES\" \/>\n<meta property=\"og:type\" content=\"article\" \/>\n<meta property=\"og:title\" content=\"Formador de bordes de soldadura TruTool TKF 700 37,5 - Wilhelm Hundt GmbH\" \/>\n<meta property=\"og:description\" content=\"La TKF 700 puede utilizarse siempre que necesites aplicar preparaciones de bordes de soldadura en forma de K, V, X e Y. Y no s\u00f3lo en chapas rectas, sino tambi\u00e9n en tubos. Y no s\u00f3lo en chapas rectas, sino tambi\u00e9n en tubos. El tama\u00f1o del bisel y el grosor de la chapa pueden ajustarse f\u00e1cilmente [&hellip;]\" \/>\n<meta property=\"og:url\" content=\"https:\/\/hundtgroup.com\/es\/produkt\/formador-de-bordes-de-soldadura-trutool-tkf-700-375\/\" \/>\n<meta property=\"og:site_name\" content=\"Wilhelm Hundt GmbH\" \/>\n<meta property=\"article:modified_time\" content=\"2025-07-29T08:18:22+00:00\" \/>\n<meta property=\"og:image\" content=\"https:\/\/hundtgroup.com\/wp-content\/uploads\/351649-scaled.jpg\" \/>\n\t<meta property=\"og:image:width\" content=\"2560\" \/>\n\t<meta property=\"og:image:height\" content=\"1810\" \/>\n\t<meta property=\"og:image:type\" content=\"image\/jpeg\" \/>\n<meta name=\"twitter:card\" content=\"summary_large_image\" \/>\n<meta name=\"twitter:label1\" content=\"Tiempo de lectura\" \/>\n\t<meta name=\"twitter:data1\" content=\"1 minuto\" \/>\n<script type=\"application\/ld+json\" class=\"yoast-schema-graph\">{\"@context\":\"https:\\\/\\\/schema.org\",\"@graph\":[{\"@type\":\"WebPage\",\"@id\":\"https:\\\/\\\/hundtgroup.com\\\/es\\\/produkt\\\/formador-de-bordes-de-soldadura-trutool-tkf-700-375\\\/\",\"url\":\"https:\\\/\\\/hundtgroup.com\\\/es\\\/produkt\\\/formador-de-bordes-de-soldadura-trutool-tkf-700-375\\\/\",\"name\":\"Formador de bordes de soldadura TruTool TKF 700 37,5 - Wilhelm Hundt GmbH\",\"isPartOf\":{\"@id\":\"https:\\\/\\\/hundtgroup.com\\\/es\\\/#website\"},\"primaryImageOfPage\":{\"@id\":\"https:\\\/\\\/hundtgroup.com\\\/es\\\/produkt\\\/formador-de-bordes-de-soldadura-trutool-tkf-700-375\\\/#primaryimage\"},\"image\":{\"@id\":\"https:\\\/\\\/hundtgroup.com\\\/es\\\/produkt\\\/formador-de-bordes-de-soldadura-trutool-tkf-700-375\\\/#primaryimage\"},\"thumbnailUrl\":\"https:\\\/\\\/hundtgroup.com\\\/wp-content\\\/uploads\\\/351649-scaled.jpg\",\"datePublished\":\"2022-08-23T13:56:29+00:00\",\"dateModified\":\"2025-07-29T08:18:22+00:00\",\"breadcrumb\":{\"@id\":\"https:\\\/\\\/hundtgroup.com\\\/es\\\/produkt\\\/formador-de-bordes-de-soldadura-trutool-tkf-700-375\\\/#breadcrumb\"},\"inLanguage\":\"es\",\"potentialAction\":[{\"@type\":\"ReadAction\",\"target\":[\"https:\\\/\\\/hundtgroup.com\\\/es\\\/produkt\\\/formador-de-bordes-de-soldadura-trutool-tkf-700-375\\\/\"]}]},{\"@type\":\"ImageObject\",\"inLanguage\":\"es\",\"@id\":\"https:\\\/\\\/hundtgroup.com\\\/es\\\/produkt\\\/formador-de-bordes-de-soldadura-trutool-tkf-700-375\\\/#primaryimage\",\"url\":\"https:\\\/\\\/hundtgroup.com\\\/wp-content\\\/uploads\\\/351649-scaled.jpg\",\"contentUrl\":\"https:\\\/\\\/hundtgroup.com\\\/wp-content\\\/uploads\\\/351649-scaled.jpg\",\"width\":2560,\"height\":1810},{\"@type\":\"BreadcrumbList\",\"@id\":\"https:\\\/\\\/hundtgroup.com\\\/es\\\/produkt\\\/formador-de-bordes-de-soldadura-trutool-tkf-700-375\\\/#breadcrumb\",\"itemListElement\":[{\"@type\":\"ListItem\",\"position\":1,\"name\":\"Startseite\",\"item\":\"https:\\\/\\\/hundtgroup.com\\\/es\\\/inicio-nuevo\\\/\"},{\"@type\":\"ListItem\",\"position\":2,\"name\":\"Tienda\",\"item\":\"https:\\\/\\\/hundtgroup.com\\\/tienda\\\/\"},{\"@type\":\"ListItem\",\"position\":3,\"name\":\"Formador de bordes de soldadura TruTool TKF 700 37,5\"}]},{\"@type\":\"WebSite\",\"@id\":\"https:\\\/\\\/hundtgroup.com\\\/es\\\/#website\",\"url\":\"https:\\\/\\\/hundtgroup.com\\\/es\\\/\",\"name\":\"Wilhelm Hundt GmbH\",\"description\":\"Tu especialista en m\u00e1quinas y herramientas para la transformaci\u00f3n de la chapa\",\"potentialAction\":[{\"@type\":\"SearchAction\",\"target\":{\"@type\":\"EntryPoint\",\"urlTemplate\":\"https:\\\/\\\/hundtgroup.com\\\/es\\\/?s={search_term_string}\"},\"query-input\":{\"@type\":\"PropertyValueSpecification\",\"valueRequired\":true,\"valueName\":\"search_term_string\"}}],\"inLanguage\":\"es\"}]}<\/script>\n<!-- \/ Yoast SEO plugin. -->","yoast_head_json":{"title":"Formador de bordes de soldadura TruTool TKF 700 37,5 - Wilhelm Hundt GmbH","robots":{"index":"index","follow":"follow","max-snippet":"max-snippet:-1","max-image-preview":"max-image-preview:large","max-video-preview":"max-video-preview:-1"},"canonical":"https:\/\/hundtgroup.com\/es\/produkt\/formador-de-bordes-de-soldadura-trutool-tkf-700-375\/","og_locale":"es_ES","og_type":"article","og_title":"Formador de bordes de soldadura TruTool TKF 700 37,5 - Wilhelm Hundt GmbH","og_description":"La TKF 700 puede utilizarse siempre que necesites aplicar preparaciones de bordes de soldadura en forma de K, V, X e Y. Y no s\u00f3lo en chapas rectas, sino tambi\u00e9n en tubos. Y no s\u00f3lo en chapas rectas, sino tambi\u00e9n en tubos. El tama\u00f1o del bisel y el grosor de la chapa pueden ajustarse f\u00e1cilmente [&hellip;]","og_url":"https:\/\/hundtgroup.com\/es\/produkt\/formador-de-bordes-de-soldadura-trutool-tkf-700-375\/","og_site_name":"Wilhelm Hundt GmbH","article_modified_time":"2025-07-29T08:18:22+00:00","og_image":[{"width":2560,"height":1810,"url":"https:\/\/hundtgroup.com\/wp-content\/uploads\/351649-scaled.jpg","type":"image\/jpeg"}],"twitter_card":"summary_large_image","twitter_misc":{"Tiempo de lectura":"1 minuto"},"schema":{"@context":"https:\/\/schema.org","@graph":[{"@type":"WebPage","@id":"https:\/\/hundtgroup.com\/es\/produkt\/formador-de-bordes-de-soldadura-trutool-tkf-700-375\/","url":"https:\/\/hundtgroup.com\/es\/produkt\/formador-de-bordes-de-soldadura-trutool-tkf-700-375\/","name":"Formador de bordes de soldadura TruTool TKF 700 37,5 - Wilhelm Hundt GmbH","isPartOf":{"@id":"https:\/\/hundtgroup.com\/es\/#website"},"primaryImageOfPage":{"@id":"https:\/\/hundtgroup.com\/es\/produkt\/formador-de-bordes-de-soldadura-trutool-tkf-700-375\/#primaryimage"},"image":{"@id":"https:\/\/hundtgroup.com\/es\/produkt\/formador-de-bordes-de-soldadura-trutool-tkf-700-375\/#primaryimage"},"thumbnailUrl":"https:\/\/hundtgroup.com\/wp-content\/uploads\/351649-scaled.jpg","datePublished":"2022-08-23T13:56:29+00:00","dateModified":"2025-07-29T08:18:22+00:00","breadcrumb":{"@id":"https:\/\/hundtgroup.com\/es\/produkt\/formador-de-bordes-de-soldadura-trutool-tkf-700-375\/#breadcrumb"},"inLanguage":"es","potentialAction":[{"@type":"ReadAction","target":["https:\/\/hundtgroup.com\/es\/produkt\/formador-de-bordes-de-soldadura-trutool-tkf-700-375\/"]}]},{"@type":"ImageObject","inLanguage":"es","@id":"https:\/\/hundtgroup.com\/es\/produkt\/formador-de-bordes-de-soldadura-trutool-tkf-700-375\/#primaryimage","url":"https:\/\/hundtgroup.com\/wp-content\/uploads\/351649-scaled.jpg","contentUrl":"https:\/\/hundtgroup.com\/wp-content\/uploads\/351649-scaled.jpg","width":2560,"height":1810},{"@type":"BreadcrumbList","@id":"https:\/\/hundtgroup.com\/es\/produkt\/formador-de-bordes-de-soldadura-trutool-tkf-700-375\/#breadcrumb","itemListElement":[{"@type":"ListItem","position":1,"name":"Startseite","item":"https:\/\/hundtgroup.com\/es\/inicio-nuevo\/"},{"@type":"ListItem","position":2,"name":"Tienda","item":"https:\/\/hundtgroup.com\/tienda\/"},{"@type":"ListItem","position":3,"name":"Formador de bordes de soldadura TruTool TKF 700 37,5"}]},{"@type":"WebSite","@id":"https:\/\/hundtgroup.com\/es\/#website","url":"https:\/\/hundtgroup.com\/es\/","name":"Wilhelm Hundt GmbH","description":"Tu especialista en m\u00e1quinas y herramientas para la transformaci\u00f3n de la chapa","potentialAction":[{"@type":"SearchAction","target":{"@type":"EntryPoint","urlTemplate":"https:\/\/hundtgroup.com\/es\/?s={search_term_string}"},"query-input":{"@type":"PropertyValueSpecification","valueRequired":true,"valueName":"search_term_string"}}],"inLanguage":"es"}]}},"_links":{"self":[{"href":"https:\/\/hundtgroup.com\/es\/wp-json\/wp\/v2\/product\/27968","targetHints":{"allow":["GET"]}}],"collection":[{"href":"https:\/\/hundtgroup.com\/es\/wp-json\/wp\/v2\/product"}],"about":[{"href":"https:\/\/hundtgroup.com\/es\/wp-json\/wp\/v2\/types\/product"}],"wp:featuredmedia":[{"embeddable":true,"href":"https:\/\/hundtgroup.com\/es\/wp-json\/wp\/v2\/media\/27957"}],"wp:attachment":[{"href":"https:\/\/hundtgroup.com\/es\/wp-json\/wp\/v2\/media?parent=27968"}],"wp:term":[{"taxonomy":"product_cat","embeddable":true,"href":"https:\/\/hundtgroup.com\/es\/wp-json\/wp\/v2\/product_cat?post=27968"},{"taxonomy":"product_tag","embeddable":true,"href":"https:\/\/hundtgroup.com\/es\/wp-json\/wp\/v2\/product_tag?post=27968"}],"curies":[{"name":"wp","href":"https:\/\/api.w.org\/{rel}","templated":true}]}}