{"id":28317,"date":"2022-08-23T15:56:03","date_gmt":"2022-08-23T13:56:03","guid":{"rendered":"https:\/\/hundtgroup.com\/produkt\/prensa-de-union-trutool-tf-350-con-brazo-basculante\/"},"modified":"2025-07-29T10:18:09","modified_gmt":"2025-07-29T08:18:09","slug":"prensa-de-union-trutool-tf-350-con-brazo-basculante","status":"publish","type":"product","link":"https:\/\/hundtgroup.com\/es\/produkt\/prensa-de-union-trutool-tf-350-con-brazo-basculante\/","title":{"rendered":"Prensa de uni\u00f3n TruTool TF 350 con brazo basculante"},"content":{"rendered":"<p>Uni\u00f3n moldeada y resistente a la corrosi\u00f3n<br \/>\nSustituye a elementos de fijaci\u00f3n como remaches o tornillos<br \/>\nUni\u00f3n de piezas con y sin revestimiento<br \/>\nPosibilidad de unir piezas de distintos materiales de chapa<br \/>\nVelocidad de proceso inigualable<\/p>\n","protected":false},"excerpt":{"rendered":"<p>Uni\u00f3n moldeada y resistente a la corrosi\u00f3n Sustituye a elementos de fijaci\u00f3n como remaches o tornillos Uni\u00f3n de piezas con y sin revestimiento Posibilidad de unir piezas de distintos materiales de chapa Velocidad de proceso inigualable<\/p>\n","protected":false},"featured_media":28302,"template":"","meta":{"_acf_changed":false,"inline_featured_image":false},"product_cat":[672,1869],"product_tag":[],"class_list":{"0":"post-28317","1":"product","2":"type-product","3":"status-publish","4":"has-post-thumbnail","6":"brand-trumpf","7":"product_cat-herramientas-electricas","8":"product_cat-prensas-de-union","10":"first","11":"instock","12":"sale","13":"taxable","14":"shipping-taxable","15":"purchasable","16":"product-type-simple","17":"add-to-wishlist-before_image"},"acf":[],"yoast_head":"<!-- This site is optimized with the Yoast SEO plugin v27.3 - https:\/\/yoast.com\/product\/yoast-seo-wordpress\/ -->\n<title>Prensa de uni\u00f3n TruTool TF 350 con brazo basculante - Wilhelm Hundt GmbH<\/title>\n<meta name=\"robots\" content=\"index, follow, max-snippet:-1, max-image-preview:large, max-video-preview:-1\" \/>\n<link rel=\"canonical\" href=\"https:\/\/hundtgroup.com\/es\/produkt\/prensa-de-union-trutool-tf-350-con-brazo-basculante\/\" \/>\n<meta property=\"og:locale\" content=\"es_ES\" \/>\n<meta property=\"og:type\" content=\"article\" \/>\n<meta property=\"og:title\" content=\"Prensa de uni\u00f3n TruTool TF 350 con brazo basculante - Wilhelm Hundt GmbH\" \/>\n<meta property=\"og:description\" content=\"Uni\u00f3n moldeada y resistente a la corrosi\u00f3n Sustituye a elementos de fijaci\u00f3n como remaches o tornillos Uni\u00f3n de piezas con y sin revestimiento Posibilidad de unir piezas de distintos materiales de chapa Velocidad de proceso inigualable\" \/>\n<meta property=\"og:url\" content=\"https:\/\/hundtgroup.com\/es\/produkt\/prensa-de-union-trutool-tf-350-con-brazo-basculante\/\" \/>\n<meta property=\"og:site_name\" content=\"Wilhelm Hundt GmbH\" \/>\n<meta property=\"article:modified_time\" content=\"2025-07-29T08:18:09+00:00\" \/>\n<meta property=\"og:image\" content=\"https:\/\/hundtgroup.com\/wp-content\/uploads\/353500.png\" \/>\n\t<meta property=\"og:image:width\" content=\"529\" \/>\n\t<meta property=\"og:image:height\" content=\"573\" \/>\n\t<meta property=\"og:image:type\" content=\"image\/png\" \/>\n<meta name=\"twitter:card\" content=\"summary_large_image\" \/>\n<script type=\"application\/ld+json\" class=\"yoast-schema-graph\">{\"@context\":\"https:\\\/\\\/schema.org\",\"@graph\":[{\"@type\":\"WebPage\",\"@id\":\"https:\\\/\\\/hundtgroup.com\\\/es\\\/produkt\\\/prensa-de-union-trutool-tf-350-con-brazo-basculante\\\/\",\"url\":\"https:\\\/\\\/hundtgroup.com\\\/es\\\/produkt\\\/prensa-de-union-trutool-tf-350-con-brazo-basculante\\\/\",\"name\":\"Prensa de uni\u00f3n TruTool TF 350 con brazo basculante - Wilhelm Hundt GmbH\",\"isPartOf\":{\"@id\":\"https:\\\/\\\/hundtgroup.com\\\/es\\\/#website\"},\"primaryImageOfPage\":{\"@id\":\"https:\\\/\\\/hundtgroup.com\\\/es\\\/produkt\\\/prensa-de-union-trutool-tf-350-con-brazo-basculante\\\/#primaryimage\"},\"image\":{\"@id\":\"https:\\\/\\\/hundtgroup.com\\\/es\\\/produkt\\\/prensa-de-union-trutool-tf-350-con-brazo-basculante\\\/#primaryimage\"},\"thumbnailUrl\":\"https:\\\/\\\/hundtgroup.com\\\/wp-content\\\/uploads\\\/353500.png\",\"datePublished\":\"2022-08-23T13:56:03+00:00\",\"dateModified\":\"2025-07-29T08:18:09+00:00\",\"breadcrumb\":{\"@id\":\"https:\\\/\\\/hundtgroup.com\\\/es\\\/produkt\\\/prensa-de-union-trutool-tf-350-con-brazo-basculante\\\/#breadcrumb\"},\"inLanguage\":\"es\",\"potentialAction\":[{\"@type\":\"ReadAction\",\"target\":[\"https:\\\/\\\/hundtgroup.com\\\/es\\\/produkt\\\/prensa-de-union-trutool-tf-350-con-brazo-basculante\\\/\"]}]},{\"@type\":\"ImageObject\",\"inLanguage\":\"es\",\"@id\":\"https:\\\/\\\/hundtgroup.com\\\/es\\\/produkt\\\/prensa-de-union-trutool-tf-350-con-brazo-basculante\\\/#primaryimage\",\"url\":\"https:\\\/\\\/hundtgroup.com\\\/wp-content\\\/uploads\\\/353500.png\",\"contentUrl\":\"https:\\\/\\\/hundtgroup.com\\\/wp-content\\\/uploads\\\/353500.png\",\"width\":529,\"height\":573},{\"@type\":\"BreadcrumbList\",\"@id\":\"https:\\\/\\\/hundtgroup.com\\\/es\\\/produkt\\\/prensa-de-union-trutool-tf-350-con-brazo-basculante\\\/#breadcrumb\",\"itemListElement\":[{\"@type\":\"ListItem\",\"position\":1,\"name\":\"Startseite\",\"item\":\"https:\\\/\\\/hundtgroup.com\\\/es\\\/inicio-nuevo\\\/\"},{\"@type\":\"ListItem\",\"position\":2,\"name\":\"Tienda\",\"item\":\"https:\\\/\\\/hundtgroup.com\\\/tienda\\\/\"},{\"@type\":\"ListItem\",\"position\":3,\"name\":\"Prensa de uni\u00f3n TruTool TF 350 con brazo basculante\"}]},{\"@type\":\"WebSite\",\"@id\":\"https:\\\/\\\/hundtgroup.com\\\/es\\\/#website\",\"url\":\"https:\\\/\\\/hundtgroup.com\\\/es\\\/\",\"name\":\"Wilhelm Hundt GmbH\",\"description\":\"Tu especialista en m\u00e1quinas y herramientas para la transformaci\u00f3n de la chapa\",\"potentialAction\":[{\"@type\":\"SearchAction\",\"target\":{\"@type\":\"EntryPoint\",\"urlTemplate\":\"https:\\\/\\\/hundtgroup.com\\\/es\\\/?s={search_term_string}\"},\"query-input\":{\"@type\":\"PropertyValueSpecification\",\"valueRequired\":true,\"valueName\":\"search_term_string\"}}],\"inLanguage\":\"es\"}]}<\/script>\n<!-- \/ Yoast SEO plugin. -->","yoast_head_json":{"title":"Prensa de uni\u00f3n TruTool TF 350 con brazo basculante - Wilhelm Hundt GmbH","robots":{"index":"index","follow":"follow","max-snippet":"max-snippet:-1","max-image-preview":"max-image-preview:large","max-video-preview":"max-video-preview:-1"},"canonical":"https:\/\/hundtgroup.com\/es\/produkt\/prensa-de-union-trutool-tf-350-con-brazo-basculante\/","og_locale":"es_ES","og_type":"article","og_title":"Prensa de uni\u00f3n TruTool TF 350 con brazo basculante - Wilhelm Hundt GmbH","og_description":"Uni\u00f3n moldeada y resistente a la corrosi\u00f3n Sustituye a elementos de fijaci\u00f3n como remaches o tornillos Uni\u00f3n de piezas con y sin revestimiento Posibilidad de unir piezas de distintos materiales de chapa Velocidad de proceso inigualable","og_url":"https:\/\/hundtgroup.com\/es\/produkt\/prensa-de-union-trutool-tf-350-con-brazo-basculante\/","og_site_name":"Wilhelm Hundt GmbH","article_modified_time":"2025-07-29T08:18:09+00:00","og_image":[{"width":529,"height":573,"url":"https:\/\/hundtgroup.com\/wp-content\/uploads\/353500.png","type":"image\/png"}],"twitter_card":"summary_large_image","schema":{"@context":"https:\/\/schema.org","@graph":[{"@type":"WebPage","@id":"https:\/\/hundtgroup.com\/es\/produkt\/prensa-de-union-trutool-tf-350-con-brazo-basculante\/","url":"https:\/\/hundtgroup.com\/es\/produkt\/prensa-de-union-trutool-tf-350-con-brazo-basculante\/","name":"Prensa de uni\u00f3n TruTool TF 350 con brazo basculante - Wilhelm Hundt GmbH","isPartOf":{"@id":"https:\/\/hundtgroup.com\/es\/#website"},"primaryImageOfPage":{"@id":"https:\/\/hundtgroup.com\/es\/produkt\/prensa-de-union-trutool-tf-350-con-brazo-basculante\/#primaryimage"},"image":{"@id":"https:\/\/hundtgroup.com\/es\/produkt\/prensa-de-union-trutool-tf-350-con-brazo-basculante\/#primaryimage"},"thumbnailUrl":"https:\/\/hundtgroup.com\/wp-content\/uploads\/353500.png","datePublished":"2022-08-23T13:56:03+00:00","dateModified":"2025-07-29T08:18:09+00:00","breadcrumb":{"@id":"https:\/\/hundtgroup.com\/es\/produkt\/prensa-de-union-trutool-tf-350-con-brazo-basculante\/#breadcrumb"},"inLanguage":"es","potentialAction":[{"@type":"ReadAction","target":["https:\/\/hundtgroup.com\/es\/produkt\/prensa-de-union-trutool-tf-350-con-brazo-basculante\/"]}]},{"@type":"ImageObject","inLanguage":"es","@id":"https:\/\/hundtgroup.com\/es\/produkt\/prensa-de-union-trutool-tf-350-con-brazo-basculante\/#primaryimage","url":"https:\/\/hundtgroup.com\/wp-content\/uploads\/353500.png","contentUrl":"https:\/\/hundtgroup.com\/wp-content\/uploads\/353500.png","width":529,"height":573},{"@type":"BreadcrumbList","@id":"https:\/\/hundtgroup.com\/es\/produkt\/prensa-de-union-trutool-tf-350-con-brazo-basculante\/#breadcrumb","itemListElement":[{"@type":"ListItem","position":1,"name":"Startseite","item":"https:\/\/hundtgroup.com\/es\/inicio-nuevo\/"},{"@type":"ListItem","position":2,"name":"Tienda","item":"https:\/\/hundtgroup.com\/tienda\/"},{"@type":"ListItem","position":3,"name":"Prensa de uni\u00f3n TruTool TF 350 con brazo basculante"}]},{"@type":"WebSite","@id":"https:\/\/hundtgroup.com\/es\/#website","url":"https:\/\/hundtgroup.com\/es\/","name":"Wilhelm Hundt GmbH","description":"Tu especialista en m\u00e1quinas y herramientas para la transformaci\u00f3n de la chapa","potentialAction":[{"@type":"SearchAction","target":{"@type":"EntryPoint","urlTemplate":"https:\/\/hundtgroup.com\/es\/?s={search_term_string}"},"query-input":{"@type":"PropertyValueSpecification","valueRequired":true,"valueName":"search_term_string"}}],"inLanguage":"es"}]}},"_links":{"self":[{"href":"https:\/\/hundtgroup.com\/es\/wp-json\/wp\/v2\/product\/28317","targetHints":{"allow":["GET"]}}],"collection":[{"href":"https:\/\/hundtgroup.com\/es\/wp-json\/wp\/v2\/product"}],"about":[{"href":"https:\/\/hundtgroup.com\/es\/wp-json\/wp\/v2\/types\/product"}],"wp:featuredmedia":[{"embeddable":true,"href":"https:\/\/hundtgroup.com\/es\/wp-json\/wp\/v2\/media\/28302"}],"wp:attachment":[{"href":"https:\/\/hundtgroup.com\/es\/wp-json\/wp\/v2\/media?parent=28317"}],"wp:term":[{"taxonomy":"product_cat","embeddable":true,"href":"https:\/\/hundtgroup.com\/es\/wp-json\/wp\/v2\/product_cat?post=28317"},{"taxonomy":"product_tag","embeddable":true,"href":"https:\/\/hundtgroup.com\/es\/wp-json\/wp\/v2\/product_tag?post=28317"}],"curies":[{"name":"wp","href":"https:\/\/api.w.org\/{rel}","templated":true}]}}