{"id":28355,"date":"2022-08-23T15:56:03","date_gmt":"2022-08-23T13:56:03","guid":{"rendered":"https:\/\/hundtgroup.com\/produkt\/cerradora-de-costuras-trutool-f-300\/"},"modified":"2025-07-29T10:19:07","modified_gmt":"2025-07-29T08:19:07","slug":"cerradora-de-costuras-trutool-f-300","status":"publish","type":"product","link":"https:\/\/hundtgroup.com\/es\/produkt\/cerradora-de-costuras-trutool-f-300\/","title":{"rendered":"Cerradora de costuras TruTool F 300"},"content":{"rendered":"<p>Cierre de las costuras de Pittsburgh<br \/>\nCierre en falso econ\u00f3mico directamente en la estaci\u00f3n de montaje<br \/>\nResultado de costura homog\u00e9neo en los conductos gracias a la autoalimentaci\u00f3n<br \/>\nUni\u00f3n de costuras r\u00e1pida y estanca<br \/>\nPuede utilizarse para conductos rectos y curvados de 0,75 mm a 1,25 mm de grosor de chapa<br \/>\nSin reequipamiento para procesar piezas perfiladas y curvadas<\/p>\n","protected":false},"excerpt":{"rendered":"<p>Cierre de las costuras de Pittsburgh Cierre en falso econ\u00f3mico directamente en la estaci\u00f3n de montaje Resultado de costura homog\u00e9neo en los conductos gracias a la autoalimentaci\u00f3n Uni\u00f3n de costuras r\u00e1pida y estanca Puede utilizarse para conductos rectos y curvados de 0,75 mm a 1,25 mm de grosor de chapa Sin reequipamiento para procesar piezas [&hellip;]<\/p>\n","protected":false},"featured_media":28357,"template":"","meta":{"_acf_changed":false,"inline_featured_image":false},"product_cat":[672,1868],"product_tag":[],"class_list":{"0":"post-28355","1":"product","2":"type-product","3":"status-publish","4":"has-post-thumbnail","6":"brand-trumpf","7":"product_cat-herramientas-electricas","8":"product_cat-cierre-de-costuras","10":"first","11":"instock","12":"sale","13":"taxable","14":"shipping-taxable","15":"purchasable","16":"product-type-simple","17":"add-to-wishlist-before_image"},"acf":[],"yoast_head":"<!-- This site is optimized with the Yoast SEO plugin v27.3 - https:\/\/yoast.com\/product\/yoast-seo-wordpress\/ -->\n<title>Cerradora de costuras TruTool F 300 - Wilhelm Hundt GmbH<\/title>\n<meta name=\"robots\" content=\"index, follow, max-snippet:-1, max-image-preview:large, max-video-preview:-1\" \/>\n<link rel=\"canonical\" href=\"https:\/\/hundtgroup.com\/es\/produkt\/cerradora-de-costuras-trutool-f-300\/\" \/>\n<meta property=\"og:locale\" content=\"es_ES\" \/>\n<meta property=\"og:type\" content=\"article\" \/>\n<meta property=\"og:title\" content=\"Cerradora de costuras TruTool F 300 - Wilhelm Hundt GmbH\" \/>\n<meta property=\"og:description\" content=\"Cierre de las costuras de Pittsburgh Cierre en falso econ\u00f3mico directamente en la estaci\u00f3n de montaje Resultado de costura homog\u00e9neo en los conductos gracias a la autoalimentaci\u00f3n Uni\u00f3n de costuras r\u00e1pida y estanca Puede utilizarse para conductos rectos y curvados de 0,75 mm a 1,25 mm de grosor de chapa Sin reequipamiento para procesar piezas [&hellip;]\" \/>\n<meta property=\"og:url\" content=\"https:\/\/hundtgroup.com\/es\/produkt\/cerradora-de-costuras-trutool-f-300\/\" \/>\n<meta property=\"og:site_name\" content=\"Wilhelm Hundt GmbH\" \/>\n<meta property=\"article:modified_time\" content=\"2025-07-29T08:19:07+00:00\" \/>\n<meta property=\"og:image\" content=\"https:\/\/hundtgroup.com\/wp-content\/uploads\/353000.png\" \/>\n\t<meta property=\"og:image:width\" content=\"459\" \/>\n\t<meta property=\"og:image:height\" content=\"592\" \/>\n\t<meta property=\"og:image:type\" content=\"image\/png\" \/>\n<meta name=\"twitter:card\" content=\"summary_large_image\" \/>\n<script type=\"application\/ld+json\" class=\"yoast-schema-graph\">{\"@context\":\"https:\\\/\\\/schema.org\",\"@graph\":[{\"@type\":\"WebPage\",\"@id\":\"https:\\\/\\\/hundtgroup.com\\\/es\\\/produkt\\\/cerradora-de-costuras-trutool-f-300\\\/\",\"url\":\"https:\\\/\\\/hundtgroup.com\\\/es\\\/produkt\\\/cerradora-de-costuras-trutool-f-300\\\/\",\"name\":\"Cerradora de costuras TruTool F 300 - Wilhelm Hundt GmbH\",\"isPartOf\":{\"@id\":\"https:\\\/\\\/hundtgroup.com\\\/es\\\/#website\"},\"primaryImageOfPage\":{\"@id\":\"https:\\\/\\\/hundtgroup.com\\\/es\\\/produkt\\\/cerradora-de-costuras-trutool-f-300\\\/#primaryimage\"},\"image\":{\"@id\":\"https:\\\/\\\/hundtgroup.com\\\/es\\\/produkt\\\/cerradora-de-costuras-trutool-f-300\\\/#primaryimage\"},\"thumbnailUrl\":\"https:\\\/\\\/hundtgroup.com\\\/wp-content\\\/uploads\\\/353000.png\",\"datePublished\":\"2022-08-23T13:56:03+00:00\",\"dateModified\":\"2025-07-29T08:19:07+00:00\",\"breadcrumb\":{\"@id\":\"https:\\\/\\\/hundtgroup.com\\\/es\\\/produkt\\\/cerradora-de-costuras-trutool-f-300\\\/#breadcrumb\"},\"inLanguage\":\"es\",\"potentialAction\":[{\"@type\":\"ReadAction\",\"target\":[\"https:\\\/\\\/hundtgroup.com\\\/es\\\/produkt\\\/cerradora-de-costuras-trutool-f-300\\\/\"]}]},{\"@type\":\"ImageObject\",\"inLanguage\":\"es\",\"@id\":\"https:\\\/\\\/hundtgroup.com\\\/es\\\/produkt\\\/cerradora-de-costuras-trutool-f-300\\\/#primaryimage\",\"url\":\"https:\\\/\\\/hundtgroup.com\\\/wp-content\\\/uploads\\\/353000.png\",\"contentUrl\":\"https:\\\/\\\/hundtgroup.com\\\/wp-content\\\/uploads\\\/353000.png\",\"width\":459,\"height\":592},{\"@type\":\"BreadcrumbList\",\"@id\":\"https:\\\/\\\/hundtgroup.com\\\/es\\\/produkt\\\/cerradora-de-costuras-trutool-f-300\\\/#breadcrumb\",\"itemListElement\":[{\"@type\":\"ListItem\",\"position\":1,\"name\":\"Startseite\",\"item\":\"https:\\\/\\\/hundtgroup.com\\\/es\\\/inicio-nuevo\\\/\"},{\"@type\":\"ListItem\",\"position\":2,\"name\":\"Tienda\",\"item\":\"https:\\\/\\\/hundtgroup.com\\\/tienda\\\/\"},{\"@type\":\"ListItem\",\"position\":3,\"name\":\"Cerradora de costuras TruTool F 300\"}]},{\"@type\":\"WebSite\",\"@id\":\"https:\\\/\\\/hundtgroup.com\\\/es\\\/#website\",\"url\":\"https:\\\/\\\/hundtgroup.com\\\/es\\\/\",\"name\":\"Wilhelm Hundt GmbH\",\"description\":\"Tu especialista en m\u00e1quinas y herramientas para la transformaci\u00f3n de la chapa\",\"potentialAction\":[{\"@type\":\"SearchAction\",\"target\":{\"@type\":\"EntryPoint\",\"urlTemplate\":\"https:\\\/\\\/hundtgroup.com\\\/es\\\/?s={search_term_string}\"},\"query-input\":{\"@type\":\"PropertyValueSpecification\",\"valueRequired\":true,\"valueName\":\"search_term_string\"}}],\"inLanguage\":\"es\"}]}<\/script>\n<!-- \/ Yoast SEO plugin. -->","yoast_head_json":{"title":"Cerradora de costuras TruTool F 300 - Wilhelm Hundt GmbH","robots":{"index":"index","follow":"follow","max-snippet":"max-snippet:-1","max-image-preview":"max-image-preview:large","max-video-preview":"max-video-preview:-1"},"canonical":"https:\/\/hundtgroup.com\/es\/produkt\/cerradora-de-costuras-trutool-f-300\/","og_locale":"es_ES","og_type":"article","og_title":"Cerradora de costuras TruTool F 300 - Wilhelm Hundt GmbH","og_description":"Cierre de las costuras de Pittsburgh Cierre en falso econ\u00f3mico directamente en la estaci\u00f3n de montaje Resultado de costura homog\u00e9neo en los conductos gracias a la autoalimentaci\u00f3n Uni\u00f3n de costuras r\u00e1pida y estanca Puede utilizarse para conductos rectos y curvados de 0,75 mm a 1,25 mm de grosor de chapa Sin reequipamiento para procesar piezas [&hellip;]","og_url":"https:\/\/hundtgroup.com\/es\/produkt\/cerradora-de-costuras-trutool-f-300\/","og_site_name":"Wilhelm Hundt GmbH","article_modified_time":"2025-07-29T08:19:07+00:00","og_image":[{"width":459,"height":592,"url":"https:\/\/hundtgroup.com\/wp-content\/uploads\/353000.png","type":"image\/png"}],"twitter_card":"summary_large_image","schema":{"@context":"https:\/\/schema.org","@graph":[{"@type":"WebPage","@id":"https:\/\/hundtgroup.com\/es\/produkt\/cerradora-de-costuras-trutool-f-300\/","url":"https:\/\/hundtgroup.com\/es\/produkt\/cerradora-de-costuras-trutool-f-300\/","name":"Cerradora de costuras TruTool F 300 - Wilhelm Hundt GmbH","isPartOf":{"@id":"https:\/\/hundtgroup.com\/es\/#website"},"primaryImageOfPage":{"@id":"https:\/\/hundtgroup.com\/es\/produkt\/cerradora-de-costuras-trutool-f-300\/#primaryimage"},"image":{"@id":"https:\/\/hundtgroup.com\/es\/produkt\/cerradora-de-costuras-trutool-f-300\/#primaryimage"},"thumbnailUrl":"https:\/\/hundtgroup.com\/wp-content\/uploads\/353000.png","datePublished":"2022-08-23T13:56:03+00:00","dateModified":"2025-07-29T08:19:07+00:00","breadcrumb":{"@id":"https:\/\/hundtgroup.com\/es\/produkt\/cerradora-de-costuras-trutool-f-300\/#breadcrumb"},"inLanguage":"es","potentialAction":[{"@type":"ReadAction","target":["https:\/\/hundtgroup.com\/es\/produkt\/cerradora-de-costuras-trutool-f-300\/"]}]},{"@type":"ImageObject","inLanguage":"es","@id":"https:\/\/hundtgroup.com\/es\/produkt\/cerradora-de-costuras-trutool-f-300\/#primaryimage","url":"https:\/\/hundtgroup.com\/wp-content\/uploads\/353000.png","contentUrl":"https:\/\/hundtgroup.com\/wp-content\/uploads\/353000.png","width":459,"height":592},{"@type":"BreadcrumbList","@id":"https:\/\/hundtgroup.com\/es\/produkt\/cerradora-de-costuras-trutool-f-300\/#breadcrumb","itemListElement":[{"@type":"ListItem","position":1,"name":"Startseite","item":"https:\/\/hundtgroup.com\/es\/inicio-nuevo\/"},{"@type":"ListItem","position":2,"name":"Tienda","item":"https:\/\/hundtgroup.com\/tienda\/"},{"@type":"ListItem","position":3,"name":"Cerradora de costuras TruTool F 300"}]},{"@type":"WebSite","@id":"https:\/\/hundtgroup.com\/es\/#website","url":"https:\/\/hundtgroup.com\/es\/","name":"Wilhelm Hundt GmbH","description":"Tu especialista en m\u00e1quinas y herramientas para la transformaci\u00f3n de la chapa","potentialAction":[{"@type":"SearchAction","target":{"@type":"EntryPoint","urlTemplate":"https:\/\/hundtgroup.com\/es\/?s={search_term_string}"},"query-input":{"@type":"PropertyValueSpecification","valueRequired":true,"valueName":"search_term_string"}}],"inLanguage":"es"}]}},"_links":{"self":[{"href":"https:\/\/hundtgroup.com\/es\/wp-json\/wp\/v2\/product\/28355","targetHints":{"allow":["GET"]}}],"collection":[{"href":"https:\/\/hundtgroup.com\/es\/wp-json\/wp\/v2\/product"}],"about":[{"href":"https:\/\/hundtgroup.com\/es\/wp-json\/wp\/v2\/types\/product"}],"wp:featuredmedia":[{"embeddable":true,"href":"https:\/\/hundtgroup.com\/es\/wp-json\/wp\/v2\/media\/28357"}],"wp:attachment":[{"href":"https:\/\/hundtgroup.com\/es\/wp-json\/wp\/v2\/media?parent=28355"}],"wp:term":[{"taxonomy":"product_cat","embeddable":true,"href":"https:\/\/hundtgroup.com\/es\/wp-json\/wp\/v2\/product_cat?post=28355"},{"taxonomy":"product_tag","embeddable":true,"href":"https:\/\/hundtgroup.com\/es\/wp-json\/wp\/v2\/product_tag?post=28355"}],"curies":[{"name":"wp","href":"https:\/\/api.w.org\/{rel}","templated":true}]}}