{"id":29423,"date":"2022-08-23T16:00:58","date_gmt":"2022-08-23T14:00:58","guid":{"rendered":"https:\/\/hundtgroup.com\/produkt\/d39ass-tijera-ideal-izquierda\/"},"modified":"2025-07-29T11:48:05","modified_gmt":"2025-07-29T09:48:05","slug":"d39ass-tijera-ideal-izquierda","status":"publish","type":"product","link":"https:\/\/hundtgroup.com\/es\/produkt\/d39ass-tijera-ideal-izquierda\/","title":{"rendered":"D39ASS Tijera ideal izquierda"},"content":{"rendered":"<p>Cortes rectos y figurados continuos.<br \/>\n\u00c1ngulo de apertura del mango reducido.<br \/>\nCabezal de tijera extremadamente compacto con uni\u00f3n atornillada parcialmente avellanada para mayor maniobrabilidad y precisi\u00f3n al realizar cortes figurados.<br \/>\nUni\u00f3n roscada con perno prisionero, arandela sinterizada y muelle sin mantenimiento para m\u00e1xima robustez.<br \/>\nPerno de bloqueo c\u00e9ntrico para facilitar el manejo sin cambiar de empu\u00f1adura.<\/p>\n","protected":false},"excerpt":{"rendered":"<p>Cortes rectos y figurados continuos. \u00c1ngulo de apertura del mango reducido. Cabezal de tijera extremadamente compacto con uni\u00f3n atornillada parcialmente avellanada para mayor maniobrabilidad y precisi\u00f3n al realizar cortes figurados. Uni\u00f3n roscada con perno prisionero, arandela sinterizada y muelle sin mantenimiento para m\u00e1xima robustez. Perno de bloqueo c\u00e9ntrico para facilitar el manejo sin cambiar de [&hellip;]<\/p>\n","protected":false},"featured_media":29425,"template":"","meta":{"_acf_changed":false,"inline_featured_image":false},"product_cat":[1754,1768,1803,1798],"product_tag":[],"class_list":{"0":"post-29423","1":"product","2":"type-product","3":"status-publish","4":"has-post-thumbnail","6":"brand-erdi","7":"product_cat-herramientas-manuales","8":"product_cat-tijeras-de-hojalatero-es-3","9":"product_cat-palanca-traducida","10":"product_cat-tijeras-ideales","12":"first","13":"instock","14":"taxable","15":"shipping-taxable","16":"purchasable","17":"product-type-simple","18":"add-to-wishlist-before_image"},"acf":[],"yoast_head":"<!-- This site is optimized with the Yoast SEO plugin v27.3 - https:\/\/yoast.com\/product\/yoast-seo-wordpress\/ -->\n<title>D39ASS Tijera ideal izquierda - Wilhelm Hundt GmbH<\/title>\n<meta name=\"robots\" content=\"index, follow, max-snippet:-1, max-image-preview:large, max-video-preview:-1\" \/>\n<link rel=\"canonical\" href=\"https:\/\/hundtgroup.com\/es\/produkt\/d39ass-tijera-ideal-izquierda\/\" \/>\n<meta property=\"og:locale\" content=\"es_ES\" \/>\n<meta property=\"og:type\" content=\"article\" \/>\n<meta property=\"og:title\" content=\"D39ASS Tijera ideal izquierda - Wilhelm Hundt GmbH\" \/>\n<meta property=\"og:description\" content=\"Cortes rectos y figurados continuos. \u00c1ngulo de apertura del mango reducido. Cabezal de tijera extremadamente compacto con uni\u00f3n atornillada parcialmente avellanada para mayor maniobrabilidad y precisi\u00f3n al realizar cortes figurados. Uni\u00f3n roscada con perno prisionero, arandela sinterizada y muelle sin mantenimiento para m\u00e1xima robustez. Perno de bloqueo c\u00e9ntrico para facilitar el manejo sin cambiar de [&hellip;]\" \/>\n<meta property=\"og:url\" content=\"https:\/\/hundtgroup.com\/es\/produkt\/d39ass-tijera-ideal-izquierda\/\" \/>\n<meta property=\"og:site_name\" content=\"Wilhelm Hundt GmbH\" \/>\n<meta property=\"article:modified_time\" content=\"2025-07-29T09:48:05+00:00\" \/>\n<meta property=\"og:image\" content=\"https:\/\/hundtgroup.com\/wp-content\/uploads\/400167.png\" \/>\n\t<meta property=\"og:image:width\" content=\"686\" \/>\n\t<meta property=\"og:image:height\" content=\"225\" \/>\n\t<meta property=\"og:image:type\" content=\"image\/png\" \/>\n<meta name=\"twitter:card\" content=\"summary_large_image\" \/>\n<script type=\"application\/ld+json\" class=\"yoast-schema-graph\">{\"@context\":\"https:\\\/\\\/schema.org\",\"@graph\":[{\"@type\":\"WebPage\",\"@id\":\"https:\\\/\\\/hundtgroup.com\\\/es\\\/produkt\\\/d39ass-tijera-ideal-izquierda\\\/\",\"url\":\"https:\\\/\\\/hundtgroup.com\\\/es\\\/produkt\\\/d39ass-tijera-ideal-izquierda\\\/\",\"name\":\"D39ASS Tijera ideal izquierda - Wilhelm Hundt GmbH\",\"isPartOf\":{\"@id\":\"https:\\\/\\\/hundtgroup.com\\\/es\\\/#website\"},\"primaryImageOfPage\":{\"@id\":\"https:\\\/\\\/hundtgroup.com\\\/es\\\/produkt\\\/d39ass-tijera-ideal-izquierda\\\/#primaryimage\"},\"image\":{\"@id\":\"https:\\\/\\\/hundtgroup.com\\\/es\\\/produkt\\\/d39ass-tijera-ideal-izquierda\\\/#primaryimage\"},\"thumbnailUrl\":\"https:\\\/\\\/hundtgroup.com\\\/wp-content\\\/uploads\\\/400167.png\",\"datePublished\":\"2022-08-23T14:00:58+00:00\",\"dateModified\":\"2025-07-29T09:48:05+00:00\",\"breadcrumb\":{\"@id\":\"https:\\\/\\\/hundtgroup.com\\\/es\\\/produkt\\\/d39ass-tijera-ideal-izquierda\\\/#breadcrumb\"},\"inLanguage\":\"es\",\"potentialAction\":[{\"@type\":\"ReadAction\",\"target\":[\"https:\\\/\\\/hundtgroup.com\\\/es\\\/produkt\\\/d39ass-tijera-ideal-izquierda\\\/\"]}]},{\"@type\":\"ImageObject\",\"inLanguage\":\"es\",\"@id\":\"https:\\\/\\\/hundtgroup.com\\\/es\\\/produkt\\\/d39ass-tijera-ideal-izquierda\\\/#primaryimage\",\"url\":\"https:\\\/\\\/hundtgroup.com\\\/wp-content\\\/uploads\\\/400167.png\",\"contentUrl\":\"https:\\\/\\\/hundtgroup.com\\\/wp-content\\\/uploads\\\/400167.png\",\"width\":686,\"height\":225},{\"@type\":\"BreadcrumbList\",\"@id\":\"https:\\\/\\\/hundtgroup.com\\\/es\\\/produkt\\\/d39ass-tijera-ideal-izquierda\\\/#breadcrumb\",\"itemListElement\":[{\"@type\":\"ListItem\",\"position\":1,\"name\":\"Startseite\",\"item\":\"https:\\\/\\\/hundtgroup.com\\\/es\\\/inicio-nuevo\\\/\"},{\"@type\":\"ListItem\",\"position\":2,\"name\":\"Tienda\",\"item\":\"https:\\\/\\\/hundtgroup.com\\\/tienda\\\/\"},{\"@type\":\"ListItem\",\"position\":3,\"name\":\"D39ASS Tijera ideal izquierda\"}]},{\"@type\":\"WebSite\",\"@id\":\"https:\\\/\\\/hundtgroup.com\\\/es\\\/#website\",\"url\":\"https:\\\/\\\/hundtgroup.com\\\/es\\\/\",\"name\":\"Wilhelm Hundt GmbH\",\"description\":\"Tu especialista en m\u00e1quinas y herramientas para la transformaci\u00f3n de la chapa\",\"potentialAction\":[{\"@type\":\"SearchAction\",\"target\":{\"@type\":\"EntryPoint\",\"urlTemplate\":\"https:\\\/\\\/hundtgroup.com\\\/es\\\/?s={search_term_string}\"},\"query-input\":{\"@type\":\"PropertyValueSpecification\",\"valueRequired\":true,\"valueName\":\"search_term_string\"}}],\"inLanguage\":\"es\"}]}<\/script>\n<!-- \/ Yoast SEO plugin. -->","yoast_head_json":{"title":"D39ASS Tijera ideal izquierda - Wilhelm Hundt GmbH","robots":{"index":"index","follow":"follow","max-snippet":"max-snippet:-1","max-image-preview":"max-image-preview:large","max-video-preview":"max-video-preview:-1"},"canonical":"https:\/\/hundtgroup.com\/es\/produkt\/d39ass-tijera-ideal-izquierda\/","og_locale":"es_ES","og_type":"article","og_title":"D39ASS Tijera ideal izquierda - Wilhelm Hundt GmbH","og_description":"Cortes rectos y figurados continuos. \u00c1ngulo de apertura del mango reducido. Cabezal de tijera extremadamente compacto con uni\u00f3n atornillada parcialmente avellanada para mayor maniobrabilidad y precisi\u00f3n al realizar cortes figurados. Uni\u00f3n roscada con perno prisionero, arandela sinterizada y muelle sin mantenimiento para m\u00e1xima robustez. Perno de bloqueo c\u00e9ntrico para facilitar el manejo sin cambiar de [&hellip;]","og_url":"https:\/\/hundtgroup.com\/es\/produkt\/d39ass-tijera-ideal-izquierda\/","og_site_name":"Wilhelm Hundt GmbH","article_modified_time":"2025-07-29T09:48:05+00:00","og_image":[{"width":686,"height":225,"url":"https:\/\/hundtgroup.com\/wp-content\/uploads\/400167.png","type":"image\/png"}],"twitter_card":"summary_large_image","schema":{"@context":"https:\/\/schema.org","@graph":[{"@type":"WebPage","@id":"https:\/\/hundtgroup.com\/es\/produkt\/d39ass-tijera-ideal-izquierda\/","url":"https:\/\/hundtgroup.com\/es\/produkt\/d39ass-tijera-ideal-izquierda\/","name":"D39ASS Tijera ideal izquierda - Wilhelm Hundt GmbH","isPartOf":{"@id":"https:\/\/hundtgroup.com\/es\/#website"},"primaryImageOfPage":{"@id":"https:\/\/hundtgroup.com\/es\/produkt\/d39ass-tijera-ideal-izquierda\/#primaryimage"},"image":{"@id":"https:\/\/hundtgroup.com\/es\/produkt\/d39ass-tijera-ideal-izquierda\/#primaryimage"},"thumbnailUrl":"https:\/\/hundtgroup.com\/wp-content\/uploads\/400167.png","datePublished":"2022-08-23T14:00:58+00:00","dateModified":"2025-07-29T09:48:05+00:00","breadcrumb":{"@id":"https:\/\/hundtgroup.com\/es\/produkt\/d39ass-tijera-ideal-izquierda\/#breadcrumb"},"inLanguage":"es","potentialAction":[{"@type":"ReadAction","target":["https:\/\/hundtgroup.com\/es\/produkt\/d39ass-tijera-ideal-izquierda\/"]}]},{"@type":"ImageObject","inLanguage":"es","@id":"https:\/\/hundtgroup.com\/es\/produkt\/d39ass-tijera-ideal-izquierda\/#primaryimage","url":"https:\/\/hundtgroup.com\/wp-content\/uploads\/400167.png","contentUrl":"https:\/\/hundtgroup.com\/wp-content\/uploads\/400167.png","width":686,"height":225},{"@type":"BreadcrumbList","@id":"https:\/\/hundtgroup.com\/es\/produkt\/d39ass-tijera-ideal-izquierda\/#breadcrumb","itemListElement":[{"@type":"ListItem","position":1,"name":"Startseite","item":"https:\/\/hundtgroup.com\/es\/inicio-nuevo\/"},{"@type":"ListItem","position":2,"name":"Tienda","item":"https:\/\/hundtgroup.com\/tienda\/"},{"@type":"ListItem","position":3,"name":"D39ASS Tijera ideal izquierda"}]},{"@type":"WebSite","@id":"https:\/\/hundtgroup.com\/es\/#website","url":"https:\/\/hundtgroup.com\/es\/","name":"Wilhelm Hundt GmbH","description":"Tu especialista en m\u00e1quinas y herramientas para la transformaci\u00f3n de la chapa","potentialAction":[{"@type":"SearchAction","target":{"@type":"EntryPoint","urlTemplate":"https:\/\/hundtgroup.com\/es\/?s={search_term_string}"},"query-input":{"@type":"PropertyValueSpecification","valueRequired":true,"valueName":"search_term_string"}}],"inLanguage":"es"}]}},"_links":{"self":[{"href":"https:\/\/hundtgroup.com\/es\/wp-json\/wp\/v2\/product\/29423","targetHints":{"allow":["GET"]}}],"collection":[{"href":"https:\/\/hundtgroup.com\/es\/wp-json\/wp\/v2\/product"}],"about":[{"href":"https:\/\/hundtgroup.com\/es\/wp-json\/wp\/v2\/types\/product"}],"wp:featuredmedia":[{"embeddable":true,"href":"https:\/\/hundtgroup.com\/es\/wp-json\/wp\/v2\/media\/29425"}],"wp:attachment":[{"href":"https:\/\/hundtgroup.com\/es\/wp-json\/wp\/v2\/media?parent=29423"}],"wp:term":[{"taxonomy":"product_cat","embeddable":true,"href":"https:\/\/hundtgroup.com\/es\/wp-json\/wp\/v2\/product_cat?post=29423"},{"taxonomy":"product_tag","embeddable":true,"href":"https:\/\/hundtgroup.com\/es\/wp-json\/wp\/v2\/product_tag?post=29423"}],"curies":[{"name":"wp","href":"https:\/\/api.w.org\/{rel}","templated":true}]}}