{"id":29563,"date":"2022-08-23T16:01:18","date_gmt":"2022-08-23T14:01:18","guid":{"rendered":"https:\/\/hundtgroup.com\/produkt\/trazador-profesional-mango-de-madera-35x50-mm\/"},"modified":"2025-07-29T11:56:19","modified_gmt":"2025-07-29T09:56:19","slug":"trazador-profesional-mango-de-madera-35x50-mm","status":"publish","type":"product","link":"https:\/\/hundtgroup.com\/es\/produkt\/trazador-profesional-mango-de-madera-35x50-mm\/","title":{"rendered":"Trazador profesional mango de madera 3,5&#215;50 mm"},"content":{"rendered":"<p>Esp\u00e1tula (punz\u00f3n) Profi<br \/>\nComfort Line madera con manguito de impacto<br \/>\nHoja de acero al cromo vanadio de alta aleaci\u00f3n<br \/>\nMango de madera de haya sellado con manguito de impacto, protegido en el extremo del mango<\/p>\n","protected":false},"excerpt":{"rendered":"<p>Esp\u00e1tula (punz\u00f3n) Profi Comfort Line madera con manguito de impacto Hoja de acero al cromo vanadio de alta aleaci\u00f3n Mango de madera de haya sellado con manguito de impacto, protegido en el extremo del mango<\/p>\n","protected":false},"featured_media":29554,"template":"","meta":{"_acf_changed":false,"inline_featured_image":false},"product_cat":[1754,1769,1900],"product_tag":[],"class_list":{"0":"post-29563","1":"product","2":"type-product","3":"status-publish","4":"has-post-thumbnail","6":"brand-hundt","7":"product_cat-herramientas-manuales","8":"product_cat-herramientas-de-marcado","9":"product_cat-escribano","11":"first","12":"instock","13":"taxable","14":"shipping-taxable","15":"purchasable","16":"product-type-simple","17":"add-to-wishlist-before_image"},"acf":[],"yoast_head":"<!-- This site is optimized with the Yoast SEO plugin v27.3 - https:\/\/yoast.com\/product\/yoast-seo-wordpress\/ -->\n<title>Trazador profesional mango de madera 3,5x50 mm - Wilhelm Hundt GmbH<\/title>\n<meta name=\"robots\" content=\"index, follow, max-snippet:-1, max-image-preview:large, max-video-preview:-1\" \/>\n<link rel=\"canonical\" href=\"https:\/\/hundtgroup.com\/es\/produkt\/trazador-profesional-mango-de-madera-35x50-mm\/\" \/>\n<meta property=\"og:locale\" content=\"es_ES\" \/>\n<meta property=\"og:type\" content=\"article\" \/>\n<meta property=\"og:title\" content=\"Trazador profesional mango de madera 3,5x50 mm - Wilhelm Hundt GmbH\" \/>\n<meta property=\"og:description\" content=\"Esp\u00e1tula (punz\u00f3n) Profi Comfort Line madera con manguito de impacto Hoja de acero al cromo vanadio de alta aleaci\u00f3n Mango de madera de haya sellado con manguito de impacto, protegido en el extremo del mango\" \/>\n<meta property=\"og:url\" content=\"https:\/\/hundtgroup.com\/es\/produkt\/trazador-profesional-mango-de-madera-35x50-mm\/\" \/>\n<meta property=\"og:site_name\" content=\"Wilhelm Hundt GmbH\" \/>\n<meta property=\"article:modified_time\" content=\"2025-07-29T09:56:19+00:00\" \/>\n<meta property=\"og:image\" content=\"https:\/\/hundtgroup.com\/wp-content\/uploads\/420401.jpg\" \/>\n\t<meta property=\"og:image:width\" content=\"300\" \/>\n\t<meta property=\"og:image:height\" content=\"58\" \/>\n\t<meta property=\"og:image:type\" content=\"image\/jpeg\" \/>\n<meta name=\"twitter:card\" content=\"summary_large_image\" \/>\n<script type=\"application\/ld+json\" class=\"yoast-schema-graph\">{\"@context\":\"https:\\\/\\\/schema.org\",\"@graph\":[{\"@type\":\"WebPage\",\"@id\":\"https:\\\/\\\/hundtgroup.com\\\/es\\\/produkt\\\/trazador-profesional-mango-de-madera-35x50-mm\\\/\",\"url\":\"https:\\\/\\\/hundtgroup.com\\\/es\\\/produkt\\\/trazador-profesional-mango-de-madera-35x50-mm\\\/\",\"name\":\"Trazador profesional mango de madera 3,5x50 mm - Wilhelm Hundt GmbH\",\"isPartOf\":{\"@id\":\"https:\\\/\\\/hundtgroup.com\\\/es\\\/#website\"},\"primaryImageOfPage\":{\"@id\":\"https:\\\/\\\/hundtgroup.com\\\/es\\\/produkt\\\/trazador-profesional-mango-de-madera-35x50-mm\\\/#primaryimage\"},\"image\":{\"@id\":\"https:\\\/\\\/hundtgroup.com\\\/es\\\/produkt\\\/trazador-profesional-mango-de-madera-35x50-mm\\\/#primaryimage\"},\"thumbnailUrl\":\"https:\\\/\\\/hundtgroup.com\\\/wp-content\\\/uploads\\\/420401.jpg\",\"datePublished\":\"2022-08-23T14:01:18+00:00\",\"dateModified\":\"2025-07-29T09:56:19+00:00\",\"breadcrumb\":{\"@id\":\"https:\\\/\\\/hundtgroup.com\\\/es\\\/produkt\\\/trazador-profesional-mango-de-madera-35x50-mm\\\/#breadcrumb\"},\"inLanguage\":\"es\",\"potentialAction\":[{\"@type\":\"ReadAction\",\"target\":[\"https:\\\/\\\/hundtgroup.com\\\/es\\\/produkt\\\/trazador-profesional-mango-de-madera-35x50-mm\\\/\"]}]},{\"@type\":\"ImageObject\",\"inLanguage\":\"es\",\"@id\":\"https:\\\/\\\/hundtgroup.com\\\/es\\\/produkt\\\/trazador-profesional-mango-de-madera-35x50-mm\\\/#primaryimage\",\"url\":\"https:\\\/\\\/hundtgroup.com\\\/wp-content\\\/uploads\\\/420401.jpg\",\"contentUrl\":\"https:\\\/\\\/hundtgroup.com\\\/wp-content\\\/uploads\\\/420401.jpg\",\"width\":300,\"height\":58},{\"@type\":\"BreadcrumbList\",\"@id\":\"https:\\\/\\\/hundtgroup.com\\\/es\\\/produkt\\\/trazador-profesional-mango-de-madera-35x50-mm\\\/#breadcrumb\",\"itemListElement\":[{\"@type\":\"ListItem\",\"position\":1,\"name\":\"Startseite\",\"item\":\"https:\\\/\\\/hundtgroup.com\\\/es\\\/inicio-nuevo\\\/\"},{\"@type\":\"ListItem\",\"position\":2,\"name\":\"Tienda\",\"item\":\"https:\\\/\\\/hundtgroup.com\\\/tienda\\\/\"},{\"@type\":\"ListItem\",\"position\":3,\"name\":\"Trazador profesional mango de madera 3,5&#215;50 mm\"}]},{\"@type\":\"WebSite\",\"@id\":\"https:\\\/\\\/hundtgroup.com\\\/es\\\/#website\",\"url\":\"https:\\\/\\\/hundtgroup.com\\\/es\\\/\",\"name\":\"Wilhelm Hundt GmbH\",\"description\":\"Tu especialista en m\u00e1quinas y herramientas para la transformaci\u00f3n de la chapa\",\"potentialAction\":[{\"@type\":\"SearchAction\",\"target\":{\"@type\":\"EntryPoint\",\"urlTemplate\":\"https:\\\/\\\/hundtgroup.com\\\/es\\\/?s={search_term_string}\"},\"query-input\":{\"@type\":\"PropertyValueSpecification\",\"valueRequired\":true,\"valueName\":\"search_term_string\"}}],\"inLanguage\":\"es\"}]}<\/script>\n<!-- \/ Yoast SEO plugin. -->","yoast_head_json":{"title":"Trazador profesional mango de madera 3,5x50 mm - Wilhelm Hundt GmbH","robots":{"index":"index","follow":"follow","max-snippet":"max-snippet:-1","max-image-preview":"max-image-preview:large","max-video-preview":"max-video-preview:-1"},"canonical":"https:\/\/hundtgroup.com\/es\/produkt\/trazador-profesional-mango-de-madera-35x50-mm\/","og_locale":"es_ES","og_type":"article","og_title":"Trazador profesional mango de madera 3,5x50 mm - Wilhelm Hundt GmbH","og_description":"Esp\u00e1tula (punz\u00f3n) Profi Comfort Line madera con manguito de impacto Hoja de acero al cromo vanadio de alta aleaci\u00f3n Mango de madera de haya sellado con manguito de impacto, protegido en el extremo del mango","og_url":"https:\/\/hundtgroup.com\/es\/produkt\/trazador-profesional-mango-de-madera-35x50-mm\/","og_site_name":"Wilhelm Hundt GmbH","article_modified_time":"2025-07-29T09:56:19+00:00","og_image":[{"width":300,"height":58,"url":"https:\/\/hundtgroup.com\/wp-content\/uploads\/420401.jpg","type":"image\/jpeg"}],"twitter_card":"summary_large_image","schema":{"@context":"https:\/\/schema.org","@graph":[{"@type":"WebPage","@id":"https:\/\/hundtgroup.com\/es\/produkt\/trazador-profesional-mango-de-madera-35x50-mm\/","url":"https:\/\/hundtgroup.com\/es\/produkt\/trazador-profesional-mango-de-madera-35x50-mm\/","name":"Trazador profesional mango de madera 3,5x50 mm - Wilhelm Hundt GmbH","isPartOf":{"@id":"https:\/\/hundtgroup.com\/es\/#website"},"primaryImageOfPage":{"@id":"https:\/\/hundtgroup.com\/es\/produkt\/trazador-profesional-mango-de-madera-35x50-mm\/#primaryimage"},"image":{"@id":"https:\/\/hundtgroup.com\/es\/produkt\/trazador-profesional-mango-de-madera-35x50-mm\/#primaryimage"},"thumbnailUrl":"https:\/\/hundtgroup.com\/wp-content\/uploads\/420401.jpg","datePublished":"2022-08-23T14:01:18+00:00","dateModified":"2025-07-29T09:56:19+00:00","breadcrumb":{"@id":"https:\/\/hundtgroup.com\/es\/produkt\/trazador-profesional-mango-de-madera-35x50-mm\/#breadcrumb"},"inLanguage":"es","potentialAction":[{"@type":"ReadAction","target":["https:\/\/hundtgroup.com\/es\/produkt\/trazador-profesional-mango-de-madera-35x50-mm\/"]}]},{"@type":"ImageObject","inLanguage":"es","@id":"https:\/\/hundtgroup.com\/es\/produkt\/trazador-profesional-mango-de-madera-35x50-mm\/#primaryimage","url":"https:\/\/hundtgroup.com\/wp-content\/uploads\/420401.jpg","contentUrl":"https:\/\/hundtgroup.com\/wp-content\/uploads\/420401.jpg","width":300,"height":58},{"@type":"BreadcrumbList","@id":"https:\/\/hundtgroup.com\/es\/produkt\/trazador-profesional-mango-de-madera-35x50-mm\/#breadcrumb","itemListElement":[{"@type":"ListItem","position":1,"name":"Startseite","item":"https:\/\/hundtgroup.com\/es\/inicio-nuevo\/"},{"@type":"ListItem","position":2,"name":"Tienda","item":"https:\/\/hundtgroup.com\/tienda\/"},{"@type":"ListItem","position":3,"name":"Trazador profesional mango de madera 3,5&#215;50 mm"}]},{"@type":"WebSite","@id":"https:\/\/hundtgroup.com\/es\/#website","url":"https:\/\/hundtgroup.com\/es\/","name":"Wilhelm Hundt GmbH","description":"Tu especialista en m\u00e1quinas y herramientas para la transformaci\u00f3n de la chapa","potentialAction":[{"@type":"SearchAction","target":{"@type":"EntryPoint","urlTemplate":"https:\/\/hundtgroup.com\/es\/?s={search_term_string}"},"query-input":{"@type":"PropertyValueSpecification","valueRequired":true,"valueName":"search_term_string"}}],"inLanguage":"es"}]}},"_links":{"self":[{"href":"https:\/\/hundtgroup.com\/es\/wp-json\/wp\/v2\/product\/29563","targetHints":{"allow":["GET"]}}],"collection":[{"href":"https:\/\/hundtgroup.com\/es\/wp-json\/wp\/v2\/product"}],"about":[{"href":"https:\/\/hundtgroup.com\/es\/wp-json\/wp\/v2\/types\/product"}],"wp:featuredmedia":[{"embeddable":true,"href":"https:\/\/hundtgroup.com\/es\/wp-json\/wp\/v2\/media\/29554"}],"wp:attachment":[{"href":"https:\/\/hundtgroup.com\/es\/wp-json\/wp\/v2\/media?parent=29563"}],"wp:term":[{"taxonomy":"product_cat","embeddable":true,"href":"https:\/\/hundtgroup.com\/es\/wp-json\/wp\/v2\/product_cat?post=29563"},{"taxonomy":"product_tag","embeddable":true,"href":"https:\/\/hundtgroup.com\/es\/wp-json\/wp\/v2\/product_tag?post=29563"}],"curies":[{"name":"wp","href":"https:\/\/api.w.org\/{rel}","templated":true}]}}