{"id":30056,"date":"2022-08-23T16:00:58","date_gmt":"2022-08-23T14:00:58","guid":{"rendered":"https:\/\/hundtgroup.com\/produkt\/m7r-tijeras-pasantes-derechas\/"},"modified":"2025-07-29T11:51:24","modified_gmt":"2025-07-29T09:51:24","slug":"m7r-tijeras-pasantes-derechas","status":"publish","type":"product","link":"https:\/\/hundtgroup.com\/es\/produkt\/m7r-tijeras-pasantes-derechas\/","title":{"rendered":"M7R Tijeras pasantes derechas"},"content":{"rendered":"<p>Con transmisi\u00f3n por palanca.<br \/>\nPara cortes curvos ajustados hasta cortes rectos.<br \/>\nAutoapertura para un trabajo r\u00e1pido y sin esfuerzo.<br \/>\nMordazas de corte dentadas antideslizantes de acero al molibdeno resistente al desgaste.<br \/>\nEmpu\u00f1aduras antideslizantes de acero de alta resistencia.<br \/>\nPr\u00e1ctica barra de seguridad.<\/p>\n","protected":false},"excerpt":{"rendered":"<p>Con transmisi\u00f3n por palanca. Para cortes curvos ajustados hasta cortes rectos. Autoapertura para un trabajo r\u00e1pido y sin esfuerzo. Mordazas de corte dentadas antideslizantes de acero al molibdeno resistente al desgaste. Empu\u00f1aduras antideslizantes de acero de alta resistencia. Pr\u00e1ctica barra de seguridad.<\/p>\n","protected":false},"featured_media":30058,"template":"","meta":{"_acf_changed":false,"inline_featured_image":false},"product_cat":[1754,1768,1805],"product_tag":[],"class_list":{"0":"post-30056","1":"product","2":"type-product","3":"status-publish","4":"has-post-thumbnail","6":"product_cat-herramientas-manuales","7":"product_cat-tijeras-de-hojalatero-es-3","8":"product_cat-cizallas-pasantes","10":"first","11":"instock","12":"taxable","13":"shipping-taxable","14":"purchasable","15":"product-type-simple","16":"add-to-wishlist-before_image"},"acf":[],"yoast_head":"<!-- This site is optimized with the Yoast SEO plugin v27.3 - https:\/\/yoast.com\/product\/yoast-seo-wordpress\/ -->\n<title>M7R Tijeras pasantes derechas - Wilhelm Hundt GmbH<\/title>\n<meta name=\"robots\" content=\"index, follow, max-snippet:-1, max-image-preview:large, max-video-preview:-1\" \/>\n<link rel=\"canonical\" href=\"https:\/\/hundtgroup.com\/es\/produkt\/m7r-tijeras-pasantes-derechas\/\" \/>\n<meta property=\"og:locale\" content=\"es_ES\" \/>\n<meta property=\"og:type\" content=\"article\" \/>\n<meta property=\"og:title\" content=\"M7R Tijeras pasantes derechas - Wilhelm Hundt GmbH\" \/>\n<meta property=\"og:description\" content=\"Con transmisi\u00f3n por palanca. Para cortes curvos ajustados hasta cortes rectos. Autoapertura para un trabajo r\u00e1pido y sin esfuerzo. Mordazas de corte dentadas antideslizantes de acero al molibdeno resistente al desgaste. Empu\u00f1aduras antideslizantes de acero de alta resistencia. Pr\u00e1ctica barra de seguridad.\" \/>\n<meta property=\"og:url\" content=\"https:\/\/hundtgroup.com\/es\/produkt\/m7r-tijeras-pasantes-derechas\/\" \/>\n<meta property=\"og:site_name\" content=\"Wilhelm Hundt GmbH\" \/>\n<meta property=\"article:modified_time\" content=\"2025-07-29T09:51:24+00:00\" \/>\n<meta property=\"og:image\" content=\"https:\/\/hundtgroup.com\/wp-content\/uploads\/400151.png\" \/>\n\t<meta property=\"og:image:width\" content=\"400\" \/>\n\t<meta property=\"og:image:height\" content=\"262\" \/>\n\t<meta property=\"og:image:type\" content=\"image\/png\" \/>\n<meta name=\"twitter:card\" content=\"summary_large_image\" \/>\n<script type=\"application\/ld+json\" class=\"yoast-schema-graph\">{\"@context\":\"https:\\\/\\\/schema.org\",\"@graph\":[{\"@type\":\"WebPage\",\"@id\":\"https:\\\/\\\/hundtgroup.com\\\/es\\\/produkt\\\/m7r-tijeras-pasantes-derechas\\\/\",\"url\":\"https:\\\/\\\/hundtgroup.com\\\/es\\\/produkt\\\/m7r-tijeras-pasantes-derechas\\\/\",\"name\":\"M7R Tijeras pasantes derechas - Wilhelm Hundt GmbH\",\"isPartOf\":{\"@id\":\"https:\\\/\\\/hundtgroup.com\\\/es\\\/#website\"},\"primaryImageOfPage\":{\"@id\":\"https:\\\/\\\/hundtgroup.com\\\/es\\\/produkt\\\/m7r-tijeras-pasantes-derechas\\\/#primaryimage\"},\"image\":{\"@id\":\"https:\\\/\\\/hundtgroup.com\\\/es\\\/produkt\\\/m7r-tijeras-pasantes-derechas\\\/#primaryimage\"},\"thumbnailUrl\":\"https:\\\/\\\/hundtgroup.com\\\/wp-content\\\/uploads\\\/400151.png\",\"datePublished\":\"2022-08-23T14:00:58+00:00\",\"dateModified\":\"2025-07-29T09:51:24+00:00\",\"breadcrumb\":{\"@id\":\"https:\\\/\\\/hundtgroup.com\\\/es\\\/produkt\\\/m7r-tijeras-pasantes-derechas\\\/#breadcrumb\"},\"inLanguage\":\"es\",\"potentialAction\":[{\"@type\":\"ReadAction\",\"target\":[\"https:\\\/\\\/hundtgroup.com\\\/es\\\/produkt\\\/m7r-tijeras-pasantes-derechas\\\/\"]}]},{\"@type\":\"ImageObject\",\"inLanguage\":\"es\",\"@id\":\"https:\\\/\\\/hundtgroup.com\\\/es\\\/produkt\\\/m7r-tijeras-pasantes-derechas\\\/#primaryimage\",\"url\":\"https:\\\/\\\/hundtgroup.com\\\/wp-content\\\/uploads\\\/400151.png\",\"contentUrl\":\"https:\\\/\\\/hundtgroup.com\\\/wp-content\\\/uploads\\\/400151.png\",\"width\":400,\"height\":262},{\"@type\":\"BreadcrumbList\",\"@id\":\"https:\\\/\\\/hundtgroup.com\\\/es\\\/produkt\\\/m7r-tijeras-pasantes-derechas\\\/#breadcrumb\",\"itemListElement\":[{\"@type\":\"ListItem\",\"position\":1,\"name\":\"Startseite\",\"item\":\"https:\\\/\\\/hundtgroup.com\\\/es\\\/inicio-nuevo\\\/\"},{\"@type\":\"ListItem\",\"position\":2,\"name\":\"Tienda\",\"item\":\"https:\\\/\\\/hundtgroup.com\\\/tienda\\\/\"},{\"@type\":\"ListItem\",\"position\":3,\"name\":\"M7R Tijeras pasantes derechas\"}]},{\"@type\":\"WebSite\",\"@id\":\"https:\\\/\\\/hundtgroup.com\\\/es\\\/#website\",\"url\":\"https:\\\/\\\/hundtgroup.com\\\/es\\\/\",\"name\":\"Wilhelm Hundt GmbH\",\"description\":\"Tu especialista en m\u00e1quinas y herramientas para la transformaci\u00f3n de la chapa\",\"potentialAction\":[{\"@type\":\"SearchAction\",\"target\":{\"@type\":\"EntryPoint\",\"urlTemplate\":\"https:\\\/\\\/hundtgroup.com\\\/es\\\/?s={search_term_string}\"},\"query-input\":{\"@type\":\"PropertyValueSpecification\",\"valueRequired\":true,\"valueName\":\"search_term_string\"}}],\"inLanguage\":\"es\"}]}<\/script>\n<!-- \/ Yoast SEO plugin. -->","yoast_head_json":{"title":"M7R Tijeras pasantes derechas - Wilhelm Hundt GmbH","robots":{"index":"index","follow":"follow","max-snippet":"max-snippet:-1","max-image-preview":"max-image-preview:large","max-video-preview":"max-video-preview:-1"},"canonical":"https:\/\/hundtgroup.com\/es\/produkt\/m7r-tijeras-pasantes-derechas\/","og_locale":"es_ES","og_type":"article","og_title":"M7R Tijeras pasantes derechas - Wilhelm Hundt GmbH","og_description":"Con transmisi\u00f3n por palanca. Para cortes curvos ajustados hasta cortes rectos. Autoapertura para un trabajo r\u00e1pido y sin esfuerzo. Mordazas de corte dentadas antideslizantes de acero al molibdeno resistente al desgaste. Empu\u00f1aduras antideslizantes de acero de alta resistencia. Pr\u00e1ctica barra de seguridad.","og_url":"https:\/\/hundtgroup.com\/es\/produkt\/m7r-tijeras-pasantes-derechas\/","og_site_name":"Wilhelm Hundt GmbH","article_modified_time":"2025-07-29T09:51:24+00:00","og_image":[{"width":400,"height":262,"url":"https:\/\/hundtgroup.com\/wp-content\/uploads\/400151.png","type":"image\/png"}],"twitter_card":"summary_large_image","schema":{"@context":"https:\/\/schema.org","@graph":[{"@type":"WebPage","@id":"https:\/\/hundtgroup.com\/es\/produkt\/m7r-tijeras-pasantes-derechas\/","url":"https:\/\/hundtgroup.com\/es\/produkt\/m7r-tijeras-pasantes-derechas\/","name":"M7R Tijeras pasantes derechas - Wilhelm Hundt GmbH","isPartOf":{"@id":"https:\/\/hundtgroup.com\/es\/#website"},"primaryImageOfPage":{"@id":"https:\/\/hundtgroup.com\/es\/produkt\/m7r-tijeras-pasantes-derechas\/#primaryimage"},"image":{"@id":"https:\/\/hundtgroup.com\/es\/produkt\/m7r-tijeras-pasantes-derechas\/#primaryimage"},"thumbnailUrl":"https:\/\/hundtgroup.com\/wp-content\/uploads\/400151.png","datePublished":"2022-08-23T14:00:58+00:00","dateModified":"2025-07-29T09:51:24+00:00","breadcrumb":{"@id":"https:\/\/hundtgroup.com\/es\/produkt\/m7r-tijeras-pasantes-derechas\/#breadcrumb"},"inLanguage":"es","potentialAction":[{"@type":"ReadAction","target":["https:\/\/hundtgroup.com\/es\/produkt\/m7r-tijeras-pasantes-derechas\/"]}]},{"@type":"ImageObject","inLanguage":"es","@id":"https:\/\/hundtgroup.com\/es\/produkt\/m7r-tijeras-pasantes-derechas\/#primaryimage","url":"https:\/\/hundtgroup.com\/wp-content\/uploads\/400151.png","contentUrl":"https:\/\/hundtgroup.com\/wp-content\/uploads\/400151.png","width":400,"height":262},{"@type":"BreadcrumbList","@id":"https:\/\/hundtgroup.com\/es\/produkt\/m7r-tijeras-pasantes-derechas\/#breadcrumb","itemListElement":[{"@type":"ListItem","position":1,"name":"Startseite","item":"https:\/\/hundtgroup.com\/es\/inicio-nuevo\/"},{"@type":"ListItem","position":2,"name":"Tienda","item":"https:\/\/hundtgroup.com\/tienda\/"},{"@type":"ListItem","position":3,"name":"M7R Tijeras pasantes derechas"}]},{"@type":"WebSite","@id":"https:\/\/hundtgroup.com\/es\/#website","url":"https:\/\/hundtgroup.com\/es\/","name":"Wilhelm Hundt GmbH","description":"Tu especialista en m\u00e1quinas y herramientas para la transformaci\u00f3n de la chapa","potentialAction":[{"@type":"SearchAction","target":{"@type":"EntryPoint","urlTemplate":"https:\/\/hundtgroup.com\/es\/?s={search_term_string}"},"query-input":{"@type":"PropertyValueSpecification","valueRequired":true,"valueName":"search_term_string"}}],"inLanguage":"es"}]}},"_links":{"self":[{"href":"https:\/\/hundtgroup.com\/es\/wp-json\/wp\/v2\/product\/30056","targetHints":{"allow":["GET"]}}],"collection":[{"href":"https:\/\/hundtgroup.com\/es\/wp-json\/wp\/v2\/product"}],"about":[{"href":"https:\/\/hundtgroup.com\/es\/wp-json\/wp\/v2\/types\/product"}],"wp:featuredmedia":[{"embeddable":true,"href":"https:\/\/hundtgroup.com\/es\/wp-json\/wp\/v2\/media\/30058"}],"wp:attachment":[{"href":"https:\/\/hundtgroup.com\/es\/wp-json\/wp\/v2\/media?parent=30056"}],"wp:term":[{"taxonomy":"product_cat","embeddable":true,"href":"https:\/\/hundtgroup.com\/es\/wp-json\/wp\/v2\/product_cat?post=30056"},{"taxonomy":"product_tag","embeddable":true,"href":"https:\/\/hundtgroup.com\/es\/wp-json\/wp\/v2\/product_tag?post=30056"}],"curies":[{"name":"wp","href":"https:\/\/api.w.org\/{rel}","templated":true}]}}