{"id":36294,"date":"2022-08-23T16:01:18","date_gmt":"2022-08-23T14:01:18","guid":{"rendered":"https:\/\/hundtgroup.com\/produkt\/90-55-280-rozadora-de-chapa\/"},"modified":"2025-07-29T11:56:19","modified_gmt":"2025-07-29T09:56:19","slug":"90-55-280-rozadora-de-chapa","status":"publish","type":"product","link":"https:\/\/hundtgroup.com\/es\/produkt\/90-55-280-rozadora-de-chapa\/","title":{"rendered":"90 55 280 Rozadora de chapa"},"content":{"rendered":"<p>Para cortar chapa de hierro, cobre o aluminio de hasta 1,2 mm de grosor como m\u00e1ximo, pl\u00e1stico de hasta 2,0 mm de grosor como m\u00e1ximo.<br \/>\nCorta materiales sin deformarlos.<br \/>\nBordes de corte limpios, sin necesidad de repasar el perfil cortado. Con rompevirutas.<br \/>\nF\u00e1cil manejo. Cuerpo de la herramienta de acero especial para herramientas, laminado, templado al aceite.<br \/>\nHoja de acero especial para herramientas, templada al aceite, recambiable.    <\/p>\n","protected":false},"excerpt":{"rendered":"<p>Para cortar chapa de hierro, cobre o aluminio de hasta 1,2 mm de grosor como m\u00e1ximo, pl\u00e1stico de hasta 2,0 mm de grosor como m\u00e1ximo. Corta materiales sin deformarlos. Bordes de corte limpios, sin necesidad de repasar el perfil cortado. Con rompevirutas. F\u00e1cil manejo. Cuerpo de la herramienta de acero especial para herramientas, laminado, templado [&hellip;]<\/p>\n","protected":false},"featured_media":34155,"template":"","meta":{"_acf_changed":false,"inline_featured_image":false},"product_cat":[1754,1768,1808],"product_tag":[],"class_list":{"0":"post-36294","1":"product","2":"type-product","3":"status-publish","4":"has-post-thumbnail","6":"brand-knipex","7":"product_cat-herramientas-manuales","8":"product_cat-tijeras-de-hojalatero-es-3","9":"product_cat-mordisquitos","11":"first","12":"instock","13":"taxable","14":"shipping-taxable","15":"purchasable","16":"product-type-simple","17":"add-to-wishlist-before_image"},"acf":[],"yoast_head":"<!-- This site is optimized with the Yoast SEO plugin v27.3 - https:\/\/yoast.com\/product\/yoast-seo-wordpress\/ -->\n<title>90 55 280 Rozadora de chapa - Wilhelm Hundt GmbH<\/title>\n<meta name=\"robots\" content=\"index, follow, max-snippet:-1, max-image-preview:large, max-video-preview:-1\" \/>\n<link rel=\"canonical\" href=\"https:\/\/hundtgroup.com\/es\/produkt\/90-55-280-rozadora-de-chapa\/\" \/>\n<meta property=\"og:locale\" content=\"es_ES\" \/>\n<meta property=\"og:type\" content=\"article\" \/>\n<meta property=\"og:title\" content=\"90 55 280 Rozadora de chapa - Wilhelm Hundt GmbH\" \/>\n<meta property=\"og:description\" content=\"Para cortar chapa de hierro, cobre o aluminio de hasta 1,2 mm de grosor como m\u00e1ximo, pl\u00e1stico de hasta 2,0 mm de grosor como m\u00e1ximo. Corta materiales sin deformarlos. Bordes de corte limpios, sin necesidad de repasar el perfil cortado. Con rompevirutas. F\u00e1cil manejo. Cuerpo de la herramienta de acero especial para herramientas, laminado, templado [&hellip;]\" \/>\n<meta property=\"og:url\" content=\"https:\/\/hundtgroup.com\/es\/produkt\/90-55-280-rozadora-de-chapa\/\" \/>\n<meta property=\"og:site_name\" content=\"Wilhelm Hundt GmbH\" \/>\n<meta property=\"article:modified_time\" content=\"2025-07-29T09:56:19+00:00\" \/>\n<meta property=\"og:image\" content=\"https:\/\/hundtgroup.com\/wp-content\/uploads\/410523.png\" \/>\n\t<meta property=\"og:image:width\" content=\"850\" \/>\n\t<meta property=\"og:image:height\" content=\"379\" \/>\n\t<meta property=\"og:image:type\" content=\"image\/png\" \/>\n<meta name=\"twitter:card\" content=\"summary_large_image\" \/>\n<script type=\"application\/ld+json\" class=\"yoast-schema-graph\">{\"@context\":\"https:\\\/\\\/schema.org\",\"@graph\":[{\"@type\":\"WebPage\",\"@id\":\"https:\\\/\\\/hundtgroup.com\\\/es\\\/produkt\\\/90-55-280-rozadora-de-chapa\\\/\",\"url\":\"https:\\\/\\\/hundtgroup.com\\\/es\\\/produkt\\\/90-55-280-rozadora-de-chapa\\\/\",\"name\":\"90 55 280 Rozadora de chapa - Wilhelm Hundt GmbH\",\"isPartOf\":{\"@id\":\"https:\\\/\\\/hundtgroup.com\\\/es\\\/#website\"},\"primaryImageOfPage\":{\"@id\":\"https:\\\/\\\/hundtgroup.com\\\/es\\\/produkt\\\/90-55-280-rozadora-de-chapa\\\/#primaryimage\"},\"image\":{\"@id\":\"https:\\\/\\\/hundtgroup.com\\\/es\\\/produkt\\\/90-55-280-rozadora-de-chapa\\\/#primaryimage\"},\"thumbnailUrl\":\"https:\\\/\\\/hundtgroup.com\\\/wp-content\\\/uploads\\\/410523.png\",\"datePublished\":\"2022-08-23T14:01:18+00:00\",\"dateModified\":\"2025-07-29T09:56:19+00:00\",\"breadcrumb\":{\"@id\":\"https:\\\/\\\/hundtgroup.com\\\/es\\\/produkt\\\/90-55-280-rozadora-de-chapa\\\/#breadcrumb\"},\"inLanguage\":\"es\",\"potentialAction\":[{\"@type\":\"ReadAction\",\"target\":[\"https:\\\/\\\/hundtgroup.com\\\/es\\\/produkt\\\/90-55-280-rozadora-de-chapa\\\/\"]}]},{\"@type\":\"ImageObject\",\"inLanguage\":\"es\",\"@id\":\"https:\\\/\\\/hundtgroup.com\\\/es\\\/produkt\\\/90-55-280-rozadora-de-chapa\\\/#primaryimage\",\"url\":\"https:\\\/\\\/hundtgroup.com\\\/wp-content\\\/uploads\\\/410523.png\",\"contentUrl\":\"https:\\\/\\\/hundtgroup.com\\\/wp-content\\\/uploads\\\/410523.png\",\"width\":850,\"height\":379},{\"@type\":\"BreadcrumbList\",\"@id\":\"https:\\\/\\\/hundtgroup.com\\\/es\\\/produkt\\\/90-55-280-rozadora-de-chapa\\\/#breadcrumb\",\"itemListElement\":[{\"@type\":\"ListItem\",\"position\":1,\"name\":\"Startseite\",\"item\":\"https:\\\/\\\/hundtgroup.com\\\/es\\\/inicio-nuevo\\\/\"},{\"@type\":\"ListItem\",\"position\":2,\"name\":\"Tienda\",\"item\":\"https:\\\/\\\/hundtgroup.com\\\/tienda\\\/\"},{\"@type\":\"ListItem\",\"position\":3,\"name\":\"90 55 280 Rozadora de chapa\"}]},{\"@type\":\"WebSite\",\"@id\":\"https:\\\/\\\/hundtgroup.com\\\/es\\\/#website\",\"url\":\"https:\\\/\\\/hundtgroup.com\\\/es\\\/\",\"name\":\"Wilhelm Hundt GmbH\",\"description\":\"Tu especialista en m\u00e1quinas y herramientas para la transformaci\u00f3n de la chapa\",\"potentialAction\":[{\"@type\":\"SearchAction\",\"target\":{\"@type\":\"EntryPoint\",\"urlTemplate\":\"https:\\\/\\\/hundtgroup.com\\\/es\\\/?s={search_term_string}\"},\"query-input\":{\"@type\":\"PropertyValueSpecification\",\"valueRequired\":true,\"valueName\":\"search_term_string\"}}],\"inLanguage\":\"es\"}]}<\/script>\n<!-- \/ Yoast SEO plugin. -->","yoast_head_json":{"title":"90 55 280 Rozadora de chapa - Wilhelm Hundt GmbH","robots":{"index":"index","follow":"follow","max-snippet":"max-snippet:-1","max-image-preview":"max-image-preview:large","max-video-preview":"max-video-preview:-1"},"canonical":"https:\/\/hundtgroup.com\/es\/produkt\/90-55-280-rozadora-de-chapa\/","og_locale":"es_ES","og_type":"article","og_title":"90 55 280 Rozadora de chapa - Wilhelm Hundt GmbH","og_description":"Para cortar chapa de hierro, cobre o aluminio de hasta 1,2 mm de grosor como m\u00e1ximo, pl\u00e1stico de hasta 2,0 mm de grosor como m\u00e1ximo. Corta materiales sin deformarlos. Bordes de corte limpios, sin necesidad de repasar el perfil cortado. Con rompevirutas. F\u00e1cil manejo. Cuerpo de la herramienta de acero especial para herramientas, laminado, templado [&hellip;]","og_url":"https:\/\/hundtgroup.com\/es\/produkt\/90-55-280-rozadora-de-chapa\/","og_site_name":"Wilhelm Hundt GmbH","article_modified_time":"2025-07-29T09:56:19+00:00","og_image":[{"width":850,"height":379,"url":"https:\/\/hundtgroup.com\/wp-content\/uploads\/410523.png","type":"image\/png"}],"twitter_card":"summary_large_image","schema":{"@context":"https:\/\/schema.org","@graph":[{"@type":"WebPage","@id":"https:\/\/hundtgroup.com\/es\/produkt\/90-55-280-rozadora-de-chapa\/","url":"https:\/\/hundtgroup.com\/es\/produkt\/90-55-280-rozadora-de-chapa\/","name":"90 55 280 Rozadora de chapa - Wilhelm Hundt GmbH","isPartOf":{"@id":"https:\/\/hundtgroup.com\/es\/#website"},"primaryImageOfPage":{"@id":"https:\/\/hundtgroup.com\/es\/produkt\/90-55-280-rozadora-de-chapa\/#primaryimage"},"image":{"@id":"https:\/\/hundtgroup.com\/es\/produkt\/90-55-280-rozadora-de-chapa\/#primaryimage"},"thumbnailUrl":"https:\/\/hundtgroup.com\/wp-content\/uploads\/410523.png","datePublished":"2022-08-23T14:01:18+00:00","dateModified":"2025-07-29T09:56:19+00:00","breadcrumb":{"@id":"https:\/\/hundtgroup.com\/es\/produkt\/90-55-280-rozadora-de-chapa\/#breadcrumb"},"inLanguage":"es","potentialAction":[{"@type":"ReadAction","target":["https:\/\/hundtgroup.com\/es\/produkt\/90-55-280-rozadora-de-chapa\/"]}]},{"@type":"ImageObject","inLanguage":"es","@id":"https:\/\/hundtgroup.com\/es\/produkt\/90-55-280-rozadora-de-chapa\/#primaryimage","url":"https:\/\/hundtgroup.com\/wp-content\/uploads\/410523.png","contentUrl":"https:\/\/hundtgroup.com\/wp-content\/uploads\/410523.png","width":850,"height":379},{"@type":"BreadcrumbList","@id":"https:\/\/hundtgroup.com\/es\/produkt\/90-55-280-rozadora-de-chapa\/#breadcrumb","itemListElement":[{"@type":"ListItem","position":1,"name":"Startseite","item":"https:\/\/hundtgroup.com\/es\/inicio-nuevo\/"},{"@type":"ListItem","position":2,"name":"Tienda","item":"https:\/\/hundtgroup.com\/tienda\/"},{"@type":"ListItem","position":3,"name":"90 55 280 Rozadora de chapa"}]},{"@type":"WebSite","@id":"https:\/\/hundtgroup.com\/es\/#website","url":"https:\/\/hundtgroup.com\/es\/","name":"Wilhelm Hundt GmbH","description":"Tu especialista en m\u00e1quinas y herramientas para la transformaci\u00f3n de la chapa","potentialAction":[{"@type":"SearchAction","target":{"@type":"EntryPoint","urlTemplate":"https:\/\/hundtgroup.com\/es\/?s={search_term_string}"},"query-input":{"@type":"PropertyValueSpecification","valueRequired":true,"valueName":"search_term_string"}}],"inLanguage":"es"}]}},"_links":{"self":[{"href":"https:\/\/hundtgroup.com\/es\/wp-json\/wp\/v2\/product\/36294","targetHints":{"allow":["GET"]}}],"collection":[{"href":"https:\/\/hundtgroup.com\/es\/wp-json\/wp\/v2\/product"}],"about":[{"href":"https:\/\/hundtgroup.com\/es\/wp-json\/wp\/v2\/types\/product"}],"wp:featuredmedia":[{"embeddable":true,"href":"https:\/\/hundtgroup.com\/es\/wp-json\/wp\/v2\/media\/34155"}],"wp:attachment":[{"href":"https:\/\/hundtgroup.com\/es\/wp-json\/wp\/v2\/media?parent=36294"}],"wp:term":[{"taxonomy":"product_cat","embeddable":true,"href":"https:\/\/hundtgroup.com\/es\/wp-json\/wp\/v2\/product_cat?post=36294"},{"taxonomy":"product_tag","embeddable":true,"href":"https:\/\/hundtgroup.com\/es\/wp-json\/wp\/v2\/product_tag?post=36294"}],"curies":[{"name":"wp","href":"https:\/\/api.w.org\/{rel}","templated":true}]}}