{"id":36312,"date":"2022-10-26T15:58:20","date_gmt":"2022-10-26T13:58:20","guid":{"rendered":"https:\/\/hundtgroup.com\/produkt\/cinta-metrica-panoramica\/"},"modified":"2025-07-29T12:07:15","modified_gmt":"2025-07-29T10:07:15","slug":"cinta-metrica-panoramica","status":"publish","type":"product","link":"https:\/\/hundtgroup.com\/es\/produkt\/cinta-metrica-panoramica\/","title":{"rendered":"Cinta m\u00e9trica Panor\u00e1mica"},"content":{"rendered":"<p>Cinta m\u00e9trica de calidad profesional con ventana de visualizaci\u00f3n.<br \/>\nCinta pintada para una larga vida \u00fatil.<br \/>\nList\u00f3n de aluminio en forma de U que protege la parte inferior de la carcasa.<br \/>\nGanchos de los extremos remachados dos veces.<br \/>\nCarcasa de pl\u00e1stico marr\u00f3n resistente a los golpes con ventana de visualizaci\u00f3n.<br \/>\nM\u00e1xima facilidad de uso y m\u00e1xima durabilidad.<br \/>\nPrecisi\u00f3n clase II<\/p>\n","protected":false},"excerpt":{"rendered":"<p>Cinta m\u00e9trica de calidad profesional con ventana de visualizaci\u00f3n. Cinta pintada para una larga vida \u00fatil. List\u00f3n de aluminio en forma de U que protege la parte inferior de la carcasa. Ganchos de los extremos remachados dos veces. Carcasa de pl\u00e1stico marr\u00f3n resistente a los golpes con ventana de visualizaci\u00f3n. M\u00e1xima facilidad de uso y [&hellip;]<\/p>\n","protected":false},"featured_media":34204,"template":"","meta":{"_acf_changed":false,"inline_featured_image":false},"product_cat":[1754,1770,2767],"product_tag":[],"class_list":{"0":"post-36312","1":"product","2":"type-product","3":"status-publish","4":"has-post-thumbnail","6":"brand-stanley","7":"product_cat-herramientas-manuales","8":"product_cat-herramientas-de-medicion","9":"product_cat-cinta-metrica","11":"first","12":"instock","13":"taxable","14":"shipping-taxable","15":"purchasable","16":"product-type-simple","17":"add-to-wishlist-before_image"},"acf":[],"yoast_head":"<!-- This site is optimized with the Yoast SEO plugin v27.3 - https:\/\/yoast.com\/product\/yoast-seo-wordpress\/ -->\n<title>Cinta m\u00e9trica Panor\u00e1mica - Wilhelm Hundt GmbH<\/title>\n<meta name=\"robots\" content=\"index, follow, max-snippet:-1, max-image-preview:large, max-video-preview:-1\" \/>\n<link rel=\"canonical\" href=\"https:\/\/hundtgroup.com\/es\/produkt\/cinta-metrica-panoramica\/\" \/>\n<meta property=\"og:locale\" content=\"es_ES\" \/>\n<meta property=\"og:type\" content=\"article\" \/>\n<meta property=\"og:title\" content=\"Cinta m\u00e9trica Panor\u00e1mica - Wilhelm Hundt GmbH\" \/>\n<meta property=\"og:description\" content=\"Cinta m\u00e9trica de calidad profesional con ventana de visualizaci\u00f3n. Cinta pintada para una larga vida \u00fatil. List\u00f3n de aluminio en forma de U que protege la parte inferior de la carcasa. Ganchos de los extremos remachados dos veces. Carcasa de pl\u00e1stico marr\u00f3n resistente a los golpes con ventana de visualizaci\u00f3n. M\u00e1xima facilidad de uso y [&hellip;]\" \/>\n<meta property=\"og:url\" content=\"https:\/\/hundtgroup.com\/es\/produkt\/cinta-metrica-panoramica\/\" \/>\n<meta property=\"og:site_name\" content=\"Wilhelm Hundt GmbH\" \/>\n<meta property=\"article:modified_time\" content=\"2025-07-29T10:07:15+00:00\" \/>\n<meta property=\"og:image\" content=\"https:\/\/hundtgroup.com\/wp-content\/uploads\/420247.png\" \/>\n\t<meta property=\"og:image:width\" content=\"260\" \/>\n\t<meta property=\"og:image:height\" content=\"260\" \/>\n\t<meta property=\"og:image:type\" content=\"image\/png\" \/>\n<meta name=\"twitter:card\" content=\"summary_large_image\" \/>\n<script type=\"application\/ld+json\" class=\"yoast-schema-graph\">{\"@context\":\"https:\\\/\\\/schema.org\",\"@graph\":[{\"@type\":\"WebPage\",\"@id\":\"https:\\\/\\\/hundtgroup.com\\\/es\\\/produkt\\\/cinta-metrica-panoramica\\\/\",\"url\":\"https:\\\/\\\/hundtgroup.com\\\/es\\\/produkt\\\/cinta-metrica-panoramica\\\/\",\"name\":\"Cinta m\u00e9trica Panor\u00e1mica - Wilhelm Hundt GmbH\",\"isPartOf\":{\"@id\":\"https:\\\/\\\/hundtgroup.com\\\/es\\\/#website\"},\"primaryImageOfPage\":{\"@id\":\"https:\\\/\\\/hundtgroup.com\\\/es\\\/produkt\\\/cinta-metrica-panoramica\\\/#primaryimage\"},\"image\":{\"@id\":\"https:\\\/\\\/hundtgroup.com\\\/es\\\/produkt\\\/cinta-metrica-panoramica\\\/#primaryimage\"},\"thumbnailUrl\":\"https:\\\/\\\/hundtgroup.com\\\/wp-content\\\/uploads\\\/420247.png\",\"datePublished\":\"2022-10-26T13:58:20+00:00\",\"dateModified\":\"2025-07-29T10:07:15+00:00\",\"breadcrumb\":{\"@id\":\"https:\\\/\\\/hundtgroup.com\\\/es\\\/produkt\\\/cinta-metrica-panoramica\\\/#breadcrumb\"},\"inLanguage\":\"es\",\"potentialAction\":[{\"@type\":\"ReadAction\",\"target\":[\"https:\\\/\\\/hundtgroup.com\\\/es\\\/produkt\\\/cinta-metrica-panoramica\\\/\"]}]},{\"@type\":\"ImageObject\",\"inLanguage\":\"es\",\"@id\":\"https:\\\/\\\/hundtgroup.com\\\/es\\\/produkt\\\/cinta-metrica-panoramica\\\/#primaryimage\",\"url\":\"https:\\\/\\\/hundtgroup.com\\\/wp-content\\\/uploads\\\/420247.png\",\"contentUrl\":\"https:\\\/\\\/hundtgroup.com\\\/wp-content\\\/uploads\\\/420247.png\",\"width\":260,\"height\":260},{\"@type\":\"BreadcrumbList\",\"@id\":\"https:\\\/\\\/hundtgroup.com\\\/es\\\/produkt\\\/cinta-metrica-panoramica\\\/#breadcrumb\",\"itemListElement\":[{\"@type\":\"ListItem\",\"position\":1,\"name\":\"Startseite\",\"item\":\"https:\\\/\\\/hundtgroup.com\\\/es\\\/inicio-nuevo\\\/\"},{\"@type\":\"ListItem\",\"position\":2,\"name\":\"Tienda\",\"item\":\"https:\\\/\\\/hundtgroup.com\\\/tienda\\\/\"},{\"@type\":\"ListItem\",\"position\":3,\"name\":\"Cinta m\u00e9trica Panor\u00e1mica\"}]},{\"@type\":\"WebSite\",\"@id\":\"https:\\\/\\\/hundtgroup.com\\\/es\\\/#website\",\"url\":\"https:\\\/\\\/hundtgroup.com\\\/es\\\/\",\"name\":\"Wilhelm Hundt GmbH\",\"description\":\"Tu especialista en m\u00e1quinas y herramientas para la transformaci\u00f3n de la chapa\",\"potentialAction\":[{\"@type\":\"SearchAction\",\"target\":{\"@type\":\"EntryPoint\",\"urlTemplate\":\"https:\\\/\\\/hundtgroup.com\\\/es\\\/?s={search_term_string}\"},\"query-input\":{\"@type\":\"PropertyValueSpecification\",\"valueRequired\":true,\"valueName\":\"search_term_string\"}}],\"inLanguage\":\"es\"}]}<\/script>\n<!-- \/ Yoast SEO plugin. -->","yoast_head_json":{"title":"Cinta m\u00e9trica Panor\u00e1mica - Wilhelm Hundt GmbH","robots":{"index":"index","follow":"follow","max-snippet":"max-snippet:-1","max-image-preview":"max-image-preview:large","max-video-preview":"max-video-preview:-1"},"canonical":"https:\/\/hundtgroup.com\/es\/produkt\/cinta-metrica-panoramica\/","og_locale":"es_ES","og_type":"article","og_title":"Cinta m\u00e9trica Panor\u00e1mica - Wilhelm Hundt GmbH","og_description":"Cinta m\u00e9trica de calidad profesional con ventana de visualizaci\u00f3n. Cinta pintada para una larga vida \u00fatil. List\u00f3n de aluminio en forma de U que protege la parte inferior de la carcasa. Ganchos de los extremos remachados dos veces. Carcasa de pl\u00e1stico marr\u00f3n resistente a los golpes con ventana de visualizaci\u00f3n. M\u00e1xima facilidad de uso y [&hellip;]","og_url":"https:\/\/hundtgroup.com\/es\/produkt\/cinta-metrica-panoramica\/","og_site_name":"Wilhelm Hundt GmbH","article_modified_time":"2025-07-29T10:07:15+00:00","og_image":[{"width":260,"height":260,"url":"https:\/\/hundtgroup.com\/wp-content\/uploads\/420247.png","type":"image\/png"}],"twitter_card":"summary_large_image","schema":{"@context":"https:\/\/schema.org","@graph":[{"@type":"WebPage","@id":"https:\/\/hundtgroup.com\/es\/produkt\/cinta-metrica-panoramica\/","url":"https:\/\/hundtgroup.com\/es\/produkt\/cinta-metrica-panoramica\/","name":"Cinta m\u00e9trica Panor\u00e1mica - Wilhelm Hundt GmbH","isPartOf":{"@id":"https:\/\/hundtgroup.com\/es\/#website"},"primaryImageOfPage":{"@id":"https:\/\/hundtgroup.com\/es\/produkt\/cinta-metrica-panoramica\/#primaryimage"},"image":{"@id":"https:\/\/hundtgroup.com\/es\/produkt\/cinta-metrica-panoramica\/#primaryimage"},"thumbnailUrl":"https:\/\/hundtgroup.com\/wp-content\/uploads\/420247.png","datePublished":"2022-10-26T13:58:20+00:00","dateModified":"2025-07-29T10:07:15+00:00","breadcrumb":{"@id":"https:\/\/hundtgroup.com\/es\/produkt\/cinta-metrica-panoramica\/#breadcrumb"},"inLanguage":"es","potentialAction":[{"@type":"ReadAction","target":["https:\/\/hundtgroup.com\/es\/produkt\/cinta-metrica-panoramica\/"]}]},{"@type":"ImageObject","inLanguage":"es","@id":"https:\/\/hundtgroup.com\/es\/produkt\/cinta-metrica-panoramica\/#primaryimage","url":"https:\/\/hundtgroup.com\/wp-content\/uploads\/420247.png","contentUrl":"https:\/\/hundtgroup.com\/wp-content\/uploads\/420247.png","width":260,"height":260},{"@type":"BreadcrumbList","@id":"https:\/\/hundtgroup.com\/es\/produkt\/cinta-metrica-panoramica\/#breadcrumb","itemListElement":[{"@type":"ListItem","position":1,"name":"Startseite","item":"https:\/\/hundtgroup.com\/es\/inicio-nuevo\/"},{"@type":"ListItem","position":2,"name":"Tienda","item":"https:\/\/hundtgroup.com\/tienda\/"},{"@type":"ListItem","position":3,"name":"Cinta m\u00e9trica Panor\u00e1mica"}]},{"@type":"WebSite","@id":"https:\/\/hundtgroup.com\/es\/#website","url":"https:\/\/hundtgroup.com\/es\/","name":"Wilhelm Hundt GmbH","description":"Tu especialista en m\u00e1quinas y herramientas para la transformaci\u00f3n de la chapa","potentialAction":[{"@type":"SearchAction","target":{"@type":"EntryPoint","urlTemplate":"https:\/\/hundtgroup.com\/es\/?s={search_term_string}"},"query-input":{"@type":"PropertyValueSpecification","valueRequired":true,"valueName":"search_term_string"}}],"inLanguage":"es"}]}},"_links":{"self":[{"href":"https:\/\/hundtgroup.com\/es\/wp-json\/wp\/v2\/product\/36312","targetHints":{"allow":["GET"]}}],"collection":[{"href":"https:\/\/hundtgroup.com\/es\/wp-json\/wp\/v2\/product"}],"about":[{"href":"https:\/\/hundtgroup.com\/es\/wp-json\/wp\/v2\/types\/product"}],"wp:featuredmedia":[{"embeddable":true,"href":"https:\/\/hundtgroup.com\/es\/wp-json\/wp\/v2\/media\/34204"}],"wp:attachment":[{"href":"https:\/\/hundtgroup.com\/es\/wp-json\/wp\/v2\/media?parent=36312"}],"wp:term":[{"taxonomy":"product_cat","embeddable":true,"href":"https:\/\/hundtgroup.com\/es\/wp-json\/wp\/v2\/product_cat?post=36312"},{"taxonomy":"product_tag","embeddable":true,"href":"https:\/\/hundtgroup.com\/es\/wp-json\/wp\/v2\/product_tag?post=36312"}],"curies":[{"name":"wp","href":"https:\/\/api.w.org\/{rel}","templated":true}]}}