{"id":36370,"date":"2022-10-26T15:58:25","date_gmt":"2022-10-26T13:58:25","guid":{"rendered":"https:\/\/hundtgroup.com\/produkt\/abrazadera-de-caldera\/"},"modified":"2025-08-06T08:44:45","modified_gmt":"2025-08-06T06:44:45","slug":"abrazadera-de-caldera","status":"publish","type":"product","link":"https:\/\/hundtgroup.com\/es\/produkt\/abrazadera-de-caldera\/","title":{"rendered":"Abrazadera de caldera"},"content":{"rendered":"<p>Abrazaderas para dep\u00f3sitos y calderas para trabajos de aislamiento con tensi\u00f3n m\u00e1xima mediante fleje de acero de 25 mm de ancho.<\/p>\n","protected":false},"excerpt":{"rendered":"<p>Abrazaderas para dep\u00f3sitos y calderas para trabajos de aislamiento con tensi\u00f3n m\u00e1xima mediante fleje de acero de 25 mm de ancho.<\/p>\n","protected":false},"featured_media":34294,"template":"","meta":{"_acf_changed":false,"inline_featured_image":false},"product_cat":[1754,1809],"product_tag":[],"class_list":{"0":"post-36370","1":"product","2":"type-product","3":"status-publish","4":"has-post-thumbnail","6":"brand-hundt","7":"product_cat-herramientas-manuales","8":"product_cat-herramientas-de-sujecion","10":"first","11":"instock","12":"taxable","13":"shipping-taxable","14":"purchasable","15":"product-type-simple","16":"add-to-wishlist-before_image"},"acf":[],"yoast_head":"<!-- This site is optimized with the Yoast SEO plugin v27.3 - https:\/\/yoast.com\/product\/yoast-seo-wordpress\/ -->\n<title>Abrazadera de caldera - Wilhelm Hundt GmbH<\/title>\n<meta name=\"robots\" content=\"index, follow, max-snippet:-1, max-image-preview:large, max-video-preview:-1\" \/>\n<link rel=\"canonical\" href=\"https:\/\/hundtgroup.com\/es\/produkt\/abrazadera-de-caldera\/\" \/>\n<meta property=\"og:locale\" content=\"es_ES\" \/>\n<meta property=\"og:type\" content=\"article\" \/>\n<meta property=\"og:title\" content=\"Abrazadera de caldera - Wilhelm Hundt GmbH\" \/>\n<meta property=\"og:description\" content=\"Abrazaderas para dep\u00f3sitos y calderas para trabajos de aislamiento con tensi\u00f3n m\u00e1xima mediante fleje de acero de 25 mm de ancho.\" \/>\n<meta property=\"og:url\" content=\"https:\/\/hundtgroup.com\/es\/produkt\/abrazadera-de-caldera\/\" \/>\n<meta property=\"og:site_name\" content=\"Wilhelm Hundt GmbH\" \/>\n<meta property=\"article:modified_time\" content=\"2025-08-06T06:44:45+00:00\" \/>\n<meta property=\"og:image\" content=\"https:\/\/hundtgroup.com\/wp-content\/uploads\/460200.png\" \/>\n\t<meta property=\"og:image:width\" content=\"595\" \/>\n\t<meta property=\"og:image:height\" content=\"356\" \/>\n\t<meta property=\"og:image:type\" content=\"image\/png\" \/>\n<meta name=\"twitter:card\" content=\"summary_large_image\" \/>\n<script type=\"application\/ld+json\" class=\"yoast-schema-graph\">{\"@context\":\"https:\\\/\\\/schema.org\",\"@graph\":[{\"@type\":\"WebPage\",\"@id\":\"https:\\\/\\\/hundtgroup.com\\\/es\\\/produkt\\\/abrazadera-de-caldera\\\/\",\"url\":\"https:\\\/\\\/hundtgroup.com\\\/es\\\/produkt\\\/abrazadera-de-caldera\\\/\",\"name\":\"Abrazadera de caldera - Wilhelm Hundt GmbH\",\"isPartOf\":{\"@id\":\"https:\\\/\\\/hundtgroup.com\\\/es\\\/#website\"},\"primaryImageOfPage\":{\"@id\":\"https:\\\/\\\/hundtgroup.com\\\/es\\\/produkt\\\/abrazadera-de-caldera\\\/#primaryimage\"},\"image\":{\"@id\":\"https:\\\/\\\/hundtgroup.com\\\/es\\\/produkt\\\/abrazadera-de-caldera\\\/#primaryimage\"},\"thumbnailUrl\":\"https:\\\/\\\/hundtgroup.com\\\/wp-content\\\/uploads\\\/460200.png\",\"datePublished\":\"2022-10-26T13:58:25+00:00\",\"dateModified\":\"2025-08-06T06:44:45+00:00\",\"breadcrumb\":{\"@id\":\"https:\\\/\\\/hundtgroup.com\\\/es\\\/produkt\\\/abrazadera-de-caldera\\\/#breadcrumb\"},\"inLanguage\":\"es\",\"potentialAction\":[{\"@type\":\"ReadAction\",\"target\":[\"https:\\\/\\\/hundtgroup.com\\\/es\\\/produkt\\\/abrazadera-de-caldera\\\/\"]}]},{\"@type\":\"ImageObject\",\"inLanguage\":\"es\",\"@id\":\"https:\\\/\\\/hundtgroup.com\\\/es\\\/produkt\\\/abrazadera-de-caldera\\\/#primaryimage\",\"url\":\"https:\\\/\\\/hundtgroup.com\\\/wp-content\\\/uploads\\\/460200.png\",\"contentUrl\":\"https:\\\/\\\/hundtgroup.com\\\/wp-content\\\/uploads\\\/460200.png\",\"width\":595,\"height\":356},{\"@type\":\"BreadcrumbList\",\"@id\":\"https:\\\/\\\/hundtgroup.com\\\/es\\\/produkt\\\/abrazadera-de-caldera\\\/#breadcrumb\",\"itemListElement\":[{\"@type\":\"ListItem\",\"position\":1,\"name\":\"Startseite\",\"item\":\"https:\\\/\\\/hundtgroup.com\\\/es\\\/inicio-nuevo\\\/\"},{\"@type\":\"ListItem\",\"position\":2,\"name\":\"Tienda\",\"item\":\"https:\\\/\\\/hundtgroup.com\\\/tienda\\\/\"},{\"@type\":\"ListItem\",\"position\":3,\"name\":\"Abrazadera de caldera\"}]},{\"@type\":\"WebSite\",\"@id\":\"https:\\\/\\\/hundtgroup.com\\\/es\\\/#website\",\"url\":\"https:\\\/\\\/hundtgroup.com\\\/es\\\/\",\"name\":\"Wilhelm Hundt GmbH\",\"description\":\"Tu especialista en m\u00e1quinas y herramientas para la transformaci\u00f3n de la chapa\",\"potentialAction\":[{\"@type\":\"SearchAction\",\"target\":{\"@type\":\"EntryPoint\",\"urlTemplate\":\"https:\\\/\\\/hundtgroup.com\\\/es\\\/?s={search_term_string}\"},\"query-input\":{\"@type\":\"PropertyValueSpecification\",\"valueRequired\":true,\"valueName\":\"search_term_string\"}}],\"inLanguage\":\"es\"}]}<\/script>\n<!-- \/ Yoast SEO plugin. -->","yoast_head_json":{"title":"Abrazadera de caldera - Wilhelm Hundt GmbH","robots":{"index":"index","follow":"follow","max-snippet":"max-snippet:-1","max-image-preview":"max-image-preview:large","max-video-preview":"max-video-preview:-1"},"canonical":"https:\/\/hundtgroup.com\/es\/produkt\/abrazadera-de-caldera\/","og_locale":"es_ES","og_type":"article","og_title":"Abrazadera de caldera - Wilhelm Hundt GmbH","og_description":"Abrazaderas para dep\u00f3sitos y calderas para trabajos de aislamiento con tensi\u00f3n m\u00e1xima mediante fleje de acero de 25 mm de ancho.","og_url":"https:\/\/hundtgroup.com\/es\/produkt\/abrazadera-de-caldera\/","og_site_name":"Wilhelm Hundt GmbH","article_modified_time":"2025-08-06T06:44:45+00:00","og_image":[{"width":595,"height":356,"url":"https:\/\/hundtgroup.com\/wp-content\/uploads\/460200.png","type":"image\/png"}],"twitter_card":"summary_large_image","schema":{"@context":"https:\/\/schema.org","@graph":[{"@type":"WebPage","@id":"https:\/\/hundtgroup.com\/es\/produkt\/abrazadera-de-caldera\/","url":"https:\/\/hundtgroup.com\/es\/produkt\/abrazadera-de-caldera\/","name":"Abrazadera de caldera - Wilhelm Hundt GmbH","isPartOf":{"@id":"https:\/\/hundtgroup.com\/es\/#website"},"primaryImageOfPage":{"@id":"https:\/\/hundtgroup.com\/es\/produkt\/abrazadera-de-caldera\/#primaryimage"},"image":{"@id":"https:\/\/hundtgroup.com\/es\/produkt\/abrazadera-de-caldera\/#primaryimage"},"thumbnailUrl":"https:\/\/hundtgroup.com\/wp-content\/uploads\/460200.png","datePublished":"2022-10-26T13:58:25+00:00","dateModified":"2025-08-06T06:44:45+00:00","breadcrumb":{"@id":"https:\/\/hundtgroup.com\/es\/produkt\/abrazadera-de-caldera\/#breadcrumb"},"inLanguage":"es","potentialAction":[{"@type":"ReadAction","target":["https:\/\/hundtgroup.com\/es\/produkt\/abrazadera-de-caldera\/"]}]},{"@type":"ImageObject","inLanguage":"es","@id":"https:\/\/hundtgroup.com\/es\/produkt\/abrazadera-de-caldera\/#primaryimage","url":"https:\/\/hundtgroup.com\/wp-content\/uploads\/460200.png","contentUrl":"https:\/\/hundtgroup.com\/wp-content\/uploads\/460200.png","width":595,"height":356},{"@type":"BreadcrumbList","@id":"https:\/\/hundtgroup.com\/es\/produkt\/abrazadera-de-caldera\/#breadcrumb","itemListElement":[{"@type":"ListItem","position":1,"name":"Startseite","item":"https:\/\/hundtgroup.com\/es\/inicio-nuevo\/"},{"@type":"ListItem","position":2,"name":"Tienda","item":"https:\/\/hundtgroup.com\/tienda\/"},{"@type":"ListItem","position":3,"name":"Abrazadera de caldera"}]},{"@type":"WebSite","@id":"https:\/\/hundtgroup.com\/es\/#website","url":"https:\/\/hundtgroup.com\/es\/","name":"Wilhelm Hundt GmbH","description":"Tu especialista en m\u00e1quinas y herramientas para la transformaci\u00f3n de la chapa","potentialAction":[{"@type":"SearchAction","target":{"@type":"EntryPoint","urlTemplate":"https:\/\/hundtgroup.com\/es\/?s={search_term_string}"},"query-input":{"@type":"PropertyValueSpecification","valueRequired":true,"valueName":"search_term_string"}}],"inLanguage":"es"}]}},"_links":{"self":[{"href":"https:\/\/hundtgroup.com\/es\/wp-json\/wp\/v2\/product\/36370","targetHints":{"allow":["GET"]}}],"collection":[{"href":"https:\/\/hundtgroup.com\/es\/wp-json\/wp\/v2\/product"}],"about":[{"href":"https:\/\/hundtgroup.com\/es\/wp-json\/wp\/v2\/types\/product"}],"wp:featuredmedia":[{"embeddable":true,"href":"https:\/\/hundtgroup.com\/es\/wp-json\/wp\/v2\/media\/34294"}],"wp:attachment":[{"href":"https:\/\/hundtgroup.com\/es\/wp-json\/wp\/v2\/media?parent=36370"}],"wp:term":[{"taxonomy":"product_cat","embeddable":true,"href":"https:\/\/hundtgroup.com\/es\/wp-json\/wp\/v2\/product_cat?post=36370"},{"taxonomy":"product_tag","embeddable":true,"href":"https:\/\/hundtgroup.com\/es\/wp-json\/wp\/v2\/product_tag?post=36370"}],"curies":[{"name":"wp","href":"https:\/\/api.w.org\/{rel}","templated":true}]}}