{"id":36443,"date":"2022-10-26T15:58:36","date_gmt":"2022-10-26T13:58:36","guid":{"rendered":"https:\/\/hundtgroup.com\/produkt\/perforadora-de-palanca-21-8\/"},"modified":"2025-07-29T12:21:38","modified_gmt":"2025-07-29T10:21:38","slug":"perforadora-de-palanca-21-8","status":"publish","type":"product","link":"https:\/\/hundtgroup.com\/es\/produkt\/perforadora-de-palanca-21-8\/","title":{"rendered":"Perforadora de palanca 21\/8"},"content":{"rendered":"<p>Cuerpo del punz\u00f3n de acero resistente a la torsi\u00f3n.<br \/>\nTransmisi\u00f3n por palanca de engranajes.<br \/>\nGu\u00eda de deslizamiento del punz\u00f3n sin holgura.<br \/>\nBloqueo de la palanca mediante muelle de torsi\u00f3n.<br \/>\nTodos los punzones pueden equiparse con un punz\u00f3n especial de hasta 45 mm \u00d8.<\/p>\n<p>Accesorios (no incluidos en el volumen de suministro):<br \/>\nPunzones \u00d8 3 &#8211; 18 mm<\/p>\n","protected":false},"excerpt":{"rendered":"<p>Cuerpo del punz\u00f3n de acero resistente a la torsi\u00f3n. Transmisi\u00f3n por palanca de engranajes. Gu\u00eda de deslizamiento del punz\u00f3n sin holgura. Bloqueo de la palanca mediante muelle de torsi\u00f3n. Todos los punzones pueden equiparse con un punz\u00f3n especial de hasta 45 mm \u00d8. Accesorios (no incluidos en el volumen de suministro): Punzones \u00d8 3 &#8211; [&hellip;]<\/p>\n","protected":false},"featured_media":33924,"template":"","meta":{"_acf_changed":false,"inline_featured_image":false},"product_cat":[1754,1810],"product_tag":[],"class_list":{"0":"post-36443","1":"product","2":"type-product","3":"status-publish","4":"has-post-thumbnail","6":"brand-hundt","7":"product_cat-herramientas-manuales","8":"product_cat-perforacion","10":"first","11":"instock","12":"taxable","13":"shipping-taxable","14":"purchasable","15":"product-type-simple","16":"add-to-wishlist-before_image"},"acf":[],"yoast_head":"<!-- This site is optimized with the Yoast SEO plugin v27.3 - https:\/\/yoast.com\/product\/yoast-seo-wordpress\/ -->\n<title>Perforadora de palanca 21\/8 - Wilhelm Hundt GmbH<\/title>\n<meta name=\"robots\" content=\"index, follow, max-snippet:-1, max-image-preview:large, max-video-preview:-1\" \/>\n<link rel=\"canonical\" href=\"https:\/\/hundtgroup.com\/es\/produkt\/perforadora-de-palanca-21-8\/\" \/>\n<meta property=\"og:locale\" content=\"es_ES\" \/>\n<meta property=\"og:type\" content=\"article\" \/>\n<meta property=\"og:title\" content=\"Perforadora de palanca 21\/8 - Wilhelm Hundt GmbH\" \/>\n<meta property=\"og:description\" content=\"Cuerpo del punz\u00f3n de acero resistente a la torsi\u00f3n. Transmisi\u00f3n por palanca de engranajes. Gu\u00eda de deslizamiento del punz\u00f3n sin holgura. Bloqueo de la palanca mediante muelle de torsi\u00f3n. Todos los punzones pueden equiparse con un punz\u00f3n especial de hasta 45 mm \u00d8. Accesorios (no incluidos en el volumen de suministro): Punzones \u00d8 3 &#8211; [&hellip;]\" \/>\n<meta property=\"og:url\" content=\"https:\/\/hundtgroup.com\/es\/produkt\/perforadora-de-palanca-21-8\/\" \/>\n<meta property=\"og:site_name\" content=\"Wilhelm Hundt GmbH\" \/>\n<meta property=\"article:modified_time\" content=\"2025-07-29T10:21:38+00:00\" \/>\n<meta property=\"og:image\" content=\"https:\/\/hundtgroup.com\/wp-content\/uploads\/298101.png\" \/>\n\t<meta property=\"og:image:width\" content=\"262\" \/>\n\t<meta property=\"og:image:height\" content=\"472\" \/>\n\t<meta property=\"og:image:type\" content=\"image\/png\" \/>\n<meta name=\"twitter:card\" content=\"summary_large_image\" \/>\n<script type=\"application\/ld+json\" class=\"yoast-schema-graph\">{\"@context\":\"https:\\\/\\\/schema.org\",\"@graph\":[{\"@type\":\"WebPage\",\"@id\":\"https:\\\/\\\/hundtgroup.com\\\/es\\\/produkt\\\/perforadora-de-palanca-21-8\\\/\",\"url\":\"https:\\\/\\\/hundtgroup.com\\\/es\\\/produkt\\\/perforadora-de-palanca-21-8\\\/\",\"name\":\"Perforadora de palanca 21\\\/8 - Wilhelm Hundt GmbH\",\"isPartOf\":{\"@id\":\"https:\\\/\\\/hundtgroup.com\\\/es\\\/#website\"},\"primaryImageOfPage\":{\"@id\":\"https:\\\/\\\/hundtgroup.com\\\/es\\\/produkt\\\/perforadora-de-palanca-21-8\\\/#primaryimage\"},\"image\":{\"@id\":\"https:\\\/\\\/hundtgroup.com\\\/es\\\/produkt\\\/perforadora-de-palanca-21-8\\\/#primaryimage\"},\"thumbnailUrl\":\"https:\\\/\\\/hundtgroup.com\\\/wp-content\\\/uploads\\\/298101.png\",\"datePublished\":\"2022-10-26T13:58:36+00:00\",\"dateModified\":\"2025-07-29T10:21:38+00:00\",\"breadcrumb\":{\"@id\":\"https:\\\/\\\/hundtgroup.com\\\/es\\\/produkt\\\/perforadora-de-palanca-21-8\\\/#breadcrumb\"},\"inLanguage\":\"es\",\"potentialAction\":[{\"@type\":\"ReadAction\",\"target\":[\"https:\\\/\\\/hundtgroup.com\\\/es\\\/produkt\\\/perforadora-de-palanca-21-8\\\/\"]}]},{\"@type\":\"ImageObject\",\"inLanguage\":\"es\",\"@id\":\"https:\\\/\\\/hundtgroup.com\\\/es\\\/produkt\\\/perforadora-de-palanca-21-8\\\/#primaryimage\",\"url\":\"https:\\\/\\\/hundtgroup.com\\\/wp-content\\\/uploads\\\/298101.png\",\"contentUrl\":\"https:\\\/\\\/hundtgroup.com\\\/wp-content\\\/uploads\\\/298101.png\",\"width\":262,\"height\":472},{\"@type\":\"BreadcrumbList\",\"@id\":\"https:\\\/\\\/hundtgroup.com\\\/es\\\/produkt\\\/perforadora-de-palanca-21-8\\\/#breadcrumb\",\"itemListElement\":[{\"@type\":\"ListItem\",\"position\":1,\"name\":\"Startseite\",\"item\":\"https:\\\/\\\/hundtgroup.com\\\/es\\\/inicio-nuevo\\\/\"},{\"@type\":\"ListItem\",\"position\":2,\"name\":\"Tienda\",\"item\":\"https:\\\/\\\/hundtgroup.com\\\/tienda\\\/\"},{\"@type\":\"ListItem\",\"position\":3,\"name\":\"Perforadora de palanca 21\\\/8\"}]},{\"@type\":\"WebSite\",\"@id\":\"https:\\\/\\\/hundtgroup.com\\\/es\\\/#website\",\"url\":\"https:\\\/\\\/hundtgroup.com\\\/es\\\/\",\"name\":\"Wilhelm Hundt GmbH\",\"description\":\"Tu especialista en m\u00e1quinas y herramientas para la transformaci\u00f3n de la chapa\",\"potentialAction\":[{\"@type\":\"SearchAction\",\"target\":{\"@type\":\"EntryPoint\",\"urlTemplate\":\"https:\\\/\\\/hundtgroup.com\\\/es\\\/?s={search_term_string}\"},\"query-input\":{\"@type\":\"PropertyValueSpecification\",\"valueRequired\":true,\"valueName\":\"search_term_string\"}}],\"inLanguage\":\"es\"}]}<\/script>\n<!-- \/ Yoast SEO plugin. -->","yoast_head_json":{"title":"Perforadora de palanca 21\/8 - Wilhelm Hundt GmbH","robots":{"index":"index","follow":"follow","max-snippet":"max-snippet:-1","max-image-preview":"max-image-preview:large","max-video-preview":"max-video-preview:-1"},"canonical":"https:\/\/hundtgroup.com\/es\/produkt\/perforadora-de-palanca-21-8\/","og_locale":"es_ES","og_type":"article","og_title":"Perforadora de palanca 21\/8 - Wilhelm Hundt GmbH","og_description":"Cuerpo del punz\u00f3n de acero resistente a la torsi\u00f3n. Transmisi\u00f3n por palanca de engranajes. Gu\u00eda de deslizamiento del punz\u00f3n sin holgura. Bloqueo de la palanca mediante muelle de torsi\u00f3n. Todos los punzones pueden equiparse con un punz\u00f3n especial de hasta 45 mm \u00d8. Accesorios (no incluidos en el volumen de suministro): Punzones \u00d8 3 &#8211; [&hellip;]","og_url":"https:\/\/hundtgroup.com\/es\/produkt\/perforadora-de-palanca-21-8\/","og_site_name":"Wilhelm Hundt GmbH","article_modified_time":"2025-07-29T10:21:38+00:00","og_image":[{"width":262,"height":472,"url":"https:\/\/hundtgroup.com\/wp-content\/uploads\/298101.png","type":"image\/png"}],"twitter_card":"summary_large_image","schema":{"@context":"https:\/\/schema.org","@graph":[{"@type":"WebPage","@id":"https:\/\/hundtgroup.com\/es\/produkt\/perforadora-de-palanca-21-8\/","url":"https:\/\/hundtgroup.com\/es\/produkt\/perforadora-de-palanca-21-8\/","name":"Perforadora de palanca 21\/8 - Wilhelm Hundt GmbH","isPartOf":{"@id":"https:\/\/hundtgroup.com\/es\/#website"},"primaryImageOfPage":{"@id":"https:\/\/hundtgroup.com\/es\/produkt\/perforadora-de-palanca-21-8\/#primaryimage"},"image":{"@id":"https:\/\/hundtgroup.com\/es\/produkt\/perforadora-de-palanca-21-8\/#primaryimage"},"thumbnailUrl":"https:\/\/hundtgroup.com\/wp-content\/uploads\/298101.png","datePublished":"2022-10-26T13:58:36+00:00","dateModified":"2025-07-29T10:21:38+00:00","breadcrumb":{"@id":"https:\/\/hundtgroup.com\/es\/produkt\/perforadora-de-palanca-21-8\/#breadcrumb"},"inLanguage":"es","potentialAction":[{"@type":"ReadAction","target":["https:\/\/hundtgroup.com\/es\/produkt\/perforadora-de-palanca-21-8\/"]}]},{"@type":"ImageObject","inLanguage":"es","@id":"https:\/\/hundtgroup.com\/es\/produkt\/perforadora-de-palanca-21-8\/#primaryimage","url":"https:\/\/hundtgroup.com\/wp-content\/uploads\/298101.png","contentUrl":"https:\/\/hundtgroup.com\/wp-content\/uploads\/298101.png","width":262,"height":472},{"@type":"BreadcrumbList","@id":"https:\/\/hundtgroup.com\/es\/produkt\/perforadora-de-palanca-21-8\/#breadcrumb","itemListElement":[{"@type":"ListItem","position":1,"name":"Startseite","item":"https:\/\/hundtgroup.com\/es\/inicio-nuevo\/"},{"@type":"ListItem","position":2,"name":"Tienda","item":"https:\/\/hundtgroup.com\/tienda\/"},{"@type":"ListItem","position":3,"name":"Perforadora de palanca 21\/8"}]},{"@type":"WebSite","@id":"https:\/\/hundtgroup.com\/es\/#website","url":"https:\/\/hundtgroup.com\/es\/","name":"Wilhelm Hundt GmbH","description":"Tu especialista en m\u00e1quinas y herramientas para la transformaci\u00f3n de la chapa","potentialAction":[{"@type":"SearchAction","target":{"@type":"EntryPoint","urlTemplate":"https:\/\/hundtgroup.com\/es\/?s={search_term_string}"},"query-input":{"@type":"PropertyValueSpecification","valueRequired":true,"valueName":"search_term_string"}}],"inLanguage":"es"}]}},"_links":{"self":[{"href":"https:\/\/hundtgroup.com\/es\/wp-json\/wp\/v2\/product\/36443","targetHints":{"allow":["GET"]}}],"collection":[{"href":"https:\/\/hundtgroup.com\/es\/wp-json\/wp\/v2\/product"}],"about":[{"href":"https:\/\/hundtgroup.com\/es\/wp-json\/wp\/v2\/types\/product"}],"wp:featuredmedia":[{"embeddable":true,"href":"https:\/\/hundtgroup.com\/es\/wp-json\/wp\/v2\/media\/33924"}],"wp:attachment":[{"href":"https:\/\/hundtgroup.com\/es\/wp-json\/wp\/v2\/media?parent=36443"}],"wp:term":[{"taxonomy":"product_cat","embeddable":true,"href":"https:\/\/hundtgroup.com\/es\/wp-json\/wp\/v2\/product_cat?post=36443"},{"taxonomy":"product_tag","embeddable":true,"href":"https:\/\/hundtgroup.com\/es\/wp-json\/wp\/v2\/product_tag?post=36443"}],"curies":[{"name":"wp","href":"https:\/\/api.w.org\/{rel}","templated":true}]}}