{"id":36693,"date":"2022-10-26T15:59:16","date_gmt":"2022-10-26T13:59:16","guid":{"rendered":"https:\/\/hundtgroup.com\/produkt\/remachadora-recargable-accubird-pro\/"},"modified":"2025-08-01T11:56:02","modified_gmt":"2025-08-01T09:56:02","slug":"remachadora-recargable-accubird-pro","status":"publish","type":"product","link":"https:\/\/hundtgroup.com\/es\/produkt\/remachadora-recargable-accubird-pro\/","title":{"rendered":"Remachadora recargable AccuBird Pro"},"content":{"rendered":"<p>Hasta 4 veces m\u00e1s r\u00e1pida que las herramientas sin cable est\u00e1ndar del mercado<br \/>\nPotente y duradero motor BLDC para ciclos de trabajo r\u00e1pidos<br \/>\nCarrera de la herramienta de 25 mm para remaches ciegos largos<br \/>\nFuerza de ajuste de 13 kN<br \/>\nIluminaci\u00f3n variable en el anillo de ajuste<br \/>\nEstabilidad mejorada gracias a una base m\u00e1s grande y antideslizante, base antideslizante y centro de gravedad m\u00e1s bajo<br \/>\nCarcasa manejable gracias a la empu\u00f1adura suave<br \/>\nNueva bater\u00eda deslizante con indicaci\u00f3n precisa de la capacidad<br \/>\nCargador con funci\u00f3n de carga r\u00e1pida<br \/>\nSistema probado de mordazas de la serie TAURUS\u00ae<br \/>\nRemaches ciegos de \u00d8 2,4 mm de aluminio hasta \u00d8 6 mm en todos los materiales<br \/>\nRemaches ciegos BULB-TITE\u00ae hasta \u00d8 4 mm y 5,2 mm de aluminio y acero<br \/>\nRemaches ciegos G-Bulb hasta \u00d8 4,8 mm en todos los materiales<\/p>\n","protected":false},"excerpt":{"rendered":"<p>Hasta 4 veces m\u00e1s r\u00e1pida que las herramientas sin cable est\u00e1ndar del mercado Potente y duradero motor BLDC para ciclos de trabajo r\u00e1pidos Carrera de la herramienta de 25 mm para remaches ciegos largos Fuerza de ajuste de 13 kN Iluminaci\u00f3n variable en el anillo de ajuste Estabilidad mejorada gracias a una base m\u00e1s grande [&hellip;]<\/p>\n","protected":false},"featured_media":34574,"template":"","meta":{"_acf_changed":false,"inline_featured_image":false},"product_cat":[2852,1837,1835,662],"product_tag":[],"class_list":{"0":"post-36693","1":"product","2":"type-product","3":"status-publish","4":"has-post-thumbnail","6":"brand-gesipa","7":"product_cat-herramientas-de-remachado-es","8":"product_cat-bateria-es","9":"product_cat-herramientas-de-remachado","10":"product_cat-herramientas-a-bateria","12":"first","13":"instock","14":"taxable","15":"shipping-taxable","16":"purchasable","17":"product-type-simple","18":"add-to-wishlist-before_image"},"acf":[],"yoast_head":"<!-- This site is optimized with the Yoast SEO plugin v27.3 - https:\/\/yoast.com\/product\/yoast-seo-wordpress\/ -->\n<title>Remachadora recargable AccuBird Pro - Wilhelm Hundt GmbH<\/title>\n<meta name=\"robots\" content=\"index, follow, max-snippet:-1, max-image-preview:large, max-video-preview:-1\" \/>\n<link rel=\"canonical\" href=\"https:\/\/hundtgroup.com\/es\/produkt\/remachadora-recargable-accubird-pro\/\" \/>\n<meta property=\"og:locale\" content=\"es_ES\" \/>\n<meta property=\"og:type\" content=\"article\" \/>\n<meta property=\"og:title\" content=\"Remachadora recargable AccuBird Pro - Wilhelm Hundt GmbH\" \/>\n<meta property=\"og:description\" content=\"Hasta 4 veces m\u00e1s r\u00e1pida que las herramientas sin cable est\u00e1ndar del mercado Potente y duradero motor BLDC para ciclos de trabajo r\u00e1pidos Carrera de la herramienta de 25 mm para remaches ciegos largos Fuerza de ajuste de 13 kN Iluminaci\u00f3n variable en el anillo de ajuste Estabilidad mejorada gracias a una base m\u00e1s grande [&hellip;]\" \/>\n<meta property=\"og:url\" content=\"https:\/\/hundtgroup.com\/es\/produkt\/remachadora-recargable-accubird-pro\/\" \/>\n<meta property=\"og:site_name\" content=\"Wilhelm Hundt GmbH\" \/>\n<meta property=\"article:modified_time\" content=\"2025-08-01T09:56:02+00:00\" \/>\n<meta property=\"og:image\" content=\"https:\/\/hundtgroup.com\/wp-content\/uploads\/500848.png\" \/>\n\t<meta property=\"og:image:width\" content=\"527\" \/>\n\t<meta property=\"og:image:height\" content=\"484\" \/>\n\t<meta property=\"og:image:type\" content=\"image\/png\" \/>\n<meta name=\"twitter:card\" content=\"summary_large_image\" \/>\n<meta name=\"twitter:label1\" content=\"Tiempo de lectura\" \/>\n\t<meta name=\"twitter:data1\" content=\"1 minuto\" \/>\n<script type=\"application\/ld+json\" class=\"yoast-schema-graph\">{\"@context\":\"https:\\\/\\\/schema.org\",\"@graph\":[{\"@type\":\"WebPage\",\"@id\":\"https:\\\/\\\/hundtgroup.com\\\/es\\\/produkt\\\/remachadora-recargable-accubird-pro\\\/\",\"url\":\"https:\\\/\\\/hundtgroup.com\\\/es\\\/produkt\\\/remachadora-recargable-accubird-pro\\\/\",\"name\":\"Remachadora recargable AccuBird Pro - Wilhelm Hundt GmbH\",\"isPartOf\":{\"@id\":\"https:\\\/\\\/hundtgroup.com\\\/es\\\/#website\"},\"primaryImageOfPage\":{\"@id\":\"https:\\\/\\\/hundtgroup.com\\\/es\\\/produkt\\\/remachadora-recargable-accubird-pro\\\/#primaryimage\"},\"image\":{\"@id\":\"https:\\\/\\\/hundtgroup.com\\\/es\\\/produkt\\\/remachadora-recargable-accubird-pro\\\/#primaryimage\"},\"thumbnailUrl\":\"https:\\\/\\\/hundtgroup.com\\\/wp-content\\\/uploads\\\/500848.png\",\"datePublished\":\"2022-10-26T13:59:16+00:00\",\"dateModified\":\"2025-08-01T09:56:02+00:00\",\"breadcrumb\":{\"@id\":\"https:\\\/\\\/hundtgroup.com\\\/es\\\/produkt\\\/remachadora-recargable-accubird-pro\\\/#breadcrumb\"},\"inLanguage\":\"es\",\"potentialAction\":[{\"@type\":\"ReadAction\",\"target\":[\"https:\\\/\\\/hundtgroup.com\\\/es\\\/produkt\\\/remachadora-recargable-accubird-pro\\\/\"]}]},{\"@type\":\"ImageObject\",\"inLanguage\":\"es\",\"@id\":\"https:\\\/\\\/hundtgroup.com\\\/es\\\/produkt\\\/remachadora-recargable-accubird-pro\\\/#primaryimage\",\"url\":\"https:\\\/\\\/hundtgroup.com\\\/wp-content\\\/uploads\\\/500848.png\",\"contentUrl\":\"https:\\\/\\\/hundtgroup.com\\\/wp-content\\\/uploads\\\/500848.png\",\"width\":527,\"height\":484},{\"@type\":\"BreadcrumbList\",\"@id\":\"https:\\\/\\\/hundtgroup.com\\\/es\\\/produkt\\\/remachadora-recargable-accubird-pro\\\/#breadcrumb\",\"itemListElement\":[{\"@type\":\"ListItem\",\"position\":1,\"name\":\"Startseite\",\"item\":\"https:\\\/\\\/hundtgroup.com\\\/es\\\/inicio-nuevo\\\/\"},{\"@type\":\"ListItem\",\"position\":2,\"name\":\"Tienda\",\"item\":\"https:\\\/\\\/hundtgroup.com\\\/tienda\\\/\"},{\"@type\":\"ListItem\",\"position\":3,\"name\":\"Remachadora recargable AccuBird Pro\"}]},{\"@type\":\"WebSite\",\"@id\":\"https:\\\/\\\/hundtgroup.com\\\/es\\\/#website\",\"url\":\"https:\\\/\\\/hundtgroup.com\\\/es\\\/\",\"name\":\"Wilhelm Hundt GmbH\",\"description\":\"Tu especialista en m\u00e1quinas y herramientas para la transformaci\u00f3n de la chapa\",\"potentialAction\":[{\"@type\":\"SearchAction\",\"target\":{\"@type\":\"EntryPoint\",\"urlTemplate\":\"https:\\\/\\\/hundtgroup.com\\\/es\\\/?s={search_term_string}\"},\"query-input\":{\"@type\":\"PropertyValueSpecification\",\"valueRequired\":true,\"valueName\":\"search_term_string\"}}],\"inLanguage\":\"es\"}]}<\/script>\n<!-- \/ Yoast SEO plugin. -->","yoast_head_json":{"title":"Remachadora recargable AccuBird Pro - Wilhelm Hundt GmbH","robots":{"index":"index","follow":"follow","max-snippet":"max-snippet:-1","max-image-preview":"max-image-preview:large","max-video-preview":"max-video-preview:-1"},"canonical":"https:\/\/hundtgroup.com\/es\/produkt\/remachadora-recargable-accubird-pro\/","og_locale":"es_ES","og_type":"article","og_title":"Remachadora recargable AccuBird Pro - Wilhelm Hundt GmbH","og_description":"Hasta 4 veces m\u00e1s r\u00e1pida que las herramientas sin cable est\u00e1ndar del mercado Potente y duradero motor BLDC para ciclos de trabajo r\u00e1pidos Carrera de la herramienta de 25 mm para remaches ciegos largos Fuerza de ajuste de 13 kN Iluminaci\u00f3n variable en el anillo de ajuste Estabilidad mejorada gracias a una base m\u00e1s grande [&hellip;]","og_url":"https:\/\/hundtgroup.com\/es\/produkt\/remachadora-recargable-accubird-pro\/","og_site_name":"Wilhelm Hundt GmbH","article_modified_time":"2025-08-01T09:56:02+00:00","og_image":[{"width":527,"height":484,"url":"https:\/\/hundtgroup.com\/wp-content\/uploads\/500848.png","type":"image\/png"}],"twitter_card":"summary_large_image","twitter_misc":{"Tiempo de lectura":"1 minuto"},"schema":{"@context":"https:\/\/schema.org","@graph":[{"@type":"WebPage","@id":"https:\/\/hundtgroup.com\/es\/produkt\/remachadora-recargable-accubird-pro\/","url":"https:\/\/hundtgroup.com\/es\/produkt\/remachadora-recargable-accubird-pro\/","name":"Remachadora recargable AccuBird Pro - Wilhelm Hundt GmbH","isPartOf":{"@id":"https:\/\/hundtgroup.com\/es\/#website"},"primaryImageOfPage":{"@id":"https:\/\/hundtgroup.com\/es\/produkt\/remachadora-recargable-accubird-pro\/#primaryimage"},"image":{"@id":"https:\/\/hundtgroup.com\/es\/produkt\/remachadora-recargable-accubird-pro\/#primaryimage"},"thumbnailUrl":"https:\/\/hundtgroup.com\/wp-content\/uploads\/500848.png","datePublished":"2022-10-26T13:59:16+00:00","dateModified":"2025-08-01T09:56:02+00:00","breadcrumb":{"@id":"https:\/\/hundtgroup.com\/es\/produkt\/remachadora-recargable-accubird-pro\/#breadcrumb"},"inLanguage":"es","potentialAction":[{"@type":"ReadAction","target":["https:\/\/hundtgroup.com\/es\/produkt\/remachadora-recargable-accubird-pro\/"]}]},{"@type":"ImageObject","inLanguage":"es","@id":"https:\/\/hundtgroup.com\/es\/produkt\/remachadora-recargable-accubird-pro\/#primaryimage","url":"https:\/\/hundtgroup.com\/wp-content\/uploads\/500848.png","contentUrl":"https:\/\/hundtgroup.com\/wp-content\/uploads\/500848.png","width":527,"height":484},{"@type":"BreadcrumbList","@id":"https:\/\/hundtgroup.com\/es\/produkt\/remachadora-recargable-accubird-pro\/#breadcrumb","itemListElement":[{"@type":"ListItem","position":1,"name":"Startseite","item":"https:\/\/hundtgroup.com\/es\/inicio-nuevo\/"},{"@type":"ListItem","position":2,"name":"Tienda","item":"https:\/\/hundtgroup.com\/tienda\/"},{"@type":"ListItem","position":3,"name":"Remachadora recargable AccuBird Pro"}]},{"@type":"WebSite","@id":"https:\/\/hundtgroup.com\/es\/#website","url":"https:\/\/hundtgroup.com\/es\/","name":"Wilhelm Hundt GmbH","description":"Tu especialista en m\u00e1quinas y herramientas para la transformaci\u00f3n de la chapa","potentialAction":[{"@type":"SearchAction","target":{"@type":"EntryPoint","urlTemplate":"https:\/\/hundtgroup.com\/es\/?s={search_term_string}"},"query-input":{"@type":"PropertyValueSpecification","valueRequired":true,"valueName":"search_term_string"}}],"inLanguage":"es"}]}},"_links":{"self":[{"href":"https:\/\/hundtgroup.com\/es\/wp-json\/wp\/v2\/product\/36693","targetHints":{"allow":["GET"]}}],"collection":[{"href":"https:\/\/hundtgroup.com\/es\/wp-json\/wp\/v2\/product"}],"about":[{"href":"https:\/\/hundtgroup.com\/es\/wp-json\/wp\/v2\/types\/product"}],"wp:featuredmedia":[{"embeddable":true,"href":"https:\/\/hundtgroup.com\/es\/wp-json\/wp\/v2\/media\/34574"}],"wp:attachment":[{"href":"https:\/\/hundtgroup.com\/es\/wp-json\/wp\/v2\/media?parent=36693"}],"wp:term":[{"taxonomy":"product_cat","embeddable":true,"href":"https:\/\/hundtgroup.com\/es\/wp-json\/wp\/v2\/product_cat?post=36693"},{"taxonomy":"product_tag","embeddable":true,"href":"https:\/\/hundtgroup.com\/es\/wp-json\/wp\/v2\/product_tag?post=36693"}],"curies":[{"name":"wp","href":"https:\/\/api.w.org\/{rel}","templated":true}]}}