{"id":36742,"date":"2022-10-26T15:59:34","date_gmt":"2022-10-26T13:59:34","guid":{"rendered":"https:\/\/hundtgroup.com\/produkt\/pistola-de-soldadura-por-puntos-telwin-digital-modular-230\/"},"modified":"2025-08-05T18:04:35","modified_gmt":"2025-08-05T16:04:35","slug":"pistola-de-soldadura-por-puntos-telwin-digital-modular-230","status":"publish","type":"product","link":"https:\/\/hundtgroup.com\/es\/produkt\/pistola-de-soldadura-por-puntos-telwin-digital-modular-230\/","title":{"rendered":"Pistola de soldadura por puntos Telwin Digital Modular 230"},"content":{"rendered":"<p>Soldadora por puntos port\u00e1til, monof\u00e1sica y controlada por microprocesador,<br \/>\nadecuada para soldar por puntos chapas de hasta 2 + 2 mm de espesor. La duraci\u00f3n de<br \/>\ny la corriente de soldadura por puntos se ajustan autom\u00e1ticamente para cada espesor de material. <\/p>\n","protected":false},"excerpt":{"rendered":"<p>Soldadora por puntos port\u00e1til, monof\u00e1sica y controlada por microprocesador, adecuada para soldar por puntos chapas de hasta 2 + 2 mm de espesor. La duraci\u00f3n de y la corriente de soldadura por puntos se ajustan autom\u00e1ticamente para cada espesor de material.<\/p>\n","protected":false},"featured_media":34043,"template":"","meta":{"_acf_changed":false,"inline_featured_image":false},"product_cat":[1842],"product_tag":[],"class_list":{"0":"post-36742","1":"product","2":"type-product","3":"status-publish","4":"has-post-thumbnail","6":"product_cat-herramientas-de-soldadura","8":"first","9":"instock","10":"taxable","11":"shipping-taxable","12":"purchasable","13":"product-type-simple","14":"add-to-wishlist-before_image"},"acf":[],"yoast_head":"<!-- This site is optimized with the Yoast SEO plugin v27.3 - https:\/\/yoast.com\/product\/yoast-seo-wordpress\/ -->\n<title>Pistola de soldadura por puntos Telwin Digital Modular 230 - Wilhelm Hundt GmbH<\/title>\n<meta name=\"robots\" content=\"index, follow, max-snippet:-1, max-image-preview:large, max-video-preview:-1\" \/>\n<link rel=\"canonical\" href=\"https:\/\/hundtgroup.com\/es\/produkt\/pistola-de-soldadura-por-puntos-telwin-digital-modular-230\/\" \/>\n<meta property=\"og:locale\" content=\"es_ES\" \/>\n<meta property=\"og:type\" content=\"article\" \/>\n<meta property=\"og:title\" content=\"Pistola de soldadura por puntos Telwin Digital Modular 230 - Wilhelm Hundt GmbH\" \/>\n<meta property=\"og:description\" content=\"Soldadora por puntos port\u00e1til, monof\u00e1sica y controlada por microprocesador, adecuada para soldar por puntos chapas de hasta 2 + 2 mm de espesor. La duraci\u00f3n de y la corriente de soldadura por puntos se ajustan autom\u00e1ticamente para cada espesor de material.\" \/>\n<meta property=\"og:url\" content=\"https:\/\/hundtgroup.com\/es\/produkt\/pistola-de-soldadura-por-puntos-telwin-digital-modular-230\/\" \/>\n<meta property=\"og:site_name\" content=\"Wilhelm Hundt GmbH\" \/>\n<meta property=\"article:modified_time\" content=\"2025-08-05T16:04:35+00:00\" \/>\n<meta property=\"og:image\" content=\"https:\/\/hundtgroup.com\/wp-content\/uploads\/380100.png\" \/>\n\t<meta property=\"og:image:width\" content=\"657\" \/>\n\t<meta property=\"og:image:height\" content=\"572\" \/>\n\t<meta property=\"og:image:type\" content=\"image\/png\" \/>\n<meta name=\"twitter:card\" content=\"summary_large_image\" \/>\n<script type=\"application\/ld+json\" class=\"yoast-schema-graph\">{\"@context\":\"https:\\\/\\\/schema.org\",\"@graph\":[{\"@type\":\"WebPage\",\"@id\":\"https:\\\/\\\/hundtgroup.com\\\/es\\\/produkt\\\/pistola-de-soldadura-por-puntos-telwin-digital-modular-230\\\/\",\"url\":\"https:\\\/\\\/hundtgroup.com\\\/es\\\/produkt\\\/pistola-de-soldadura-por-puntos-telwin-digital-modular-230\\\/\",\"name\":\"Pistola de soldadura por puntos Telwin Digital Modular 230 - Wilhelm Hundt GmbH\",\"isPartOf\":{\"@id\":\"https:\\\/\\\/hundtgroup.com\\\/es\\\/#website\"},\"primaryImageOfPage\":{\"@id\":\"https:\\\/\\\/hundtgroup.com\\\/es\\\/produkt\\\/pistola-de-soldadura-por-puntos-telwin-digital-modular-230\\\/#primaryimage\"},\"image\":{\"@id\":\"https:\\\/\\\/hundtgroup.com\\\/es\\\/produkt\\\/pistola-de-soldadura-por-puntos-telwin-digital-modular-230\\\/#primaryimage\"},\"thumbnailUrl\":\"https:\\\/\\\/hundtgroup.com\\\/wp-content\\\/uploads\\\/380100.png\",\"datePublished\":\"2022-10-26T13:59:34+00:00\",\"dateModified\":\"2025-08-05T16:04:35+00:00\",\"breadcrumb\":{\"@id\":\"https:\\\/\\\/hundtgroup.com\\\/es\\\/produkt\\\/pistola-de-soldadura-por-puntos-telwin-digital-modular-230\\\/#breadcrumb\"},\"inLanguage\":\"es\",\"potentialAction\":[{\"@type\":\"ReadAction\",\"target\":[\"https:\\\/\\\/hundtgroup.com\\\/es\\\/produkt\\\/pistola-de-soldadura-por-puntos-telwin-digital-modular-230\\\/\"]}]},{\"@type\":\"ImageObject\",\"inLanguage\":\"es\",\"@id\":\"https:\\\/\\\/hundtgroup.com\\\/es\\\/produkt\\\/pistola-de-soldadura-por-puntos-telwin-digital-modular-230\\\/#primaryimage\",\"url\":\"https:\\\/\\\/hundtgroup.com\\\/wp-content\\\/uploads\\\/380100.png\",\"contentUrl\":\"https:\\\/\\\/hundtgroup.com\\\/wp-content\\\/uploads\\\/380100.png\",\"width\":657,\"height\":572},{\"@type\":\"BreadcrumbList\",\"@id\":\"https:\\\/\\\/hundtgroup.com\\\/es\\\/produkt\\\/pistola-de-soldadura-por-puntos-telwin-digital-modular-230\\\/#breadcrumb\",\"itemListElement\":[{\"@type\":\"ListItem\",\"position\":1,\"name\":\"Startseite\",\"item\":\"https:\\\/\\\/hundtgroup.com\\\/es\\\/inicio-nuevo\\\/\"},{\"@type\":\"ListItem\",\"position\":2,\"name\":\"Tienda\",\"item\":\"https:\\\/\\\/hundtgroup.com\\\/tienda\\\/\"},{\"@type\":\"ListItem\",\"position\":3,\"name\":\"Pistola de soldadura por puntos Telwin Digital Modular 230\"}]},{\"@type\":\"WebSite\",\"@id\":\"https:\\\/\\\/hundtgroup.com\\\/es\\\/#website\",\"url\":\"https:\\\/\\\/hundtgroup.com\\\/es\\\/\",\"name\":\"Wilhelm Hundt GmbH\",\"description\":\"Tu especialista en m\u00e1quinas y herramientas para la transformaci\u00f3n de la chapa\",\"potentialAction\":[{\"@type\":\"SearchAction\",\"target\":{\"@type\":\"EntryPoint\",\"urlTemplate\":\"https:\\\/\\\/hundtgroup.com\\\/es\\\/?s={search_term_string}\"},\"query-input\":{\"@type\":\"PropertyValueSpecification\",\"valueRequired\":true,\"valueName\":\"search_term_string\"}}],\"inLanguage\":\"es\"}]}<\/script>\n<!-- \/ Yoast SEO plugin. -->","yoast_head_json":{"title":"Pistola de soldadura por puntos Telwin Digital Modular 230 - Wilhelm Hundt GmbH","robots":{"index":"index","follow":"follow","max-snippet":"max-snippet:-1","max-image-preview":"max-image-preview:large","max-video-preview":"max-video-preview:-1"},"canonical":"https:\/\/hundtgroup.com\/es\/produkt\/pistola-de-soldadura-por-puntos-telwin-digital-modular-230\/","og_locale":"es_ES","og_type":"article","og_title":"Pistola de soldadura por puntos Telwin Digital Modular 230 - Wilhelm Hundt GmbH","og_description":"Soldadora por puntos port\u00e1til, monof\u00e1sica y controlada por microprocesador, adecuada para soldar por puntos chapas de hasta 2 + 2 mm de espesor. La duraci\u00f3n de y la corriente de soldadura por puntos se ajustan autom\u00e1ticamente para cada espesor de material.","og_url":"https:\/\/hundtgroup.com\/es\/produkt\/pistola-de-soldadura-por-puntos-telwin-digital-modular-230\/","og_site_name":"Wilhelm Hundt GmbH","article_modified_time":"2025-08-05T16:04:35+00:00","og_image":[{"width":657,"height":572,"url":"https:\/\/hundtgroup.com\/wp-content\/uploads\/380100.png","type":"image\/png"}],"twitter_card":"summary_large_image","schema":{"@context":"https:\/\/schema.org","@graph":[{"@type":"WebPage","@id":"https:\/\/hundtgroup.com\/es\/produkt\/pistola-de-soldadura-por-puntos-telwin-digital-modular-230\/","url":"https:\/\/hundtgroup.com\/es\/produkt\/pistola-de-soldadura-por-puntos-telwin-digital-modular-230\/","name":"Pistola de soldadura por puntos Telwin Digital Modular 230 - Wilhelm Hundt GmbH","isPartOf":{"@id":"https:\/\/hundtgroup.com\/es\/#website"},"primaryImageOfPage":{"@id":"https:\/\/hundtgroup.com\/es\/produkt\/pistola-de-soldadura-por-puntos-telwin-digital-modular-230\/#primaryimage"},"image":{"@id":"https:\/\/hundtgroup.com\/es\/produkt\/pistola-de-soldadura-por-puntos-telwin-digital-modular-230\/#primaryimage"},"thumbnailUrl":"https:\/\/hundtgroup.com\/wp-content\/uploads\/380100.png","datePublished":"2022-10-26T13:59:34+00:00","dateModified":"2025-08-05T16:04:35+00:00","breadcrumb":{"@id":"https:\/\/hundtgroup.com\/es\/produkt\/pistola-de-soldadura-por-puntos-telwin-digital-modular-230\/#breadcrumb"},"inLanguage":"es","potentialAction":[{"@type":"ReadAction","target":["https:\/\/hundtgroup.com\/es\/produkt\/pistola-de-soldadura-por-puntos-telwin-digital-modular-230\/"]}]},{"@type":"ImageObject","inLanguage":"es","@id":"https:\/\/hundtgroup.com\/es\/produkt\/pistola-de-soldadura-por-puntos-telwin-digital-modular-230\/#primaryimage","url":"https:\/\/hundtgroup.com\/wp-content\/uploads\/380100.png","contentUrl":"https:\/\/hundtgroup.com\/wp-content\/uploads\/380100.png","width":657,"height":572},{"@type":"BreadcrumbList","@id":"https:\/\/hundtgroup.com\/es\/produkt\/pistola-de-soldadura-por-puntos-telwin-digital-modular-230\/#breadcrumb","itemListElement":[{"@type":"ListItem","position":1,"name":"Startseite","item":"https:\/\/hundtgroup.com\/es\/inicio-nuevo\/"},{"@type":"ListItem","position":2,"name":"Tienda","item":"https:\/\/hundtgroup.com\/tienda\/"},{"@type":"ListItem","position":3,"name":"Pistola de soldadura por puntos Telwin Digital Modular 230"}]},{"@type":"WebSite","@id":"https:\/\/hundtgroup.com\/es\/#website","url":"https:\/\/hundtgroup.com\/es\/","name":"Wilhelm Hundt GmbH","description":"Tu especialista en m\u00e1quinas y herramientas para la transformaci\u00f3n de la chapa","potentialAction":[{"@type":"SearchAction","target":{"@type":"EntryPoint","urlTemplate":"https:\/\/hundtgroup.com\/es\/?s={search_term_string}"},"query-input":{"@type":"PropertyValueSpecification","valueRequired":true,"valueName":"search_term_string"}}],"inLanguage":"es"}]}},"_links":{"self":[{"href":"https:\/\/hundtgroup.com\/es\/wp-json\/wp\/v2\/product\/36742","targetHints":{"allow":["GET"]}}],"collection":[{"href":"https:\/\/hundtgroup.com\/es\/wp-json\/wp\/v2\/product"}],"about":[{"href":"https:\/\/hundtgroup.com\/es\/wp-json\/wp\/v2\/types\/product"}],"wp:featuredmedia":[{"embeddable":true,"href":"https:\/\/hundtgroup.com\/es\/wp-json\/wp\/v2\/media\/34043"}],"wp:attachment":[{"href":"https:\/\/hundtgroup.com\/es\/wp-json\/wp\/v2\/media?parent=36742"}],"wp:term":[{"taxonomy":"product_cat","embeddable":true,"href":"https:\/\/hundtgroup.com\/es\/wp-json\/wp\/v2\/product_cat?post=36742"},{"taxonomy":"product_tag","embeddable":true,"href":"https:\/\/hundtgroup.com\/es\/wp-json\/wp\/v2\/product_tag?post=36742"}],"curies":[{"name":"wp","href":"https:\/\/api.w.org\/{rel}","templated":true}]}}