{"id":37154,"date":"2025-06-18T18:31:07","date_gmt":"2025-06-18T16:31:07","guid":{"rendered":"https:\/\/hundtgroup.com\/produkt\/pinzas-de-agarre-137-7\/"},"modified":"2025-08-05T18:02:10","modified_gmt":"2025-08-05T16:02:10","slug":"pinzas-de-agarre-137-7","status":"publish","type":"product","link":"https:\/\/hundtgroup.com\/es\/produkt\/pinzas-de-agarre-137-7\/","title":{"rendered":"Pinzas de agarre 137 7"},"content":{"rendered":"<p>Mordazas forjadas y templadas y mordazas especiales para un agarre, sujeci\u00f3n y fijaci\u00f3n seguros.<br \/>\nMordaza superior soldada autom\u00e1ticamente: uni\u00f3n absolutamente firme con el cuerpo de chapa de acero.<br \/>\nLa sofisticada forma de la mordaza garantiza un contacto de tres puntos con cualquier secci\u00f3n transversal del material.<br \/>\nOrificio roscado soldado en la parte inferior, no se ensancha bajo las cargas m\u00e1s pesadas.<br \/>\nDesbloqueo seguro, palanca de desbloqueo bajo la presi\u00f3n constante de un muelle especial. Niquelado. <\/p>\n","protected":false},"excerpt":{"rendered":"<p>Mordazas forjadas y templadas y mordazas especiales para un agarre, sujeci\u00f3n y fijaci\u00f3n seguros. Mordaza superior soldada autom\u00e1ticamente: uni\u00f3n absolutamente firme con el cuerpo de chapa de acero. La sofisticada forma de la mordaza garantiza un contacto de tres puntos con cualquier secci\u00f3n transversal del material. Orificio roscado soldado en la parte inferior, no se [&hellip;]<\/p>\n","protected":false},"featured_media":35557,"template":"","meta":{"_acf_changed":false,"inline_featured_image":false},"product_cat":[1754,1818,1811],"product_tag":[],"class_list":{"0":"post-37154","1":"product","2":"type-product","3":"status-publish","4":"has-post-thumbnail","6":"brand-gedore","7":"product_cat-herramientas-manuales","8":"product_cat-pinzas-de-agarre","9":"product_cat-alicates","11":"first","12":"instock","13":"taxable","14":"shipping-taxable","15":"purchasable","16":"product-type-simple","17":"add-to-wishlist-before_image"},"acf":[],"yoast_head":"<!-- This site is optimized with the Yoast SEO plugin v27.3 - https:\/\/yoast.com\/product\/yoast-seo-wordpress\/ -->\n<title>Pinzas de agarre 137 7 - Wilhelm Hundt GmbH<\/title>\n<meta name=\"robots\" content=\"index, follow, max-snippet:-1, max-image-preview:large, max-video-preview:-1\" \/>\n<link rel=\"canonical\" href=\"https:\/\/hundtgroup.com\/es\/produkt\/pinzas-de-agarre-137-7\/\" \/>\n<meta property=\"og:locale\" content=\"es_ES\" \/>\n<meta property=\"og:type\" content=\"article\" \/>\n<meta property=\"og:title\" content=\"Pinzas de agarre 137 7 - Wilhelm Hundt GmbH\" \/>\n<meta property=\"og:description\" content=\"Mordazas forjadas y templadas y mordazas especiales para un agarre, sujeci\u00f3n y fijaci\u00f3n seguros. Mordaza superior soldada autom\u00e1ticamente: uni\u00f3n absolutamente firme con el cuerpo de chapa de acero. La sofisticada forma de la mordaza garantiza un contacto de tres puntos con cualquier secci\u00f3n transversal del material. Orificio roscado soldado en la parte inferior, no se [&hellip;]\" \/>\n<meta property=\"og:url\" content=\"https:\/\/hundtgroup.com\/es\/produkt\/pinzas-de-agarre-137-7\/\" \/>\n<meta property=\"og:site_name\" content=\"Wilhelm Hundt GmbH\" \/>\n<meta property=\"article:modified_time\" content=\"2025-08-05T16:02:10+00:00\" \/>\n<meta property=\"og:image\" content=\"https:\/\/hundtgroup.com\/wp-content\/uploads\/410098.jpg\" \/>\n\t<meta property=\"og:image:width\" content=\"400\" \/>\n\t<meta property=\"og:image:height\" content=\"300\" \/>\n\t<meta property=\"og:image:type\" content=\"image\/jpeg\" \/>\n<meta name=\"twitter:card\" content=\"summary_large_image\" \/>\n<script type=\"application\/ld+json\" class=\"yoast-schema-graph\">{\"@context\":\"https:\\\/\\\/schema.org\",\"@graph\":[{\"@type\":\"WebPage\",\"@id\":\"https:\\\/\\\/hundtgroup.com\\\/es\\\/produkt\\\/pinzas-de-agarre-137-7\\\/\",\"url\":\"https:\\\/\\\/hundtgroup.com\\\/es\\\/produkt\\\/pinzas-de-agarre-137-7\\\/\",\"name\":\"Pinzas de agarre 137 7 - Wilhelm Hundt GmbH\",\"isPartOf\":{\"@id\":\"https:\\\/\\\/hundtgroup.com\\\/es\\\/#website\"},\"primaryImageOfPage\":{\"@id\":\"https:\\\/\\\/hundtgroup.com\\\/es\\\/produkt\\\/pinzas-de-agarre-137-7\\\/#primaryimage\"},\"image\":{\"@id\":\"https:\\\/\\\/hundtgroup.com\\\/es\\\/produkt\\\/pinzas-de-agarre-137-7\\\/#primaryimage\"},\"thumbnailUrl\":\"https:\\\/\\\/hundtgroup.com\\\/wp-content\\\/uploads\\\/410098.jpg\",\"datePublished\":\"2025-06-18T16:31:07+00:00\",\"dateModified\":\"2025-08-05T16:02:10+00:00\",\"breadcrumb\":{\"@id\":\"https:\\\/\\\/hundtgroup.com\\\/es\\\/produkt\\\/pinzas-de-agarre-137-7\\\/#breadcrumb\"},\"inLanguage\":\"es\",\"potentialAction\":[{\"@type\":\"ReadAction\",\"target\":[\"https:\\\/\\\/hundtgroup.com\\\/es\\\/produkt\\\/pinzas-de-agarre-137-7\\\/\"]}]},{\"@type\":\"ImageObject\",\"inLanguage\":\"es\",\"@id\":\"https:\\\/\\\/hundtgroup.com\\\/es\\\/produkt\\\/pinzas-de-agarre-137-7\\\/#primaryimage\",\"url\":\"https:\\\/\\\/hundtgroup.com\\\/wp-content\\\/uploads\\\/410098.jpg\",\"contentUrl\":\"https:\\\/\\\/hundtgroup.com\\\/wp-content\\\/uploads\\\/410098.jpg\",\"width\":400,\"height\":300},{\"@type\":\"BreadcrumbList\",\"@id\":\"https:\\\/\\\/hundtgroup.com\\\/es\\\/produkt\\\/pinzas-de-agarre-137-7\\\/#breadcrumb\",\"itemListElement\":[{\"@type\":\"ListItem\",\"position\":1,\"name\":\"Startseite\",\"item\":\"https:\\\/\\\/hundtgroup.com\\\/es\\\/inicio-nuevo\\\/\"},{\"@type\":\"ListItem\",\"position\":2,\"name\":\"Tienda\",\"item\":\"https:\\\/\\\/hundtgroup.com\\\/tienda\\\/\"},{\"@type\":\"ListItem\",\"position\":3,\"name\":\"Pinzas de agarre 137 7\"}]},{\"@type\":\"WebSite\",\"@id\":\"https:\\\/\\\/hundtgroup.com\\\/es\\\/#website\",\"url\":\"https:\\\/\\\/hundtgroup.com\\\/es\\\/\",\"name\":\"Wilhelm Hundt GmbH\",\"description\":\"Tu especialista en m\u00e1quinas y herramientas para la transformaci\u00f3n de la chapa\",\"potentialAction\":[{\"@type\":\"SearchAction\",\"target\":{\"@type\":\"EntryPoint\",\"urlTemplate\":\"https:\\\/\\\/hundtgroup.com\\\/es\\\/?s={search_term_string}\"},\"query-input\":{\"@type\":\"PropertyValueSpecification\",\"valueRequired\":true,\"valueName\":\"search_term_string\"}}],\"inLanguage\":\"es\"}]}<\/script>\n<!-- \/ Yoast SEO plugin. -->","yoast_head_json":{"title":"Pinzas de agarre 137 7 - Wilhelm Hundt GmbH","robots":{"index":"index","follow":"follow","max-snippet":"max-snippet:-1","max-image-preview":"max-image-preview:large","max-video-preview":"max-video-preview:-1"},"canonical":"https:\/\/hundtgroup.com\/es\/produkt\/pinzas-de-agarre-137-7\/","og_locale":"es_ES","og_type":"article","og_title":"Pinzas de agarre 137 7 - Wilhelm Hundt GmbH","og_description":"Mordazas forjadas y templadas y mordazas especiales para un agarre, sujeci\u00f3n y fijaci\u00f3n seguros. Mordaza superior soldada autom\u00e1ticamente: uni\u00f3n absolutamente firme con el cuerpo de chapa de acero. La sofisticada forma de la mordaza garantiza un contacto de tres puntos con cualquier secci\u00f3n transversal del material. Orificio roscado soldado en la parte inferior, no se [&hellip;]","og_url":"https:\/\/hundtgroup.com\/es\/produkt\/pinzas-de-agarre-137-7\/","og_site_name":"Wilhelm Hundt GmbH","article_modified_time":"2025-08-05T16:02:10+00:00","og_image":[{"width":400,"height":300,"url":"https:\/\/hundtgroup.com\/wp-content\/uploads\/410098.jpg","type":"image\/jpeg"}],"twitter_card":"summary_large_image","schema":{"@context":"https:\/\/schema.org","@graph":[{"@type":"WebPage","@id":"https:\/\/hundtgroup.com\/es\/produkt\/pinzas-de-agarre-137-7\/","url":"https:\/\/hundtgroup.com\/es\/produkt\/pinzas-de-agarre-137-7\/","name":"Pinzas de agarre 137 7 - Wilhelm Hundt GmbH","isPartOf":{"@id":"https:\/\/hundtgroup.com\/es\/#website"},"primaryImageOfPage":{"@id":"https:\/\/hundtgroup.com\/es\/produkt\/pinzas-de-agarre-137-7\/#primaryimage"},"image":{"@id":"https:\/\/hundtgroup.com\/es\/produkt\/pinzas-de-agarre-137-7\/#primaryimage"},"thumbnailUrl":"https:\/\/hundtgroup.com\/wp-content\/uploads\/410098.jpg","datePublished":"2025-06-18T16:31:07+00:00","dateModified":"2025-08-05T16:02:10+00:00","breadcrumb":{"@id":"https:\/\/hundtgroup.com\/es\/produkt\/pinzas-de-agarre-137-7\/#breadcrumb"},"inLanguage":"es","potentialAction":[{"@type":"ReadAction","target":["https:\/\/hundtgroup.com\/es\/produkt\/pinzas-de-agarre-137-7\/"]}]},{"@type":"ImageObject","inLanguage":"es","@id":"https:\/\/hundtgroup.com\/es\/produkt\/pinzas-de-agarre-137-7\/#primaryimage","url":"https:\/\/hundtgroup.com\/wp-content\/uploads\/410098.jpg","contentUrl":"https:\/\/hundtgroup.com\/wp-content\/uploads\/410098.jpg","width":400,"height":300},{"@type":"BreadcrumbList","@id":"https:\/\/hundtgroup.com\/es\/produkt\/pinzas-de-agarre-137-7\/#breadcrumb","itemListElement":[{"@type":"ListItem","position":1,"name":"Startseite","item":"https:\/\/hundtgroup.com\/es\/inicio-nuevo\/"},{"@type":"ListItem","position":2,"name":"Tienda","item":"https:\/\/hundtgroup.com\/tienda\/"},{"@type":"ListItem","position":3,"name":"Pinzas de agarre 137 7"}]},{"@type":"WebSite","@id":"https:\/\/hundtgroup.com\/es\/#website","url":"https:\/\/hundtgroup.com\/es\/","name":"Wilhelm Hundt GmbH","description":"Tu especialista en m\u00e1quinas y herramientas para la transformaci\u00f3n de la chapa","potentialAction":[{"@type":"SearchAction","target":{"@type":"EntryPoint","urlTemplate":"https:\/\/hundtgroup.com\/es\/?s={search_term_string}"},"query-input":{"@type":"PropertyValueSpecification","valueRequired":true,"valueName":"search_term_string"}}],"inLanguage":"es"}]}},"_links":{"self":[{"href":"https:\/\/hundtgroup.com\/es\/wp-json\/wp\/v2\/product\/37154","targetHints":{"allow":["GET"]}}],"collection":[{"href":"https:\/\/hundtgroup.com\/es\/wp-json\/wp\/v2\/product"}],"about":[{"href":"https:\/\/hundtgroup.com\/es\/wp-json\/wp\/v2\/types\/product"}],"wp:featuredmedia":[{"embeddable":true,"href":"https:\/\/hundtgroup.com\/es\/wp-json\/wp\/v2\/media\/35557"}],"wp:attachment":[{"href":"https:\/\/hundtgroup.com\/es\/wp-json\/wp\/v2\/media?parent=37154"}],"wp:term":[{"taxonomy":"product_cat","embeddable":true,"href":"https:\/\/hundtgroup.com\/es\/wp-json\/wp\/v2\/product_cat?post=37154"},{"taxonomy":"product_tag","embeddable":true,"href":"https:\/\/hundtgroup.com\/es\/wp-json\/wp\/v2\/product_tag?post=37154"}],"curies":[{"name":"wp","href":"https:\/\/api.w.org\/{rel}","templated":true}]}}