{"id":37293,"date":"2025-06-18T18:31:33","date_gmt":"2025-06-18T16:31:33","guid":{"rendered":"https:\/\/hundtgroup.com\/produkt\/sierra-de-sable-sin-cable-bosch-gsa-18v-32\/"},"modified":"2025-07-29T14:28:23","modified_gmt":"2025-07-29T12:28:23","slug":"sierra-de-sable-sin-cable-bosch-gsa-18v-32","status":"publish","type":"product","link":"https:\/\/hundtgroup.com\/es\/produkt\/sierra-de-sable-sin-cable-bosch-gsa-18v-32\/","title":{"rendered":"Sierra de sable sin cable Bosch GSA 18V-32"},"content":{"rendered":"<p>Forma ergon\u00f3mica exclusiva de la empu\u00f1adura e interruptor extralargo para trabajar sin fatiga-<br \/>\nincluso por encima de la cabeza o en espacios reducidos, motor sin escobillas, vibraciones extremadamente bajas, SDS para cambiar la hoja de sierra de forma f\u00e1cil y segura<br \/>\n, preselecci\u00f3n de velocidad de corte variable, reposapi\u00e9s regulable para aprovechar al m\u00e1ximo la hoja de sierra.<\/p>\n","protected":false},"excerpt":{"rendered":"<p>Forma ergon\u00f3mica exclusiva de la empu\u00f1adura e interruptor extralargo para trabajar sin fatiga- incluso por encima de la cabeza o en espacios reducidos, motor sin escobillas, vibraciones extremadamente bajas, SDS para cambiar la hoja de sierra de forma f\u00e1cil y segura , preselecci\u00f3n de velocidad de corte variable, reposapi\u00e9s regulable para aprovechar al m\u00e1ximo la [&hellip;]<\/p>\n","protected":false},"featured_media":35375,"template":"","meta":{"_acf_changed":false,"inline_featured_image":false},"product_cat":[662,1919],"product_tag":[],"class_list":{"0":"post-37293","1":"product","2":"type-product","3":"status-publish","4":"has-post-thumbnail","6":"brand-bosch","7":"product_cat-herramientas-a-bateria","8":"product_cat-sierras-alternativas","10":"first","11":"instock","12":"taxable","13":"shipping-taxable","14":"purchasable","15":"product-type-simple","16":"add-to-wishlist-before_image"},"acf":[],"yoast_head":"<!-- This site is optimized with the Yoast SEO plugin v27.3 - https:\/\/yoast.com\/product\/yoast-seo-wordpress\/ -->\n<title>Sierra de sable sin cable Bosch GSA 18V-32 - Wilhelm Hundt GmbH<\/title>\n<meta name=\"robots\" content=\"index, follow, max-snippet:-1, max-image-preview:large, max-video-preview:-1\" \/>\n<link rel=\"canonical\" href=\"https:\/\/hundtgroup.com\/es\/produkt\/sierra-de-sable-sin-cable-bosch-gsa-18v-32\/\" \/>\n<meta property=\"og:locale\" content=\"es_ES\" \/>\n<meta property=\"og:type\" content=\"article\" \/>\n<meta property=\"og:title\" content=\"Sierra de sable sin cable Bosch GSA 18V-32 - Wilhelm Hundt GmbH\" \/>\n<meta property=\"og:description\" content=\"Forma ergon\u00f3mica exclusiva de la empu\u00f1adura e interruptor extralargo para trabajar sin fatiga- incluso por encima de la cabeza o en espacios reducidos, motor sin escobillas, vibraciones extremadamente bajas, SDS para cambiar la hoja de sierra de forma f\u00e1cil y segura , preselecci\u00f3n de velocidad de corte variable, reposapi\u00e9s regulable para aprovechar al m\u00e1ximo la [&hellip;]\" \/>\n<meta property=\"og:url\" content=\"https:\/\/hundtgroup.com\/es\/produkt\/sierra-de-sable-sin-cable-bosch-gsa-18v-32\/\" \/>\n<meta property=\"og:site_name\" content=\"Wilhelm Hundt GmbH\" \/>\n<meta property=\"article:modified_time\" content=\"2025-07-29T12:28:23+00:00\" \/>\n<meta property=\"og:image\" content=\"https:\/\/hundtgroup.com\/wp-content\/uploads\/341187.jpg\" \/>\n\t<meta property=\"og:image:width\" content=\"520\" \/>\n\t<meta property=\"og:image:height\" content=\"520\" \/>\n\t<meta property=\"og:image:type\" content=\"image\/jpeg\" \/>\n<meta name=\"twitter:card\" content=\"summary_large_image\" \/>\n<script type=\"application\/ld+json\" class=\"yoast-schema-graph\">{\"@context\":\"https:\\\/\\\/schema.org\",\"@graph\":[{\"@type\":\"WebPage\",\"@id\":\"https:\\\/\\\/hundtgroup.com\\\/es\\\/produkt\\\/sierra-de-sable-sin-cable-bosch-gsa-18v-32\\\/\",\"url\":\"https:\\\/\\\/hundtgroup.com\\\/es\\\/produkt\\\/sierra-de-sable-sin-cable-bosch-gsa-18v-32\\\/\",\"name\":\"Sierra de sable sin cable Bosch GSA 18V-32 - Wilhelm Hundt GmbH\",\"isPartOf\":{\"@id\":\"https:\\\/\\\/hundtgroup.com\\\/es\\\/#website\"},\"primaryImageOfPage\":{\"@id\":\"https:\\\/\\\/hundtgroup.com\\\/es\\\/produkt\\\/sierra-de-sable-sin-cable-bosch-gsa-18v-32\\\/#primaryimage\"},\"image\":{\"@id\":\"https:\\\/\\\/hundtgroup.com\\\/es\\\/produkt\\\/sierra-de-sable-sin-cable-bosch-gsa-18v-32\\\/#primaryimage\"},\"thumbnailUrl\":\"https:\\\/\\\/hundtgroup.com\\\/wp-content\\\/uploads\\\/341187.jpg\",\"datePublished\":\"2025-06-18T16:31:33+00:00\",\"dateModified\":\"2025-07-29T12:28:23+00:00\",\"breadcrumb\":{\"@id\":\"https:\\\/\\\/hundtgroup.com\\\/es\\\/produkt\\\/sierra-de-sable-sin-cable-bosch-gsa-18v-32\\\/#breadcrumb\"},\"inLanguage\":\"es\",\"potentialAction\":[{\"@type\":\"ReadAction\",\"target\":[\"https:\\\/\\\/hundtgroup.com\\\/es\\\/produkt\\\/sierra-de-sable-sin-cable-bosch-gsa-18v-32\\\/\"]}]},{\"@type\":\"ImageObject\",\"inLanguage\":\"es\",\"@id\":\"https:\\\/\\\/hundtgroup.com\\\/es\\\/produkt\\\/sierra-de-sable-sin-cable-bosch-gsa-18v-32\\\/#primaryimage\",\"url\":\"https:\\\/\\\/hundtgroup.com\\\/wp-content\\\/uploads\\\/341187.jpg\",\"contentUrl\":\"https:\\\/\\\/hundtgroup.com\\\/wp-content\\\/uploads\\\/341187.jpg\",\"width\":520,\"height\":520},{\"@type\":\"BreadcrumbList\",\"@id\":\"https:\\\/\\\/hundtgroup.com\\\/es\\\/produkt\\\/sierra-de-sable-sin-cable-bosch-gsa-18v-32\\\/#breadcrumb\",\"itemListElement\":[{\"@type\":\"ListItem\",\"position\":1,\"name\":\"Startseite\",\"item\":\"https:\\\/\\\/hundtgroup.com\\\/es\\\/inicio-nuevo\\\/\"},{\"@type\":\"ListItem\",\"position\":2,\"name\":\"Tienda\",\"item\":\"https:\\\/\\\/hundtgroup.com\\\/tienda\\\/\"},{\"@type\":\"ListItem\",\"position\":3,\"name\":\"Sierra de sable sin cable Bosch GSA 18V-32\"}]},{\"@type\":\"WebSite\",\"@id\":\"https:\\\/\\\/hundtgroup.com\\\/es\\\/#website\",\"url\":\"https:\\\/\\\/hundtgroup.com\\\/es\\\/\",\"name\":\"Wilhelm Hundt GmbH\",\"description\":\"Tu especialista en m\u00e1quinas y herramientas para la transformaci\u00f3n de la chapa\",\"potentialAction\":[{\"@type\":\"SearchAction\",\"target\":{\"@type\":\"EntryPoint\",\"urlTemplate\":\"https:\\\/\\\/hundtgroup.com\\\/es\\\/?s={search_term_string}\"},\"query-input\":{\"@type\":\"PropertyValueSpecification\",\"valueRequired\":true,\"valueName\":\"search_term_string\"}}],\"inLanguage\":\"es\"}]}<\/script>\n<!-- \/ Yoast SEO plugin. -->","yoast_head_json":{"title":"Sierra de sable sin cable Bosch GSA 18V-32 - Wilhelm Hundt GmbH","robots":{"index":"index","follow":"follow","max-snippet":"max-snippet:-1","max-image-preview":"max-image-preview:large","max-video-preview":"max-video-preview:-1"},"canonical":"https:\/\/hundtgroup.com\/es\/produkt\/sierra-de-sable-sin-cable-bosch-gsa-18v-32\/","og_locale":"es_ES","og_type":"article","og_title":"Sierra de sable sin cable Bosch GSA 18V-32 - Wilhelm Hundt GmbH","og_description":"Forma ergon\u00f3mica exclusiva de la empu\u00f1adura e interruptor extralargo para trabajar sin fatiga- incluso por encima de la cabeza o en espacios reducidos, motor sin escobillas, vibraciones extremadamente bajas, SDS para cambiar la hoja de sierra de forma f\u00e1cil y segura , preselecci\u00f3n de velocidad de corte variable, reposapi\u00e9s regulable para aprovechar al m\u00e1ximo la [&hellip;]","og_url":"https:\/\/hundtgroup.com\/es\/produkt\/sierra-de-sable-sin-cable-bosch-gsa-18v-32\/","og_site_name":"Wilhelm Hundt GmbH","article_modified_time":"2025-07-29T12:28:23+00:00","og_image":[{"width":520,"height":520,"url":"https:\/\/hundtgroup.com\/wp-content\/uploads\/341187.jpg","type":"image\/jpeg"}],"twitter_card":"summary_large_image","schema":{"@context":"https:\/\/schema.org","@graph":[{"@type":"WebPage","@id":"https:\/\/hundtgroup.com\/es\/produkt\/sierra-de-sable-sin-cable-bosch-gsa-18v-32\/","url":"https:\/\/hundtgroup.com\/es\/produkt\/sierra-de-sable-sin-cable-bosch-gsa-18v-32\/","name":"Sierra de sable sin cable Bosch GSA 18V-32 - Wilhelm Hundt GmbH","isPartOf":{"@id":"https:\/\/hundtgroup.com\/es\/#website"},"primaryImageOfPage":{"@id":"https:\/\/hundtgroup.com\/es\/produkt\/sierra-de-sable-sin-cable-bosch-gsa-18v-32\/#primaryimage"},"image":{"@id":"https:\/\/hundtgroup.com\/es\/produkt\/sierra-de-sable-sin-cable-bosch-gsa-18v-32\/#primaryimage"},"thumbnailUrl":"https:\/\/hundtgroup.com\/wp-content\/uploads\/341187.jpg","datePublished":"2025-06-18T16:31:33+00:00","dateModified":"2025-07-29T12:28:23+00:00","breadcrumb":{"@id":"https:\/\/hundtgroup.com\/es\/produkt\/sierra-de-sable-sin-cable-bosch-gsa-18v-32\/#breadcrumb"},"inLanguage":"es","potentialAction":[{"@type":"ReadAction","target":["https:\/\/hundtgroup.com\/es\/produkt\/sierra-de-sable-sin-cable-bosch-gsa-18v-32\/"]}]},{"@type":"ImageObject","inLanguage":"es","@id":"https:\/\/hundtgroup.com\/es\/produkt\/sierra-de-sable-sin-cable-bosch-gsa-18v-32\/#primaryimage","url":"https:\/\/hundtgroup.com\/wp-content\/uploads\/341187.jpg","contentUrl":"https:\/\/hundtgroup.com\/wp-content\/uploads\/341187.jpg","width":520,"height":520},{"@type":"BreadcrumbList","@id":"https:\/\/hundtgroup.com\/es\/produkt\/sierra-de-sable-sin-cable-bosch-gsa-18v-32\/#breadcrumb","itemListElement":[{"@type":"ListItem","position":1,"name":"Startseite","item":"https:\/\/hundtgroup.com\/es\/inicio-nuevo\/"},{"@type":"ListItem","position":2,"name":"Tienda","item":"https:\/\/hundtgroup.com\/tienda\/"},{"@type":"ListItem","position":3,"name":"Sierra de sable sin cable Bosch GSA 18V-32"}]},{"@type":"WebSite","@id":"https:\/\/hundtgroup.com\/es\/#website","url":"https:\/\/hundtgroup.com\/es\/","name":"Wilhelm Hundt GmbH","description":"Tu especialista en m\u00e1quinas y herramientas para la transformaci\u00f3n de la chapa","potentialAction":[{"@type":"SearchAction","target":{"@type":"EntryPoint","urlTemplate":"https:\/\/hundtgroup.com\/es\/?s={search_term_string}"},"query-input":{"@type":"PropertyValueSpecification","valueRequired":true,"valueName":"search_term_string"}}],"inLanguage":"es"}]}},"_links":{"self":[{"href":"https:\/\/hundtgroup.com\/es\/wp-json\/wp\/v2\/product\/37293","targetHints":{"allow":["GET"]}}],"collection":[{"href":"https:\/\/hundtgroup.com\/es\/wp-json\/wp\/v2\/product"}],"about":[{"href":"https:\/\/hundtgroup.com\/es\/wp-json\/wp\/v2\/types\/product"}],"wp:featuredmedia":[{"embeddable":true,"href":"https:\/\/hundtgroup.com\/es\/wp-json\/wp\/v2\/media\/35375"}],"wp:attachment":[{"href":"https:\/\/hundtgroup.com\/es\/wp-json\/wp\/v2\/media?parent=37293"}],"wp:term":[{"taxonomy":"product_cat","embeddable":true,"href":"https:\/\/hundtgroup.com\/es\/wp-json\/wp\/v2\/product_cat?post=37293"},{"taxonomy":"product_tag","embeddable":true,"href":"https:\/\/hundtgroup.com\/es\/wp-json\/wp\/v2\/product_tag?post=37293"}],"curies":[{"name":"wp","href":"https:\/\/api.w.org\/{rel}","templated":true}]}}