{"id":37332,"date":"2025-06-18T18:31:36","date_gmt":"2025-06-18T16:31:36","guid":{"rendered":"https:\/\/hundtgroup.com\/produkt\/taladro-atornillador-makita-dp2010j\/"},"modified":"2025-07-28T16:43:17","modified_gmt":"2025-07-28T14:43:17","slug":"taladro-atornillador-makita-dp2010j","status":"publish","type":"product","link":"https:\/\/hundtgroup.com\/es\/produkt\/taladro-atornillador-makita-dp2010j\/","title":{"rendered":"Taladro atornillador Makita DP2010J"},"content":{"rendered":"<p>Taladradora compacta de alta velocidad de 370 W. El aparato tiene una velocidad variable entre 0 y 4.200 rpm y es ideal para instaladores de sistemas de aire acondicionado para taladrar orificios de peque\u00f1o di\u00e1metro, por ejemplo, para remaches ciegos. Con portabrocas de corona dentada con una anchura de sujeci\u00f3n de 0,5 a 6,5 mm.  <\/p>\n","protected":false},"excerpt":{"rendered":"<p>Taladradora compacta de alta velocidad de 370 W. El aparato tiene una velocidad variable entre 0 y 4.200 rpm y es ideal para instaladores de sistemas de aire acondicionado para taladrar orificios de peque\u00f1o di\u00e1metro, por ejemplo, para remaches ciegos. Con portabrocas de corona dentada con una anchura de sujeci\u00f3n de 0,5 a 6,5 mm.<\/p>\n","protected":false},"featured_media":35319,"template":"","meta":{"_acf_changed":false,"inline_featured_image":false},"product_cat":[672,1923],"product_tag":[],"class_list":{"0":"post-37332","1":"product","2":"type-product","3":"status-publish","4":"has-post-thumbnail","6":"brand-makita","7":"product_cat-herramientas-electricas","8":"product_cat-taladradora-es","10":"first","11":"instock","12":"taxable","13":"shipping-taxable","14":"purchasable","15":"product-type-simple","16":"add-to-wishlist-before_image"},"acf":[],"yoast_head":"<!-- This site is optimized with the Yoast SEO plugin v27.3 - https:\/\/yoast.com\/product\/yoast-seo-wordpress\/ -->\n<title>Taladro atornillador Makita DP2010J - Wilhelm Hundt GmbH<\/title>\n<meta name=\"robots\" content=\"index, follow, max-snippet:-1, max-image-preview:large, max-video-preview:-1\" \/>\n<link rel=\"canonical\" href=\"https:\/\/hundtgroup.com\/es\/produkt\/taladro-atornillador-makita-dp2010j\/\" \/>\n<meta property=\"og:locale\" content=\"es_ES\" \/>\n<meta property=\"og:type\" content=\"article\" \/>\n<meta property=\"og:title\" content=\"Taladro atornillador Makita DP2010J - Wilhelm Hundt GmbH\" \/>\n<meta property=\"og:description\" content=\"Taladradora compacta de alta velocidad de 370 W. El aparato tiene una velocidad variable entre 0 y 4.200 rpm y es ideal para instaladores de sistemas de aire acondicionado para taladrar orificios de peque\u00f1o di\u00e1metro, por ejemplo, para remaches ciegos. Con portabrocas de corona dentada con una anchura de sujeci\u00f3n de 0,5 a 6,5 mm.\" \/>\n<meta property=\"og:url\" content=\"https:\/\/hundtgroup.com\/es\/produkt\/taladro-atornillador-makita-dp2010j\/\" \/>\n<meta property=\"og:site_name\" content=\"Wilhelm Hundt GmbH\" \/>\n<meta property=\"article:modified_time\" content=\"2025-07-28T14:43:17+00:00\" \/>\n<meta property=\"og:image\" content=\"https:\/\/hundtgroup.com\/wp-content\/uploads\/316501.jpg\" \/>\n\t<meta property=\"og:image:width\" content=\"1000\" \/>\n\t<meta property=\"og:image:height\" content=\"952\" \/>\n\t<meta property=\"og:image:type\" content=\"image\/jpeg\" \/>\n<meta name=\"twitter:card\" content=\"summary_large_image\" \/>\n<script type=\"application\/ld+json\" class=\"yoast-schema-graph\">{\"@context\":\"https:\\\/\\\/schema.org\",\"@graph\":[{\"@type\":\"WebPage\",\"@id\":\"https:\\\/\\\/hundtgroup.com\\\/es\\\/produkt\\\/taladro-atornillador-makita-dp2010j\\\/\",\"url\":\"https:\\\/\\\/hundtgroup.com\\\/es\\\/produkt\\\/taladro-atornillador-makita-dp2010j\\\/\",\"name\":\"Taladro atornillador Makita DP2010J - Wilhelm Hundt GmbH\",\"isPartOf\":{\"@id\":\"https:\\\/\\\/hundtgroup.com\\\/es\\\/#website\"},\"primaryImageOfPage\":{\"@id\":\"https:\\\/\\\/hundtgroup.com\\\/es\\\/produkt\\\/taladro-atornillador-makita-dp2010j\\\/#primaryimage\"},\"image\":{\"@id\":\"https:\\\/\\\/hundtgroup.com\\\/es\\\/produkt\\\/taladro-atornillador-makita-dp2010j\\\/#primaryimage\"},\"thumbnailUrl\":\"https:\\\/\\\/hundtgroup.com\\\/wp-content\\\/uploads\\\/316501.jpg\",\"datePublished\":\"2025-06-18T16:31:36+00:00\",\"dateModified\":\"2025-07-28T14:43:17+00:00\",\"breadcrumb\":{\"@id\":\"https:\\\/\\\/hundtgroup.com\\\/es\\\/produkt\\\/taladro-atornillador-makita-dp2010j\\\/#breadcrumb\"},\"inLanguage\":\"es\",\"potentialAction\":[{\"@type\":\"ReadAction\",\"target\":[\"https:\\\/\\\/hundtgroup.com\\\/es\\\/produkt\\\/taladro-atornillador-makita-dp2010j\\\/\"]}]},{\"@type\":\"ImageObject\",\"inLanguage\":\"es\",\"@id\":\"https:\\\/\\\/hundtgroup.com\\\/es\\\/produkt\\\/taladro-atornillador-makita-dp2010j\\\/#primaryimage\",\"url\":\"https:\\\/\\\/hundtgroup.com\\\/wp-content\\\/uploads\\\/316501.jpg\",\"contentUrl\":\"https:\\\/\\\/hundtgroup.com\\\/wp-content\\\/uploads\\\/316501.jpg\",\"width\":1000,\"height\":952},{\"@type\":\"BreadcrumbList\",\"@id\":\"https:\\\/\\\/hundtgroup.com\\\/es\\\/produkt\\\/taladro-atornillador-makita-dp2010j\\\/#breadcrumb\",\"itemListElement\":[{\"@type\":\"ListItem\",\"position\":1,\"name\":\"Startseite\",\"item\":\"https:\\\/\\\/hundtgroup.com\\\/es\\\/inicio-nuevo\\\/\"},{\"@type\":\"ListItem\",\"position\":2,\"name\":\"Tienda\",\"item\":\"https:\\\/\\\/hundtgroup.com\\\/tienda\\\/\"},{\"@type\":\"ListItem\",\"position\":3,\"name\":\"Taladro atornillador Makita DP2010J\"}]},{\"@type\":\"WebSite\",\"@id\":\"https:\\\/\\\/hundtgroup.com\\\/es\\\/#website\",\"url\":\"https:\\\/\\\/hundtgroup.com\\\/es\\\/\",\"name\":\"Wilhelm Hundt GmbH\",\"description\":\"Tu especialista en m\u00e1quinas y herramientas para la transformaci\u00f3n de la chapa\",\"potentialAction\":[{\"@type\":\"SearchAction\",\"target\":{\"@type\":\"EntryPoint\",\"urlTemplate\":\"https:\\\/\\\/hundtgroup.com\\\/es\\\/?s={search_term_string}\"},\"query-input\":{\"@type\":\"PropertyValueSpecification\",\"valueRequired\":true,\"valueName\":\"search_term_string\"}}],\"inLanguage\":\"es\"}]}<\/script>\n<!-- \/ Yoast SEO plugin. -->","yoast_head_json":{"title":"Taladro atornillador Makita DP2010J - Wilhelm Hundt GmbH","robots":{"index":"index","follow":"follow","max-snippet":"max-snippet:-1","max-image-preview":"max-image-preview:large","max-video-preview":"max-video-preview:-1"},"canonical":"https:\/\/hundtgroup.com\/es\/produkt\/taladro-atornillador-makita-dp2010j\/","og_locale":"es_ES","og_type":"article","og_title":"Taladro atornillador Makita DP2010J - Wilhelm Hundt GmbH","og_description":"Taladradora compacta de alta velocidad de 370 W. El aparato tiene una velocidad variable entre 0 y 4.200 rpm y es ideal para instaladores de sistemas de aire acondicionado para taladrar orificios de peque\u00f1o di\u00e1metro, por ejemplo, para remaches ciegos. Con portabrocas de corona dentada con una anchura de sujeci\u00f3n de 0,5 a 6,5 mm.","og_url":"https:\/\/hundtgroup.com\/es\/produkt\/taladro-atornillador-makita-dp2010j\/","og_site_name":"Wilhelm Hundt GmbH","article_modified_time":"2025-07-28T14:43:17+00:00","og_image":[{"width":1000,"height":952,"url":"https:\/\/hundtgroup.com\/wp-content\/uploads\/316501.jpg","type":"image\/jpeg"}],"twitter_card":"summary_large_image","schema":{"@context":"https:\/\/schema.org","@graph":[{"@type":"WebPage","@id":"https:\/\/hundtgroup.com\/es\/produkt\/taladro-atornillador-makita-dp2010j\/","url":"https:\/\/hundtgroup.com\/es\/produkt\/taladro-atornillador-makita-dp2010j\/","name":"Taladro atornillador Makita DP2010J - Wilhelm Hundt GmbH","isPartOf":{"@id":"https:\/\/hundtgroup.com\/es\/#website"},"primaryImageOfPage":{"@id":"https:\/\/hundtgroup.com\/es\/produkt\/taladro-atornillador-makita-dp2010j\/#primaryimage"},"image":{"@id":"https:\/\/hundtgroup.com\/es\/produkt\/taladro-atornillador-makita-dp2010j\/#primaryimage"},"thumbnailUrl":"https:\/\/hundtgroup.com\/wp-content\/uploads\/316501.jpg","datePublished":"2025-06-18T16:31:36+00:00","dateModified":"2025-07-28T14:43:17+00:00","breadcrumb":{"@id":"https:\/\/hundtgroup.com\/es\/produkt\/taladro-atornillador-makita-dp2010j\/#breadcrumb"},"inLanguage":"es","potentialAction":[{"@type":"ReadAction","target":["https:\/\/hundtgroup.com\/es\/produkt\/taladro-atornillador-makita-dp2010j\/"]}]},{"@type":"ImageObject","inLanguage":"es","@id":"https:\/\/hundtgroup.com\/es\/produkt\/taladro-atornillador-makita-dp2010j\/#primaryimage","url":"https:\/\/hundtgroup.com\/wp-content\/uploads\/316501.jpg","contentUrl":"https:\/\/hundtgroup.com\/wp-content\/uploads\/316501.jpg","width":1000,"height":952},{"@type":"BreadcrumbList","@id":"https:\/\/hundtgroup.com\/es\/produkt\/taladro-atornillador-makita-dp2010j\/#breadcrumb","itemListElement":[{"@type":"ListItem","position":1,"name":"Startseite","item":"https:\/\/hundtgroup.com\/es\/inicio-nuevo\/"},{"@type":"ListItem","position":2,"name":"Tienda","item":"https:\/\/hundtgroup.com\/tienda\/"},{"@type":"ListItem","position":3,"name":"Taladro atornillador Makita DP2010J"}]},{"@type":"WebSite","@id":"https:\/\/hundtgroup.com\/es\/#website","url":"https:\/\/hundtgroup.com\/es\/","name":"Wilhelm Hundt GmbH","description":"Tu especialista en m\u00e1quinas y herramientas para la transformaci\u00f3n de la chapa","potentialAction":[{"@type":"SearchAction","target":{"@type":"EntryPoint","urlTemplate":"https:\/\/hundtgroup.com\/es\/?s={search_term_string}"},"query-input":{"@type":"PropertyValueSpecification","valueRequired":true,"valueName":"search_term_string"}}],"inLanguage":"es"}]}},"_links":{"self":[{"href":"https:\/\/hundtgroup.com\/es\/wp-json\/wp\/v2\/product\/37332","targetHints":{"allow":["GET"]}}],"collection":[{"href":"https:\/\/hundtgroup.com\/es\/wp-json\/wp\/v2\/product"}],"about":[{"href":"https:\/\/hundtgroup.com\/es\/wp-json\/wp\/v2\/types\/product"}],"wp:featuredmedia":[{"embeddable":true,"href":"https:\/\/hundtgroup.com\/es\/wp-json\/wp\/v2\/media\/35319"}],"wp:attachment":[{"href":"https:\/\/hundtgroup.com\/es\/wp-json\/wp\/v2\/media?parent=37332"}],"wp:term":[{"taxonomy":"product_cat","embeddable":true,"href":"https:\/\/hundtgroup.com\/es\/wp-json\/wp\/v2\/product_cat?post=37332"},{"taxonomy":"product_tag","embeddable":true,"href":"https:\/\/hundtgroup.com\/es\/wp-json\/wp\/v2\/product_tag?post=37332"}],"curies":[{"name":"wp","href":"https:\/\/api.w.org\/{rel}","templated":true}]}}