{"id":37681,"date":"2025-06-18T18:31:24","date_gmt":"2025-06-18T16:31:24","guid":{"rendered":"https:\/\/hundtgroup.com\/produkt\/remachadora-birdie-18-v-20-ah-sin-cable\/"},"modified":"2025-08-01T11:53:47","modified_gmt":"2025-08-01T09:53:47","slug":"remachadora-birdie-18-v-20-ah-sin-cable","status":"publish","type":"product","link":"https:\/\/hundtgroup.com\/es\/produkt\/remachadora-birdie-18-v-20-ah-sin-cable\/","title":{"rendered":"Remachadora recargable AccuBirdie"},"content":{"rendered":"<p>La Birdie es la remachadora a bater\u00eda m\u00e1s peque\u00f1a y ligera de su categor\u00eda. Con un peso de s\u00f3lo 900 g (sin bater\u00eda), la remachadora es tan ligera que puede utilizarse durante largos periodos sin fatiga y con la m\u00e1xima comodidad. Con una fuerza de ajuste de 10 kN, se pueden procesar remaches ciegos de hasta 5 mm de di\u00e1metro en todos los materiales. Las boquillas codificadas por colores facilitan la identificaci\u00f3n del remache ciego utilizado.   <\/p>\n","protected":false},"excerpt":{"rendered":"<p>La Birdie es la remachadora a bater\u00eda m\u00e1s peque\u00f1a y ligera de su categor\u00eda. Con un peso de s\u00f3lo 900 g (sin bater\u00eda), la remachadora es tan ligera que puede utilizarse durante largos periodos sin fatiga y con la m\u00e1xima comodidad. Con una fuerza de ajuste de 10 kN, se pueden procesar remaches ciegos de [&hellip;]<\/p>\n","protected":false},"featured_media":35669,"template":"","meta":{"_acf_changed":false,"inline_featured_image":false},"product_cat":[1835,1837],"product_tag":[],"class_list":{"0":"post-37681","1":"product","2":"type-product","3":"status-publish","4":"has-post-thumbnail","6":"brand-gesipa","7":"product_cat-herramientas-de-remachado","8":"product_cat-bateria-es","10":"first","11":"instock","12":"taxable","13":"shipping-taxable","14":"purchasable","15":"product-type-simple","16":"add-to-wishlist-before_image"},"acf":[],"yoast_head":"<!-- This site is optimized with the Yoast SEO plugin v27.3 - https:\/\/yoast.com\/product\/yoast-seo-wordpress\/ -->\n<title>Remachadora recargable AccuBirdie - Wilhelm Hundt GmbH<\/title>\n<meta name=\"robots\" content=\"index, follow, max-snippet:-1, max-image-preview:large, max-video-preview:-1\" \/>\n<link rel=\"canonical\" href=\"https:\/\/hundtgroup.com\/es\/produkt\/remachadora-birdie-18-v-20-ah-sin-cable\/\" \/>\n<meta property=\"og:locale\" content=\"es_ES\" \/>\n<meta property=\"og:type\" content=\"article\" \/>\n<meta property=\"og:title\" content=\"Remachadora recargable AccuBirdie - Wilhelm Hundt GmbH\" \/>\n<meta property=\"og:description\" content=\"La Birdie es la remachadora a bater\u00eda m\u00e1s peque\u00f1a y ligera de su categor\u00eda. Con un peso de s\u00f3lo 900 g (sin bater\u00eda), la remachadora es tan ligera que puede utilizarse durante largos periodos sin fatiga y con la m\u00e1xima comodidad. Con una fuerza de ajuste de 10 kN, se pueden procesar remaches ciegos de [&hellip;]\" \/>\n<meta property=\"og:url\" content=\"https:\/\/hundtgroup.com\/es\/produkt\/remachadora-birdie-18-v-20-ah-sin-cable\/\" \/>\n<meta property=\"og:site_name\" content=\"Wilhelm Hundt GmbH\" \/>\n<meta property=\"article:modified_time\" content=\"2025-08-01T09:53:47+00:00\" \/>\n<meta property=\"og:image\" content=\"https:\/\/hundtgroup.com\/wp-content\/uploads\/500801.jpg\" \/>\n\t<meta property=\"og:image:width\" content=\"1472\" \/>\n\t<meta property=\"og:image:height\" content=\"1472\" \/>\n\t<meta property=\"og:image:type\" content=\"image\/jpeg\" \/>\n<meta name=\"twitter:card\" content=\"summary_large_image\" \/>\n<script type=\"application\/ld+json\" class=\"yoast-schema-graph\">{\"@context\":\"https:\\\/\\\/schema.org\",\"@graph\":[{\"@type\":\"WebPage\",\"@id\":\"https:\\\/\\\/hundtgroup.com\\\/es\\\/produkt\\\/remachadora-birdie-18-v-20-ah-sin-cable\\\/\",\"url\":\"https:\\\/\\\/hundtgroup.com\\\/es\\\/produkt\\\/remachadora-birdie-18-v-20-ah-sin-cable\\\/\",\"name\":\"Remachadora recargable AccuBirdie - Wilhelm Hundt GmbH\",\"isPartOf\":{\"@id\":\"https:\\\/\\\/hundtgroup.com\\\/es\\\/#website\"},\"primaryImageOfPage\":{\"@id\":\"https:\\\/\\\/hundtgroup.com\\\/es\\\/produkt\\\/remachadora-birdie-18-v-20-ah-sin-cable\\\/#primaryimage\"},\"image\":{\"@id\":\"https:\\\/\\\/hundtgroup.com\\\/es\\\/produkt\\\/remachadora-birdie-18-v-20-ah-sin-cable\\\/#primaryimage\"},\"thumbnailUrl\":\"https:\\\/\\\/hundtgroup.com\\\/wp-content\\\/uploads\\\/500801.jpg\",\"datePublished\":\"2025-06-18T16:31:24+00:00\",\"dateModified\":\"2025-08-01T09:53:47+00:00\",\"breadcrumb\":{\"@id\":\"https:\\\/\\\/hundtgroup.com\\\/es\\\/produkt\\\/remachadora-birdie-18-v-20-ah-sin-cable\\\/#breadcrumb\"},\"inLanguage\":\"es\",\"potentialAction\":[{\"@type\":\"ReadAction\",\"target\":[\"https:\\\/\\\/hundtgroup.com\\\/es\\\/produkt\\\/remachadora-birdie-18-v-20-ah-sin-cable\\\/\"]}]},{\"@type\":\"ImageObject\",\"inLanguage\":\"es\",\"@id\":\"https:\\\/\\\/hundtgroup.com\\\/es\\\/produkt\\\/remachadora-birdie-18-v-20-ah-sin-cable\\\/#primaryimage\",\"url\":\"https:\\\/\\\/hundtgroup.com\\\/wp-content\\\/uploads\\\/500801.jpg\",\"contentUrl\":\"https:\\\/\\\/hundtgroup.com\\\/wp-content\\\/uploads\\\/500801.jpg\",\"width\":1472,\"height\":1472},{\"@type\":\"BreadcrumbList\",\"@id\":\"https:\\\/\\\/hundtgroup.com\\\/es\\\/produkt\\\/remachadora-birdie-18-v-20-ah-sin-cable\\\/#breadcrumb\",\"itemListElement\":[{\"@type\":\"ListItem\",\"position\":1,\"name\":\"Startseite\",\"item\":\"https:\\\/\\\/hundtgroup.com\\\/es\\\/inicio-nuevo\\\/\"},{\"@type\":\"ListItem\",\"position\":2,\"name\":\"Tienda\",\"item\":\"https:\\\/\\\/hundtgroup.com\\\/tienda\\\/\"},{\"@type\":\"ListItem\",\"position\":3,\"name\":\"Remachadora recargable AccuBirdie\"}]},{\"@type\":\"WebSite\",\"@id\":\"https:\\\/\\\/hundtgroup.com\\\/es\\\/#website\",\"url\":\"https:\\\/\\\/hundtgroup.com\\\/es\\\/\",\"name\":\"Wilhelm Hundt GmbH\",\"description\":\"Tu especialista en m\u00e1quinas y herramientas para la transformaci\u00f3n de la chapa\",\"potentialAction\":[{\"@type\":\"SearchAction\",\"target\":{\"@type\":\"EntryPoint\",\"urlTemplate\":\"https:\\\/\\\/hundtgroup.com\\\/es\\\/?s={search_term_string}\"},\"query-input\":{\"@type\":\"PropertyValueSpecification\",\"valueRequired\":true,\"valueName\":\"search_term_string\"}}],\"inLanguage\":\"es\"}]}<\/script>\n<!-- \/ Yoast SEO plugin. -->","yoast_head_json":{"title":"Remachadora recargable AccuBirdie - Wilhelm Hundt GmbH","robots":{"index":"index","follow":"follow","max-snippet":"max-snippet:-1","max-image-preview":"max-image-preview:large","max-video-preview":"max-video-preview:-1"},"canonical":"https:\/\/hundtgroup.com\/es\/produkt\/remachadora-birdie-18-v-20-ah-sin-cable\/","og_locale":"es_ES","og_type":"article","og_title":"Remachadora recargable AccuBirdie - Wilhelm Hundt GmbH","og_description":"La Birdie es la remachadora a bater\u00eda m\u00e1s peque\u00f1a y ligera de su categor\u00eda. Con un peso de s\u00f3lo 900 g (sin bater\u00eda), la remachadora es tan ligera que puede utilizarse durante largos periodos sin fatiga y con la m\u00e1xima comodidad. Con una fuerza de ajuste de 10 kN, se pueden procesar remaches ciegos de [&hellip;]","og_url":"https:\/\/hundtgroup.com\/es\/produkt\/remachadora-birdie-18-v-20-ah-sin-cable\/","og_site_name":"Wilhelm Hundt GmbH","article_modified_time":"2025-08-01T09:53:47+00:00","og_image":[{"width":1472,"height":1472,"url":"https:\/\/hundtgroup.com\/wp-content\/uploads\/500801.jpg","type":"image\/jpeg"}],"twitter_card":"summary_large_image","schema":{"@context":"https:\/\/schema.org","@graph":[{"@type":"WebPage","@id":"https:\/\/hundtgroup.com\/es\/produkt\/remachadora-birdie-18-v-20-ah-sin-cable\/","url":"https:\/\/hundtgroup.com\/es\/produkt\/remachadora-birdie-18-v-20-ah-sin-cable\/","name":"Remachadora recargable AccuBirdie - Wilhelm Hundt GmbH","isPartOf":{"@id":"https:\/\/hundtgroup.com\/es\/#website"},"primaryImageOfPage":{"@id":"https:\/\/hundtgroup.com\/es\/produkt\/remachadora-birdie-18-v-20-ah-sin-cable\/#primaryimage"},"image":{"@id":"https:\/\/hundtgroup.com\/es\/produkt\/remachadora-birdie-18-v-20-ah-sin-cable\/#primaryimage"},"thumbnailUrl":"https:\/\/hundtgroup.com\/wp-content\/uploads\/500801.jpg","datePublished":"2025-06-18T16:31:24+00:00","dateModified":"2025-08-01T09:53:47+00:00","breadcrumb":{"@id":"https:\/\/hundtgroup.com\/es\/produkt\/remachadora-birdie-18-v-20-ah-sin-cable\/#breadcrumb"},"inLanguage":"es","potentialAction":[{"@type":"ReadAction","target":["https:\/\/hundtgroup.com\/es\/produkt\/remachadora-birdie-18-v-20-ah-sin-cable\/"]}]},{"@type":"ImageObject","inLanguage":"es","@id":"https:\/\/hundtgroup.com\/es\/produkt\/remachadora-birdie-18-v-20-ah-sin-cable\/#primaryimage","url":"https:\/\/hundtgroup.com\/wp-content\/uploads\/500801.jpg","contentUrl":"https:\/\/hundtgroup.com\/wp-content\/uploads\/500801.jpg","width":1472,"height":1472},{"@type":"BreadcrumbList","@id":"https:\/\/hundtgroup.com\/es\/produkt\/remachadora-birdie-18-v-20-ah-sin-cable\/#breadcrumb","itemListElement":[{"@type":"ListItem","position":1,"name":"Startseite","item":"https:\/\/hundtgroup.com\/es\/inicio-nuevo\/"},{"@type":"ListItem","position":2,"name":"Tienda","item":"https:\/\/hundtgroup.com\/tienda\/"},{"@type":"ListItem","position":3,"name":"Remachadora recargable AccuBirdie"}]},{"@type":"WebSite","@id":"https:\/\/hundtgroup.com\/es\/#website","url":"https:\/\/hundtgroup.com\/es\/","name":"Wilhelm Hundt GmbH","description":"Tu especialista en m\u00e1quinas y herramientas para la transformaci\u00f3n de la chapa","potentialAction":[{"@type":"SearchAction","target":{"@type":"EntryPoint","urlTemplate":"https:\/\/hundtgroup.com\/es\/?s={search_term_string}"},"query-input":{"@type":"PropertyValueSpecification","valueRequired":true,"valueName":"search_term_string"}}],"inLanguage":"es"}]}},"_links":{"self":[{"href":"https:\/\/hundtgroup.com\/es\/wp-json\/wp\/v2\/product\/37681","targetHints":{"allow":["GET"]}}],"collection":[{"href":"https:\/\/hundtgroup.com\/es\/wp-json\/wp\/v2\/product"}],"about":[{"href":"https:\/\/hundtgroup.com\/es\/wp-json\/wp\/v2\/types\/product"}],"wp:featuredmedia":[{"embeddable":true,"href":"https:\/\/hundtgroup.com\/es\/wp-json\/wp\/v2\/media\/35669"}],"wp:attachment":[{"href":"https:\/\/hundtgroup.com\/es\/wp-json\/wp\/v2\/media?parent=37681"}],"wp:term":[{"taxonomy":"product_cat","embeddable":true,"href":"https:\/\/hundtgroup.com\/es\/wp-json\/wp\/v2\/product_cat?post=37681"},{"taxonomy":"product_tag","embeddable":true,"href":"https:\/\/hundtgroup.com\/es\/wp-json\/wp\/v2\/product_tag?post=37681"}],"curies":[{"name":"wp","href":"https:\/\/api.w.org\/{rel}","templated":true}]}}