{"id":37903,"date":"2025-06-18T18:32:55","date_gmt":"2025-06-18T16:32:55","guid":{"rendered":"https:\/\/hundtgroup.com\/produkt\/remaches-ciegos-a2-a2-cabeza-plana-oe-30-x-10\/"},"modified":"2025-08-05T17:40:19","modified_gmt":"2025-08-05T15:40:19","slug":"remaches-ciegos-a2-a2-cabeza-plana-oe-30-x-10","status":"publish","type":"product","link":"https:\/\/hundtgroup.com\/es\/produkt\/remaches-ciegos-a2-a2-cabeza-plana-oe-30-x-10\/","title":{"rendered":"Remaches ciegos A2\/A2 cabeza plana \u00d8 3,0 x 10"},"content":{"rendered":"<p>Remaches ciegos est\u00e1ndar de cabeza redonda plana con v\u00e1stago y v\u00e1stago de acero inoxidable V2A<\/p>\n<p>Precio por 1000 piezas<br \/>\n(p. ej.: cantidad de pedido 5 = 5000 piezas)<\/p>\n","protected":false},"excerpt":{"rendered":"<p>Remaches ciegos est\u00e1ndar de cabeza redonda plana con v\u00e1stago y v\u00e1stago de acero inoxidable V2A Precio por 1000 piezas (p. ej.: cantidad de pedido 5 = 5000 piezas)<\/p>\n","protected":false},"featured_media":16908,"template":"","meta":{"_acf_changed":false,"inline_featured_image":false},"product_cat":[2920,2948,1851,1848],"product_tag":[],"class_list":{"0":"post-37903","1":"product","2":"type-product","3":"status-publish","4":"has-post-thumbnail","6":"brand-hundt","7":"product_cat-a2-a2-es","8":"product_cat-oe-30","9":"product_cat-remaches-ciegos","10":"product_cat-tecnologia-de-fijacion","12":"first","13":"instock","14":"taxable","15":"shipping-taxable","16":"purchasable","17":"product-type-simple","18":"add-to-wishlist-before_image"},"acf":[],"yoast_head":"<!-- This site is optimized with the Yoast SEO plugin v27.3 - https:\/\/yoast.com\/product\/yoast-seo-wordpress\/ -->\n<title>Remaches ciegos A2\/A2 cabeza plana \u00d8 3,0 x 10 - Wilhelm Hundt GmbH<\/title>\n<meta name=\"robots\" content=\"index, follow, max-snippet:-1, max-image-preview:large, max-video-preview:-1\" \/>\n<link rel=\"canonical\" href=\"https:\/\/hundtgroup.com\/es\/produkt\/remaches-ciegos-a2-a2-cabeza-plana-oe-30-x-10\/\" \/>\n<meta property=\"og:locale\" content=\"es_ES\" \/>\n<meta property=\"og:type\" content=\"article\" \/>\n<meta property=\"og:title\" content=\"Remaches ciegos A2\/A2 cabeza plana \u00d8 3,0 x 10 - Wilhelm Hundt GmbH\" \/>\n<meta property=\"og:description\" content=\"Remaches ciegos est\u00e1ndar de cabeza redonda plana con v\u00e1stago y v\u00e1stago de acero inoxidable V2A Precio por 1000 piezas (p. ej.: cantidad de pedido 5 = 5000 piezas)\" \/>\n<meta property=\"og:url\" content=\"https:\/\/hundtgroup.com\/es\/produkt\/remaches-ciegos-a2-a2-cabeza-plana-oe-30-x-10\/\" \/>\n<meta property=\"og:site_name\" content=\"Wilhelm Hundt GmbH\" \/>\n<meta property=\"article:modified_time\" content=\"2025-08-05T15:40:19+00:00\" \/>\n<meta property=\"og:image\" content=\"https:\/\/hundtgroup.com\/wp-content\/uploads\/513003.jpg\" \/>\n\t<meta property=\"og:image:width\" content=\"400\" \/>\n\t<meta property=\"og:image:height\" content=\"400\" \/>\n\t<meta property=\"og:image:type\" content=\"image\/jpeg\" \/>\n<meta name=\"twitter:card\" content=\"summary_large_image\" \/>\n<script type=\"application\/ld+json\" class=\"yoast-schema-graph\">{\"@context\":\"https:\\\/\\\/schema.org\",\"@graph\":[{\"@type\":\"WebPage\",\"@id\":\"https:\\\/\\\/hundtgroup.com\\\/es\\\/produkt\\\/remaches-ciegos-a2-a2-cabeza-plana-oe-30-x-10\\\/\",\"url\":\"https:\\\/\\\/hundtgroup.com\\\/es\\\/produkt\\\/remaches-ciegos-a2-a2-cabeza-plana-oe-30-x-10\\\/\",\"name\":\"Remaches ciegos A2\\\/A2 cabeza plana \u00d8 3,0 x 10 - Wilhelm Hundt GmbH\",\"isPartOf\":{\"@id\":\"https:\\\/\\\/hundtgroup.com\\\/es\\\/#website\"},\"primaryImageOfPage\":{\"@id\":\"https:\\\/\\\/hundtgroup.com\\\/es\\\/produkt\\\/remaches-ciegos-a2-a2-cabeza-plana-oe-30-x-10\\\/#primaryimage\"},\"image\":{\"@id\":\"https:\\\/\\\/hundtgroup.com\\\/es\\\/produkt\\\/remaches-ciegos-a2-a2-cabeza-plana-oe-30-x-10\\\/#primaryimage\"},\"thumbnailUrl\":\"https:\\\/\\\/hundtgroup.com\\\/wp-content\\\/uploads\\\/513003.jpg\",\"datePublished\":\"2025-06-18T16:32:55+00:00\",\"dateModified\":\"2025-08-05T15:40:19+00:00\",\"breadcrumb\":{\"@id\":\"https:\\\/\\\/hundtgroup.com\\\/es\\\/produkt\\\/remaches-ciegos-a2-a2-cabeza-plana-oe-30-x-10\\\/#breadcrumb\"},\"inLanguage\":\"es\",\"potentialAction\":[{\"@type\":\"ReadAction\",\"target\":[\"https:\\\/\\\/hundtgroup.com\\\/es\\\/produkt\\\/remaches-ciegos-a2-a2-cabeza-plana-oe-30-x-10\\\/\"]}]},{\"@type\":\"ImageObject\",\"inLanguage\":\"es\",\"@id\":\"https:\\\/\\\/hundtgroup.com\\\/es\\\/produkt\\\/remaches-ciegos-a2-a2-cabeza-plana-oe-30-x-10\\\/#primaryimage\",\"url\":\"https:\\\/\\\/hundtgroup.com\\\/wp-content\\\/uploads\\\/513003.jpg\",\"contentUrl\":\"https:\\\/\\\/hundtgroup.com\\\/wp-content\\\/uploads\\\/513003.jpg\",\"width\":400,\"height\":400},{\"@type\":\"BreadcrumbList\",\"@id\":\"https:\\\/\\\/hundtgroup.com\\\/es\\\/produkt\\\/remaches-ciegos-a2-a2-cabeza-plana-oe-30-x-10\\\/#breadcrumb\",\"itemListElement\":[{\"@type\":\"ListItem\",\"position\":1,\"name\":\"Startseite\",\"item\":\"https:\\\/\\\/hundtgroup.com\\\/es\\\/inicio-nuevo\\\/\"},{\"@type\":\"ListItem\",\"position\":2,\"name\":\"Tienda\",\"item\":\"https:\\\/\\\/hundtgroup.com\\\/tienda\\\/\"},{\"@type\":\"ListItem\",\"position\":3,\"name\":\"Remaches ciegos A2\\\/A2 cabeza plana \u00d8 3,0 x 10\"}]},{\"@type\":\"WebSite\",\"@id\":\"https:\\\/\\\/hundtgroup.com\\\/es\\\/#website\",\"url\":\"https:\\\/\\\/hundtgroup.com\\\/es\\\/\",\"name\":\"Wilhelm Hundt GmbH\",\"description\":\"Tu especialista en m\u00e1quinas y herramientas para la transformaci\u00f3n de la chapa\",\"potentialAction\":[{\"@type\":\"SearchAction\",\"target\":{\"@type\":\"EntryPoint\",\"urlTemplate\":\"https:\\\/\\\/hundtgroup.com\\\/es\\\/?s={search_term_string}\"},\"query-input\":{\"@type\":\"PropertyValueSpecification\",\"valueRequired\":true,\"valueName\":\"search_term_string\"}}],\"inLanguage\":\"es\"}]}<\/script>\n<!-- \/ Yoast SEO plugin. -->","yoast_head_json":{"title":"Remaches ciegos A2\/A2 cabeza plana \u00d8 3,0 x 10 - Wilhelm Hundt GmbH","robots":{"index":"index","follow":"follow","max-snippet":"max-snippet:-1","max-image-preview":"max-image-preview:large","max-video-preview":"max-video-preview:-1"},"canonical":"https:\/\/hundtgroup.com\/es\/produkt\/remaches-ciegos-a2-a2-cabeza-plana-oe-30-x-10\/","og_locale":"es_ES","og_type":"article","og_title":"Remaches ciegos A2\/A2 cabeza plana \u00d8 3,0 x 10 - Wilhelm Hundt GmbH","og_description":"Remaches ciegos est\u00e1ndar de cabeza redonda plana con v\u00e1stago y v\u00e1stago de acero inoxidable V2A Precio por 1000 piezas (p. ej.: cantidad de pedido 5 = 5000 piezas)","og_url":"https:\/\/hundtgroup.com\/es\/produkt\/remaches-ciegos-a2-a2-cabeza-plana-oe-30-x-10\/","og_site_name":"Wilhelm Hundt GmbH","article_modified_time":"2025-08-05T15:40:19+00:00","og_image":[{"width":400,"height":400,"url":"https:\/\/hundtgroup.com\/wp-content\/uploads\/513003.jpg","type":"image\/jpeg"}],"twitter_card":"summary_large_image","schema":{"@context":"https:\/\/schema.org","@graph":[{"@type":"WebPage","@id":"https:\/\/hundtgroup.com\/es\/produkt\/remaches-ciegos-a2-a2-cabeza-plana-oe-30-x-10\/","url":"https:\/\/hundtgroup.com\/es\/produkt\/remaches-ciegos-a2-a2-cabeza-plana-oe-30-x-10\/","name":"Remaches ciegos A2\/A2 cabeza plana \u00d8 3,0 x 10 - Wilhelm Hundt GmbH","isPartOf":{"@id":"https:\/\/hundtgroup.com\/es\/#website"},"primaryImageOfPage":{"@id":"https:\/\/hundtgroup.com\/es\/produkt\/remaches-ciegos-a2-a2-cabeza-plana-oe-30-x-10\/#primaryimage"},"image":{"@id":"https:\/\/hundtgroup.com\/es\/produkt\/remaches-ciegos-a2-a2-cabeza-plana-oe-30-x-10\/#primaryimage"},"thumbnailUrl":"https:\/\/hundtgroup.com\/wp-content\/uploads\/513003.jpg","datePublished":"2025-06-18T16:32:55+00:00","dateModified":"2025-08-05T15:40:19+00:00","breadcrumb":{"@id":"https:\/\/hundtgroup.com\/es\/produkt\/remaches-ciegos-a2-a2-cabeza-plana-oe-30-x-10\/#breadcrumb"},"inLanguage":"es","potentialAction":[{"@type":"ReadAction","target":["https:\/\/hundtgroup.com\/es\/produkt\/remaches-ciegos-a2-a2-cabeza-plana-oe-30-x-10\/"]}]},{"@type":"ImageObject","inLanguage":"es","@id":"https:\/\/hundtgroup.com\/es\/produkt\/remaches-ciegos-a2-a2-cabeza-plana-oe-30-x-10\/#primaryimage","url":"https:\/\/hundtgroup.com\/wp-content\/uploads\/513003.jpg","contentUrl":"https:\/\/hundtgroup.com\/wp-content\/uploads\/513003.jpg","width":400,"height":400},{"@type":"BreadcrumbList","@id":"https:\/\/hundtgroup.com\/es\/produkt\/remaches-ciegos-a2-a2-cabeza-plana-oe-30-x-10\/#breadcrumb","itemListElement":[{"@type":"ListItem","position":1,"name":"Startseite","item":"https:\/\/hundtgroup.com\/es\/inicio-nuevo\/"},{"@type":"ListItem","position":2,"name":"Tienda","item":"https:\/\/hundtgroup.com\/tienda\/"},{"@type":"ListItem","position":3,"name":"Remaches ciegos A2\/A2 cabeza plana \u00d8 3,0 x 10"}]},{"@type":"WebSite","@id":"https:\/\/hundtgroup.com\/es\/#website","url":"https:\/\/hundtgroup.com\/es\/","name":"Wilhelm Hundt GmbH","description":"Tu especialista en m\u00e1quinas y herramientas para la transformaci\u00f3n de la chapa","potentialAction":[{"@type":"SearchAction","target":{"@type":"EntryPoint","urlTemplate":"https:\/\/hundtgroup.com\/es\/?s={search_term_string}"},"query-input":{"@type":"PropertyValueSpecification","valueRequired":true,"valueName":"search_term_string"}}],"inLanguage":"es"}]}},"_links":{"self":[{"href":"https:\/\/hundtgroup.com\/es\/wp-json\/wp\/v2\/product\/37903","targetHints":{"allow":["GET"]}}],"collection":[{"href":"https:\/\/hundtgroup.com\/es\/wp-json\/wp\/v2\/product"}],"about":[{"href":"https:\/\/hundtgroup.com\/es\/wp-json\/wp\/v2\/types\/product"}],"wp:featuredmedia":[{"embeddable":true,"href":"https:\/\/hundtgroup.com\/es\/wp-json\/wp\/v2\/media\/16908"}],"wp:attachment":[{"href":"https:\/\/hundtgroup.com\/es\/wp-json\/wp\/v2\/media?parent=37903"}],"wp:term":[{"taxonomy":"product_cat","embeddable":true,"href":"https:\/\/hundtgroup.com\/es\/wp-json\/wp\/v2\/product_cat?post=37903"},{"taxonomy":"product_tag","embeddable":true,"href":"https:\/\/hundtgroup.com\/es\/wp-json\/wp\/v2\/product_tag?post=37903"}],"curies":[{"name":"wp","href":"https:\/\/api.w.org\/{rel}","templated":true}]}}