{"id":39649,"date":"2025-09-19T20:58:04","date_gmt":"2025-09-19T18:58:04","guid":{"rendered":"https:\/\/hundtgroup.com\/?post_type=product&#038;p=39649"},"modified":"2025-09-19T21:14:04","modified_gmt":"2025-09-19T19:14:04","slug":"taladro-atornillador-a-bateria-bosch-gsr-12-v-15-20-ah-kopie","status":"publish","type":"product","link":"https:\/\/hundtgroup.com\/es\/produkt\/taladro-atornillador-a-bateria-bosch-gsr-12-v-15-20-ah-kopie\/","title":{"rendered":"Taladro atornillador a bater\u00eda Bosch GSR 12 V-15 2,0 Ah (Kopie)"},"content":{"rendered":"<p>La pr\u00e1ctica unidad de potencia: con 169 mm, dise\u00f1o extremadamente corto para un manejo \u00f3ptimo<br \/>\n, especialmente para aplicaciones de taladrado y atornillado por encima de la cabeza y<br \/>\nen espacios reducidos, portabrocas completo Auto-Lock de 10 mm, caja de cambios de 2 velocidades para un par potente al taladrar y atornillar<\/p>\n","protected":false},"excerpt":{"rendered":"<p>La pr\u00e1ctica unidad de potencia: con 169 mm, dise\u00f1o extremadamente corto para un manejo \u00f3ptimo , especialmente para aplicaciones de taladrado y atornillado por encima de la cabeza y en espacios reducidos, portabrocas completo Auto-Lock de 10 mm, caja de cambios de 2 velocidades para un par potente al taladrar y atornillar<\/p>\n","protected":false},"featured_media":39665,"template":"","meta":{"_acf_changed":false,"inline_featured_image":false},"product_cat":[1876,662,1840],"product_tag":[],"class_list":{"0":"post-39649","1":"product","2":"type-product","3":"status-publish","4":"has-post-thumbnail","6":"product_cat-novedades","7":"product_cat-herramientas-a-bateria","8":"product_cat-taladradora","10":"first","11":"instock","12":"taxable","13":"shipping-taxable","14":"purchasable","15":"product-type-simple","16":"add-to-wishlist-before_image"},"acf":[],"yoast_head":"<!-- This site is optimized with the Yoast SEO plugin v27.3 - https:\/\/yoast.com\/product\/yoast-seo-wordpress\/ -->\n<title>Taladro atornillador a bater\u00eda Bosch GSR 12 V-15 2,0 Ah (Kopie) - Wilhelm Hundt GmbH<\/title>\n<meta name=\"robots\" content=\"index, follow, max-snippet:-1, max-image-preview:large, max-video-preview:-1\" \/>\n<link rel=\"canonical\" href=\"https:\/\/hundtgroup.com\/es\/produkt\/taladro-atornillador-a-bateria-bosch-gsr-12-v-15-20-ah-kopie\/\" \/>\n<meta property=\"og:locale\" content=\"es_ES\" \/>\n<meta property=\"og:type\" content=\"article\" \/>\n<meta property=\"og:title\" content=\"Taladro atornillador a bater\u00eda Bosch GSR 12 V-15 2,0 Ah (Kopie) - Wilhelm Hundt GmbH\" \/>\n<meta property=\"og:description\" content=\"La pr\u00e1ctica unidad de potencia: con 169 mm, dise\u00f1o extremadamente corto para un manejo \u00f3ptimo , especialmente para aplicaciones de taladrado y atornillado por encima de la cabeza y en espacios reducidos, portabrocas completo Auto-Lock de 10 mm, caja de cambios de 2 velocidades para un par potente al taladrar y atornillar\" \/>\n<meta property=\"og:url\" content=\"https:\/\/hundtgroup.com\/es\/produkt\/taladro-atornillador-a-bateria-bosch-gsr-12-v-15-20-ah-kopie\/\" \/>\n<meta property=\"og:site_name\" content=\"Wilhelm Hundt GmbH\" \/>\n<meta property=\"article:modified_time\" content=\"2025-09-19T19:14:04+00:00\" \/>\n<meta property=\"og:image\" content=\"https:\/\/hundtgroup.com\/wp-content\/uploads\/akku-bohrschrauber_bosch_gsr_12v-32.webp\" \/>\n\t<meta property=\"og:image:width\" content=\"700\" \/>\n\t<meta property=\"og:image:height\" content=\"700\" \/>\n\t<meta property=\"og:image:type\" content=\"image\/webp\" \/>\n<meta name=\"twitter:card\" content=\"summary_large_image\" \/>\n<script type=\"application\/ld+json\" class=\"yoast-schema-graph\">{\"@context\":\"https:\\\/\\\/schema.org\",\"@graph\":[{\"@type\":\"WebPage\",\"@id\":\"https:\\\/\\\/hundtgroup.com\\\/es\\\/produkt\\\/taladro-atornillador-a-bateria-bosch-gsr-12-v-15-20-ah-kopie\\\/\",\"url\":\"https:\\\/\\\/hundtgroup.com\\\/es\\\/produkt\\\/taladro-atornillador-a-bateria-bosch-gsr-12-v-15-20-ah-kopie\\\/\",\"name\":\"Taladro atornillador a bater\u00eda Bosch GSR 12 V-15 2,0 Ah (Kopie) - Wilhelm Hundt GmbH\",\"isPartOf\":{\"@id\":\"https:\\\/\\\/hundtgroup.com\\\/es\\\/#website\"},\"primaryImageOfPage\":{\"@id\":\"https:\\\/\\\/hundtgroup.com\\\/es\\\/produkt\\\/taladro-atornillador-a-bateria-bosch-gsr-12-v-15-20-ah-kopie\\\/#primaryimage\"},\"image\":{\"@id\":\"https:\\\/\\\/hundtgroup.com\\\/es\\\/produkt\\\/taladro-atornillador-a-bateria-bosch-gsr-12-v-15-20-ah-kopie\\\/#primaryimage\"},\"thumbnailUrl\":\"https:\\\/\\\/hundtgroup.com\\\/wp-content\\\/uploads\\\/akku-bohrschrauber_bosch_gsr_12v-32.webp\",\"datePublished\":\"2025-09-19T18:58:04+00:00\",\"dateModified\":\"2025-09-19T19:14:04+00:00\",\"breadcrumb\":{\"@id\":\"https:\\\/\\\/hundtgroup.com\\\/es\\\/produkt\\\/taladro-atornillador-a-bateria-bosch-gsr-12-v-15-20-ah-kopie\\\/#breadcrumb\"},\"inLanguage\":\"es\",\"potentialAction\":[{\"@type\":\"ReadAction\",\"target\":[\"https:\\\/\\\/hundtgroup.com\\\/es\\\/produkt\\\/taladro-atornillador-a-bateria-bosch-gsr-12-v-15-20-ah-kopie\\\/\"]}]},{\"@type\":\"ImageObject\",\"inLanguage\":\"es\",\"@id\":\"https:\\\/\\\/hundtgroup.com\\\/es\\\/produkt\\\/taladro-atornillador-a-bateria-bosch-gsr-12-v-15-20-ah-kopie\\\/#primaryimage\",\"url\":\"https:\\\/\\\/hundtgroup.com\\\/wp-content\\\/uploads\\\/akku-bohrschrauber_bosch_gsr_12v-32.webp\",\"contentUrl\":\"https:\\\/\\\/hundtgroup.com\\\/wp-content\\\/uploads\\\/akku-bohrschrauber_bosch_gsr_12v-32.webp\",\"width\":700,\"height\":700},{\"@type\":\"BreadcrumbList\",\"@id\":\"https:\\\/\\\/hundtgroup.com\\\/es\\\/produkt\\\/taladro-atornillador-a-bateria-bosch-gsr-12-v-15-20-ah-kopie\\\/#breadcrumb\",\"itemListElement\":[{\"@type\":\"ListItem\",\"position\":1,\"name\":\"Startseite\",\"item\":\"https:\\\/\\\/hundtgroup.com\\\/es\\\/inicio-nuevo\\\/\"},{\"@type\":\"ListItem\",\"position\":2,\"name\":\"Tienda\",\"item\":\"https:\\\/\\\/hundtgroup.com\\\/tienda\\\/\"},{\"@type\":\"ListItem\",\"position\":3,\"name\":\"Taladro atornillador a bater\u00eda Bosch GSR 12 V-15 2,0 Ah (Kopie)\"}]},{\"@type\":\"WebSite\",\"@id\":\"https:\\\/\\\/hundtgroup.com\\\/es\\\/#website\",\"url\":\"https:\\\/\\\/hundtgroup.com\\\/es\\\/\",\"name\":\"Wilhelm Hundt GmbH\",\"description\":\"Tu especialista en m\u00e1quinas y herramientas para la transformaci\u00f3n de la chapa\",\"potentialAction\":[{\"@type\":\"SearchAction\",\"target\":{\"@type\":\"EntryPoint\",\"urlTemplate\":\"https:\\\/\\\/hundtgroup.com\\\/es\\\/?s={search_term_string}\"},\"query-input\":{\"@type\":\"PropertyValueSpecification\",\"valueRequired\":true,\"valueName\":\"search_term_string\"}}],\"inLanguage\":\"es\"}]}<\/script>\n<!-- \/ Yoast SEO plugin. -->","yoast_head_json":{"title":"Taladro atornillador a bater\u00eda Bosch GSR 12 V-15 2,0 Ah (Kopie) - Wilhelm Hundt GmbH","robots":{"index":"index","follow":"follow","max-snippet":"max-snippet:-1","max-image-preview":"max-image-preview:large","max-video-preview":"max-video-preview:-1"},"canonical":"https:\/\/hundtgroup.com\/es\/produkt\/taladro-atornillador-a-bateria-bosch-gsr-12-v-15-20-ah-kopie\/","og_locale":"es_ES","og_type":"article","og_title":"Taladro atornillador a bater\u00eda Bosch GSR 12 V-15 2,0 Ah (Kopie) - Wilhelm Hundt GmbH","og_description":"La pr\u00e1ctica unidad de potencia: con 169 mm, dise\u00f1o extremadamente corto para un manejo \u00f3ptimo , especialmente para aplicaciones de taladrado y atornillado por encima de la cabeza y en espacios reducidos, portabrocas completo Auto-Lock de 10 mm, caja de cambios de 2 velocidades para un par potente al taladrar y atornillar","og_url":"https:\/\/hundtgroup.com\/es\/produkt\/taladro-atornillador-a-bateria-bosch-gsr-12-v-15-20-ah-kopie\/","og_site_name":"Wilhelm Hundt GmbH","article_modified_time":"2025-09-19T19:14:04+00:00","og_image":[{"width":700,"height":700,"url":"https:\/\/hundtgroup.com\/wp-content\/uploads\/akku-bohrschrauber_bosch_gsr_12v-32.webp","type":"image\/webp"}],"twitter_card":"summary_large_image","schema":{"@context":"https:\/\/schema.org","@graph":[{"@type":"WebPage","@id":"https:\/\/hundtgroup.com\/es\/produkt\/taladro-atornillador-a-bateria-bosch-gsr-12-v-15-20-ah-kopie\/","url":"https:\/\/hundtgroup.com\/es\/produkt\/taladro-atornillador-a-bateria-bosch-gsr-12-v-15-20-ah-kopie\/","name":"Taladro atornillador a bater\u00eda Bosch GSR 12 V-15 2,0 Ah (Kopie) - Wilhelm Hundt GmbH","isPartOf":{"@id":"https:\/\/hundtgroup.com\/es\/#website"},"primaryImageOfPage":{"@id":"https:\/\/hundtgroup.com\/es\/produkt\/taladro-atornillador-a-bateria-bosch-gsr-12-v-15-20-ah-kopie\/#primaryimage"},"image":{"@id":"https:\/\/hundtgroup.com\/es\/produkt\/taladro-atornillador-a-bateria-bosch-gsr-12-v-15-20-ah-kopie\/#primaryimage"},"thumbnailUrl":"https:\/\/hundtgroup.com\/wp-content\/uploads\/akku-bohrschrauber_bosch_gsr_12v-32.webp","datePublished":"2025-09-19T18:58:04+00:00","dateModified":"2025-09-19T19:14:04+00:00","breadcrumb":{"@id":"https:\/\/hundtgroup.com\/es\/produkt\/taladro-atornillador-a-bateria-bosch-gsr-12-v-15-20-ah-kopie\/#breadcrumb"},"inLanguage":"es","potentialAction":[{"@type":"ReadAction","target":["https:\/\/hundtgroup.com\/es\/produkt\/taladro-atornillador-a-bateria-bosch-gsr-12-v-15-20-ah-kopie\/"]}]},{"@type":"ImageObject","inLanguage":"es","@id":"https:\/\/hundtgroup.com\/es\/produkt\/taladro-atornillador-a-bateria-bosch-gsr-12-v-15-20-ah-kopie\/#primaryimage","url":"https:\/\/hundtgroup.com\/wp-content\/uploads\/akku-bohrschrauber_bosch_gsr_12v-32.webp","contentUrl":"https:\/\/hundtgroup.com\/wp-content\/uploads\/akku-bohrschrauber_bosch_gsr_12v-32.webp","width":700,"height":700},{"@type":"BreadcrumbList","@id":"https:\/\/hundtgroup.com\/es\/produkt\/taladro-atornillador-a-bateria-bosch-gsr-12-v-15-20-ah-kopie\/#breadcrumb","itemListElement":[{"@type":"ListItem","position":1,"name":"Startseite","item":"https:\/\/hundtgroup.com\/es\/inicio-nuevo\/"},{"@type":"ListItem","position":2,"name":"Tienda","item":"https:\/\/hundtgroup.com\/tienda\/"},{"@type":"ListItem","position":3,"name":"Taladro atornillador a bater\u00eda Bosch GSR 12 V-15 2,0 Ah (Kopie)"}]},{"@type":"WebSite","@id":"https:\/\/hundtgroup.com\/es\/#website","url":"https:\/\/hundtgroup.com\/es\/","name":"Wilhelm Hundt GmbH","description":"Tu especialista en m\u00e1quinas y herramientas para la transformaci\u00f3n de la chapa","potentialAction":[{"@type":"SearchAction","target":{"@type":"EntryPoint","urlTemplate":"https:\/\/hundtgroup.com\/es\/?s={search_term_string}"},"query-input":{"@type":"PropertyValueSpecification","valueRequired":true,"valueName":"search_term_string"}}],"inLanguage":"es"}]}},"_links":{"self":[{"href":"https:\/\/hundtgroup.com\/es\/wp-json\/wp\/v2\/product\/39649","targetHints":{"allow":["GET"]}}],"collection":[{"href":"https:\/\/hundtgroup.com\/es\/wp-json\/wp\/v2\/product"}],"about":[{"href":"https:\/\/hundtgroup.com\/es\/wp-json\/wp\/v2\/types\/product"}],"wp:featuredmedia":[{"embeddable":true,"href":"https:\/\/hundtgroup.com\/es\/wp-json\/wp\/v2\/media\/39665"}],"wp:attachment":[{"href":"https:\/\/hundtgroup.com\/es\/wp-json\/wp\/v2\/media?parent=39649"}],"wp:term":[{"taxonomy":"product_cat","embeddable":true,"href":"https:\/\/hundtgroup.com\/es\/wp-json\/wp\/v2\/product_cat?post=39649"},{"taxonomy":"product_tag","embeddable":true,"href":"https:\/\/hundtgroup.com\/es\/wp-json\/wp\/v2\/product_tag?post=39649"}],"curies":[{"name":"wp","href":"https:\/\/api.w.org\/{rel}","templated":true}]}}