{"id":40471,"date":"2026-01-28T10:18:01","date_gmt":"2026-01-28T09:18:01","guid":{"rendered":"https:\/\/hundtgroup.com\/produkt\/pinza-amperimetrica-bosch-exmc600-17\/"},"modified":"2026-01-28T10:18:01","modified_gmt":"2026-01-28T09:18:01","slug":"pinza-amperimetrica-bosch-exmc600-17","status":"publish","type":"product","link":"https:\/\/hundtgroup.com\/es\/produkt\/pinza-amperimetrica-bosch-exmc600-17\/","title":{"rendered":"Pinza amperim\u00e9trica Bosch EXMC600-17"},"content":{"rendered":"<p>Medici\u00f3n de corriente CA\/CC RMS real, medici\u00f3n de temperatura y doble fuente de alimentaci\u00f3n<br \/>\nInterfaz enchufable de tipo K: Mide temperaturas de -40 a +400 \u00b0C<br \/>\nFuncionalidad vers\u00e1til: Mide corriente CA\/CC, corriente de irrupci\u00f3n, frecuencia, tensi\u00f3n, capacidad y mucho m\u00e1s<br \/>\nDise\u00f1o compacto: F\u00e1cil manejo con una sola mano y suspensi\u00f3n magn\u00e9tica MH 1 Profesional<br \/>\nAdecuado para obras: Comprobador de tensi\u00f3n sin contacto integrado y linterna para condiciones de poca luz<\/p>\n","protected":false},"excerpt":{"rendered":"<p>Medici\u00f3n de corriente CA\/CC RMS real, medici\u00f3n de temperatura y doble fuente de alimentaci\u00f3n Interfaz enchufable de tipo K: Mide temperaturas de -40 a +400 \u00b0C Funcionalidad vers\u00e1til: Mide corriente CA\/CC, corriente de irrupci\u00f3n, frecuencia, tensi\u00f3n, capacidad y mucho m\u00e1s Dise\u00f1o compacto: F\u00e1cil manejo con una sola mano y suspensi\u00f3n magn\u00e9tica MH 1 Profesional Adecuado [&hellip;]<\/p>\n","protected":false},"featured_media":40472,"template":"","meta":{"_acf_changed":false,"inline_featured_image":false},"product_cat":[3264,672],"product_tag":[],"class_list":{"0":"post-40471","1":"product","2":"type-product","3":"status-publish","4":"has-post-thumbnail","6":"brand-bosch-expert","7":"product_cat-pinza-actual","8":"product_cat-herramientas-electricas","10":"first","11":"instock","12":"taxable","13":"shipping-taxable","14":"purchasable","15":"product-type-simple","16":"add-to-wishlist-before_image"},"acf":[],"yoast_head":"<!-- This site is optimized with the Yoast SEO plugin v27.3 - https:\/\/yoast.com\/product\/yoast-seo-wordpress\/ -->\n<title>Pinza amperim\u00e9trica Bosch EXMC600-17 - Wilhelm Hundt GmbH<\/title>\n<meta name=\"robots\" content=\"index, follow, max-snippet:-1, max-image-preview:large, max-video-preview:-1\" \/>\n<link rel=\"canonical\" href=\"https:\/\/hundtgroup.com\/es\/produkt\/pinza-amperimetrica-bosch-exmc600-17\/\" \/>\n<meta property=\"og:locale\" content=\"es_ES\" \/>\n<meta property=\"og:type\" content=\"article\" \/>\n<meta property=\"og:title\" content=\"Pinza amperim\u00e9trica Bosch EXMC600-17 - Wilhelm Hundt GmbH\" \/>\n<meta property=\"og:description\" content=\"Medici\u00f3n de corriente CA\/CC RMS real, medici\u00f3n de temperatura y doble fuente de alimentaci\u00f3n Interfaz enchufable de tipo K: Mide temperaturas de -40 a +400 \u00b0C Funcionalidad vers\u00e1til: Mide corriente CA\/CC, corriente de irrupci\u00f3n, frecuencia, tensi\u00f3n, capacidad y mucho m\u00e1s Dise\u00f1o compacto: F\u00e1cil manejo con una sola mano y suspensi\u00f3n magn\u00e9tica MH 1 Profesional Adecuado [&hellip;]\" \/>\n<meta property=\"og:url\" content=\"https:\/\/hundtgroup.com\/es\/produkt\/pinza-amperimetrica-bosch-exmc600-17\/\" \/>\n<meta property=\"og:site_name\" content=\"Wilhelm Hundt GmbH\" \/>\n<meta property=\"og:image\" content=\"https:\/\/hundtgroup.com\/wp-content\/uploads\/340876.jpg\" \/>\n\t<meta property=\"og:image:width\" content=\"1021\" \/>\n\t<meta property=\"og:image:height\" content=\"972\" \/>\n\t<meta property=\"og:image:type\" content=\"image\/jpeg\" \/>\n<meta name=\"twitter:card\" content=\"summary_large_image\" \/>\n<script type=\"application\/ld+json\" class=\"yoast-schema-graph\">{\"@context\":\"https:\\\/\\\/schema.org\",\"@graph\":[{\"@type\":\"WebPage\",\"@id\":\"https:\\\/\\\/hundtgroup.com\\\/es\\\/produkt\\\/pinza-amperimetrica-bosch-exmc600-17\\\/\",\"url\":\"https:\\\/\\\/hundtgroup.com\\\/es\\\/produkt\\\/pinza-amperimetrica-bosch-exmc600-17\\\/\",\"name\":\"Pinza amperim\u00e9trica Bosch EXMC600-17 - Wilhelm Hundt GmbH\",\"isPartOf\":{\"@id\":\"https:\\\/\\\/hundtgroup.com\\\/es\\\/#website\"},\"primaryImageOfPage\":{\"@id\":\"https:\\\/\\\/hundtgroup.com\\\/es\\\/produkt\\\/pinza-amperimetrica-bosch-exmc600-17\\\/#primaryimage\"},\"image\":{\"@id\":\"https:\\\/\\\/hundtgroup.com\\\/es\\\/produkt\\\/pinza-amperimetrica-bosch-exmc600-17\\\/#primaryimage\"},\"thumbnailUrl\":\"https:\\\/\\\/hundtgroup.com\\\/wp-content\\\/uploads\\\/340876.jpg\",\"datePublished\":\"2026-01-28T09:18:01+00:00\",\"breadcrumb\":{\"@id\":\"https:\\\/\\\/hundtgroup.com\\\/es\\\/produkt\\\/pinza-amperimetrica-bosch-exmc600-17\\\/#breadcrumb\"},\"inLanguage\":\"es\",\"potentialAction\":[{\"@type\":\"ReadAction\",\"target\":[\"https:\\\/\\\/hundtgroup.com\\\/es\\\/produkt\\\/pinza-amperimetrica-bosch-exmc600-17\\\/\"]}]},{\"@type\":\"ImageObject\",\"inLanguage\":\"es\",\"@id\":\"https:\\\/\\\/hundtgroup.com\\\/es\\\/produkt\\\/pinza-amperimetrica-bosch-exmc600-17\\\/#primaryimage\",\"url\":\"https:\\\/\\\/hundtgroup.com\\\/wp-content\\\/uploads\\\/340876.jpg\",\"contentUrl\":\"https:\\\/\\\/hundtgroup.com\\\/wp-content\\\/uploads\\\/340876.jpg\",\"width\":1021,\"height\":972},{\"@type\":\"BreadcrumbList\",\"@id\":\"https:\\\/\\\/hundtgroup.com\\\/es\\\/produkt\\\/pinza-amperimetrica-bosch-exmc600-17\\\/#breadcrumb\",\"itemListElement\":[{\"@type\":\"ListItem\",\"position\":1,\"name\":\"Startseite\",\"item\":\"https:\\\/\\\/hundtgroup.com\\\/es\\\/inicio-nuevo\\\/\"},{\"@type\":\"ListItem\",\"position\":2,\"name\":\"Tienda\",\"item\":\"https:\\\/\\\/hundtgroup.com\\\/tienda\\\/\"},{\"@type\":\"ListItem\",\"position\":3,\"name\":\"Pinza amperim\u00e9trica Bosch EXMC600-17\"}]},{\"@type\":\"WebSite\",\"@id\":\"https:\\\/\\\/hundtgroup.com\\\/es\\\/#website\",\"url\":\"https:\\\/\\\/hundtgroup.com\\\/es\\\/\",\"name\":\"Wilhelm Hundt GmbH\",\"description\":\"Tu especialista en m\u00e1quinas y herramientas para la transformaci\u00f3n de la chapa\",\"potentialAction\":[{\"@type\":\"SearchAction\",\"target\":{\"@type\":\"EntryPoint\",\"urlTemplate\":\"https:\\\/\\\/hundtgroup.com\\\/es\\\/?s={search_term_string}\"},\"query-input\":{\"@type\":\"PropertyValueSpecification\",\"valueRequired\":true,\"valueName\":\"search_term_string\"}}],\"inLanguage\":\"es\"}]}<\/script>\n<!-- \/ Yoast SEO plugin. -->","yoast_head_json":{"title":"Pinza amperim\u00e9trica Bosch EXMC600-17 - Wilhelm Hundt GmbH","robots":{"index":"index","follow":"follow","max-snippet":"max-snippet:-1","max-image-preview":"max-image-preview:large","max-video-preview":"max-video-preview:-1"},"canonical":"https:\/\/hundtgroup.com\/es\/produkt\/pinza-amperimetrica-bosch-exmc600-17\/","og_locale":"es_ES","og_type":"article","og_title":"Pinza amperim\u00e9trica Bosch EXMC600-17 - Wilhelm Hundt GmbH","og_description":"Medici\u00f3n de corriente CA\/CC RMS real, medici\u00f3n de temperatura y doble fuente de alimentaci\u00f3n Interfaz enchufable de tipo K: Mide temperaturas de -40 a +400 \u00b0C Funcionalidad vers\u00e1til: Mide corriente CA\/CC, corriente de irrupci\u00f3n, frecuencia, tensi\u00f3n, capacidad y mucho m\u00e1s Dise\u00f1o compacto: F\u00e1cil manejo con una sola mano y suspensi\u00f3n magn\u00e9tica MH 1 Profesional Adecuado [&hellip;]","og_url":"https:\/\/hundtgroup.com\/es\/produkt\/pinza-amperimetrica-bosch-exmc600-17\/","og_site_name":"Wilhelm Hundt GmbH","og_image":[{"width":1021,"height":972,"url":"https:\/\/hundtgroup.com\/wp-content\/uploads\/340876.jpg","type":"image\/jpeg"}],"twitter_card":"summary_large_image","schema":{"@context":"https:\/\/schema.org","@graph":[{"@type":"WebPage","@id":"https:\/\/hundtgroup.com\/es\/produkt\/pinza-amperimetrica-bosch-exmc600-17\/","url":"https:\/\/hundtgroup.com\/es\/produkt\/pinza-amperimetrica-bosch-exmc600-17\/","name":"Pinza amperim\u00e9trica Bosch EXMC600-17 - Wilhelm Hundt GmbH","isPartOf":{"@id":"https:\/\/hundtgroup.com\/es\/#website"},"primaryImageOfPage":{"@id":"https:\/\/hundtgroup.com\/es\/produkt\/pinza-amperimetrica-bosch-exmc600-17\/#primaryimage"},"image":{"@id":"https:\/\/hundtgroup.com\/es\/produkt\/pinza-amperimetrica-bosch-exmc600-17\/#primaryimage"},"thumbnailUrl":"https:\/\/hundtgroup.com\/wp-content\/uploads\/340876.jpg","datePublished":"2026-01-28T09:18:01+00:00","breadcrumb":{"@id":"https:\/\/hundtgroup.com\/es\/produkt\/pinza-amperimetrica-bosch-exmc600-17\/#breadcrumb"},"inLanguage":"es","potentialAction":[{"@type":"ReadAction","target":["https:\/\/hundtgroup.com\/es\/produkt\/pinza-amperimetrica-bosch-exmc600-17\/"]}]},{"@type":"ImageObject","inLanguage":"es","@id":"https:\/\/hundtgroup.com\/es\/produkt\/pinza-amperimetrica-bosch-exmc600-17\/#primaryimage","url":"https:\/\/hundtgroup.com\/wp-content\/uploads\/340876.jpg","contentUrl":"https:\/\/hundtgroup.com\/wp-content\/uploads\/340876.jpg","width":1021,"height":972},{"@type":"BreadcrumbList","@id":"https:\/\/hundtgroup.com\/es\/produkt\/pinza-amperimetrica-bosch-exmc600-17\/#breadcrumb","itemListElement":[{"@type":"ListItem","position":1,"name":"Startseite","item":"https:\/\/hundtgroup.com\/es\/inicio-nuevo\/"},{"@type":"ListItem","position":2,"name":"Tienda","item":"https:\/\/hundtgroup.com\/tienda\/"},{"@type":"ListItem","position":3,"name":"Pinza amperim\u00e9trica Bosch EXMC600-17"}]},{"@type":"WebSite","@id":"https:\/\/hundtgroup.com\/es\/#website","url":"https:\/\/hundtgroup.com\/es\/","name":"Wilhelm Hundt GmbH","description":"Tu especialista en m\u00e1quinas y herramientas para la transformaci\u00f3n de la chapa","potentialAction":[{"@type":"SearchAction","target":{"@type":"EntryPoint","urlTemplate":"https:\/\/hundtgroup.com\/es\/?s={search_term_string}"},"query-input":{"@type":"PropertyValueSpecification","valueRequired":true,"valueName":"search_term_string"}}],"inLanguage":"es"}]}},"_links":{"self":[{"href":"https:\/\/hundtgroup.com\/es\/wp-json\/wp\/v2\/product\/40471","targetHints":{"allow":["GET"]}}],"collection":[{"href":"https:\/\/hundtgroup.com\/es\/wp-json\/wp\/v2\/product"}],"about":[{"href":"https:\/\/hundtgroup.com\/es\/wp-json\/wp\/v2\/types\/product"}],"wp:featuredmedia":[{"embeddable":true,"href":"https:\/\/hundtgroup.com\/es\/wp-json\/wp\/v2\/media\/40472"}],"wp:attachment":[{"href":"https:\/\/hundtgroup.com\/es\/wp-json\/wp\/v2\/media?parent=40471"}],"wp:term":[{"taxonomy":"product_cat","embeddable":true,"href":"https:\/\/hundtgroup.com\/es\/wp-json\/wp\/v2\/product_cat?post=40471"},{"taxonomy":"product_tag","embeddable":true,"href":"https:\/\/hundtgroup.com\/es\/wp-json\/wp\/v2\/product_tag?post=40471"}],"curies":[{"name":"wp","href":"https:\/\/api.w.org\/{rel}","templated":true}]}}