{"id":40477,"date":"2026-01-28T10:17:35","date_gmt":"2026-01-28T09:17:35","guid":{"rendered":"https:\/\/hundtgroup.com\/produkt\/sierra-sable-reciprocadora-sin-cable-bosch-exsa18v-32-solo\/"},"modified":"2026-01-28T10:17:35","modified_gmt":"2026-01-28T09:17:35","slug":"sierra-sable-reciprocadora-sin-cable-bosch-exsa18v-32-solo","status":"publish","type":"product","link":"https:\/\/hundtgroup.com\/es\/produkt\/sierra-sable-reciprocadora-sin-cable-bosch-exsa18v-32-solo\/","title":{"rendered":"Sierra sable\/reciprocadora sin cable Bosch EXSA18V-32 solo"},"content":{"rendered":"<p>Enorme potencia combinada con protecci\u00f3n avanzada y f\u00e1cil cambio de la hoja de sierra<br \/>\nExtraordinaria potencia: Potencia equivalente a la de una herramienta con cable con 1300 vatios, longitud de carrera de 32 mm, 3.000 rpm y acci\u00f3n pendular ajustable.000 rpm y acci\u00f3n pendular ajustable<br \/>\nBITURBO BRUSHLESS: Motor y sistema de accionamiento de alto rendimiento, dise\u00f1ados para la potencia extrema de las bater\u00edas EXPERT<br \/>\nProtecci\u00f3n avanzada: El Control KickBack minimiza el riesgo de lesiones si la herramienta se atasca y garantiza menos hojas de sierra rotas o dobladas<br \/>\nF\u00e1cil cambio de la hoja de sierra: La palanca de desbloqueo grande y c\u00f3moda permite cambiar la hoja de sierra f\u00e1cilmente y sin herramientas, incluso con guantes de trabajo.<\/p>\n","protected":false},"excerpt":{"rendered":"<p>Enorme potencia combinada con protecci\u00f3n avanzada y f\u00e1cil cambio de la hoja de sierra Extraordinaria potencia: Potencia equivalente a la de una herramienta con cable con 1300 vatios, longitud de carrera de 32 mm, 3.000 rpm y acci\u00f3n pendular ajustable.000 rpm y acci\u00f3n pendular ajustable BITURBO BRUSHLESS: Motor y sistema de accionamiento de alto rendimiento, [&hellip;]<\/p>\n","protected":false},"featured_media":40478,"template":"","meta":{"_acf_changed":false,"inline_featured_image":false},"product_cat":[662,1919],"product_tag":[],"class_list":{"0":"post-40477","1":"product","2":"type-product","3":"status-publish","4":"has-post-thumbnail","6":"brand-bosch-expert","7":"product_cat-herramientas-a-bateria","8":"product_cat-sierras-alternativas","10":"first","11":"instock","12":"taxable","13":"shipping-taxable","14":"purchasable","15":"product-type-simple","16":"add-to-wishlist-before_image"},"acf":[],"yoast_head":"<!-- This site is optimized with the Yoast SEO plugin v27.3 - https:\/\/yoast.com\/product\/yoast-seo-wordpress\/ -->\n<title>Sierra sable\/reciprocadora sin cable Bosch EXSA18V-32 solo - Wilhelm Hundt GmbH<\/title>\n<meta name=\"robots\" content=\"index, follow, max-snippet:-1, max-image-preview:large, max-video-preview:-1\" \/>\n<link rel=\"canonical\" href=\"https:\/\/hundtgroup.com\/es\/produkt\/sierra-sable-reciprocadora-sin-cable-bosch-exsa18v-32-solo\/\" \/>\n<meta property=\"og:locale\" content=\"es_ES\" \/>\n<meta property=\"og:type\" content=\"article\" \/>\n<meta property=\"og:title\" content=\"Sierra sable\/reciprocadora sin cable Bosch EXSA18V-32 solo - Wilhelm Hundt GmbH\" \/>\n<meta property=\"og:description\" content=\"Enorme potencia combinada con protecci\u00f3n avanzada y f\u00e1cil cambio de la hoja de sierra Extraordinaria potencia: Potencia equivalente a la de una herramienta con cable con 1300 vatios, longitud de carrera de 32 mm, 3.000 rpm y acci\u00f3n pendular ajustable.000 rpm y acci\u00f3n pendular ajustable BITURBO BRUSHLESS: Motor y sistema de accionamiento de alto rendimiento, [&hellip;]\" \/>\n<meta property=\"og:url\" content=\"https:\/\/hundtgroup.com\/es\/produkt\/sierra-sable-reciprocadora-sin-cable-bosch-exsa18v-32-solo\/\" \/>\n<meta property=\"og:site_name\" content=\"Wilhelm Hundt GmbH\" \/>\n<meta property=\"og:image\" content=\"https:\/\/hundtgroup.com\/wp-content\/uploads\/340819.jpg\" \/>\n\t<meta property=\"og:image:width\" content=\"600\" \/>\n\t<meta property=\"og:image:height\" content=\"600\" \/>\n\t<meta property=\"og:image:type\" content=\"image\/jpeg\" \/>\n<meta name=\"twitter:card\" content=\"summary_large_image\" \/>\n<meta name=\"twitter:label1\" content=\"Tiempo de lectura\" \/>\n\t<meta name=\"twitter:data1\" content=\"1 minuto\" \/>\n<script type=\"application\/ld+json\" class=\"yoast-schema-graph\">{\"@context\":\"https:\\\/\\\/schema.org\",\"@graph\":[{\"@type\":\"WebPage\",\"@id\":\"https:\\\/\\\/hundtgroup.com\\\/es\\\/produkt\\\/sierra-sable-reciprocadora-sin-cable-bosch-exsa18v-32-solo\\\/\",\"url\":\"https:\\\/\\\/hundtgroup.com\\\/es\\\/produkt\\\/sierra-sable-reciprocadora-sin-cable-bosch-exsa18v-32-solo\\\/\",\"name\":\"Sierra sable\\\/reciprocadora sin cable Bosch EXSA18V-32 solo - Wilhelm Hundt GmbH\",\"isPartOf\":{\"@id\":\"https:\\\/\\\/hundtgroup.com\\\/es\\\/#website\"},\"primaryImageOfPage\":{\"@id\":\"https:\\\/\\\/hundtgroup.com\\\/es\\\/produkt\\\/sierra-sable-reciprocadora-sin-cable-bosch-exsa18v-32-solo\\\/#primaryimage\"},\"image\":{\"@id\":\"https:\\\/\\\/hundtgroup.com\\\/es\\\/produkt\\\/sierra-sable-reciprocadora-sin-cable-bosch-exsa18v-32-solo\\\/#primaryimage\"},\"thumbnailUrl\":\"https:\\\/\\\/hundtgroup.com\\\/wp-content\\\/uploads\\\/340819.jpg\",\"datePublished\":\"2026-01-28T09:17:35+00:00\",\"breadcrumb\":{\"@id\":\"https:\\\/\\\/hundtgroup.com\\\/es\\\/produkt\\\/sierra-sable-reciprocadora-sin-cable-bosch-exsa18v-32-solo\\\/#breadcrumb\"},\"inLanguage\":\"es\",\"potentialAction\":[{\"@type\":\"ReadAction\",\"target\":[\"https:\\\/\\\/hundtgroup.com\\\/es\\\/produkt\\\/sierra-sable-reciprocadora-sin-cable-bosch-exsa18v-32-solo\\\/\"]}]},{\"@type\":\"ImageObject\",\"inLanguage\":\"es\",\"@id\":\"https:\\\/\\\/hundtgroup.com\\\/es\\\/produkt\\\/sierra-sable-reciprocadora-sin-cable-bosch-exsa18v-32-solo\\\/#primaryimage\",\"url\":\"https:\\\/\\\/hundtgroup.com\\\/wp-content\\\/uploads\\\/340819.jpg\",\"contentUrl\":\"https:\\\/\\\/hundtgroup.com\\\/wp-content\\\/uploads\\\/340819.jpg\",\"width\":600,\"height\":600},{\"@type\":\"BreadcrumbList\",\"@id\":\"https:\\\/\\\/hundtgroup.com\\\/es\\\/produkt\\\/sierra-sable-reciprocadora-sin-cable-bosch-exsa18v-32-solo\\\/#breadcrumb\",\"itemListElement\":[{\"@type\":\"ListItem\",\"position\":1,\"name\":\"Startseite\",\"item\":\"https:\\\/\\\/hundtgroup.com\\\/es\\\/inicio-nuevo\\\/\"},{\"@type\":\"ListItem\",\"position\":2,\"name\":\"Tienda\",\"item\":\"https:\\\/\\\/hundtgroup.com\\\/tienda\\\/\"},{\"@type\":\"ListItem\",\"position\":3,\"name\":\"Sierra sable\\\/reciprocadora sin cable Bosch EXSA18V-32 solo\"}]},{\"@type\":\"WebSite\",\"@id\":\"https:\\\/\\\/hundtgroup.com\\\/es\\\/#website\",\"url\":\"https:\\\/\\\/hundtgroup.com\\\/es\\\/\",\"name\":\"Wilhelm Hundt GmbH\",\"description\":\"Tu especialista en m\u00e1quinas y herramientas para la transformaci\u00f3n de la chapa\",\"potentialAction\":[{\"@type\":\"SearchAction\",\"target\":{\"@type\":\"EntryPoint\",\"urlTemplate\":\"https:\\\/\\\/hundtgroup.com\\\/es\\\/?s={search_term_string}\"},\"query-input\":{\"@type\":\"PropertyValueSpecification\",\"valueRequired\":true,\"valueName\":\"search_term_string\"}}],\"inLanguage\":\"es\"}]}<\/script>\n<!-- \/ Yoast SEO plugin. -->","yoast_head_json":{"title":"Sierra sable\/reciprocadora sin cable Bosch EXSA18V-32 solo - Wilhelm Hundt GmbH","robots":{"index":"index","follow":"follow","max-snippet":"max-snippet:-1","max-image-preview":"max-image-preview:large","max-video-preview":"max-video-preview:-1"},"canonical":"https:\/\/hundtgroup.com\/es\/produkt\/sierra-sable-reciprocadora-sin-cable-bosch-exsa18v-32-solo\/","og_locale":"es_ES","og_type":"article","og_title":"Sierra sable\/reciprocadora sin cable Bosch EXSA18V-32 solo - Wilhelm Hundt GmbH","og_description":"Enorme potencia combinada con protecci\u00f3n avanzada y f\u00e1cil cambio de la hoja de sierra Extraordinaria potencia: Potencia equivalente a la de una herramienta con cable con 1300 vatios, longitud de carrera de 32 mm, 3.000 rpm y acci\u00f3n pendular ajustable.000 rpm y acci\u00f3n pendular ajustable BITURBO BRUSHLESS: Motor y sistema de accionamiento de alto rendimiento, [&hellip;]","og_url":"https:\/\/hundtgroup.com\/es\/produkt\/sierra-sable-reciprocadora-sin-cable-bosch-exsa18v-32-solo\/","og_site_name":"Wilhelm Hundt GmbH","og_image":[{"width":600,"height":600,"url":"https:\/\/hundtgroup.com\/wp-content\/uploads\/340819.jpg","type":"image\/jpeg"}],"twitter_card":"summary_large_image","twitter_misc":{"Tiempo de lectura":"1 minuto"},"schema":{"@context":"https:\/\/schema.org","@graph":[{"@type":"WebPage","@id":"https:\/\/hundtgroup.com\/es\/produkt\/sierra-sable-reciprocadora-sin-cable-bosch-exsa18v-32-solo\/","url":"https:\/\/hundtgroup.com\/es\/produkt\/sierra-sable-reciprocadora-sin-cable-bosch-exsa18v-32-solo\/","name":"Sierra sable\/reciprocadora sin cable Bosch EXSA18V-32 solo - Wilhelm Hundt GmbH","isPartOf":{"@id":"https:\/\/hundtgroup.com\/es\/#website"},"primaryImageOfPage":{"@id":"https:\/\/hundtgroup.com\/es\/produkt\/sierra-sable-reciprocadora-sin-cable-bosch-exsa18v-32-solo\/#primaryimage"},"image":{"@id":"https:\/\/hundtgroup.com\/es\/produkt\/sierra-sable-reciprocadora-sin-cable-bosch-exsa18v-32-solo\/#primaryimage"},"thumbnailUrl":"https:\/\/hundtgroup.com\/wp-content\/uploads\/340819.jpg","datePublished":"2026-01-28T09:17:35+00:00","breadcrumb":{"@id":"https:\/\/hundtgroup.com\/es\/produkt\/sierra-sable-reciprocadora-sin-cable-bosch-exsa18v-32-solo\/#breadcrumb"},"inLanguage":"es","potentialAction":[{"@type":"ReadAction","target":["https:\/\/hundtgroup.com\/es\/produkt\/sierra-sable-reciprocadora-sin-cable-bosch-exsa18v-32-solo\/"]}]},{"@type":"ImageObject","inLanguage":"es","@id":"https:\/\/hundtgroup.com\/es\/produkt\/sierra-sable-reciprocadora-sin-cable-bosch-exsa18v-32-solo\/#primaryimage","url":"https:\/\/hundtgroup.com\/wp-content\/uploads\/340819.jpg","contentUrl":"https:\/\/hundtgroup.com\/wp-content\/uploads\/340819.jpg","width":600,"height":600},{"@type":"BreadcrumbList","@id":"https:\/\/hundtgroup.com\/es\/produkt\/sierra-sable-reciprocadora-sin-cable-bosch-exsa18v-32-solo\/#breadcrumb","itemListElement":[{"@type":"ListItem","position":1,"name":"Startseite","item":"https:\/\/hundtgroup.com\/es\/inicio-nuevo\/"},{"@type":"ListItem","position":2,"name":"Tienda","item":"https:\/\/hundtgroup.com\/tienda\/"},{"@type":"ListItem","position":3,"name":"Sierra sable\/reciprocadora sin cable Bosch EXSA18V-32 solo"}]},{"@type":"WebSite","@id":"https:\/\/hundtgroup.com\/es\/#website","url":"https:\/\/hundtgroup.com\/es\/","name":"Wilhelm Hundt GmbH","description":"Tu especialista en m\u00e1quinas y herramientas para la transformaci\u00f3n de la chapa","potentialAction":[{"@type":"SearchAction","target":{"@type":"EntryPoint","urlTemplate":"https:\/\/hundtgroup.com\/es\/?s={search_term_string}"},"query-input":{"@type":"PropertyValueSpecification","valueRequired":true,"valueName":"search_term_string"}}],"inLanguage":"es"}]}},"_links":{"self":[{"href":"https:\/\/hundtgroup.com\/es\/wp-json\/wp\/v2\/product\/40477","targetHints":{"allow":["GET"]}}],"collection":[{"href":"https:\/\/hundtgroup.com\/es\/wp-json\/wp\/v2\/product"}],"about":[{"href":"https:\/\/hundtgroup.com\/es\/wp-json\/wp\/v2\/types\/product"}],"wp:featuredmedia":[{"embeddable":true,"href":"https:\/\/hundtgroup.com\/es\/wp-json\/wp\/v2\/media\/40478"}],"wp:attachment":[{"href":"https:\/\/hundtgroup.com\/es\/wp-json\/wp\/v2\/media?parent=40477"}],"wp:term":[{"taxonomy":"product_cat","embeddable":true,"href":"https:\/\/hundtgroup.com\/es\/wp-json\/wp\/v2\/product_cat?post=40477"},{"taxonomy":"product_tag","embeddable":true,"href":"https:\/\/hundtgroup.com\/es\/wp-json\/wp\/v2\/product_tag?post=40477"}],"curies":[{"name":"wp","href":"https:\/\/api.w.org\/{rel}","templated":true}]}}