{"id":40573,"date":"2026-01-28T10:17:39","date_gmt":"2026-01-28T09:17:39","guid":{"rendered":"https:\/\/hundtgroup.com\/produkt\/taladro-de-percusion-sin-cable-bosch-exsb18v-150-solo\/"},"modified":"2026-01-28T10:17:39","modified_gmt":"2026-01-28T09:17:39","slug":"taladro-de-percusion-sin-cable-bosch-exsb18v-150-solo","status":"publish","type":"product","link":"https:\/\/hundtgroup.com\/es\/produkt\/taladro-de-percusion-sin-cable-bosch-exsb18v-150-solo\/","title":{"rendered":"Taladro de percusi\u00f3n sin cable Bosch EXSB18V-150 solo"},"content":{"rendered":"<p>Hasta un 75 % m\u00e1s de potencia que la GSB 18V-110 C Profesional\u00b9<br \/>\nPotencia extrema: 150 Nm de par m\u00e1ximo. Par de giro ideal para taladrar metal con \u00d816 mm, serrar agujeros en madera con \u00d8 150 mm y en mamposter\u00eda con \u00d8 20 mm<br \/>\nBITURBO BRUSHLESS: Motor y sistema de accionamiento de alto rendimiento, dise\u00f1ados para la potencia extrema de las bater\u00edas EXPERT<br \/>\nProtecci\u00f3n avanzada del usuario: El control KickBack (encendido\/apagado) minimiza el riesgo de lesiones al desconectarse si la broca se atasca<br \/>\nDetecci\u00f3n electr\u00f3nica del \u00e1ngulo: Inserta tornillos en vigas con un \u00e1ngulo ajustable para crear una construcci\u00f3n robusta <\/p>\n","protected":false},"excerpt":{"rendered":"<p>Hasta un 75 % m\u00e1s de potencia que la GSB 18V-110 C Profesional\u00b9 Potencia extrema: 150 Nm de par m\u00e1ximo. Par de giro ideal para taladrar metal con \u00d816 mm, serrar agujeros en madera con \u00d8 150 mm y en mamposter\u00eda con \u00d8 20 mm BITURBO BRUSHLESS: Motor y sistema de accionamiento de alto rendimiento, [&hellip;]<\/p>\n","protected":false},"featured_media":40575,"template":"","meta":{"_acf_changed":false,"inline_featured_image":false},"product_cat":[3260,662],"product_tag":[],"class_list":{"0":"post-40573","1":"product","2":"type-product","3":"status-publish","4":"has-post-thumbnail","6":"brand-bosch-expert","7":"product_cat-taladro-de-impacto","8":"product_cat-herramientas-a-bateria","10":"first","11":"instock","12":"taxable","13":"shipping-taxable","14":"purchasable","15":"product-type-simple","16":"add-to-wishlist-before_image"},"acf":[],"yoast_head":"<!-- This site is optimized with the Yoast SEO plugin v27.3 - https:\/\/yoast.com\/product\/yoast-seo-wordpress\/ -->\n<title>Taladro de percusi\u00f3n sin cable Bosch EXSB18V-150 solo - Wilhelm Hundt GmbH<\/title>\n<meta name=\"robots\" content=\"index, follow, max-snippet:-1, max-image-preview:large, max-video-preview:-1\" \/>\n<link rel=\"canonical\" href=\"https:\/\/hundtgroup.com\/es\/produkt\/taladro-de-percusion-sin-cable-bosch-exsb18v-150-solo\/\" \/>\n<meta property=\"og:locale\" content=\"es_ES\" \/>\n<meta property=\"og:type\" content=\"article\" \/>\n<meta property=\"og:title\" content=\"Taladro de percusi\u00f3n sin cable Bosch EXSB18V-150 solo - Wilhelm Hundt GmbH\" \/>\n<meta property=\"og:description\" content=\"Hasta un 75 % m\u00e1s de potencia que la GSB 18V-110 C Profesional\u00b9 Potencia extrema: 150 Nm de par m\u00e1ximo. Par de giro ideal para taladrar metal con \u00d816 mm, serrar agujeros en madera con \u00d8 150 mm y en mamposter\u00eda con \u00d8 20 mm BITURBO BRUSHLESS: Motor y sistema de accionamiento de alto rendimiento, [&hellip;]\" \/>\n<meta property=\"og:url\" content=\"https:\/\/hundtgroup.com\/es\/produkt\/taladro-de-percusion-sin-cable-bosch-exsb18v-150-solo\/\" \/>\n<meta property=\"og:site_name\" content=\"Wilhelm Hundt GmbH\" \/>\n<meta property=\"og:image\" content=\"https:\/\/hundtgroup.com\/wp-content\/uploads\/340822.jpg\" \/>\n\t<meta property=\"og:image:width\" content=\"600\" \/>\n\t<meta property=\"og:image:height\" content=\"600\" \/>\n\t<meta property=\"og:image:type\" content=\"image\/jpeg\" \/>\n<meta name=\"twitter:card\" content=\"summary_large_image\" \/>\n<meta name=\"twitter:label1\" content=\"Tiempo de lectura\" \/>\n\t<meta name=\"twitter:data1\" content=\"1 minuto\" \/>\n<script type=\"application\/ld+json\" class=\"yoast-schema-graph\">{\"@context\":\"https:\\\/\\\/schema.org\",\"@graph\":[{\"@type\":\"WebPage\",\"@id\":\"https:\\\/\\\/hundtgroup.com\\\/es\\\/produkt\\\/taladro-de-percusion-sin-cable-bosch-exsb18v-150-solo\\\/\",\"url\":\"https:\\\/\\\/hundtgroup.com\\\/es\\\/produkt\\\/taladro-de-percusion-sin-cable-bosch-exsb18v-150-solo\\\/\",\"name\":\"Taladro de percusi\u00f3n sin cable Bosch EXSB18V-150 solo - Wilhelm Hundt GmbH\",\"isPartOf\":{\"@id\":\"https:\\\/\\\/hundtgroup.com\\\/es\\\/#website\"},\"primaryImageOfPage\":{\"@id\":\"https:\\\/\\\/hundtgroup.com\\\/es\\\/produkt\\\/taladro-de-percusion-sin-cable-bosch-exsb18v-150-solo\\\/#primaryimage\"},\"image\":{\"@id\":\"https:\\\/\\\/hundtgroup.com\\\/es\\\/produkt\\\/taladro-de-percusion-sin-cable-bosch-exsb18v-150-solo\\\/#primaryimage\"},\"thumbnailUrl\":\"https:\\\/\\\/hundtgroup.com\\\/wp-content\\\/uploads\\\/340822.jpg\",\"datePublished\":\"2026-01-28T09:17:39+00:00\",\"breadcrumb\":{\"@id\":\"https:\\\/\\\/hundtgroup.com\\\/es\\\/produkt\\\/taladro-de-percusion-sin-cable-bosch-exsb18v-150-solo\\\/#breadcrumb\"},\"inLanguage\":\"es\",\"potentialAction\":[{\"@type\":\"ReadAction\",\"target\":[\"https:\\\/\\\/hundtgroup.com\\\/es\\\/produkt\\\/taladro-de-percusion-sin-cable-bosch-exsb18v-150-solo\\\/\"]}]},{\"@type\":\"ImageObject\",\"inLanguage\":\"es\",\"@id\":\"https:\\\/\\\/hundtgroup.com\\\/es\\\/produkt\\\/taladro-de-percusion-sin-cable-bosch-exsb18v-150-solo\\\/#primaryimage\",\"url\":\"https:\\\/\\\/hundtgroup.com\\\/wp-content\\\/uploads\\\/340822.jpg\",\"contentUrl\":\"https:\\\/\\\/hundtgroup.com\\\/wp-content\\\/uploads\\\/340822.jpg\",\"width\":600,\"height\":600},{\"@type\":\"BreadcrumbList\",\"@id\":\"https:\\\/\\\/hundtgroup.com\\\/es\\\/produkt\\\/taladro-de-percusion-sin-cable-bosch-exsb18v-150-solo\\\/#breadcrumb\",\"itemListElement\":[{\"@type\":\"ListItem\",\"position\":1,\"name\":\"Startseite\",\"item\":\"https:\\\/\\\/hundtgroup.com\\\/es\\\/inicio-nuevo\\\/\"},{\"@type\":\"ListItem\",\"position\":2,\"name\":\"Tienda\",\"item\":\"https:\\\/\\\/hundtgroup.com\\\/tienda\\\/\"},{\"@type\":\"ListItem\",\"position\":3,\"name\":\"Taladro de percusi\u00f3n sin cable Bosch EXSB18V-150 solo\"}]},{\"@type\":\"WebSite\",\"@id\":\"https:\\\/\\\/hundtgroup.com\\\/es\\\/#website\",\"url\":\"https:\\\/\\\/hundtgroup.com\\\/es\\\/\",\"name\":\"Wilhelm Hundt GmbH\",\"description\":\"Tu especialista en m\u00e1quinas y herramientas para la transformaci\u00f3n de la chapa\",\"potentialAction\":[{\"@type\":\"SearchAction\",\"target\":{\"@type\":\"EntryPoint\",\"urlTemplate\":\"https:\\\/\\\/hundtgroup.com\\\/es\\\/?s={search_term_string}\"},\"query-input\":{\"@type\":\"PropertyValueSpecification\",\"valueRequired\":true,\"valueName\":\"search_term_string\"}}],\"inLanguage\":\"es\"}]}<\/script>\n<!-- \/ Yoast SEO plugin. -->","yoast_head_json":{"title":"Taladro de percusi\u00f3n sin cable Bosch EXSB18V-150 solo - Wilhelm Hundt GmbH","robots":{"index":"index","follow":"follow","max-snippet":"max-snippet:-1","max-image-preview":"max-image-preview:large","max-video-preview":"max-video-preview:-1"},"canonical":"https:\/\/hundtgroup.com\/es\/produkt\/taladro-de-percusion-sin-cable-bosch-exsb18v-150-solo\/","og_locale":"es_ES","og_type":"article","og_title":"Taladro de percusi\u00f3n sin cable Bosch EXSB18V-150 solo - Wilhelm Hundt GmbH","og_description":"Hasta un 75 % m\u00e1s de potencia que la GSB 18V-110 C Profesional\u00b9 Potencia extrema: 150 Nm de par m\u00e1ximo. Par de giro ideal para taladrar metal con \u00d816 mm, serrar agujeros en madera con \u00d8 150 mm y en mamposter\u00eda con \u00d8 20 mm BITURBO BRUSHLESS: Motor y sistema de accionamiento de alto rendimiento, [&hellip;]","og_url":"https:\/\/hundtgroup.com\/es\/produkt\/taladro-de-percusion-sin-cable-bosch-exsb18v-150-solo\/","og_site_name":"Wilhelm Hundt GmbH","og_image":[{"width":600,"height":600,"url":"https:\/\/hundtgroup.com\/wp-content\/uploads\/340822.jpg","type":"image\/jpeg"}],"twitter_card":"summary_large_image","twitter_misc":{"Tiempo de lectura":"1 minuto"},"schema":{"@context":"https:\/\/schema.org","@graph":[{"@type":"WebPage","@id":"https:\/\/hundtgroup.com\/es\/produkt\/taladro-de-percusion-sin-cable-bosch-exsb18v-150-solo\/","url":"https:\/\/hundtgroup.com\/es\/produkt\/taladro-de-percusion-sin-cable-bosch-exsb18v-150-solo\/","name":"Taladro de percusi\u00f3n sin cable Bosch EXSB18V-150 solo - Wilhelm Hundt GmbH","isPartOf":{"@id":"https:\/\/hundtgroup.com\/es\/#website"},"primaryImageOfPage":{"@id":"https:\/\/hundtgroup.com\/es\/produkt\/taladro-de-percusion-sin-cable-bosch-exsb18v-150-solo\/#primaryimage"},"image":{"@id":"https:\/\/hundtgroup.com\/es\/produkt\/taladro-de-percusion-sin-cable-bosch-exsb18v-150-solo\/#primaryimage"},"thumbnailUrl":"https:\/\/hundtgroup.com\/wp-content\/uploads\/340822.jpg","datePublished":"2026-01-28T09:17:39+00:00","breadcrumb":{"@id":"https:\/\/hundtgroup.com\/es\/produkt\/taladro-de-percusion-sin-cable-bosch-exsb18v-150-solo\/#breadcrumb"},"inLanguage":"es","potentialAction":[{"@type":"ReadAction","target":["https:\/\/hundtgroup.com\/es\/produkt\/taladro-de-percusion-sin-cable-bosch-exsb18v-150-solo\/"]}]},{"@type":"ImageObject","inLanguage":"es","@id":"https:\/\/hundtgroup.com\/es\/produkt\/taladro-de-percusion-sin-cable-bosch-exsb18v-150-solo\/#primaryimage","url":"https:\/\/hundtgroup.com\/wp-content\/uploads\/340822.jpg","contentUrl":"https:\/\/hundtgroup.com\/wp-content\/uploads\/340822.jpg","width":600,"height":600},{"@type":"BreadcrumbList","@id":"https:\/\/hundtgroup.com\/es\/produkt\/taladro-de-percusion-sin-cable-bosch-exsb18v-150-solo\/#breadcrumb","itemListElement":[{"@type":"ListItem","position":1,"name":"Startseite","item":"https:\/\/hundtgroup.com\/es\/inicio-nuevo\/"},{"@type":"ListItem","position":2,"name":"Tienda","item":"https:\/\/hundtgroup.com\/tienda\/"},{"@type":"ListItem","position":3,"name":"Taladro de percusi\u00f3n sin cable Bosch EXSB18V-150 solo"}]},{"@type":"WebSite","@id":"https:\/\/hundtgroup.com\/es\/#website","url":"https:\/\/hundtgroup.com\/es\/","name":"Wilhelm Hundt GmbH","description":"Tu especialista en m\u00e1quinas y herramientas para la transformaci\u00f3n de la chapa","potentialAction":[{"@type":"SearchAction","target":{"@type":"EntryPoint","urlTemplate":"https:\/\/hundtgroup.com\/es\/?s={search_term_string}"},"query-input":{"@type":"PropertyValueSpecification","valueRequired":true,"valueName":"search_term_string"}}],"inLanguage":"es"}]}},"_links":{"self":[{"href":"https:\/\/hundtgroup.com\/es\/wp-json\/wp\/v2\/product\/40573","targetHints":{"allow":["GET"]}}],"collection":[{"href":"https:\/\/hundtgroup.com\/es\/wp-json\/wp\/v2\/product"}],"about":[{"href":"https:\/\/hundtgroup.com\/es\/wp-json\/wp\/v2\/types\/product"}],"wp:featuredmedia":[{"embeddable":true,"href":"https:\/\/hundtgroup.com\/es\/wp-json\/wp\/v2\/media\/40575"}],"wp:attachment":[{"href":"https:\/\/hundtgroup.com\/es\/wp-json\/wp\/v2\/media?parent=40573"}],"wp:term":[{"taxonomy":"product_cat","embeddable":true,"href":"https:\/\/hundtgroup.com\/es\/wp-json\/wp\/v2\/product_cat?post=40573"},{"taxonomy":"product_tag","embeddable":true,"href":"https:\/\/hundtgroup.com\/es\/wp-json\/wp\/v2\/product_tag?post=40573"}],"curies":[{"name":"wp","href":"https:\/\/api.w.org\/{rel}","templated":true}]}}