{"id":40758,"date":"2026-01-28T10:18:01","date_gmt":"2026-01-28T09:18:01","guid":{"rendered":"https:\/\/hundtgroup.com\/produkt\/laser-de-linea-exll18v-120-33cg-de-bosch\/"},"modified":"2026-01-28T10:18:01","modified_gmt":"2026-01-28T09:18:01","slug":"laser-de-linea-exll18v-120-33cg-de-bosch","status":"publish","type":"product","link":"https:\/\/hundtgroup.com\/es\/produkt\/laser-de-linea-exll18v-120-33cg-de-bosch\/","title":{"rendered":"L\u00e1ser de l\u00ednea EXLL18V-120-33CG de Bosch"},"content":{"rendered":"<p>L\u00e1ser de l\u00ednea de 18 V con tres opciones de alimentaci\u00f3n, protecci\u00f3n IP65 y alcance de trabajo de 120 m\u00b9<br \/>\nFuente de alimentaci\u00f3n triple: cambio f\u00e1cil entre bater\u00eda recargable de 18 V, bater\u00eda recargable de 12 V y pilas alcalinas C<br \/>\nAlcance de trabajo excepcional: 120 m de radio con receptor<br \/>\nAdecuado para las obras m\u00e1s duras: Carcasa reforzada con goma, ventana l\u00e1ser y protecci\u00f3n IP65<br \/>\nFijaci\u00f3n segura y trabajo preciso: Soporte integrado con fuertes imanes y ajuste fino giratorio<\/p>\n","protected":false},"excerpt":{"rendered":"<p>L\u00e1ser de l\u00ednea de 18 V con tres opciones de alimentaci\u00f3n, protecci\u00f3n IP65 y alcance de trabajo de 120 m\u00b9 Fuente de alimentaci\u00f3n triple: cambio f\u00e1cil entre bater\u00eda recargable de 18 V, bater\u00eda recargable de 12 V y pilas alcalinas C Alcance de trabajo excepcional: 120 m de radio con receptor Adecuado para las obras [&hellip;]<\/p>\n","protected":false},"featured_media":40759,"template":"","meta":{"_acf_changed":false,"inline_featured_image":false},"product_cat":[3272,662],"product_tag":[],"class_list":{"0":"post-40758","1":"product","2":"type-product","3":"status-publish","4":"has-post-thumbnail","6":"brand-bosch-expert","7":"product_cat-laser-de-linea","8":"product_cat-herramientas-a-bateria","10":"first","11":"instock","12":"taxable","13":"shipping-taxable","14":"purchasable","15":"product-type-simple","16":"add-to-wishlist-before_image"},"acf":[],"yoast_head":"<!-- This site is optimized with the Yoast SEO plugin v27.3 - https:\/\/yoast.com\/product\/yoast-seo-wordpress\/ -->\n<title>L\u00e1ser de l\u00ednea EXLL18V-120-33CG de Bosch - Wilhelm Hundt GmbH<\/title>\n<meta name=\"robots\" content=\"index, follow, max-snippet:-1, max-image-preview:large, max-video-preview:-1\" \/>\n<link rel=\"canonical\" href=\"https:\/\/hundtgroup.com\/es\/produkt\/laser-de-linea-exll18v-120-33cg-de-bosch\/\" \/>\n<meta property=\"og:locale\" content=\"es_ES\" \/>\n<meta property=\"og:type\" content=\"article\" \/>\n<meta property=\"og:title\" content=\"L\u00e1ser de l\u00ednea EXLL18V-120-33CG de Bosch - Wilhelm Hundt GmbH\" \/>\n<meta property=\"og:description\" content=\"L\u00e1ser de l\u00ednea de 18 V con tres opciones de alimentaci\u00f3n, protecci\u00f3n IP65 y alcance de trabajo de 120 m\u00b9 Fuente de alimentaci\u00f3n triple: cambio f\u00e1cil entre bater\u00eda recargable de 18 V, bater\u00eda recargable de 12 V y pilas alcalinas C Alcance de trabajo excepcional: 120 m de radio con receptor Adecuado para las obras [&hellip;]\" \/>\n<meta property=\"og:url\" content=\"https:\/\/hundtgroup.com\/es\/produkt\/laser-de-linea-exll18v-120-33cg-de-bosch\/\" \/>\n<meta property=\"og:site_name\" content=\"Wilhelm Hundt GmbH\" \/>\n<meta property=\"og:image\" content=\"https:\/\/hundtgroup.com\/wp-content\/uploads\/340872.jpg\" \/>\n\t<meta property=\"og:image:width\" content=\"1120\" \/>\n\t<meta property=\"og:image:height\" content=\"981\" \/>\n\t<meta property=\"og:image:type\" content=\"image\/jpeg\" \/>\n<meta name=\"twitter:card\" content=\"summary_large_image\" \/>\n<script type=\"application\/ld+json\" class=\"yoast-schema-graph\">{\"@context\":\"https:\\\/\\\/schema.org\",\"@graph\":[{\"@type\":\"WebPage\",\"@id\":\"https:\\\/\\\/hundtgroup.com\\\/es\\\/produkt\\\/laser-de-linea-exll18v-120-33cg-de-bosch\\\/\",\"url\":\"https:\\\/\\\/hundtgroup.com\\\/es\\\/produkt\\\/laser-de-linea-exll18v-120-33cg-de-bosch\\\/\",\"name\":\"L\u00e1ser de l\u00ednea EXLL18V-120-33CG de Bosch - Wilhelm Hundt GmbH\",\"isPartOf\":{\"@id\":\"https:\\\/\\\/hundtgroup.com\\\/es\\\/#website\"},\"primaryImageOfPage\":{\"@id\":\"https:\\\/\\\/hundtgroup.com\\\/es\\\/produkt\\\/laser-de-linea-exll18v-120-33cg-de-bosch\\\/#primaryimage\"},\"image\":{\"@id\":\"https:\\\/\\\/hundtgroup.com\\\/es\\\/produkt\\\/laser-de-linea-exll18v-120-33cg-de-bosch\\\/#primaryimage\"},\"thumbnailUrl\":\"https:\\\/\\\/hundtgroup.com\\\/wp-content\\\/uploads\\\/340872.jpg\",\"datePublished\":\"2026-01-28T09:18:01+00:00\",\"breadcrumb\":{\"@id\":\"https:\\\/\\\/hundtgroup.com\\\/es\\\/produkt\\\/laser-de-linea-exll18v-120-33cg-de-bosch\\\/#breadcrumb\"},\"inLanguage\":\"es\",\"potentialAction\":[{\"@type\":\"ReadAction\",\"target\":[\"https:\\\/\\\/hundtgroup.com\\\/es\\\/produkt\\\/laser-de-linea-exll18v-120-33cg-de-bosch\\\/\"]}]},{\"@type\":\"ImageObject\",\"inLanguage\":\"es\",\"@id\":\"https:\\\/\\\/hundtgroup.com\\\/es\\\/produkt\\\/laser-de-linea-exll18v-120-33cg-de-bosch\\\/#primaryimage\",\"url\":\"https:\\\/\\\/hundtgroup.com\\\/wp-content\\\/uploads\\\/340872.jpg\",\"contentUrl\":\"https:\\\/\\\/hundtgroup.com\\\/wp-content\\\/uploads\\\/340872.jpg\",\"width\":1120,\"height\":981},{\"@type\":\"BreadcrumbList\",\"@id\":\"https:\\\/\\\/hundtgroup.com\\\/es\\\/produkt\\\/laser-de-linea-exll18v-120-33cg-de-bosch\\\/#breadcrumb\",\"itemListElement\":[{\"@type\":\"ListItem\",\"position\":1,\"name\":\"Startseite\",\"item\":\"https:\\\/\\\/hundtgroup.com\\\/es\\\/inicio-nuevo\\\/\"},{\"@type\":\"ListItem\",\"position\":2,\"name\":\"Tienda\",\"item\":\"https:\\\/\\\/hundtgroup.com\\\/tienda\\\/\"},{\"@type\":\"ListItem\",\"position\":3,\"name\":\"L\u00e1ser de l\u00ednea EXLL18V-120-33CG de Bosch\"}]},{\"@type\":\"WebSite\",\"@id\":\"https:\\\/\\\/hundtgroup.com\\\/es\\\/#website\",\"url\":\"https:\\\/\\\/hundtgroup.com\\\/es\\\/\",\"name\":\"Wilhelm Hundt GmbH\",\"description\":\"Tu especialista en m\u00e1quinas y herramientas para la transformaci\u00f3n de la chapa\",\"potentialAction\":[{\"@type\":\"SearchAction\",\"target\":{\"@type\":\"EntryPoint\",\"urlTemplate\":\"https:\\\/\\\/hundtgroup.com\\\/es\\\/?s={search_term_string}\"},\"query-input\":{\"@type\":\"PropertyValueSpecification\",\"valueRequired\":true,\"valueName\":\"search_term_string\"}}],\"inLanguage\":\"es\"}]}<\/script>\n<!-- \/ Yoast SEO plugin. -->","yoast_head_json":{"title":"L\u00e1ser de l\u00ednea EXLL18V-120-33CG de Bosch - Wilhelm Hundt GmbH","robots":{"index":"index","follow":"follow","max-snippet":"max-snippet:-1","max-image-preview":"max-image-preview:large","max-video-preview":"max-video-preview:-1"},"canonical":"https:\/\/hundtgroup.com\/es\/produkt\/laser-de-linea-exll18v-120-33cg-de-bosch\/","og_locale":"es_ES","og_type":"article","og_title":"L\u00e1ser de l\u00ednea EXLL18V-120-33CG de Bosch - Wilhelm Hundt GmbH","og_description":"L\u00e1ser de l\u00ednea de 18 V con tres opciones de alimentaci\u00f3n, protecci\u00f3n IP65 y alcance de trabajo de 120 m\u00b9 Fuente de alimentaci\u00f3n triple: cambio f\u00e1cil entre bater\u00eda recargable de 18 V, bater\u00eda recargable de 12 V y pilas alcalinas C Alcance de trabajo excepcional: 120 m de radio con receptor Adecuado para las obras [&hellip;]","og_url":"https:\/\/hundtgroup.com\/es\/produkt\/laser-de-linea-exll18v-120-33cg-de-bosch\/","og_site_name":"Wilhelm Hundt GmbH","og_image":[{"width":1120,"height":981,"url":"https:\/\/hundtgroup.com\/wp-content\/uploads\/340872.jpg","type":"image\/jpeg"}],"twitter_card":"summary_large_image","schema":{"@context":"https:\/\/schema.org","@graph":[{"@type":"WebPage","@id":"https:\/\/hundtgroup.com\/es\/produkt\/laser-de-linea-exll18v-120-33cg-de-bosch\/","url":"https:\/\/hundtgroup.com\/es\/produkt\/laser-de-linea-exll18v-120-33cg-de-bosch\/","name":"L\u00e1ser de l\u00ednea EXLL18V-120-33CG de Bosch - Wilhelm Hundt GmbH","isPartOf":{"@id":"https:\/\/hundtgroup.com\/es\/#website"},"primaryImageOfPage":{"@id":"https:\/\/hundtgroup.com\/es\/produkt\/laser-de-linea-exll18v-120-33cg-de-bosch\/#primaryimage"},"image":{"@id":"https:\/\/hundtgroup.com\/es\/produkt\/laser-de-linea-exll18v-120-33cg-de-bosch\/#primaryimage"},"thumbnailUrl":"https:\/\/hundtgroup.com\/wp-content\/uploads\/340872.jpg","datePublished":"2026-01-28T09:18:01+00:00","breadcrumb":{"@id":"https:\/\/hundtgroup.com\/es\/produkt\/laser-de-linea-exll18v-120-33cg-de-bosch\/#breadcrumb"},"inLanguage":"es","potentialAction":[{"@type":"ReadAction","target":["https:\/\/hundtgroup.com\/es\/produkt\/laser-de-linea-exll18v-120-33cg-de-bosch\/"]}]},{"@type":"ImageObject","inLanguage":"es","@id":"https:\/\/hundtgroup.com\/es\/produkt\/laser-de-linea-exll18v-120-33cg-de-bosch\/#primaryimage","url":"https:\/\/hundtgroup.com\/wp-content\/uploads\/340872.jpg","contentUrl":"https:\/\/hundtgroup.com\/wp-content\/uploads\/340872.jpg","width":1120,"height":981},{"@type":"BreadcrumbList","@id":"https:\/\/hundtgroup.com\/es\/produkt\/laser-de-linea-exll18v-120-33cg-de-bosch\/#breadcrumb","itemListElement":[{"@type":"ListItem","position":1,"name":"Startseite","item":"https:\/\/hundtgroup.com\/es\/inicio-nuevo\/"},{"@type":"ListItem","position":2,"name":"Tienda","item":"https:\/\/hundtgroup.com\/tienda\/"},{"@type":"ListItem","position":3,"name":"L\u00e1ser de l\u00ednea EXLL18V-120-33CG de Bosch"}]},{"@type":"WebSite","@id":"https:\/\/hundtgroup.com\/es\/#website","url":"https:\/\/hundtgroup.com\/es\/","name":"Wilhelm Hundt GmbH","description":"Tu especialista en m\u00e1quinas y herramientas para la transformaci\u00f3n de la chapa","potentialAction":[{"@type":"SearchAction","target":{"@type":"EntryPoint","urlTemplate":"https:\/\/hundtgroup.com\/es\/?s={search_term_string}"},"query-input":{"@type":"PropertyValueSpecification","valueRequired":true,"valueName":"search_term_string"}}],"inLanguage":"es"}]}},"_links":{"self":[{"href":"https:\/\/hundtgroup.com\/es\/wp-json\/wp\/v2\/product\/40758","targetHints":{"allow":["GET"]}}],"collection":[{"href":"https:\/\/hundtgroup.com\/es\/wp-json\/wp\/v2\/product"}],"about":[{"href":"https:\/\/hundtgroup.com\/es\/wp-json\/wp\/v2\/types\/product"}],"wp:featuredmedia":[{"embeddable":true,"href":"https:\/\/hundtgroup.com\/es\/wp-json\/wp\/v2\/media\/40759"}],"wp:attachment":[{"href":"https:\/\/hundtgroup.com\/es\/wp-json\/wp\/v2\/media?parent=40758"}],"wp:term":[{"taxonomy":"product_cat","embeddable":true,"href":"https:\/\/hundtgroup.com\/es\/wp-json\/wp\/v2\/product_cat?post=40758"},{"taxonomy":"product_tag","embeddable":true,"href":"https:\/\/hundtgroup.com\/es\/wp-json\/wp\/v2\/product_tag?post=40758"}],"curies":[{"name":"wp","href":"https:\/\/api.w.org\/{rel}","templated":true}]}}