{"id":40797,"date":"2026-01-28T10:18:01","date_gmt":"2026-01-28T09:18:01","guid":{"rendered":"https:\/\/hundtgroup.com\/produkt\/bosch-d-tect-18v-200-17c-localizador-universal\/"},"modified":"2026-01-28T10:18:01","modified_gmt":"2026-01-28T09:18:01","slug":"bosch-d-tect-18v-200-17c-localizador-universal","status":"publish","type":"product","link":"https:\/\/hundtgroup.com\/es\/produkt\/bosch-d-tect-18v-200-17c-localizador-universal\/","title":{"rendered":"Bosch D-tect 18V-200-17C localizador universal"},"content":{"rendered":"<p>Excelente rendimiento de detecci\u00f3n con la tecnolog\u00eda de radar de Bosch<br \/>\nCalidad de detecci\u00f3n excepcional: Detecta objetos ocultos hasta 200 mm de profundidad con tecnolog\u00eda de IA<br \/>\nTecnolog\u00eda de radar de Bosch: Garantiza una detecci\u00f3n precisa para evitar da\u00f1os costosos y riesgos para la seguridad<br \/>\n Potencia de 18 V: Trabaja eficazmente sin interrupciones gracias a la plataforma de bater\u00eda de 18 V<br \/>\nFunci\u00f3n de imagen 3D: Proporciona una visi\u00f3n f\u00e1cil de interpretar de las zonas de las paredes y los objetos ocultos<\/p>\n","protected":false},"excerpt":{"rendered":"<p>Excelente rendimiento de detecci\u00f3n con la tecnolog\u00eda de radar de Bosch Calidad de detecci\u00f3n excepcional: Detecta objetos ocultos hasta 200 mm de profundidad con tecnolog\u00eda de IA Tecnolog\u00eda de radar de Bosch: Garantiza una detecci\u00f3n precisa para evitar da\u00f1os costosos y riesgos para la seguridad Potencia de 18 V: Trabaja eficazmente sin interrupciones gracias a [&hellip;]<\/p>\n","protected":false},"featured_media":40799,"template":"","meta":{"_acf_changed":false,"inline_featured_image":false},"product_cat":[3285,662],"product_tag":[],"class_list":{"0":"post-40797","1":"product","2":"type-product","3":"status-publish","4":"has-post-thumbnail","6":"brand-bosch-expert","7":"product_cat-localizador-universal","8":"product_cat-herramientas-a-bateria","10":"first","11":"instock","12":"taxable","13":"shipping-taxable","14":"purchasable","15":"product-type-simple","16":"add-to-wishlist-before_image"},"acf":[],"yoast_head":"<!-- This site is optimized with the Yoast SEO plugin v27.3 - https:\/\/yoast.com\/product\/yoast-seo-wordpress\/ -->\n<title>Bosch D-tect 18V-200-17C localizador universal - Wilhelm Hundt GmbH<\/title>\n<meta name=\"robots\" content=\"index, follow, max-snippet:-1, max-image-preview:large, max-video-preview:-1\" \/>\n<link rel=\"canonical\" href=\"https:\/\/hundtgroup.com\/es\/produkt\/bosch-d-tect-18v-200-17c-localizador-universal\/\" \/>\n<meta property=\"og:locale\" content=\"es_ES\" \/>\n<meta property=\"og:type\" content=\"article\" \/>\n<meta property=\"og:title\" content=\"Bosch D-tect 18V-200-17C localizador universal - Wilhelm Hundt GmbH\" \/>\n<meta property=\"og:description\" content=\"Excelente rendimiento de detecci\u00f3n con la tecnolog\u00eda de radar de Bosch Calidad de detecci\u00f3n excepcional: Detecta objetos ocultos hasta 200 mm de profundidad con tecnolog\u00eda de IA Tecnolog\u00eda de radar de Bosch: Garantiza una detecci\u00f3n precisa para evitar da\u00f1os costosos y riesgos para la seguridad Potencia de 18 V: Trabaja eficazmente sin interrupciones gracias a [&hellip;]\" \/>\n<meta property=\"og:url\" content=\"https:\/\/hundtgroup.com\/es\/produkt\/bosch-d-tect-18v-200-17c-localizador-universal\/\" \/>\n<meta property=\"og:site_name\" content=\"Wilhelm Hundt GmbH\" \/>\n<meta property=\"og:image\" content=\"https:\/\/hundtgroup.com\/wp-content\/uploads\/340871.jpg\" \/>\n\t<meta property=\"og:image:width\" content=\"1041\" \/>\n\t<meta property=\"og:image:height\" content=\"983\" \/>\n\t<meta property=\"og:image:type\" content=\"image\/jpeg\" \/>\n<meta name=\"twitter:card\" content=\"summary_large_image\" \/>\n<script type=\"application\/ld+json\" class=\"yoast-schema-graph\">{\"@context\":\"https:\\\/\\\/schema.org\",\"@graph\":[{\"@type\":\"WebPage\",\"@id\":\"https:\\\/\\\/hundtgroup.com\\\/es\\\/produkt\\\/bosch-d-tect-18v-200-17c-localizador-universal\\\/\",\"url\":\"https:\\\/\\\/hundtgroup.com\\\/es\\\/produkt\\\/bosch-d-tect-18v-200-17c-localizador-universal\\\/\",\"name\":\"Bosch D-tect 18V-200-17C localizador universal - Wilhelm Hundt GmbH\",\"isPartOf\":{\"@id\":\"https:\\\/\\\/hundtgroup.com\\\/es\\\/#website\"},\"primaryImageOfPage\":{\"@id\":\"https:\\\/\\\/hundtgroup.com\\\/es\\\/produkt\\\/bosch-d-tect-18v-200-17c-localizador-universal\\\/#primaryimage\"},\"image\":{\"@id\":\"https:\\\/\\\/hundtgroup.com\\\/es\\\/produkt\\\/bosch-d-tect-18v-200-17c-localizador-universal\\\/#primaryimage\"},\"thumbnailUrl\":\"https:\\\/\\\/hundtgroup.com\\\/wp-content\\\/uploads\\\/340871.jpg\",\"datePublished\":\"2026-01-28T09:18:01+00:00\",\"breadcrumb\":{\"@id\":\"https:\\\/\\\/hundtgroup.com\\\/es\\\/produkt\\\/bosch-d-tect-18v-200-17c-localizador-universal\\\/#breadcrumb\"},\"inLanguage\":\"es\",\"potentialAction\":[{\"@type\":\"ReadAction\",\"target\":[\"https:\\\/\\\/hundtgroup.com\\\/es\\\/produkt\\\/bosch-d-tect-18v-200-17c-localizador-universal\\\/\"]}]},{\"@type\":\"ImageObject\",\"inLanguage\":\"es\",\"@id\":\"https:\\\/\\\/hundtgroup.com\\\/es\\\/produkt\\\/bosch-d-tect-18v-200-17c-localizador-universal\\\/#primaryimage\",\"url\":\"https:\\\/\\\/hundtgroup.com\\\/wp-content\\\/uploads\\\/340871.jpg\",\"contentUrl\":\"https:\\\/\\\/hundtgroup.com\\\/wp-content\\\/uploads\\\/340871.jpg\",\"width\":1041,\"height\":983},{\"@type\":\"BreadcrumbList\",\"@id\":\"https:\\\/\\\/hundtgroup.com\\\/es\\\/produkt\\\/bosch-d-tect-18v-200-17c-localizador-universal\\\/#breadcrumb\",\"itemListElement\":[{\"@type\":\"ListItem\",\"position\":1,\"name\":\"Startseite\",\"item\":\"https:\\\/\\\/hundtgroup.com\\\/es\\\/inicio-nuevo\\\/\"},{\"@type\":\"ListItem\",\"position\":2,\"name\":\"Tienda\",\"item\":\"https:\\\/\\\/hundtgroup.com\\\/tienda\\\/\"},{\"@type\":\"ListItem\",\"position\":3,\"name\":\"Bosch D-tect 18V-200-17C localizador universal\"}]},{\"@type\":\"WebSite\",\"@id\":\"https:\\\/\\\/hundtgroup.com\\\/es\\\/#website\",\"url\":\"https:\\\/\\\/hundtgroup.com\\\/es\\\/\",\"name\":\"Wilhelm Hundt GmbH\",\"description\":\"Tu especialista en m\u00e1quinas y herramientas para la transformaci\u00f3n de la chapa\",\"potentialAction\":[{\"@type\":\"SearchAction\",\"target\":{\"@type\":\"EntryPoint\",\"urlTemplate\":\"https:\\\/\\\/hundtgroup.com\\\/es\\\/?s={search_term_string}\"},\"query-input\":{\"@type\":\"PropertyValueSpecification\",\"valueRequired\":true,\"valueName\":\"search_term_string\"}}],\"inLanguage\":\"es\"}]}<\/script>\n<!-- \/ Yoast SEO plugin. -->","yoast_head_json":{"title":"Bosch D-tect 18V-200-17C localizador universal - Wilhelm Hundt GmbH","robots":{"index":"index","follow":"follow","max-snippet":"max-snippet:-1","max-image-preview":"max-image-preview:large","max-video-preview":"max-video-preview:-1"},"canonical":"https:\/\/hundtgroup.com\/es\/produkt\/bosch-d-tect-18v-200-17c-localizador-universal\/","og_locale":"es_ES","og_type":"article","og_title":"Bosch D-tect 18V-200-17C localizador universal - Wilhelm Hundt GmbH","og_description":"Excelente rendimiento de detecci\u00f3n con la tecnolog\u00eda de radar de Bosch Calidad de detecci\u00f3n excepcional: Detecta objetos ocultos hasta 200 mm de profundidad con tecnolog\u00eda de IA Tecnolog\u00eda de radar de Bosch: Garantiza una detecci\u00f3n precisa para evitar da\u00f1os costosos y riesgos para la seguridad Potencia de 18 V: Trabaja eficazmente sin interrupciones gracias a [&hellip;]","og_url":"https:\/\/hundtgroup.com\/es\/produkt\/bosch-d-tect-18v-200-17c-localizador-universal\/","og_site_name":"Wilhelm Hundt GmbH","og_image":[{"width":1041,"height":983,"url":"https:\/\/hundtgroup.com\/wp-content\/uploads\/340871.jpg","type":"image\/jpeg"}],"twitter_card":"summary_large_image","schema":{"@context":"https:\/\/schema.org","@graph":[{"@type":"WebPage","@id":"https:\/\/hundtgroup.com\/es\/produkt\/bosch-d-tect-18v-200-17c-localizador-universal\/","url":"https:\/\/hundtgroup.com\/es\/produkt\/bosch-d-tect-18v-200-17c-localizador-universal\/","name":"Bosch D-tect 18V-200-17C localizador universal - Wilhelm Hundt GmbH","isPartOf":{"@id":"https:\/\/hundtgroup.com\/es\/#website"},"primaryImageOfPage":{"@id":"https:\/\/hundtgroup.com\/es\/produkt\/bosch-d-tect-18v-200-17c-localizador-universal\/#primaryimage"},"image":{"@id":"https:\/\/hundtgroup.com\/es\/produkt\/bosch-d-tect-18v-200-17c-localizador-universal\/#primaryimage"},"thumbnailUrl":"https:\/\/hundtgroup.com\/wp-content\/uploads\/340871.jpg","datePublished":"2026-01-28T09:18:01+00:00","breadcrumb":{"@id":"https:\/\/hundtgroup.com\/es\/produkt\/bosch-d-tect-18v-200-17c-localizador-universal\/#breadcrumb"},"inLanguage":"es","potentialAction":[{"@type":"ReadAction","target":["https:\/\/hundtgroup.com\/es\/produkt\/bosch-d-tect-18v-200-17c-localizador-universal\/"]}]},{"@type":"ImageObject","inLanguage":"es","@id":"https:\/\/hundtgroup.com\/es\/produkt\/bosch-d-tect-18v-200-17c-localizador-universal\/#primaryimage","url":"https:\/\/hundtgroup.com\/wp-content\/uploads\/340871.jpg","contentUrl":"https:\/\/hundtgroup.com\/wp-content\/uploads\/340871.jpg","width":1041,"height":983},{"@type":"BreadcrumbList","@id":"https:\/\/hundtgroup.com\/es\/produkt\/bosch-d-tect-18v-200-17c-localizador-universal\/#breadcrumb","itemListElement":[{"@type":"ListItem","position":1,"name":"Startseite","item":"https:\/\/hundtgroup.com\/es\/inicio-nuevo\/"},{"@type":"ListItem","position":2,"name":"Tienda","item":"https:\/\/hundtgroup.com\/tienda\/"},{"@type":"ListItem","position":3,"name":"Bosch D-tect 18V-200-17C localizador universal"}]},{"@type":"WebSite","@id":"https:\/\/hundtgroup.com\/es\/#website","url":"https:\/\/hundtgroup.com\/es\/","name":"Wilhelm Hundt GmbH","description":"Tu especialista en m\u00e1quinas y herramientas para la transformaci\u00f3n de la chapa","potentialAction":[{"@type":"SearchAction","target":{"@type":"EntryPoint","urlTemplate":"https:\/\/hundtgroup.com\/es\/?s={search_term_string}"},"query-input":{"@type":"PropertyValueSpecification","valueRequired":true,"valueName":"search_term_string"}}],"inLanguage":"es"}]}},"_links":{"self":[{"href":"https:\/\/hundtgroup.com\/es\/wp-json\/wp\/v2\/product\/40797","targetHints":{"allow":["GET"]}}],"collection":[{"href":"https:\/\/hundtgroup.com\/es\/wp-json\/wp\/v2\/product"}],"about":[{"href":"https:\/\/hundtgroup.com\/es\/wp-json\/wp\/v2\/types\/product"}],"wp:featuredmedia":[{"embeddable":true,"href":"https:\/\/hundtgroup.com\/es\/wp-json\/wp\/v2\/media\/40799"}],"wp:attachment":[{"href":"https:\/\/hundtgroup.com\/es\/wp-json\/wp\/v2\/media?parent=40797"}],"wp:term":[{"taxonomy":"product_cat","embeddable":true,"href":"https:\/\/hundtgroup.com\/es\/wp-json\/wp\/v2\/product_cat?post=40797"},{"taxonomy":"product_tag","embeddable":true,"href":"https:\/\/hundtgroup.com\/es\/wp-json\/wp\/v2\/product_tag?post=40797"}],"curies":[{"name":"wp","href":"https:\/\/api.w.org\/{rel}","templated":true}]}}