{"id":40911,"date":"2026-01-28T10:17:57","date_gmt":"2026-01-28T09:17:57","guid":{"rendered":"https:\/\/hundtgroup.com\/produkt\/kit-de-arranque-bosch-expert-80-ah-18v-160\/"},"modified":"2026-01-28T10:17:57","modified_gmt":"2026-01-28T09:17:57","slug":"kit-de-arranque-bosch-expert-80-ah-18v-160","status":"publish","type":"product","link":"https:\/\/hundtgroup.com\/es\/produkt\/kit-de-arranque-bosch-expert-80-ah-18v-160\/","title":{"rendered":"Kit de arranque Bosch EXPERT 8,0 Ah 18V-160"},"content":{"rendered":"<p>Hasta un 120 % m\u00e1s de autonom\u00eda que la Professional GBA 18V 4,0Ah\u00b9<br \/>\nAutonom\u00eda extrema: Excepcional autonom\u00eda continua en aplicaciones dif\u00edciles<br \/>\nPotentes celdas sin leng\u00fceta: Menor resistencia interna para una potencia m\u00e1xima de hasta 2.400 W (seg\u00fan prueba de laboratorio interna, potencia m\u00e1xima instant\u00e1nea, bater\u00eda nueva totalmente cargada)<br \/>\nCarga ultrarr\u00e1pida: Carga completamente una bater\u00eda EXBA18V-80 en 39 min. gracias a una alta corriente de carga de 16 A<br \/>\nUna bater\u00eda para todos: Compatible con el sistema Profesional 18V de Bosch y con la alianza de bater\u00edas AMPShare de otras marcas <\/p>\n","protected":false},"excerpt":{"rendered":"<p>Hasta un 120 % m\u00e1s de autonom\u00eda que la Professional GBA 18V 4,0Ah\u00b9 Autonom\u00eda extrema: Excepcional autonom\u00eda continua en aplicaciones dif\u00edciles Potentes celdas sin leng\u00fceta: Menor resistencia interna para una potencia m\u00e1xima de hasta 2.400 W (seg\u00fan prueba de laboratorio interna, potencia m\u00e1xima instant\u00e1nea, bater\u00eda nueva totalmente cargada) Carga ultrarr\u00e1pida: Carga completamente una bater\u00eda EXBA18V-80 [&hellip;]<\/p>\n","protected":false},"featured_media":40913,"template":"","meta":{"_acf_changed":false,"inline_featured_image":false},"product_cat":[1756,1924],"product_tag":[],"class_list":{"0":"post-40911","1":"product","2":"type-product","3":"status-publish","4":"has-post-thumbnail","6":"brand-bosch-expert","7":"product_cat-bateria-accesorios-electricos","8":"product_cat-set-de-inicio","10":"first","11":"instock","12":"taxable","13":"shipping-taxable","14":"purchasable","15":"product-type-simple","16":"add-to-wishlist-before_image"},"acf":[],"yoast_head":"<!-- This site is optimized with the Yoast SEO plugin v27.3 - https:\/\/yoast.com\/product\/yoast-seo-wordpress\/ -->\n<title>Kit de arranque Bosch EXPERT 8,0 Ah 18V-160 - Wilhelm Hundt GmbH<\/title>\n<meta name=\"robots\" content=\"index, follow, max-snippet:-1, max-image-preview:large, max-video-preview:-1\" \/>\n<link rel=\"canonical\" href=\"https:\/\/hundtgroup.com\/es\/produkt\/kit-de-arranque-bosch-expert-80-ah-18v-160\/\" \/>\n<meta property=\"og:locale\" content=\"es_ES\" \/>\n<meta property=\"og:type\" content=\"article\" \/>\n<meta property=\"og:title\" content=\"Kit de arranque Bosch EXPERT 8,0 Ah 18V-160 - Wilhelm Hundt GmbH\" \/>\n<meta property=\"og:description\" content=\"Hasta un 120 % m\u00e1s de autonom\u00eda que la Professional GBA 18V 4,0Ah\u00b9 Autonom\u00eda extrema: Excepcional autonom\u00eda continua en aplicaciones dif\u00edciles Potentes celdas sin leng\u00fceta: Menor resistencia interna para una potencia m\u00e1xima de hasta 2.400 W (seg\u00fan prueba de laboratorio interna, potencia m\u00e1xima instant\u00e1nea, bater\u00eda nueva totalmente cargada) Carga ultrarr\u00e1pida: Carga completamente una bater\u00eda EXBA18V-80 [&hellip;]\" \/>\n<meta property=\"og:url\" content=\"https:\/\/hundtgroup.com\/es\/produkt\/kit-de-arranque-bosch-expert-80-ah-18v-160\/\" \/>\n<meta property=\"og:site_name\" content=\"Wilhelm Hundt GmbH\" \/>\n<meta property=\"og:image\" content=\"https:\/\/hundtgroup.com\/wp-content\/uploads\/340865.jpg\" \/>\n\t<meta property=\"og:image:width\" content=\"800\" \/>\n\t<meta property=\"og:image:height\" content=\"800\" \/>\n\t<meta property=\"og:image:type\" content=\"image\/jpeg\" \/>\n<meta name=\"twitter:card\" content=\"summary_large_image\" \/>\n<meta name=\"twitter:label1\" content=\"Tiempo de lectura\" \/>\n\t<meta name=\"twitter:data1\" content=\"1 minuto\" \/>\n<script type=\"application\/ld+json\" class=\"yoast-schema-graph\">{\"@context\":\"https:\\\/\\\/schema.org\",\"@graph\":[{\"@type\":\"WebPage\",\"@id\":\"https:\\\/\\\/hundtgroup.com\\\/es\\\/produkt\\\/kit-de-arranque-bosch-expert-80-ah-18v-160\\\/\",\"url\":\"https:\\\/\\\/hundtgroup.com\\\/es\\\/produkt\\\/kit-de-arranque-bosch-expert-80-ah-18v-160\\\/\",\"name\":\"Kit de arranque Bosch EXPERT 8,0 Ah 18V-160 - Wilhelm Hundt GmbH\",\"isPartOf\":{\"@id\":\"https:\\\/\\\/hundtgroup.com\\\/es\\\/#website\"},\"primaryImageOfPage\":{\"@id\":\"https:\\\/\\\/hundtgroup.com\\\/es\\\/produkt\\\/kit-de-arranque-bosch-expert-80-ah-18v-160\\\/#primaryimage\"},\"image\":{\"@id\":\"https:\\\/\\\/hundtgroup.com\\\/es\\\/produkt\\\/kit-de-arranque-bosch-expert-80-ah-18v-160\\\/#primaryimage\"},\"thumbnailUrl\":\"https:\\\/\\\/hundtgroup.com\\\/wp-content\\\/uploads\\\/340865.jpg\",\"datePublished\":\"2026-01-28T09:17:57+00:00\",\"breadcrumb\":{\"@id\":\"https:\\\/\\\/hundtgroup.com\\\/es\\\/produkt\\\/kit-de-arranque-bosch-expert-80-ah-18v-160\\\/#breadcrumb\"},\"inLanguage\":\"es\",\"potentialAction\":[{\"@type\":\"ReadAction\",\"target\":[\"https:\\\/\\\/hundtgroup.com\\\/es\\\/produkt\\\/kit-de-arranque-bosch-expert-80-ah-18v-160\\\/\"]}]},{\"@type\":\"ImageObject\",\"inLanguage\":\"es\",\"@id\":\"https:\\\/\\\/hundtgroup.com\\\/es\\\/produkt\\\/kit-de-arranque-bosch-expert-80-ah-18v-160\\\/#primaryimage\",\"url\":\"https:\\\/\\\/hundtgroup.com\\\/wp-content\\\/uploads\\\/340865.jpg\",\"contentUrl\":\"https:\\\/\\\/hundtgroup.com\\\/wp-content\\\/uploads\\\/340865.jpg\",\"width\":800,\"height\":800},{\"@type\":\"BreadcrumbList\",\"@id\":\"https:\\\/\\\/hundtgroup.com\\\/es\\\/produkt\\\/kit-de-arranque-bosch-expert-80-ah-18v-160\\\/#breadcrumb\",\"itemListElement\":[{\"@type\":\"ListItem\",\"position\":1,\"name\":\"Startseite\",\"item\":\"https:\\\/\\\/hundtgroup.com\\\/es\\\/inicio-nuevo\\\/\"},{\"@type\":\"ListItem\",\"position\":2,\"name\":\"Tienda\",\"item\":\"https:\\\/\\\/hundtgroup.com\\\/tienda\\\/\"},{\"@type\":\"ListItem\",\"position\":3,\"name\":\"Kit de arranque Bosch EXPERT 8,0 Ah 18V-160\"}]},{\"@type\":\"WebSite\",\"@id\":\"https:\\\/\\\/hundtgroup.com\\\/es\\\/#website\",\"url\":\"https:\\\/\\\/hundtgroup.com\\\/es\\\/\",\"name\":\"Wilhelm Hundt GmbH\",\"description\":\"Tu especialista en m\u00e1quinas y herramientas para la transformaci\u00f3n de la chapa\",\"potentialAction\":[{\"@type\":\"SearchAction\",\"target\":{\"@type\":\"EntryPoint\",\"urlTemplate\":\"https:\\\/\\\/hundtgroup.com\\\/es\\\/?s={search_term_string}\"},\"query-input\":{\"@type\":\"PropertyValueSpecification\",\"valueRequired\":true,\"valueName\":\"search_term_string\"}}],\"inLanguage\":\"es\"}]}<\/script>\n<!-- \/ Yoast SEO plugin. -->","yoast_head_json":{"title":"Kit de arranque Bosch EXPERT 8,0 Ah 18V-160 - Wilhelm Hundt GmbH","robots":{"index":"index","follow":"follow","max-snippet":"max-snippet:-1","max-image-preview":"max-image-preview:large","max-video-preview":"max-video-preview:-1"},"canonical":"https:\/\/hundtgroup.com\/es\/produkt\/kit-de-arranque-bosch-expert-80-ah-18v-160\/","og_locale":"es_ES","og_type":"article","og_title":"Kit de arranque Bosch EXPERT 8,0 Ah 18V-160 - Wilhelm Hundt GmbH","og_description":"Hasta un 120 % m\u00e1s de autonom\u00eda que la Professional GBA 18V 4,0Ah\u00b9 Autonom\u00eda extrema: Excepcional autonom\u00eda continua en aplicaciones dif\u00edciles Potentes celdas sin leng\u00fceta: Menor resistencia interna para una potencia m\u00e1xima de hasta 2.400 W (seg\u00fan prueba de laboratorio interna, potencia m\u00e1xima instant\u00e1nea, bater\u00eda nueva totalmente cargada) Carga ultrarr\u00e1pida: Carga completamente una bater\u00eda EXBA18V-80 [&hellip;]","og_url":"https:\/\/hundtgroup.com\/es\/produkt\/kit-de-arranque-bosch-expert-80-ah-18v-160\/","og_site_name":"Wilhelm Hundt GmbH","og_image":[{"width":800,"height":800,"url":"https:\/\/hundtgroup.com\/wp-content\/uploads\/340865.jpg","type":"image\/jpeg"}],"twitter_card":"summary_large_image","twitter_misc":{"Tiempo de lectura":"1 minuto"},"schema":{"@context":"https:\/\/schema.org","@graph":[{"@type":"WebPage","@id":"https:\/\/hundtgroup.com\/es\/produkt\/kit-de-arranque-bosch-expert-80-ah-18v-160\/","url":"https:\/\/hundtgroup.com\/es\/produkt\/kit-de-arranque-bosch-expert-80-ah-18v-160\/","name":"Kit de arranque Bosch EXPERT 8,0 Ah 18V-160 - Wilhelm Hundt GmbH","isPartOf":{"@id":"https:\/\/hundtgroup.com\/es\/#website"},"primaryImageOfPage":{"@id":"https:\/\/hundtgroup.com\/es\/produkt\/kit-de-arranque-bosch-expert-80-ah-18v-160\/#primaryimage"},"image":{"@id":"https:\/\/hundtgroup.com\/es\/produkt\/kit-de-arranque-bosch-expert-80-ah-18v-160\/#primaryimage"},"thumbnailUrl":"https:\/\/hundtgroup.com\/wp-content\/uploads\/340865.jpg","datePublished":"2026-01-28T09:17:57+00:00","breadcrumb":{"@id":"https:\/\/hundtgroup.com\/es\/produkt\/kit-de-arranque-bosch-expert-80-ah-18v-160\/#breadcrumb"},"inLanguage":"es","potentialAction":[{"@type":"ReadAction","target":["https:\/\/hundtgroup.com\/es\/produkt\/kit-de-arranque-bosch-expert-80-ah-18v-160\/"]}]},{"@type":"ImageObject","inLanguage":"es","@id":"https:\/\/hundtgroup.com\/es\/produkt\/kit-de-arranque-bosch-expert-80-ah-18v-160\/#primaryimage","url":"https:\/\/hundtgroup.com\/wp-content\/uploads\/340865.jpg","contentUrl":"https:\/\/hundtgroup.com\/wp-content\/uploads\/340865.jpg","width":800,"height":800},{"@type":"BreadcrumbList","@id":"https:\/\/hundtgroup.com\/es\/produkt\/kit-de-arranque-bosch-expert-80-ah-18v-160\/#breadcrumb","itemListElement":[{"@type":"ListItem","position":1,"name":"Startseite","item":"https:\/\/hundtgroup.com\/es\/inicio-nuevo\/"},{"@type":"ListItem","position":2,"name":"Tienda","item":"https:\/\/hundtgroup.com\/tienda\/"},{"@type":"ListItem","position":3,"name":"Kit de arranque Bosch EXPERT 8,0 Ah 18V-160"}]},{"@type":"WebSite","@id":"https:\/\/hundtgroup.com\/es\/#website","url":"https:\/\/hundtgroup.com\/es\/","name":"Wilhelm Hundt GmbH","description":"Tu especialista en m\u00e1quinas y herramientas para la transformaci\u00f3n de la chapa","potentialAction":[{"@type":"SearchAction","target":{"@type":"EntryPoint","urlTemplate":"https:\/\/hundtgroup.com\/es\/?s={search_term_string}"},"query-input":{"@type":"PropertyValueSpecification","valueRequired":true,"valueName":"search_term_string"}}],"inLanguage":"es"}]}},"_links":{"self":[{"href":"https:\/\/hundtgroup.com\/es\/wp-json\/wp\/v2\/product\/40911","targetHints":{"allow":["GET"]}}],"collection":[{"href":"https:\/\/hundtgroup.com\/es\/wp-json\/wp\/v2\/product"}],"about":[{"href":"https:\/\/hundtgroup.com\/es\/wp-json\/wp\/v2\/types\/product"}],"wp:featuredmedia":[{"embeddable":true,"href":"https:\/\/hundtgroup.com\/es\/wp-json\/wp\/v2\/media\/40913"}],"wp:attachment":[{"href":"https:\/\/hundtgroup.com\/es\/wp-json\/wp\/v2\/media?parent=40911"}],"wp:term":[{"taxonomy":"product_cat","embeddable":true,"href":"https:\/\/hundtgroup.com\/es\/wp-json\/wp\/v2\/product_cat?post=40911"},{"taxonomy":"product_tag","embeddable":true,"href":"https:\/\/hundtgroup.com\/es\/wp-json\/wp\/v2\/product_tag?post=40911"}],"curies":[{"name":"wp","href":"https:\/\/api.w.org\/{rel}","templated":true}]}}