{"id":41096,"date":"2026-01-28T10:17:44","date_gmt":"2026-01-28T09:17:44","guid":{"rendered":"https:\/\/hundtgroup.com\/produkt\/amoladora-angular-sin-cable-bosch-exws18v-15s-solo\/"},"modified":"2026-01-28T10:17:44","modified_gmt":"2026-01-28T09:17:44","slug":"amoladora-angular-sin-cable-bosch-exws18v-15s-solo","status":"publish","type":"product","link":"https:\/\/hundtgroup.com\/es\/produkt\/amoladora-angular-sin-cable-bosch-exws18v-15s-solo\/","title":{"rendered":"Amoladora angular sin cable Bosch EXWS18V-15S solo"},"content":{"rendered":"<p>Hasta un 65 % m\u00e1s de potencia que la Professional GWS 18V-8?\u00b9<br \/>\nRendimiento excepcional: Equivale a la potencia de una herramienta con cable de 1500 W<br \/>\nBITURBO BRUSHLESS: Motor de alto rendimiento dise\u00f1ado para la potencia extrema de las bater\u00edas EXPERT<br \/>\nProtecci\u00f3n avanzada del usuario: El control KickBack minimiza el riesgo de lesiones si se bloquea el disco<br \/>\nControl excepcional sobre la herramienta: Gracias al dise\u00f1o ergon\u00f3mico y a la HMI para el mantenimiento preventivo de la herramienta<\/p>\n","protected":false},"excerpt":{"rendered":"<p>Hasta un 65 % m\u00e1s de potencia que la Professional GWS 18V-8?\u00b9 Rendimiento excepcional: Equivale a la potencia de una herramienta con cable de 1500 W BITURBO BRUSHLESS: Motor de alto rendimiento dise\u00f1ado para la potencia extrema de las bater\u00edas EXPERT Protecci\u00f3n avanzada del usuario: El control KickBack minimiza el riesgo de lesiones si se [&hellip;]<\/p>\n","protected":false},"featured_media":41098,"template":"","meta":{"_acf_changed":false,"inline_featured_image":false},"product_cat":[662,1920],"product_tag":[],"class_list":{"0":"post-41096","1":"product","2":"type-product","3":"status-publish","4":"has-post-thumbnail","6":"brand-bosch-expert","7":"product_cat-herramientas-a-bateria","8":"product_cat-amoladora-angular","10":"first","11":"instock","12":"taxable","13":"shipping-taxable","14":"purchasable","15":"product-type-simple","16":"add-to-wishlist-before_image"},"acf":[],"yoast_head":"<!-- This site is optimized with the Yoast SEO plugin v27.3 - https:\/\/yoast.com\/product\/yoast-seo-wordpress\/ -->\n<title>Amoladora angular sin cable Bosch EXWS18V-15S solo - Wilhelm Hundt GmbH<\/title>\n<meta name=\"robots\" content=\"index, follow, max-snippet:-1, max-image-preview:large, max-video-preview:-1\" \/>\n<link rel=\"canonical\" href=\"https:\/\/hundtgroup.com\/es\/produkt\/amoladora-angular-sin-cable-bosch-exws18v-15s-solo\/\" \/>\n<meta property=\"og:locale\" content=\"es_ES\" \/>\n<meta property=\"og:type\" content=\"article\" \/>\n<meta property=\"og:title\" content=\"Amoladora angular sin cable Bosch EXWS18V-15S solo - Wilhelm Hundt GmbH\" \/>\n<meta property=\"og:description\" content=\"Hasta un 65 % m\u00e1s de potencia que la Professional GWS 18V-8?\u00b9 Rendimiento excepcional: Equivale a la potencia de una herramienta con cable de 1500 W BITURBO BRUSHLESS: Motor de alto rendimiento dise\u00f1ado para la potencia extrema de las bater\u00edas EXPERT Protecci\u00f3n avanzada del usuario: El control KickBack minimiza el riesgo de lesiones si se [&hellip;]\" \/>\n<meta property=\"og:url\" content=\"https:\/\/hundtgroup.com\/es\/produkt\/amoladora-angular-sin-cable-bosch-exws18v-15s-solo\/\" \/>\n<meta property=\"og:site_name\" content=\"Wilhelm Hundt GmbH\" \/>\n<meta property=\"og:image\" content=\"https:\/\/hundtgroup.com\/wp-content\/uploads\/340839.jpg\" \/>\n\t<meta property=\"og:image:width\" content=\"600\" \/>\n\t<meta property=\"og:image:height\" content=\"600\" \/>\n\t<meta property=\"og:image:type\" content=\"image\/jpeg\" \/>\n<meta name=\"twitter:card\" content=\"summary_large_image\" \/>\n<script type=\"application\/ld+json\" class=\"yoast-schema-graph\">{\"@context\":\"https:\\\/\\\/schema.org\",\"@graph\":[{\"@type\":\"WebPage\",\"@id\":\"https:\\\/\\\/hundtgroup.com\\\/es\\\/produkt\\\/amoladora-angular-sin-cable-bosch-exws18v-15s-solo\\\/\",\"url\":\"https:\\\/\\\/hundtgroup.com\\\/es\\\/produkt\\\/amoladora-angular-sin-cable-bosch-exws18v-15s-solo\\\/\",\"name\":\"Amoladora angular sin cable Bosch EXWS18V-15S solo - Wilhelm Hundt GmbH\",\"isPartOf\":{\"@id\":\"https:\\\/\\\/hundtgroup.com\\\/es\\\/#website\"},\"primaryImageOfPage\":{\"@id\":\"https:\\\/\\\/hundtgroup.com\\\/es\\\/produkt\\\/amoladora-angular-sin-cable-bosch-exws18v-15s-solo\\\/#primaryimage\"},\"image\":{\"@id\":\"https:\\\/\\\/hundtgroup.com\\\/es\\\/produkt\\\/amoladora-angular-sin-cable-bosch-exws18v-15s-solo\\\/#primaryimage\"},\"thumbnailUrl\":\"https:\\\/\\\/hundtgroup.com\\\/wp-content\\\/uploads\\\/340839.jpg\",\"datePublished\":\"2026-01-28T09:17:44+00:00\",\"breadcrumb\":{\"@id\":\"https:\\\/\\\/hundtgroup.com\\\/es\\\/produkt\\\/amoladora-angular-sin-cable-bosch-exws18v-15s-solo\\\/#breadcrumb\"},\"inLanguage\":\"es\",\"potentialAction\":[{\"@type\":\"ReadAction\",\"target\":[\"https:\\\/\\\/hundtgroup.com\\\/es\\\/produkt\\\/amoladora-angular-sin-cable-bosch-exws18v-15s-solo\\\/\"]}]},{\"@type\":\"ImageObject\",\"inLanguage\":\"es\",\"@id\":\"https:\\\/\\\/hundtgroup.com\\\/es\\\/produkt\\\/amoladora-angular-sin-cable-bosch-exws18v-15s-solo\\\/#primaryimage\",\"url\":\"https:\\\/\\\/hundtgroup.com\\\/wp-content\\\/uploads\\\/340839.jpg\",\"contentUrl\":\"https:\\\/\\\/hundtgroup.com\\\/wp-content\\\/uploads\\\/340839.jpg\",\"width\":600,\"height\":600},{\"@type\":\"BreadcrumbList\",\"@id\":\"https:\\\/\\\/hundtgroup.com\\\/es\\\/produkt\\\/amoladora-angular-sin-cable-bosch-exws18v-15s-solo\\\/#breadcrumb\",\"itemListElement\":[{\"@type\":\"ListItem\",\"position\":1,\"name\":\"Startseite\",\"item\":\"https:\\\/\\\/hundtgroup.com\\\/es\\\/inicio-nuevo\\\/\"},{\"@type\":\"ListItem\",\"position\":2,\"name\":\"Tienda\",\"item\":\"https:\\\/\\\/hundtgroup.com\\\/tienda\\\/\"},{\"@type\":\"ListItem\",\"position\":3,\"name\":\"Amoladora angular sin cable Bosch EXWS18V-15S solo\"}]},{\"@type\":\"WebSite\",\"@id\":\"https:\\\/\\\/hundtgroup.com\\\/es\\\/#website\",\"url\":\"https:\\\/\\\/hundtgroup.com\\\/es\\\/\",\"name\":\"Wilhelm Hundt GmbH\",\"description\":\"Tu especialista en m\u00e1quinas y herramientas para la transformaci\u00f3n de la chapa\",\"potentialAction\":[{\"@type\":\"SearchAction\",\"target\":{\"@type\":\"EntryPoint\",\"urlTemplate\":\"https:\\\/\\\/hundtgroup.com\\\/es\\\/?s={search_term_string}\"},\"query-input\":{\"@type\":\"PropertyValueSpecification\",\"valueRequired\":true,\"valueName\":\"search_term_string\"}}],\"inLanguage\":\"es\"}]}<\/script>\n<!-- \/ Yoast SEO plugin. -->","yoast_head_json":{"title":"Amoladora angular sin cable Bosch EXWS18V-15S solo - Wilhelm Hundt GmbH","robots":{"index":"index","follow":"follow","max-snippet":"max-snippet:-1","max-image-preview":"max-image-preview:large","max-video-preview":"max-video-preview:-1"},"canonical":"https:\/\/hundtgroup.com\/es\/produkt\/amoladora-angular-sin-cable-bosch-exws18v-15s-solo\/","og_locale":"es_ES","og_type":"article","og_title":"Amoladora angular sin cable Bosch EXWS18V-15S solo - Wilhelm Hundt GmbH","og_description":"Hasta un 65 % m\u00e1s de potencia que la Professional GWS 18V-8?\u00b9 Rendimiento excepcional: Equivale a la potencia de una herramienta con cable de 1500 W BITURBO BRUSHLESS: Motor de alto rendimiento dise\u00f1ado para la potencia extrema de las bater\u00edas EXPERT Protecci\u00f3n avanzada del usuario: El control KickBack minimiza el riesgo de lesiones si se [&hellip;]","og_url":"https:\/\/hundtgroup.com\/es\/produkt\/amoladora-angular-sin-cable-bosch-exws18v-15s-solo\/","og_site_name":"Wilhelm Hundt GmbH","og_image":[{"width":600,"height":600,"url":"https:\/\/hundtgroup.com\/wp-content\/uploads\/340839.jpg","type":"image\/jpeg"}],"twitter_card":"summary_large_image","schema":{"@context":"https:\/\/schema.org","@graph":[{"@type":"WebPage","@id":"https:\/\/hundtgroup.com\/es\/produkt\/amoladora-angular-sin-cable-bosch-exws18v-15s-solo\/","url":"https:\/\/hundtgroup.com\/es\/produkt\/amoladora-angular-sin-cable-bosch-exws18v-15s-solo\/","name":"Amoladora angular sin cable Bosch EXWS18V-15S solo - Wilhelm Hundt GmbH","isPartOf":{"@id":"https:\/\/hundtgroup.com\/es\/#website"},"primaryImageOfPage":{"@id":"https:\/\/hundtgroup.com\/es\/produkt\/amoladora-angular-sin-cable-bosch-exws18v-15s-solo\/#primaryimage"},"image":{"@id":"https:\/\/hundtgroup.com\/es\/produkt\/amoladora-angular-sin-cable-bosch-exws18v-15s-solo\/#primaryimage"},"thumbnailUrl":"https:\/\/hundtgroup.com\/wp-content\/uploads\/340839.jpg","datePublished":"2026-01-28T09:17:44+00:00","breadcrumb":{"@id":"https:\/\/hundtgroup.com\/es\/produkt\/amoladora-angular-sin-cable-bosch-exws18v-15s-solo\/#breadcrumb"},"inLanguage":"es","potentialAction":[{"@type":"ReadAction","target":["https:\/\/hundtgroup.com\/es\/produkt\/amoladora-angular-sin-cable-bosch-exws18v-15s-solo\/"]}]},{"@type":"ImageObject","inLanguage":"es","@id":"https:\/\/hundtgroup.com\/es\/produkt\/amoladora-angular-sin-cable-bosch-exws18v-15s-solo\/#primaryimage","url":"https:\/\/hundtgroup.com\/wp-content\/uploads\/340839.jpg","contentUrl":"https:\/\/hundtgroup.com\/wp-content\/uploads\/340839.jpg","width":600,"height":600},{"@type":"BreadcrumbList","@id":"https:\/\/hundtgroup.com\/es\/produkt\/amoladora-angular-sin-cable-bosch-exws18v-15s-solo\/#breadcrumb","itemListElement":[{"@type":"ListItem","position":1,"name":"Startseite","item":"https:\/\/hundtgroup.com\/es\/inicio-nuevo\/"},{"@type":"ListItem","position":2,"name":"Tienda","item":"https:\/\/hundtgroup.com\/tienda\/"},{"@type":"ListItem","position":3,"name":"Amoladora angular sin cable Bosch EXWS18V-15S solo"}]},{"@type":"WebSite","@id":"https:\/\/hundtgroup.com\/es\/#website","url":"https:\/\/hundtgroup.com\/es\/","name":"Wilhelm Hundt GmbH","description":"Tu especialista en m\u00e1quinas y herramientas para la transformaci\u00f3n de la chapa","potentialAction":[{"@type":"SearchAction","target":{"@type":"EntryPoint","urlTemplate":"https:\/\/hundtgroup.com\/es\/?s={search_term_string}"},"query-input":{"@type":"PropertyValueSpecification","valueRequired":true,"valueName":"search_term_string"}}],"inLanguage":"es"}]}},"_links":{"self":[{"href":"https:\/\/hundtgroup.com\/es\/wp-json\/wp\/v2\/product\/41096","targetHints":{"allow":["GET"]}}],"collection":[{"href":"https:\/\/hundtgroup.com\/es\/wp-json\/wp\/v2\/product"}],"about":[{"href":"https:\/\/hundtgroup.com\/es\/wp-json\/wp\/v2\/types\/product"}],"wp:featuredmedia":[{"embeddable":true,"href":"https:\/\/hundtgroup.com\/es\/wp-json\/wp\/v2\/media\/41098"}],"wp:attachment":[{"href":"https:\/\/hundtgroup.com\/es\/wp-json\/wp\/v2\/media?parent=41096"}],"wp:term":[{"taxonomy":"product_cat","embeddable":true,"href":"https:\/\/hundtgroup.com\/es\/wp-json\/wp\/v2\/product_cat?post=41096"},{"taxonomy":"product_tag","embeddable":true,"href":"https:\/\/hundtgroup.com\/es\/wp-json\/wp\/v2\/product_tag?post=41096"}],"curies":[{"name":"wp","href":"https:\/\/api.w.org\/{rel}","templated":true}]}}