{"id":41165,"date":"2026-01-28T10:17:35","date_gmt":"2026-01-28T09:17:35","guid":{"rendered":"https:\/\/hundtgroup.com\/produkt\/sierra-de-calar-sin-cable-bosch-exst18v-155b-solo\/"},"modified":"2026-01-28T10:17:35","modified_gmt":"2026-01-28T09:17:35","slug":"sierra-de-calar-sin-cable-bosch-exst18v-155b-solo","status":"publish","type":"product","link":"https:\/\/hundtgroup.com\/es\/produkt\/sierra-de-calar-sin-cable-bosch-exst18v-155b-solo\/","title":{"rendered":"Sierra de calar sin cable Bosch EXST18V-155B solo"},"content":{"rendered":"<p>Hasta 4 veces m\u00e1s precisi\u00f3n que la Profesional GST 18V-125\u00b9<br \/>\nM\u00e1xima precisi\u00f3n: La gu\u00eda de la hoja de sierra evita que \u00e9sta se mueva, incluso en curvas cerradas, y proporciona una precisi\u00f3n perfecta<br \/>\nControl de precisi\u00f3n: La zona de la empu\u00f1adura en la parte superior y el interruptor del acelerador garantizan un control perfecto de la herramienta y la m\u00e1xima precisi\u00f3n<br \/>\nProtecci\u00f3n avanzada del usuario: El Control de Ca\u00edda minimiza el riesgo de lesiones desconectando inmediatamente la herramienta si se cae<br \/>\nAspiraci\u00f3n de polvo: Adaptador de aspiraci\u00f3n f\u00e1cil de acoplar con articulaci\u00f3n para colocar la manguera de aspiraci\u00f3n de forma flexible<\/p>\n","protected":false},"excerpt":{"rendered":"<p>Hasta 4 veces m\u00e1s precisi\u00f3n que la Profesional GST 18V-125\u00b9 M\u00e1xima precisi\u00f3n: La gu\u00eda de la hoja de sierra evita que \u00e9sta se mueva, incluso en curvas cerradas, y proporciona una precisi\u00f3n perfecta Control de precisi\u00f3n: La zona de la empu\u00f1adura en la parte superior y el interruptor del acelerador garantizan un control perfecto de [&hellip;]<\/p>\n","protected":false},"featured_media":41167,"template":"","meta":{"_acf_changed":false,"inline_featured_image":false},"product_cat":[662,1918],"product_tag":[],"class_list":{"0":"post-41165","1":"product","2":"type-product","3":"status-publish","4":"has-post-thumbnail","6":"brand-bosch-expert","7":"product_cat-herramientas-a-bateria","8":"product_cat-puzzles","10":"first","11":"instock","12":"taxable","13":"shipping-taxable","14":"purchasable","15":"product-type-simple","16":"add-to-wishlist-before_image"},"acf":[],"yoast_head":"<!-- This site is optimized with the Yoast SEO plugin v27.3 - https:\/\/yoast.com\/product\/yoast-seo-wordpress\/ -->\n<title>Sierra de calar sin cable Bosch EXST18V-155B solo - Wilhelm Hundt GmbH<\/title>\n<meta name=\"robots\" content=\"index, follow, max-snippet:-1, max-image-preview:large, max-video-preview:-1\" \/>\n<link rel=\"canonical\" href=\"https:\/\/hundtgroup.com\/es\/produkt\/sierra-de-calar-sin-cable-bosch-exst18v-155b-solo\/\" \/>\n<meta property=\"og:locale\" content=\"es_ES\" \/>\n<meta property=\"og:type\" content=\"article\" \/>\n<meta property=\"og:title\" content=\"Sierra de calar sin cable Bosch EXST18V-155B solo - Wilhelm Hundt GmbH\" \/>\n<meta property=\"og:description\" content=\"Hasta 4 veces m\u00e1s precisi\u00f3n que la Profesional GST 18V-125\u00b9 M\u00e1xima precisi\u00f3n: La gu\u00eda de la hoja de sierra evita que \u00e9sta se mueva, incluso en curvas cerradas, y proporciona una precisi\u00f3n perfecta Control de precisi\u00f3n: La zona de la empu\u00f1adura en la parte superior y el interruptor del acelerador garantizan un control perfecto de [&hellip;]\" \/>\n<meta property=\"og:url\" content=\"https:\/\/hundtgroup.com\/es\/produkt\/sierra-de-calar-sin-cable-bosch-exst18v-155b-solo\/\" \/>\n<meta property=\"og:site_name\" content=\"Wilhelm Hundt GmbH\" \/>\n<meta property=\"og:image\" content=\"https:\/\/hundtgroup.com\/wp-content\/uploads\/340816.jpg\" \/>\n\t<meta property=\"og:image:width\" content=\"1062\" \/>\n\t<meta property=\"og:image:height\" content=\"985\" \/>\n\t<meta property=\"og:image:type\" content=\"image\/jpeg\" \/>\n<meta name=\"twitter:card\" content=\"summary_large_image\" \/>\n<meta name=\"twitter:label1\" content=\"Tiempo de lectura\" \/>\n\t<meta name=\"twitter:data1\" content=\"1 minuto\" \/>\n<script type=\"application\/ld+json\" class=\"yoast-schema-graph\">{\"@context\":\"https:\\\/\\\/schema.org\",\"@graph\":[{\"@type\":\"WebPage\",\"@id\":\"https:\\\/\\\/hundtgroup.com\\\/es\\\/produkt\\\/sierra-de-calar-sin-cable-bosch-exst18v-155b-solo\\\/\",\"url\":\"https:\\\/\\\/hundtgroup.com\\\/es\\\/produkt\\\/sierra-de-calar-sin-cable-bosch-exst18v-155b-solo\\\/\",\"name\":\"Sierra de calar sin cable Bosch EXST18V-155B solo - Wilhelm Hundt GmbH\",\"isPartOf\":{\"@id\":\"https:\\\/\\\/hundtgroup.com\\\/es\\\/#website\"},\"primaryImageOfPage\":{\"@id\":\"https:\\\/\\\/hundtgroup.com\\\/es\\\/produkt\\\/sierra-de-calar-sin-cable-bosch-exst18v-155b-solo\\\/#primaryimage\"},\"image\":{\"@id\":\"https:\\\/\\\/hundtgroup.com\\\/es\\\/produkt\\\/sierra-de-calar-sin-cable-bosch-exst18v-155b-solo\\\/#primaryimage\"},\"thumbnailUrl\":\"https:\\\/\\\/hundtgroup.com\\\/wp-content\\\/uploads\\\/340816.jpg\",\"datePublished\":\"2026-01-28T09:17:35+00:00\",\"breadcrumb\":{\"@id\":\"https:\\\/\\\/hundtgroup.com\\\/es\\\/produkt\\\/sierra-de-calar-sin-cable-bosch-exst18v-155b-solo\\\/#breadcrumb\"},\"inLanguage\":\"es\",\"potentialAction\":[{\"@type\":\"ReadAction\",\"target\":[\"https:\\\/\\\/hundtgroup.com\\\/es\\\/produkt\\\/sierra-de-calar-sin-cable-bosch-exst18v-155b-solo\\\/\"]}]},{\"@type\":\"ImageObject\",\"inLanguage\":\"es\",\"@id\":\"https:\\\/\\\/hundtgroup.com\\\/es\\\/produkt\\\/sierra-de-calar-sin-cable-bosch-exst18v-155b-solo\\\/#primaryimage\",\"url\":\"https:\\\/\\\/hundtgroup.com\\\/wp-content\\\/uploads\\\/340816.jpg\",\"contentUrl\":\"https:\\\/\\\/hundtgroup.com\\\/wp-content\\\/uploads\\\/340816.jpg\",\"width\":1062,\"height\":985},{\"@type\":\"BreadcrumbList\",\"@id\":\"https:\\\/\\\/hundtgroup.com\\\/es\\\/produkt\\\/sierra-de-calar-sin-cable-bosch-exst18v-155b-solo\\\/#breadcrumb\",\"itemListElement\":[{\"@type\":\"ListItem\",\"position\":1,\"name\":\"Startseite\",\"item\":\"https:\\\/\\\/hundtgroup.com\\\/es\\\/inicio-nuevo\\\/\"},{\"@type\":\"ListItem\",\"position\":2,\"name\":\"Tienda\",\"item\":\"https:\\\/\\\/hundtgroup.com\\\/tienda\\\/\"},{\"@type\":\"ListItem\",\"position\":3,\"name\":\"Sierra de calar sin cable Bosch EXST18V-155B solo\"}]},{\"@type\":\"WebSite\",\"@id\":\"https:\\\/\\\/hundtgroup.com\\\/es\\\/#website\",\"url\":\"https:\\\/\\\/hundtgroup.com\\\/es\\\/\",\"name\":\"Wilhelm Hundt GmbH\",\"description\":\"Tu especialista en m\u00e1quinas y herramientas para la transformaci\u00f3n de la chapa\",\"potentialAction\":[{\"@type\":\"SearchAction\",\"target\":{\"@type\":\"EntryPoint\",\"urlTemplate\":\"https:\\\/\\\/hundtgroup.com\\\/es\\\/?s={search_term_string}\"},\"query-input\":{\"@type\":\"PropertyValueSpecification\",\"valueRequired\":true,\"valueName\":\"search_term_string\"}}],\"inLanguage\":\"es\"}]}<\/script>\n<!-- \/ Yoast SEO plugin. -->","yoast_head_json":{"title":"Sierra de calar sin cable Bosch EXST18V-155B solo - Wilhelm Hundt GmbH","robots":{"index":"index","follow":"follow","max-snippet":"max-snippet:-1","max-image-preview":"max-image-preview:large","max-video-preview":"max-video-preview:-1"},"canonical":"https:\/\/hundtgroup.com\/es\/produkt\/sierra-de-calar-sin-cable-bosch-exst18v-155b-solo\/","og_locale":"es_ES","og_type":"article","og_title":"Sierra de calar sin cable Bosch EXST18V-155B solo - Wilhelm Hundt GmbH","og_description":"Hasta 4 veces m\u00e1s precisi\u00f3n que la Profesional GST 18V-125\u00b9 M\u00e1xima precisi\u00f3n: La gu\u00eda de la hoja de sierra evita que \u00e9sta se mueva, incluso en curvas cerradas, y proporciona una precisi\u00f3n perfecta Control de precisi\u00f3n: La zona de la empu\u00f1adura en la parte superior y el interruptor del acelerador garantizan un control perfecto de [&hellip;]","og_url":"https:\/\/hundtgroup.com\/es\/produkt\/sierra-de-calar-sin-cable-bosch-exst18v-155b-solo\/","og_site_name":"Wilhelm Hundt GmbH","og_image":[{"width":1062,"height":985,"url":"https:\/\/hundtgroup.com\/wp-content\/uploads\/340816.jpg","type":"image\/jpeg"}],"twitter_card":"summary_large_image","twitter_misc":{"Tiempo de lectura":"1 minuto"},"schema":{"@context":"https:\/\/schema.org","@graph":[{"@type":"WebPage","@id":"https:\/\/hundtgroup.com\/es\/produkt\/sierra-de-calar-sin-cable-bosch-exst18v-155b-solo\/","url":"https:\/\/hundtgroup.com\/es\/produkt\/sierra-de-calar-sin-cable-bosch-exst18v-155b-solo\/","name":"Sierra de calar sin cable Bosch EXST18V-155B solo - Wilhelm Hundt GmbH","isPartOf":{"@id":"https:\/\/hundtgroup.com\/es\/#website"},"primaryImageOfPage":{"@id":"https:\/\/hundtgroup.com\/es\/produkt\/sierra-de-calar-sin-cable-bosch-exst18v-155b-solo\/#primaryimage"},"image":{"@id":"https:\/\/hundtgroup.com\/es\/produkt\/sierra-de-calar-sin-cable-bosch-exst18v-155b-solo\/#primaryimage"},"thumbnailUrl":"https:\/\/hundtgroup.com\/wp-content\/uploads\/340816.jpg","datePublished":"2026-01-28T09:17:35+00:00","breadcrumb":{"@id":"https:\/\/hundtgroup.com\/es\/produkt\/sierra-de-calar-sin-cable-bosch-exst18v-155b-solo\/#breadcrumb"},"inLanguage":"es","potentialAction":[{"@type":"ReadAction","target":["https:\/\/hundtgroup.com\/es\/produkt\/sierra-de-calar-sin-cable-bosch-exst18v-155b-solo\/"]}]},{"@type":"ImageObject","inLanguage":"es","@id":"https:\/\/hundtgroup.com\/es\/produkt\/sierra-de-calar-sin-cable-bosch-exst18v-155b-solo\/#primaryimage","url":"https:\/\/hundtgroup.com\/wp-content\/uploads\/340816.jpg","contentUrl":"https:\/\/hundtgroup.com\/wp-content\/uploads\/340816.jpg","width":1062,"height":985},{"@type":"BreadcrumbList","@id":"https:\/\/hundtgroup.com\/es\/produkt\/sierra-de-calar-sin-cable-bosch-exst18v-155b-solo\/#breadcrumb","itemListElement":[{"@type":"ListItem","position":1,"name":"Startseite","item":"https:\/\/hundtgroup.com\/es\/inicio-nuevo\/"},{"@type":"ListItem","position":2,"name":"Tienda","item":"https:\/\/hundtgroup.com\/tienda\/"},{"@type":"ListItem","position":3,"name":"Sierra de calar sin cable Bosch EXST18V-155B solo"}]},{"@type":"WebSite","@id":"https:\/\/hundtgroup.com\/es\/#website","url":"https:\/\/hundtgroup.com\/es\/","name":"Wilhelm Hundt GmbH","description":"Tu especialista en m\u00e1quinas y herramientas para la transformaci\u00f3n de la chapa","potentialAction":[{"@type":"SearchAction","target":{"@type":"EntryPoint","urlTemplate":"https:\/\/hundtgroup.com\/es\/?s={search_term_string}"},"query-input":{"@type":"PropertyValueSpecification","valueRequired":true,"valueName":"search_term_string"}}],"inLanguage":"es"}]}},"_links":{"self":[{"href":"https:\/\/hundtgroup.com\/es\/wp-json\/wp\/v2\/product\/41165","targetHints":{"allow":["GET"]}}],"collection":[{"href":"https:\/\/hundtgroup.com\/es\/wp-json\/wp\/v2\/product"}],"about":[{"href":"https:\/\/hundtgroup.com\/es\/wp-json\/wp\/v2\/types\/product"}],"wp:featuredmedia":[{"embeddable":true,"href":"https:\/\/hundtgroup.com\/es\/wp-json\/wp\/v2\/media\/41167"}],"wp:attachment":[{"href":"https:\/\/hundtgroup.com\/es\/wp-json\/wp\/v2\/media?parent=41165"}],"wp:term":[{"taxonomy":"product_cat","embeddable":true,"href":"https:\/\/hundtgroup.com\/es\/wp-json\/wp\/v2\/product_cat?post=41165"},{"taxonomy":"product_tag","embeddable":true,"href":"https:\/\/hundtgroup.com\/es\/wp-json\/wp\/v2\/product_tag?post=41165"}],"curies":[{"name":"wp","href":"https:\/\/api.w.org\/{rel}","templated":true}]}}