{"id":41262,"date":"2026-01-28T10:17:44","date_gmt":"2026-01-28T09:17:44","guid":{"rendered":"https:\/\/hundtgroup.com\/produkt\/taladradora-de-percusion-sin-cable-bosch-exsb18v-90-3x-40-ah\/"},"modified":"2026-01-28T10:17:44","modified_gmt":"2026-01-28T09:17:44","slug":"taladradora-de-percusion-sin-cable-bosch-exsb18v-90-3x-40-ah","status":"publish","type":"product","link":"https:\/\/hundtgroup.com\/es\/produkt\/taladradora-de-percusion-sin-cable-bosch-exsb18v-90-3x-40-ah\/","title":{"rendered":"Taladradora de percusi\u00f3n sin cable Bosch EXSB18V-90 3x 4,0 Ah"},"content":{"rendered":"<p>\u00d3ptima combinaci\u00f3n de potencia, compacidad y protecci\u00f3n avanzada\u00b9<br \/>\nPotente todoterreno: El potente motor sin escobillas ofrece un rendimiento excepcional con un par suave\/duro de 36\/65 Nm, 2.100 1\/min y 29. 500 bpm.500 bpm para un trabajo r\u00e1pido y eficaz en mamposter\u00eda<br \/>\nPotencia compacta: cabezal de 175 mm de longitud y portabrocas met\u00e1lico de 13 mm para mayor robustez y mejor transmisi\u00f3n del par<br \/>\nProtecci\u00f3n avanzada del usuario: el control KickBack (encendido\/apagado) minimiza el riesgo de lesiones al desconectarse si la broca se atasca<br \/>\nControl insuperable de la herramienta: el embrague de precisi\u00f3n (encendido\/apagado) detiene el bloqueo excesivo si es necesario y te da libertad para ajustar la herramienta a tus necesidades<\/p>\n","protected":false},"excerpt":{"rendered":"<p>\u00d3ptima combinaci\u00f3n de potencia, compacidad y protecci\u00f3n avanzada\u00b9 Potente todoterreno: El potente motor sin escobillas ofrece un rendimiento excepcional con un par suave\/duro de 36\/65 Nm, 2.100 1\/min y 29. 500 bpm.500 bpm para un trabajo r\u00e1pido y eficaz en mamposter\u00eda Potencia compacta: cabezal de 175 mm de longitud y portabrocas met\u00e1lico de 13 mm [&hellip;]<\/p>\n","protected":false},"featured_media":41263,"template":"","meta":{"_acf_changed":false,"inline_featured_image":false},"product_cat":[3260,662],"product_tag":[],"class_list":{"0":"post-41262","1":"product","2":"type-product","3":"status-publish","4":"has-post-thumbnail","6":"brand-bosch-expert","7":"product_cat-taladro-de-impacto","8":"product_cat-herramientas-a-bateria","10":"first","11":"instock","12":"taxable","13":"shipping-taxable","14":"purchasable","15":"product-type-simple","16":"add-to-wishlist-before_image"},"acf":[],"yoast_head":"<!-- This site is optimized with the Yoast SEO plugin v27.3 - https:\/\/yoast.com\/product\/yoast-seo-wordpress\/ -->\n<title>Taladradora de percusi\u00f3n sin cable Bosch EXSB18V-90 3x 4,0 Ah - Wilhelm Hundt GmbH<\/title>\n<meta name=\"robots\" content=\"index, follow, max-snippet:-1, max-image-preview:large, max-video-preview:-1\" \/>\n<link rel=\"canonical\" href=\"https:\/\/hundtgroup.com\/es\/produkt\/taladradora-de-percusion-sin-cable-bosch-exsb18v-90-3x-40-ah\/\" \/>\n<meta property=\"og:locale\" content=\"es_ES\" \/>\n<meta property=\"og:type\" content=\"article\" \/>\n<meta property=\"og:title\" content=\"Taladradora de percusi\u00f3n sin cable Bosch EXSB18V-90 3x 4,0 Ah - Wilhelm Hundt GmbH\" \/>\n<meta property=\"og:description\" content=\"\u00d3ptima combinaci\u00f3n de potencia, compacidad y protecci\u00f3n avanzada\u00b9 Potente todoterreno: El potente motor sin escobillas ofrece un rendimiento excepcional con un par suave\/duro de 36\/65 Nm, 2.100 1\/min y 29. 500 bpm.500 bpm para un trabajo r\u00e1pido y eficaz en mamposter\u00eda Potencia compacta: cabezal de 175 mm de longitud y portabrocas met\u00e1lico de 13 mm [&hellip;]\" \/>\n<meta property=\"og:url\" content=\"https:\/\/hundtgroup.com\/es\/produkt\/taladradora-de-percusion-sin-cable-bosch-exsb18v-90-3x-40-ah\/\" \/>\n<meta property=\"og:site_name\" content=\"Wilhelm Hundt GmbH\" \/>\n<meta property=\"og:image\" content=\"https:\/\/hundtgroup.com\/wp-content\/uploads\/340833.jpg\" \/>\n\t<meta property=\"og:image:width\" content=\"600\" \/>\n\t<meta property=\"og:image:height\" content=\"600\" \/>\n\t<meta property=\"og:image:type\" content=\"image\/jpeg\" \/>\n<meta name=\"twitter:card\" content=\"summary_large_image\" \/>\n<meta name=\"twitter:label1\" content=\"Tiempo de lectura\" \/>\n\t<meta name=\"twitter:data1\" content=\"1 minuto\" \/>\n<script type=\"application\/ld+json\" class=\"yoast-schema-graph\">{\"@context\":\"https:\\\/\\\/schema.org\",\"@graph\":[{\"@type\":\"WebPage\",\"@id\":\"https:\\\/\\\/hundtgroup.com\\\/es\\\/produkt\\\/taladradora-de-percusion-sin-cable-bosch-exsb18v-90-3x-40-ah\\\/\",\"url\":\"https:\\\/\\\/hundtgroup.com\\\/es\\\/produkt\\\/taladradora-de-percusion-sin-cable-bosch-exsb18v-90-3x-40-ah\\\/\",\"name\":\"Taladradora de percusi\u00f3n sin cable Bosch EXSB18V-90 3x 4,0 Ah - Wilhelm Hundt GmbH\",\"isPartOf\":{\"@id\":\"https:\\\/\\\/hundtgroup.com\\\/es\\\/#website\"},\"primaryImageOfPage\":{\"@id\":\"https:\\\/\\\/hundtgroup.com\\\/es\\\/produkt\\\/taladradora-de-percusion-sin-cable-bosch-exsb18v-90-3x-40-ah\\\/#primaryimage\"},\"image\":{\"@id\":\"https:\\\/\\\/hundtgroup.com\\\/es\\\/produkt\\\/taladradora-de-percusion-sin-cable-bosch-exsb18v-90-3x-40-ah\\\/#primaryimage\"},\"thumbnailUrl\":\"https:\\\/\\\/hundtgroup.com\\\/wp-content\\\/uploads\\\/340833.jpg\",\"datePublished\":\"2026-01-28T09:17:44+00:00\",\"breadcrumb\":{\"@id\":\"https:\\\/\\\/hundtgroup.com\\\/es\\\/produkt\\\/taladradora-de-percusion-sin-cable-bosch-exsb18v-90-3x-40-ah\\\/#breadcrumb\"},\"inLanguage\":\"es\",\"potentialAction\":[{\"@type\":\"ReadAction\",\"target\":[\"https:\\\/\\\/hundtgroup.com\\\/es\\\/produkt\\\/taladradora-de-percusion-sin-cable-bosch-exsb18v-90-3x-40-ah\\\/\"]}]},{\"@type\":\"ImageObject\",\"inLanguage\":\"es\",\"@id\":\"https:\\\/\\\/hundtgroup.com\\\/es\\\/produkt\\\/taladradora-de-percusion-sin-cable-bosch-exsb18v-90-3x-40-ah\\\/#primaryimage\",\"url\":\"https:\\\/\\\/hundtgroup.com\\\/wp-content\\\/uploads\\\/340833.jpg\",\"contentUrl\":\"https:\\\/\\\/hundtgroup.com\\\/wp-content\\\/uploads\\\/340833.jpg\",\"width\":600,\"height\":600},{\"@type\":\"BreadcrumbList\",\"@id\":\"https:\\\/\\\/hundtgroup.com\\\/es\\\/produkt\\\/taladradora-de-percusion-sin-cable-bosch-exsb18v-90-3x-40-ah\\\/#breadcrumb\",\"itemListElement\":[{\"@type\":\"ListItem\",\"position\":1,\"name\":\"Startseite\",\"item\":\"https:\\\/\\\/hundtgroup.com\\\/es\\\/inicio-nuevo\\\/\"},{\"@type\":\"ListItem\",\"position\":2,\"name\":\"Tienda\",\"item\":\"https:\\\/\\\/hundtgroup.com\\\/tienda\\\/\"},{\"@type\":\"ListItem\",\"position\":3,\"name\":\"Taladradora de percusi\u00f3n sin cable Bosch EXSB18V-90 3x 4,0 Ah\"}]},{\"@type\":\"WebSite\",\"@id\":\"https:\\\/\\\/hundtgroup.com\\\/es\\\/#website\",\"url\":\"https:\\\/\\\/hundtgroup.com\\\/es\\\/\",\"name\":\"Wilhelm Hundt GmbH\",\"description\":\"Tu especialista en m\u00e1quinas y herramientas para la transformaci\u00f3n de la chapa\",\"potentialAction\":[{\"@type\":\"SearchAction\",\"target\":{\"@type\":\"EntryPoint\",\"urlTemplate\":\"https:\\\/\\\/hundtgroup.com\\\/es\\\/?s={search_term_string}\"},\"query-input\":{\"@type\":\"PropertyValueSpecification\",\"valueRequired\":true,\"valueName\":\"search_term_string\"}}],\"inLanguage\":\"es\"}]}<\/script>\n<!-- \/ Yoast SEO plugin. -->","yoast_head_json":{"title":"Taladradora de percusi\u00f3n sin cable Bosch EXSB18V-90 3x 4,0 Ah - Wilhelm Hundt GmbH","robots":{"index":"index","follow":"follow","max-snippet":"max-snippet:-1","max-image-preview":"max-image-preview:large","max-video-preview":"max-video-preview:-1"},"canonical":"https:\/\/hundtgroup.com\/es\/produkt\/taladradora-de-percusion-sin-cable-bosch-exsb18v-90-3x-40-ah\/","og_locale":"es_ES","og_type":"article","og_title":"Taladradora de percusi\u00f3n sin cable Bosch EXSB18V-90 3x 4,0 Ah - Wilhelm Hundt GmbH","og_description":"\u00d3ptima combinaci\u00f3n de potencia, compacidad y protecci\u00f3n avanzada\u00b9 Potente todoterreno: El potente motor sin escobillas ofrece un rendimiento excepcional con un par suave\/duro de 36\/65 Nm, 2.100 1\/min y 29. 500 bpm.500 bpm para un trabajo r\u00e1pido y eficaz en mamposter\u00eda Potencia compacta: cabezal de 175 mm de longitud y portabrocas met\u00e1lico de 13 mm [&hellip;]","og_url":"https:\/\/hundtgroup.com\/es\/produkt\/taladradora-de-percusion-sin-cable-bosch-exsb18v-90-3x-40-ah\/","og_site_name":"Wilhelm Hundt GmbH","og_image":[{"width":600,"height":600,"url":"https:\/\/hundtgroup.com\/wp-content\/uploads\/340833.jpg","type":"image\/jpeg"}],"twitter_card":"summary_large_image","twitter_misc":{"Tiempo de lectura":"1 minuto"},"schema":{"@context":"https:\/\/schema.org","@graph":[{"@type":"WebPage","@id":"https:\/\/hundtgroup.com\/es\/produkt\/taladradora-de-percusion-sin-cable-bosch-exsb18v-90-3x-40-ah\/","url":"https:\/\/hundtgroup.com\/es\/produkt\/taladradora-de-percusion-sin-cable-bosch-exsb18v-90-3x-40-ah\/","name":"Taladradora de percusi\u00f3n sin cable Bosch EXSB18V-90 3x 4,0 Ah - Wilhelm Hundt GmbH","isPartOf":{"@id":"https:\/\/hundtgroup.com\/es\/#website"},"primaryImageOfPage":{"@id":"https:\/\/hundtgroup.com\/es\/produkt\/taladradora-de-percusion-sin-cable-bosch-exsb18v-90-3x-40-ah\/#primaryimage"},"image":{"@id":"https:\/\/hundtgroup.com\/es\/produkt\/taladradora-de-percusion-sin-cable-bosch-exsb18v-90-3x-40-ah\/#primaryimage"},"thumbnailUrl":"https:\/\/hundtgroup.com\/wp-content\/uploads\/340833.jpg","datePublished":"2026-01-28T09:17:44+00:00","breadcrumb":{"@id":"https:\/\/hundtgroup.com\/es\/produkt\/taladradora-de-percusion-sin-cable-bosch-exsb18v-90-3x-40-ah\/#breadcrumb"},"inLanguage":"es","potentialAction":[{"@type":"ReadAction","target":["https:\/\/hundtgroup.com\/es\/produkt\/taladradora-de-percusion-sin-cable-bosch-exsb18v-90-3x-40-ah\/"]}]},{"@type":"ImageObject","inLanguage":"es","@id":"https:\/\/hundtgroup.com\/es\/produkt\/taladradora-de-percusion-sin-cable-bosch-exsb18v-90-3x-40-ah\/#primaryimage","url":"https:\/\/hundtgroup.com\/wp-content\/uploads\/340833.jpg","contentUrl":"https:\/\/hundtgroup.com\/wp-content\/uploads\/340833.jpg","width":600,"height":600},{"@type":"BreadcrumbList","@id":"https:\/\/hundtgroup.com\/es\/produkt\/taladradora-de-percusion-sin-cable-bosch-exsb18v-90-3x-40-ah\/#breadcrumb","itemListElement":[{"@type":"ListItem","position":1,"name":"Startseite","item":"https:\/\/hundtgroup.com\/es\/inicio-nuevo\/"},{"@type":"ListItem","position":2,"name":"Tienda","item":"https:\/\/hundtgroup.com\/tienda\/"},{"@type":"ListItem","position":3,"name":"Taladradora de percusi\u00f3n sin cable Bosch EXSB18V-90 3x 4,0 Ah"}]},{"@type":"WebSite","@id":"https:\/\/hundtgroup.com\/es\/#website","url":"https:\/\/hundtgroup.com\/es\/","name":"Wilhelm Hundt GmbH","description":"Tu especialista en m\u00e1quinas y herramientas para la transformaci\u00f3n de la chapa","potentialAction":[{"@type":"SearchAction","target":{"@type":"EntryPoint","urlTemplate":"https:\/\/hundtgroup.com\/es\/?s={search_term_string}"},"query-input":{"@type":"PropertyValueSpecification","valueRequired":true,"valueName":"search_term_string"}}],"inLanguage":"es"}]}},"_links":{"self":[{"href":"https:\/\/hundtgroup.com\/es\/wp-json\/wp\/v2\/product\/41262","targetHints":{"allow":["GET"]}}],"collection":[{"href":"https:\/\/hundtgroup.com\/es\/wp-json\/wp\/v2\/product"}],"about":[{"href":"https:\/\/hundtgroup.com\/es\/wp-json\/wp\/v2\/types\/product"}],"wp:featuredmedia":[{"embeddable":true,"href":"https:\/\/hundtgroup.com\/es\/wp-json\/wp\/v2\/media\/41263"}],"wp:attachment":[{"href":"https:\/\/hundtgroup.com\/es\/wp-json\/wp\/v2\/media?parent=41262"}],"wp:term":[{"taxonomy":"product_cat","embeddable":true,"href":"https:\/\/hundtgroup.com\/es\/wp-json\/wp\/v2\/product_cat?post=41262"},{"taxonomy":"product_tag","embeddable":true,"href":"https:\/\/hundtgroup.com\/es\/wp-json\/wp\/v2\/product_tag?post=41262"}],"curies":[{"name":"wp","href":"https:\/\/api.w.org\/{rel}","templated":true}]}}