{"id":12556,"date":"2022-01-12T13:24:49","date_gmt":"2022-01-12T12:24:49","guid":{"rendered":"https:\/\/hundtgroup.com\/mentions-legales\/"},"modified":"2026-03-09T11:44:56","modified_gmt":"2026-03-09T10:44:56","slug":"mentions-legales","status":"publish","type":"page","link":"https:\/\/hundtgroup.com\/fr\/mentions-legales\/","title":{"rendered":"Mentions l\u00e9gales"},"content":{"rendered":"<div id='av_section_1'  class='avia-section av-2pdom-4d54d6115f624e781df8c822ab0805b5 main_color avia-section-default avia-no-border-styling  avia-builder-el-0  avia-builder-el-no-sibling  avia-bg-style-scroll container_wrap fullsize'  ><div class='container av-section-cont-open' ><main  role=\"main\" itemprop=\"mainContentOfPage\"  class='template-page content  av-content-full alpha units'><div class='post-entry post-entry-type-page post-entry-12556'><div class='entry-content-wrapper clearfix'>\n<div  class='flex_column av-1yzzq-79b7dbdb201c3fba310c1bec065b8309 av_one_full  avia-builder-el-1  el_before_av_one_third  avia-builder-el-first  first av-break-at-tablet flex_column_div  '     ><div class=\"pxl-headline pxl-hl hl-wrap | hl-sub--off hl--align-left hl--no-margin   \">\n    <div class=\"hl-inner\">\n            <h1 class=\"hl-main hl-line |  hl_main--default  \">Mentions l\u00e9gales<\/h1>\n            <div class=\"overline lightgrey\">\n              \n              <span class=\"overline-slant\"><\/span>\n            <\/div>\n    <\/div>\n<\/div><\/div><div  class='flex_column av-1q3gu-de69cde9496513c1f988bc8698058253 av_one_third  avia-builder-el-3  el_after_av_one_full  el_before_av_two_third  first av-break-at-tablet flex_column_div  column-top-margin'     ><section  class='av_textblock_section av-kyllbexa-97fec898083ace43742066cbd8a872fc '   itemscope=\"itemscope\" itemtype=\"https:\/\/schema.org\/CreativeWork\" ><div class='avia_textblock'  itemprop=\"text\" ><p>Wilhelm Hundt GmbH<br \/>\nSchwabhausen 25<br \/>\n42349 Wuppertal<\/p>\n<p>Registre du commerce : HRB 9042<br \/>\nTribunal d&rsquo;enregistrement : Tribunal d&rsquo;instance de Wuppertal<\/p>\n<p><strong>Repr\u00e9sent\u00e9 par les directeurs :<\/strong><br \/>\nWilhelm Hundt, Silke Droste, Markus Larssen<\/p>\n<p><strong>Contact<\/strong><br \/>\nT\u00e9l\u00e9phone : <a href=\"tel:0202%20430448-0\">+49 202 430448-0<\/a><br \/>\nT\u00e9l\u00e9copieur : +49 202 430448-20<br \/>\nE-mail : <a href=\"mailto:info@hundt.de\">info@hundt.de<\/a><\/p>\n<p><strong>TVA<\/strong><br \/>\nNum\u00e9ro d&rsquo;identification de la taxe sur le chiffre d&rsquo;affaires :<br \/>\nDE184046058<\/p>\n<p><strong>Responsable du contenu<\/strong><br \/>\nWilhelm Hundt GmbH<br \/>\nSchwabhausen 25<br \/>\n42349 Wuppertal<\/p>\n<p><strong>Concept, design et programmation<\/strong><br \/>\nPixelProduction<br \/>\nAgence de services complets pour les moyennes entreprises<br \/>\n<a href=\"http:\/\/www.pixelproduction.de\" target=\"_blank\" rel=\"noopener\">www.pixelproduction.de<\/a><\/p>\n<\/div><\/section><\/div><div  class='flex_column av-2kpy-bc1d0561cbc1a871538ada7456750cce av_two_third  avia-builder-el-5  el_after_av_one_third  el_before_av_one_full  av-break-at-tablet flex_column_div  column-top-margin'     ><section  class='av_textblock_section av-kyllct0k-fb23679b936d5608d5b577dc0fcec8b4 '   itemscope=\"itemscope\" itemtype=\"https:\/\/schema.org\/CreativeWork\" ><div class='avia_textblock'  itemprop=\"text\" ><p><strong>Responsabilit\u00e9 pour les liens<\/strong><br \/>\nNotre offre contient des liens vers des sites Web externes de tiers, sur le contenu desquels nous n&rsquo;avons aucune influence. Nous ne pouvons donc pas nous porter garants de ces contenus externes. Le fournisseur ou l&rsquo;exploitant des pages li\u00e9es est toujours responsable du contenu de ces pages. Les pages li\u00e9es ont \u00e9t\u00e9 v\u00e9rifi\u00e9es au moment de la cr\u00e9ation du lien afin de s&rsquo;assurer qu&rsquo;elles n&rsquo;enfreignaient pas la loi. Aucun contenu ill\u00e9gal n&rsquo;a \u00e9t\u00e9 identifi\u00e9 au moment de la cr\u00e9ation des liens.    <\/p>\n<p>Un contr\u00f4le permanent du contenu des pages li\u00e9es n&rsquo;est cependant pas exigible sans indices concrets d&rsquo;une violation de la loi. Si nous prenons connaissance d&rsquo;une violation de la loi, nous supprimerons imm\u00e9diatement les liens en question. <\/p>\n<p><strong>Droit d&rsquo;auteur<\/strong><br \/>\nLes contenus et les \u0153uvres cr\u00e9\u00e9s par les exploitants des pages de ce site sont soumis au droit d&rsquo;auteur allemand. La reproduction, le traitement, la diffusion et toute forme d&rsquo;exploitation en dehors des limites du droit d&rsquo;auteur n\u00e9cessitent l&rsquo;accord \u00e9crit de l&rsquo;auteur ou du cr\u00e9ateur concern\u00e9. Les t\u00e9l\u00e9chargements et les copies de ce site ne sont autoris\u00e9s que pour un usage priv\u00e9 et non commercial.  <\/p>\n<p>Dans la mesure o\u00f9 les contenus de ce site n&rsquo;ont pas \u00e9t\u00e9 cr\u00e9\u00e9s par l&rsquo;exploitant, les droits d&rsquo;auteur de tiers sont respect\u00e9s. En particulier, les contenus de tiers sont identifi\u00e9s comme tels. Si vous constatez n\u00e9anmoins une violation des droits d&rsquo;auteur, nous vous prions de nous en informer. D\u00e8s que nous aurons connaissance d&rsquo;une violation de la loi, nous supprimerons imm\u00e9diatement le contenu en question.<\/p>\n<\/div><\/section><\/div><div  class='flex_column av-4td4om-c75621792286bc0907b0ba131e3eed67 av_one_full  avia-builder-el-7  el_after_av_two_third  el_before_av_one_full  first av-break-at-tablet flex_column_div  column-top-margin'     ><div class=\"pxl-headline pxl-hl hl-wrap | hl-sub--off hl--align-left hl--no-margin   \">\n    <div class=\"hl-inner\">\n            <h2 class=\"hl-main hl-line |  hl_main--default  \">Cr\u00e9dits photographiques<\/h2>\n            <div class=\"overline lightgrey\">\n              \n              <span class=\"overline-slant\"><\/span>\n            <\/div>\n    <\/div>\n<\/div><\/div><div  class='flex_column av-4sq422-3348fa49c2c5bdc61932a482b5b932e4 av_one_full  avia-builder-el-9  el_after_av_one_full  avia-builder-el-last  first flex_column_div  column-top-margin'     ><div class='avia-data-table-wrap av-4s7d4u-f0de9b79a1de0e23c0375469e71b4663 avia_responsive_table avia-table-1'><table  class='avia-table avia-data-table avia_pricing_minimal  avia-builder-el-10  avia-builder-el-no-sibling '  itemscope=\"itemscope\" itemtype=\"https:\/\/schema.org\/Table\" ><tbody><tr class='avia-heading-row'><th class=''>Page de pr\u00e9sentation<\/th><th class=''>Placement<\/th><th class=''>Motif<\/th><th class=''>Source<br \/>\n<\/th><th class=''>Num\u00e9ro de l&rsquo;image<br \/>\n<\/th><\/tr><tr class=''><td class=''>Page d&rsquo;accueil<br \/>\n<\/td><td class=''>T\u00eate<br \/>\n<\/td><td class=''>T\u00f4le perfor\u00e9e<\/td><td class=''>Adobe Stock<br \/>\n<\/td><td class=''>452926646<br \/>\n<\/td><\/tr><tr class=''><td class=''>Page d&rsquo;accueil<br \/>\n<\/td><td class=''>Machines + Service<br \/>\n<\/td><td class=''>T\u00f4le d&rsquo;acier<br \/>\n<\/td><td class=''>Adobe Stock<br \/>\n<\/td><td class=''>33337544<br \/>\n<\/td><\/tr><tr class=''><td class=''>Aper\u00e7u des machines<br \/>\n<\/td><td class=''>T\u00eate<br \/>\n<\/td><td class=''>T\u00f4le perfor\u00e9e<br \/>\n<\/td><td class=''>Adobe Stock<br \/>\n<\/td><td class=''>127055083<br \/>\n<\/td><\/tr><tr class=''><td class=''>Aper\u00e7u des machines<br \/>\n<\/td><td class=''>Machines d&rsquo;isolation<br \/>\n<\/td><td class=''>T\u00f4le d&rsquo;acier<br \/>\n<\/td><td class=''>Adobe Stock<br \/>\n<\/td><td class=''>33337544<br \/>\n<\/td><\/tr><tr class=''><td class=''>Machines \u00e0 moulurer\/\u00e0 border<br \/>\n<\/td><td class=''>T\u00eate<br \/>\n<\/td><td class=''>T\u00f4le perfor\u00e9e<br \/>\n<\/td><td class=''>Adobe Stock<br \/>\n<\/td><td class=''>127055083<br \/>\n<\/td><\/tr><tr class=''><td class=''>Machines \u00e0 moulurer\/\u00e0 border<br \/>\n<\/td><td class=''>Machines \u00e0 moulurer\/\u00e0 border<br \/>\n<\/td><td class=''>T\u00f4le d&rsquo;acier<br \/>\n<\/td><td class=''>Adobe Stock<br \/>\n<\/td><td class=''>33337544<br \/>\n<\/td><\/tr><tr class=''><td class=''>Cintreuses<br \/>\n<\/td><td class=''>T\u00eate<br \/>\n<\/td><td class=''>T\u00f4le perfor\u00e9e<br \/>\n<\/td><td class=''>Adobe Stock<br \/>\n<\/td><td class=''>127055083<br \/>\n<\/td><\/tr><tr class=''><td class=''>Cintreuses<br \/>\n<\/td><td class=''>Cintreuses<br \/>\n<\/td><td class=''>T\u00f4le d&rsquo;acier<br \/>\n<\/td><td class=''>Adobe Stock<br \/>\n<\/td><td class=''>33337544<br \/>\n<\/td><\/tr><tr class=''><td class=''>Ciseaux<br \/>\n<\/td><td class=''>T\u00eate<br \/>\n<\/td><td class=''>T\u00f4le perfor\u00e9e<br \/>\n<\/td><td class=''>Adobe Stock<br \/>\n<\/td><td class=''>127055083<br \/>\n<\/td><\/tr><tr class=''><td class=''>Ciseaux<br \/>\n<\/td><td class=''>Ciseaux<br \/>\n<\/td><td class=''>T\u00f4le d&rsquo;acier<br \/>\n<\/td><td class=''>Adobe Stock<br \/>\n<\/td><td class=''>33337544<br \/>\n<\/td><\/tr><tr class=''><td class=''>Machines \u00e0 cintrer<br \/>\n<\/td><td class=''>T\u00eate<br \/>\n<\/td><td class=''>T\u00f4le perfor\u00e9e<br \/>\n<\/td><td class=''>Adobe Stock<br \/>\n<\/td><td class=''>127055083<br \/>\n<\/td><\/tr><tr class=''><td class=''>Machines \u00e0 cintrer<br \/>\n<\/td><td class=''>Machines \u00e0 cintrer<br \/>\n<\/td><td class=''>T\u00f4le d&rsquo;acier<br \/>\n<\/td><td class=''>Adobe Stock<br \/>\n<\/td><td class=''>33337544<br \/>\n<\/td><\/tr><tr class=''><td class=''>Machines de poin\u00e7onnage et d&rsquo;encochage<br \/>\n<\/td><td class=''>T\u00eate<br \/>\n<\/td><td class=''>T\u00f4le perfor\u00e9e<br \/>\n<\/td><td class=''>Adobe Stock<br \/>\n<\/td><td class=''>127055083<br \/>\n<\/td><\/tr><tr class=''><td class=''>Machines de poin\u00e7onnage et d&rsquo;encochage<br \/>\n<\/td><td class=''>Machines de poin\u00e7onnage et d&rsquo;encochage<br \/>\n<\/td><td class=''>T\u00f4le d&rsquo;acier<br \/>\n<\/td><td class=''>Adobe Stock<br \/>\n<\/td><td class=''>33337544<br \/>\n<\/td><\/tr><tr class=''><td class=''>D\u00e9rouleurs<br \/>\n<\/td><td class=''>T\u00eate<br \/>\n<\/td><td class=''>T\u00f4le perfor\u00e9e<br \/>\n<\/td><td class=''>Adobe Stock<br \/>\n<\/td><td class=''>127055083<br \/>\n<\/td><\/tr><tr class=''><td class=''>D\u00e9rouleurs<br \/>\n<\/td><td class=''>D\u00e9rouleurs<br \/>\n<\/td><td class=''>T\u00f4le d&rsquo;acier<br \/>\n<\/td><td class=''>Adobe Stock<br \/>\n<\/td><td class=''>33337544<br \/>\n<\/td><\/tr><tr class=''><td class=''>Appareils de soudage<br \/>\n<\/td><td class=''>T\u00eate<br \/>\n<\/td><td class=''>T\u00f4le perfor\u00e9e<br \/>\n<\/td><td class=''>Adobe Stock<br \/>\n<\/td><td class=''>127055083<br \/>\n<\/td><\/tr><tr class=''><td class=''>Appareils de soudage<br \/>\n<\/td><td class=''>Appareils de soudage<br \/>\n<\/td><td class=''>T\u00f4le d&rsquo;acier<br \/>\n<\/td><td class=''>Adobe Stock<br \/>\n<\/td><td class=''>33337544<br \/>\n<\/td><\/tr><tr class=''><td class=''>Machines d&rsquo;occasion<br \/>\n<\/td><td class=''>T\u00eate<br \/>\n<\/td><td class=''>T\u00f4le perfor\u00e9e<br \/>\n<\/td><td class=''>Adobe Stock<br \/>\n<\/td><td class=''>127055083<br \/>\n<\/td><\/tr><tr class=''><td class=''>Machines d&rsquo;occasion<br \/>\n<\/td><td class=''>Machines d&rsquo;occasion<br \/>\n<\/td><td class=''>T\u00f4le d&rsquo;acier<br \/>\n<\/td><td class=''>Adobe Stock<br \/>\n<\/td><td class=''>33337544<br \/>\n<\/td><\/tr><tr class=''><td class=''>Machines de location<br \/>\n<\/td><td class=''>T\u00eate<br \/>\n<\/td><td class=''>T\u00f4le perfor\u00e9e<br \/>\n<\/td><td class=''>Adobe Stock<br \/>\n<\/td><td class=''>127055083<br \/>\n<\/td><\/tr><tr class=''><td class=''>Machines de location<br \/>\n<\/td><td class=''>Machines de location<br \/>\n<\/td><td class=''>T\u00f4le d&rsquo;acier<br \/>\n<\/td><td class=''>Adobe Stock<br \/>\n<\/td><td class=''>33337544<br \/>\n<\/td><\/tr><tr class=''><td class=''>Outils<br \/>\n<\/td><td class=''>T\u00eate<br \/>\n<\/td><td class=''>t\u00f4le pli\u00e9e<br \/>\n<\/td><td class=''>Adobe Stock<br \/>\n<\/td><td class=''>470925436<br \/>\n<\/td><\/tr><tr class=''><td class=''>Aper\u00e7u des besoins en isolation<br \/>\n<\/td><td class=''>T\u00eate<br \/>\n<\/td><td class=''>T\u00f4les d&rsquo;acier<br \/>\n<\/td><td class=''>Adobe Stock<br \/>\n<\/td><td class=''>198019364<br \/>\n<\/td><\/tr><tr class=''><td class=''>Aper\u00e7u des besoins en isolation<br \/>\n<\/td><td class=''>Rivets aveugles<br \/>\n<\/td><td class=''>Rivets<br \/>\n<\/td><td class=''>Adobe Stock<br \/>\n<\/td><td class=''>257825519<br \/>\n<\/td><\/tr><tr class=''><td class=''>Aper\u00e7u des besoins en isolation<br \/>\n<\/td><td class=''>Sangles de serrage<br \/>\n<\/td><td class=''>Sangles de serrage<br \/>\n<\/td><td class=''>Adobe Stock<br \/>\n<\/td><td class=''>135354999<br \/>\n<\/td><\/tr><tr class=''><td class=''>Vis \u00e0 m\u00e9taux<br \/>\n<\/td><td class=''>T\u00eate<br \/>\n<\/td><td class=''>T\u00f4les d&rsquo;acier<br \/>\n<\/td><td class=''>Adobe Stock<br \/>\n<\/td><td class=''>198019364<br \/>\n<\/td><\/tr><tr class=''><td class=''>Rivets aveugles<br \/>\n<\/td><td class=''>T\u00eate<br \/>\n<\/td><td class=''>T\u00f4les d&rsquo;acier<br \/>\n<\/td><td class=''>Adobe Stock<br \/>\n<\/td><td class=''>198019364<br \/>\n<\/td><\/tr><tr class=''><td class=''>Rivets aveugles<br \/>\n<\/td><td class=''>Rivets aveugles<br \/>\n<\/td><td class=''>Rivets<br \/>\n<\/td><td class=''>Adobe Stock<br \/>\n<\/td><td class=''>257825519<br \/>\n<\/td><\/tr><tr class=''><td class=''>Crochets, manchons, fermoirs<br \/>\n<\/td><td class=''>T\u00eate<br \/>\n<\/td><td class=''>T\u00f4les d&rsquo;acier<br \/>\n<\/td><td class=''>Adobe Stock<br \/>\n<\/td><td class=''>198019364<br \/>\n<\/td><\/tr><tr class=''><td class=''>Fermetures \u00e0 capuchon<br \/>\n<\/td><td class=''>T\u00eate<br \/>\n<\/td><td class=''>T\u00f4les d&rsquo;acier<br \/>\n<\/td><td class=''>Adobe Stock<br \/>\n<\/td><td class=''>198019364<br \/>\n<\/td><\/tr><tr class=''><td class=''>Sangles de serrage<br \/>\n<\/td><td class=''>T\u00eate<br \/>\n<\/td><td class=''>T\u00f4les d&rsquo;acier<br \/>\n<\/td><td class=''>Adobe Stock<br \/>\n<\/td><td class=''>198019364<br \/>\n<\/td><\/tr><tr class=''><td class=''>Sangles de serrage<br \/>\n<\/td><td class=''>Sangles de serrage<br \/>\n<\/td><td class=''>Sangles de serrage<br \/>\n<\/td><td class=''>Adobe Stock<br \/>\n<\/td><td class=''>135354999<br \/>\n<\/td><\/tr><tr class=''><td class=''>Fournitures d&rsquo;atelier<br \/>\n<\/td><td class=''>T\u00eate<br \/>\n<\/td><td class=''>Bande de t\u00f4le<br \/>\n<\/td><td class=''>Adobe Stock<br \/>\n<\/td><td class=''>256516437<br \/>\n<\/td><\/tr><tr class=''><td class=''>Produits TRUMPF<br \/>\n<\/td><td class=''>T\u00eate<br \/>\n<\/td><td class=''>Bords de t\u00f4le<br \/>\n<\/td><td class=''>Adobe Stock<br \/>\n<\/td><td class=''>167289987<br \/>\n<\/td><\/tr><tr class=''><td class=''>Service<br \/>\n<\/td><td class=''>T\u00eate<br \/>\n<\/td><td class=''>Portrait Homme<br \/>\n<\/td><td class=''>Adobe Stock<br \/>\n<\/td><td class=''>269092425<br \/>\n<\/td><\/tr><tr class=''><td class=''>Service<br \/>\n<\/td><td class=''>Services &#8211; Maintenance\/r\u00e9paration<br \/>\n<\/td><td class=''>Main<br \/>\n<\/td><td class=''>Adobe Stock<br \/>\n<\/td><td class=''>29474853<br \/>\n<\/td><\/tr><tr class=''><td class=''>Service<br \/>\n<\/td><td class=''>Services &#8211; Pi\u00e8ces de rechange<br \/>\n<\/td><td class=''>\u00c9tag\u00e8re Entrep\u00f4t<br \/>\n<\/td><td class=''>Adobe Stock<br \/>\n<\/td><td class=''>176145628<br \/>\n<\/td><\/tr><tr class=''><td class=''>Service<br \/>\n<\/td><td class=''>Services &#8211; Accessoires<br \/>\n<\/td><td class=''>Pi\u00e8ces m\u00e9talliques<br \/>\n<\/td><td class=''>Adobe Stock<br \/>\n<\/td><td class=''>112309031<br \/>\n<\/td><\/tr><tr class=''><td class=''>\u00c9quipe<br \/>\n<\/td><td class=''>T\u00eate<br \/>\n<\/td><td class=''>T\u00f4le perfor\u00e9e<br \/>\n<\/td><td class=''>Adobe Stock<br \/>\n<\/td><td class=''>366770915<br \/>\n<\/td><\/tr><tr class=''><td class=''>\u00c9quipe<br \/>\n<\/td><td class=''>T\u00eate<br \/>\n<\/td><td class=''>Deux hommes<br \/>\n<\/td><td class=''>Adobe Stock<br \/>\n<\/td><td class=''>331579794<br \/>\n<\/td><\/tr><tr class=''><td class=''>Actualit\u00e9s<br \/>\n<\/td><td class=''>T\u00eate<br \/>\n<\/td><td class=''>T\u00f4le perfor\u00e9e<br \/>\n<\/td><td class=''>Adobe Stock<br \/>\n<\/td><td class=''>366770915<br \/>\n<\/td><\/tr><tr class=''><td class=''>Actualit\u00e9s<br \/>\n<\/td><td class=''>T\u00eate<br \/>\n<\/td><td class=''>Hashtag<br \/>\n<\/td><td class=''>Adobe Stock<br \/>\n<\/td><td class=''>251127556<br \/>\n<\/td><\/tr><tr class=''><td class=''>Carri\u00e8re<br \/>\n<\/td><td class=''>T\u00eate<br \/>\n<\/td><td class=''>Deux hommes<br \/>\n<\/td><td class=''>Adobe Stock<br \/>\n<\/td><td class=''>331579794<br \/>\n<\/td><\/tr><tr class=''><td class=''>Carri\u00e8re<br \/>\n<\/td><td class=''>Avantages<br \/>\n<\/td><td class=''>T\u00f4le d&rsquo;acier<br \/>\n<\/td><td class=''>Adobe Stock<br \/>\n<\/td><td class=''>33337544<br \/>\n<\/td><\/tr><tr class=''><td class=''>Centre multim\u00e9dia<br \/>\n<\/td><td class=''>T\u00eate<br \/>\n<\/td><td class=''>t\u00f4les pli\u00e9es<br \/>\n<\/td><td class=''>Adobe Stock<br \/>\n<\/td><td class=''>293173747<br \/>\n<\/td><\/tr><tr class=''><td class=''>Centre multim\u00e9dia<br \/>\n<\/td><td class=''>T\u00eate<br \/>\n<\/td><td class=''>Livre<br \/>\n<\/td><td class=''>Adobe Stock<br \/>\n<\/td><td class=''>317613837<br \/>\n<\/td><\/tr><\/tbody><\/table><\/div><style type='text\/css'>.avia-table-1 td:nth-of-type(1):before { content: 'Page de pr\u00e9sentation'; } .avia-table-1 td:nth-of-type(2):before { content: 'Placement'; } .avia-table-1 td:nth-of-type(3):before { content: 'Motif'; } .avia-table-1 td:nth-of-type(4):before { content: 'Source\n'; } .avia-table-1 td:nth-of-type(5):before { content: 'Num\u00e9ro de l\u2019image\n'; } <\/style><\/div>\n","protected":false},"excerpt":{"rendered":"","protected":false},"author":1,"featured_media":0,"parent":0,"menu_order":13,"comment_status":"closed","ping_status":"closed","template":"","meta":{"_acf_changed":false,"inline_featured_image":false,"footnotes":""},"class_list":["post-12556","page","type-page","status-publish","hentry"],"acf":[],"yoast_head":"<!-- This site is optimized with the Yoast SEO plugin v27.3 - https:\/\/yoast.com\/product\/yoast-seo-wordpress\/ -->\n<title>Mentions l\u00e9gales | Wilhelm Hundt GmbH<\/title>\n<meta name=\"description\" content=\"Wilhelm Hundt GmbH : Mentions l\u00e9gales\" \/>\n<meta name=\"robots\" content=\"index, follow, max-snippet:-1, max-image-preview:large, max-video-preview:-1\" \/>\n<link rel=\"canonical\" href=\"https:\/\/hundtgroup.com\/fr\/mentions-legales\/\" \/>\n<meta property=\"og:locale\" content=\"fr_FR\" \/>\n<meta property=\"og:type\" content=\"article\" \/>\n<meta property=\"og:title\" content=\"Mentions l\u00e9gales | Wilhelm Hundt GmbH\" \/>\n<meta property=\"og:description\" content=\"Wilhelm Hundt GmbH : Mentions l\u00e9gales\" \/>\n<meta property=\"og:url\" content=\"https:\/\/hundtgroup.com\/fr\/mentions-legales\/\" \/>\n<meta property=\"og:site_name\" content=\"Wilhelm Hundt GmbH\" \/>\n<meta property=\"article:modified_time\" content=\"2026-03-09T10:44:56+00:00\" \/>\n<meta name=\"twitter:card\" content=\"summary_large_image\" \/>\n<meta name=\"twitter:label1\" content=\"Dur\u00e9e de lecture estim\u00e9e\" \/>\n\t<meta name=\"twitter:data1\" content=\"5 minutes\" \/>\n<script type=\"application\/ld+json\" class=\"yoast-schema-graph\">{\"@context\":\"https:\\\/\\\/schema.org\",\"@graph\":[{\"@type\":\"WebPage\",\"@id\":\"https:\\\/\\\/hundtgroup.com\\\/fr\\\/mentions-legales\\\/\",\"url\":\"https:\\\/\\\/hundtgroup.com\\\/fr\\\/mentions-legales\\\/\",\"name\":\"Mentions l\u00e9gales | Wilhelm Hundt GmbH\",\"isPartOf\":{\"@id\":\"https:\\\/\\\/hundtgroup.com\\\/fr\\\/#website\"},\"datePublished\":\"2022-01-12T12:24:49+00:00\",\"dateModified\":\"2026-03-09T10:44:56+00:00\",\"description\":\"Wilhelm Hundt GmbH : Mentions l\u00e9gales\",\"breadcrumb\":{\"@id\":\"https:\\\/\\\/hundtgroup.com\\\/fr\\\/mentions-legales\\\/#breadcrumb\"},\"inLanguage\":\"fr-FR\",\"potentialAction\":[{\"@type\":\"ReadAction\",\"target\":[\"https:\\\/\\\/hundtgroup.com\\\/fr\\\/mentions-legales\\\/\"]}]},{\"@type\":\"BreadcrumbList\",\"@id\":\"https:\\\/\\\/hundtgroup.com\\\/fr\\\/mentions-legales\\\/#breadcrumb\",\"itemListElement\":[{\"@type\":\"ListItem\",\"position\":1,\"name\":\"Startseite\",\"item\":\"https:\\\/\\\/hundtgroup.com\\\/fr\\\/accueil-nouveau\\\/\"},{\"@type\":\"ListItem\",\"position\":2,\"name\":\"Mentions l\u00e9gales\"}]},{\"@type\":\"WebSite\",\"@id\":\"https:\\\/\\\/hundtgroup.com\\\/fr\\\/#website\",\"url\":\"https:\\\/\\\/hundtgroup.com\\\/fr\\\/\",\"name\":\"Wilhelm Hundt GmbH\",\"description\":\"Votre sp\u00e9cialiste en machines et outils pour le travail de la t\u00f4le\",\"potentialAction\":[{\"@type\":\"SearchAction\",\"target\":{\"@type\":\"EntryPoint\",\"urlTemplate\":\"https:\\\/\\\/hundtgroup.com\\\/fr\\\/?s={search_term_string}\"},\"query-input\":{\"@type\":\"PropertyValueSpecification\",\"valueRequired\":true,\"valueName\":\"search_term_string\"}}],\"inLanguage\":\"fr-FR\"}]}<\/script>\n<!-- \/ Yoast SEO plugin. -->","yoast_head_json":{"title":"Mentions l\u00e9gales | Wilhelm Hundt GmbH","description":"Wilhelm Hundt GmbH : Mentions l\u00e9gales","robots":{"index":"index","follow":"follow","max-snippet":"max-snippet:-1","max-image-preview":"max-image-preview:large","max-video-preview":"max-video-preview:-1"},"canonical":"https:\/\/hundtgroup.com\/fr\/mentions-legales\/","og_locale":"fr_FR","og_type":"article","og_title":"Mentions l\u00e9gales | Wilhelm Hundt GmbH","og_description":"Wilhelm Hundt GmbH : Mentions l\u00e9gales","og_url":"https:\/\/hundtgroup.com\/fr\/mentions-legales\/","og_site_name":"Wilhelm Hundt GmbH","article_modified_time":"2026-03-09T10:44:56+00:00","twitter_card":"summary_large_image","twitter_misc":{"Dur\u00e9e de lecture estim\u00e9e":"5 minutes"},"schema":{"@context":"https:\/\/schema.org","@graph":[{"@type":"WebPage","@id":"https:\/\/hundtgroup.com\/fr\/mentions-legales\/","url":"https:\/\/hundtgroup.com\/fr\/mentions-legales\/","name":"Mentions l\u00e9gales | Wilhelm Hundt GmbH","isPartOf":{"@id":"https:\/\/hundtgroup.com\/fr\/#website"},"datePublished":"2022-01-12T12:24:49+00:00","dateModified":"2026-03-09T10:44:56+00:00","description":"Wilhelm Hundt GmbH : Mentions l\u00e9gales","breadcrumb":{"@id":"https:\/\/hundtgroup.com\/fr\/mentions-legales\/#breadcrumb"},"inLanguage":"fr-FR","potentialAction":[{"@type":"ReadAction","target":["https:\/\/hundtgroup.com\/fr\/mentions-legales\/"]}]},{"@type":"BreadcrumbList","@id":"https:\/\/hundtgroup.com\/fr\/mentions-legales\/#breadcrumb","itemListElement":[{"@type":"ListItem","position":1,"name":"Startseite","item":"https:\/\/hundtgroup.com\/fr\/accueil-nouveau\/"},{"@type":"ListItem","position":2,"name":"Mentions l\u00e9gales"}]},{"@type":"WebSite","@id":"https:\/\/hundtgroup.com\/fr\/#website","url":"https:\/\/hundtgroup.com\/fr\/","name":"Wilhelm Hundt GmbH","description":"Votre sp\u00e9cialiste en machines et outils pour le travail de la t\u00f4le","potentialAction":[{"@type":"SearchAction","target":{"@type":"EntryPoint","urlTemplate":"https:\/\/hundtgroup.com\/fr\/?s={search_term_string}"},"query-input":{"@type":"PropertyValueSpecification","valueRequired":true,"valueName":"search_term_string"}}],"inLanguage":"fr-FR"}]}},"_links":{"self":[{"href":"https:\/\/hundtgroup.com\/fr\/wp-json\/wp\/v2\/pages\/12556","targetHints":{"allow":["GET"]}}],"collection":[{"href":"https:\/\/hundtgroup.com\/fr\/wp-json\/wp\/v2\/pages"}],"about":[{"href":"https:\/\/hundtgroup.com\/fr\/wp-json\/wp\/v2\/types\/page"}],"author":[{"embeddable":true,"href":"https:\/\/hundtgroup.com\/fr\/wp-json\/wp\/v2\/users\/1"}],"replies":[{"embeddable":true,"href":"https:\/\/hundtgroup.com\/fr\/wp-json\/wp\/v2\/comments?post=12556"}],"version-history":[{"count":6,"href":"https:\/\/hundtgroup.com\/fr\/wp-json\/wp\/v2\/pages\/12556\/revisions"}],"predecessor-version":[{"id":41769,"href":"https:\/\/hundtgroup.com\/fr\/wp-json\/wp\/v2\/pages\/12556\/revisions\/41769"}],"wp:attachment":[{"href":"https:\/\/hundtgroup.com\/fr\/wp-json\/wp\/v2\/media?parent=12556"}],"curies":[{"name":"wp","href":"https:\/\/api.w.org\/{rel}","templated":true}]}}