{"id":12601,"date":"2022-01-17T12:35:55","date_gmt":"2022-01-17T11:35:55","guid":{"rendered":"https:\/\/hundtgroup.com\/actualites\/"},"modified":"2025-06-26T12:07:32","modified_gmt":"2025-06-26T10:07:32","slug":"actualites","status":"publish","type":"page","link":"https:\/\/hundtgroup.com\/fr\/a-propos-de-nous\/actualites\/","title":{"rendered":"Actualit\u00e9s"},"content":{"rendered":"<div id='av_section_1'  class='avia-section av-w3cqe-b8813b6e276617b10dc2bd6f2aa78910 main_color avia-section-default avia-no-border-styling  avia-builder-el-0  avia-builder-el-no-sibling  avia-bg-style-scroll container_wrap fullsize'  ><div class='container av-section-cont-open' ><main  role=\"main\" itemprop=\"mainContentOfPage\"  class='template-page content  av-content-full alpha units'><div class='post-entry post-entry-type-page post-entry-12601'><div class='entry-content-wrapper clearfix'>\n<div  class='flex_column av-rbkbi-7e7f61bf6e056f3fecf051da6a9f83c2 av_one_full  avia-builder-el-1  el_before_av_one_full  avia-builder-el-first  max-width-three-fourth first flex_column_div  '     ><p><div class=\"pxl-headline pxl-hl hl-wrap | hl-sub--top hl--align-left hl--big-margin   \">\n    <div class=\"hl-inner\">\n            <h2 class=\"hl-main hl-line |  hl_main--default  \">Participation \u00e0 des salons <span>et autres<\/span><\/h2>\n            <div class=\"overline lightgrey\">\n              <span class=\"hl-sub hl-line |  hl_sub--default  \">Toujours \u00e0 jour<\/span>\n              <span class=\"overline-slant\"><\/span>\n            <\/div>\n    <\/div>\n<\/div>\n<br \/>\n<section  class='av_textblock_section av-2dgj2-2ce0c3b6b2c2ca8a0415c3eb093e9428 '   itemscope=\"itemscope\" itemtype=\"https:\/\/schema.org\/CreativeWork\" ><div class='avia_textblock'  itemprop=\"text\" ><p>De nouveaux produits et services passionnants ou encore la participation \u00e0 un salon &#8211; c&rsquo;est ici que vous serez le premier \u00e0 d\u00e9couvrir les nouveaut\u00e9s de notre entreprise.<\/p>\n<\/div><\/section><\/p><\/div><div  class='flex_column av-6v9di-f872889fee90b6fd1d5ccc9f86a2f7fb av_one_full  avia-builder-el-4  el_after_av_one_full  avia-builder-el-last  first flex_column_div  column-top-margin'     ><div   data-autoplay=''  data-interval='5'  data-animation='fade'  data-show_slide_delay='90'  class='avia-content-slider avia-content-slider-post avia-content-grid-active avia-content-slider1 avia-content-slider-odd  avia-builder-el-5  avia-builder-el-no-sibling  fairs '  itemscope=\"itemscope\" itemtype=\"https:\/\/schema.org\/Blog\" ><div class='avia-content-slider-inner  '><article class='slide-entry flex_column   post-entry post-entry-13562 slide-entry-overview slide-loop-1 slide-parity-odd  post-entry-last   av_one_third first real-thumbnail post-format-standard'  itemscope=\"itemscope\" itemtype=\"https:\/\/schema.org\/CreativeWork\" ><a href='https:\/\/hundtgroup.com\/fr\/ti-expo-conference-2022\/' data-rel='slide-1' class='slide-image' title='TI-Expo + Conference 2022'><img decoding=\"async\" fetchpriority=\"high\" width=\"680\" height=\"424\" src=\"https:\/\/hundtgroup.com\/wp-content\/uploads\/hundt_aktuelles_ti-expo-2022.jpg\" class=\"wp-image-13533 avia-img-lazy-loading-not-13533 attachment-no scaling size-no scaling wp-post-image\" alt=\"\" srcset=\"https:\/\/hundtgroup.com\/wp-content\/uploads\/hundt_aktuelles_ti-expo-2022.jpg 680w, https:\/\/hundtgroup.com\/wp-content\/uploads\/hundt_aktuelles_ti-expo-2022-570x355.jpg 570w, https:\/\/hundtgroup.com\/wp-content\/uploads\/hundt_aktuelles_ti-expo-2022-300x187.jpg 300w, https:\/\/hundtgroup.com\/wp-content\/uploads\/hundt_aktuelles_ti-expo-2022-450x281.jpg 450w, https:\/\/hundtgroup.com\/wp-content\/uploads\/hundt_aktuelles_ti-expo-2022-620x387.jpg 620w\" sizes=\"(max-width: 680px) 100vw, 680px\" \/><\/a><div class='slide-content'><div class='slide-meta'><time class='slide-meta-time updated'  itemprop=\"datePublished\" datetime=\"2022-05-25T10:00:34+02:00\" >25 mai 2022<\/time><\/div><header class=\"entry-content-header\"><h3 class='slide-entry-title entry-title '  itemprop=\"headline\" ><a href='https:\/\/hundtgroup.com\/fr\/ti-expo-conference-2022\/' title='TI-Expo + Conference 2022'>TI-Expo + Conference 2022<\/a><\/h3><span class=\"av-vertical-delimiter\"><\/span><\/header><div class='slide-entry-excerpt entry-content'  itemprop=\"text\" >4. + 5 mai<br>\u00e0 Essen<div class=\"read-more-link\"><a href=\"https:\/\/hundtgroup.com\/fr\/ti-expo-conference-2022\/\" class=\"more-link\">En savoir plus<span class=\"more-link-arrow\"><\/span><\/a><\/div><\/div><\/div><footer class=\"entry-footer\"><\/footer><span class='hidden'>\n\t\t\t\t<span class='av-structured-data'  itemprop=\"image\" itemscope=\"itemscope\" itemtype=\"https:\/\/schema.org\/ImageObject\" >\n\t\t\t\t\t\t<span itemprop='url'>https:\/\/hundtgroup.com\/wp-content\/uploads\/hundt_aktuelles_ti-expo-2022.jpg<\/span>\n\t\t\t\t\t\t<span itemprop='height'>424<\/span>\n\t\t\t\t\t\t<span itemprop='width'>680<\/span>\n\t\t\t\t<\/span>\n\t\t\t\t<span class='av-structured-data'  itemprop=\"publisher\" itemtype=\"https:\/\/schema.org\/Organization\" itemscope=\"itemscope\" >\n\t\t\t\t\t\t<span itemprop='name'>pixel-admin<\/span>\n\t\t\t\t\t\t<span itemprop='logo' itemscope itemtype='https:\/\/schema.org\/ImageObject'>\n\t\t\t\t\t\t\t<span itemprop='url'>https:\/\/hundtgroup.com\/wp-content\/uploads\/hundt_logo.svg<\/span>\n\t\t\t\t\t\t<\/span>\n\t\t\t\t<\/span><span class='av-structured-data'  itemprop=\"author\" itemscope=\"itemscope\" itemtype=\"https:\/\/schema.org\/Person\" ><span itemprop='name'>pixel-admin<\/span><\/span><span class='av-structured-data'  itemprop=\"datePublished\" datetime=\"2022-01-17T12:35:55+01:00\" >2022-05-25 10:00:34<\/span><span class='av-structured-data'  itemprop=\"dateModified\" itemtype=\"https:\/\/schema.org\/dateModified\" >2025-07-29 10:02:12<\/span><span class='av-structured-data'  itemprop=\"mainEntityOfPage\" itemtype=\"https:\/\/schema.org\/mainEntityOfPage\" ><span itemprop='name'>TI-Expo + Conference 2022<\/span><\/span><\/span><\/article><\/div><\/div><\/div>\n\n","protected":false},"excerpt":{"rendered":"","protected":false},"author":1,"featured_media":0,"parent":12993,"menu_order":1,"comment_status":"closed","ping_status":"closed","template":"","meta":{"_acf_changed":false,"inline_featured_image":false,"footnotes":""},"class_list":["post-12601","page","type-page","status-publish","hentry"],"acf":[],"yoast_head":"<!-- This site is optimized with the Yoast SEO plugin v27.3 - https:\/\/yoast.com\/product\/yoast-seo-wordpress\/ -->\n<title>Actualit\u00e9s | Hundt Group<\/title>\n<meta name=\"description\" content=\"Les derni\u00e8res nouvelles et \u00e9v\u00e9nements du Groupe Hundt. D\u00e9couvrez maintenant nos derniers projets et d\u00e9veloppements !\" \/>\n<meta name=\"robots\" content=\"index, follow, max-snippet:-1, max-image-preview:large, max-video-preview:-1\" \/>\n<link rel=\"canonical\" href=\"https:\/\/hundtgroup.com\/fr\/a-propos-de-nous\/actualites\/\" \/>\n<meta property=\"og:locale\" content=\"fr_FR\" \/>\n<meta property=\"og:type\" content=\"article\" \/>\n<meta property=\"og:title\" content=\"Actualit\u00e9s | Hundt Group\" \/>\n<meta property=\"og:description\" content=\"Les derni\u00e8res nouvelles et \u00e9v\u00e9nements du Groupe Hundt. D\u00e9couvrez maintenant nos derniers projets et d\u00e9veloppements !\" \/>\n<meta property=\"og:url\" content=\"https:\/\/hundtgroup.com\/fr\/a-propos-de-nous\/actualites\/\" \/>\n<meta property=\"og:site_name\" content=\"Wilhelm Hundt GmbH\" \/>\n<meta property=\"article:modified_time\" content=\"2025-06-26T10:07:32+00:00\" \/>\n<meta name=\"twitter:card\" content=\"summary_large_image\" \/>\n<meta name=\"twitter:label1\" content=\"Dur\u00e9e de lecture estim\u00e9e\" \/>\n\t<meta name=\"twitter:data1\" content=\"5 minutes\" \/>\n<script type=\"application\/ld+json\" class=\"yoast-schema-graph\">{\"@context\":\"https:\\\/\\\/schema.org\",\"@graph\":[{\"@type\":\"WebPage\",\"@id\":\"https:\\\/\\\/hundtgroup.com\\\/fr\\\/a-propos-de-nous\\\/actualites\\\/\",\"url\":\"https:\\\/\\\/hundtgroup.com\\\/fr\\\/a-propos-de-nous\\\/actualites\\\/\",\"name\":\"Actualit\u00e9s | Hundt Group\",\"isPartOf\":{\"@id\":\"https:\\\/\\\/hundtgroup.com\\\/fr\\\/#website\"},\"datePublished\":\"2022-01-17T11:35:55+00:00\",\"dateModified\":\"2025-06-26T10:07:32+00:00\",\"description\":\"Les derni\u00e8res nouvelles et \u00e9v\u00e9nements du Groupe Hundt. D\u00e9couvrez maintenant nos derniers projets et d\u00e9veloppements !\",\"breadcrumb\":{\"@id\":\"https:\\\/\\\/hundtgroup.com\\\/fr\\\/a-propos-de-nous\\\/actualites\\\/#breadcrumb\"},\"inLanguage\":\"fr-FR\",\"potentialAction\":[{\"@type\":\"ReadAction\",\"target\":[\"https:\\\/\\\/hundtgroup.com\\\/fr\\\/a-propos-de-nous\\\/actualites\\\/\"]}]},{\"@type\":\"BreadcrumbList\",\"@id\":\"https:\\\/\\\/hundtgroup.com\\\/fr\\\/a-propos-de-nous\\\/actualites\\\/#breadcrumb\",\"itemListElement\":[{\"@type\":\"ListItem\",\"position\":1,\"name\":\"Startseite\",\"item\":\"https:\\\/\\\/hundtgroup.com\\\/fr\\\/accueil-nouveau\\\/\"},{\"@type\":\"ListItem\",\"position\":2,\"name\":\"\u00c0 propos de nous\",\"item\":\"https:\\\/\\\/hundtgroup.com\\\/fr\\\/a-propos-de-nous\\\/\"},{\"@type\":\"ListItem\",\"position\":3,\"name\":\"Actualit\u00e9s\"}]},{\"@type\":\"WebSite\",\"@id\":\"https:\\\/\\\/hundtgroup.com\\\/fr\\\/#website\",\"url\":\"https:\\\/\\\/hundtgroup.com\\\/fr\\\/\",\"name\":\"Wilhelm Hundt GmbH\",\"description\":\"Votre sp\u00e9cialiste en machines et outils pour le travail de la t\u00f4le\",\"potentialAction\":[{\"@type\":\"SearchAction\",\"target\":{\"@type\":\"EntryPoint\",\"urlTemplate\":\"https:\\\/\\\/hundtgroup.com\\\/fr\\\/?s={search_term_string}\"},\"query-input\":{\"@type\":\"PropertyValueSpecification\",\"valueRequired\":true,\"valueName\":\"search_term_string\"}}],\"inLanguage\":\"fr-FR\"}]}<\/script>\n<!-- \/ Yoast SEO plugin. -->","yoast_head_json":{"title":"Actualit\u00e9s | Hundt Group","description":"Les derni\u00e8res nouvelles et \u00e9v\u00e9nements du Groupe Hundt. D\u00e9couvrez maintenant nos derniers projets et d\u00e9veloppements !","robots":{"index":"index","follow":"follow","max-snippet":"max-snippet:-1","max-image-preview":"max-image-preview:large","max-video-preview":"max-video-preview:-1"},"canonical":"https:\/\/hundtgroup.com\/fr\/a-propos-de-nous\/actualites\/","og_locale":"fr_FR","og_type":"article","og_title":"Actualit\u00e9s | Hundt Group","og_description":"Les derni\u00e8res nouvelles et \u00e9v\u00e9nements du Groupe Hundt. D\u00e9couvrez maintenant nos derniers projets et d\u00e9veloppements !","og_url":"https:\/\/hundtgroup.com\/fr\/a-propos-de-nous\/actualites\/","og_site_name":"Wilhelm Hundt GmbH","article_modified_time":"2025-06-26T10:07:32+00:00","twitter_card":"summary_large_image","twitter_misc":{"Dur\u00e9e de lecture estim\u00e9e":"5 minutes"},"schema":{"@context":"https:\/\/schema.org","@graph":[{"@type":"WebPage","@id":"https:\/\/hundtgroup.com\/fr\/a-propos-de-nous\/actualites\/","url":"https:\/\/hundtgroup.com\/fr\/a-propos-de-nous\/actualites\/","name":"Actualit\u00e9s | Hundt Group","isPartOf":{"@id":"https:\/\/hundtgroup.com\/fr\/#website"},"datePublished":"2022-01-17T11:35:55+00:00","dateModified":"2025-06-26T10:07:32+00:00","description":"Les derni\u00e8res nouvelles et \u00e9v\u00e9nements du Groupe Hundt. D\u00e9couvrez maintenant nos derniers projets et d\u00e9veloppements !","breadcrumb":{"@id":"https:\/\/hundtgroup.com\/fr\/a-propos-de-nous\/actualites\/#breadcrumb"},"inLanguage":"fr-FR","potentialAction":[{"@type":"ReadAction","target":["https:\/\/hundtgroup.com\/fr\/a-propos-de-nous\/actualites\/"]}]},{"@type":"BreadcrumbList","@id":"https:\/\/hundtgroup.com\/fr\/a-propos-de-nous\/actualites\/#breadcrumb","itemListElement":[{"@type":"ListItem","position":1,"name":"Startseite","item":"https:\/\/hundtgroup.com\/fr\/accueil-nouveau\/"},{"@type":"ListItem","position":2,"name":"\u00c0 propos de nous","item":"https:\/\/hundtgroup.com\/fr\/a-propos-de-nous\/"},{"@type":"ListItem","position":3,"name":"Actualit\u00e9s"}]},{"@type":"WebSite","@id":"https:\/\/hundtgroup.com\/fr\/#website","url":"https:\/\/hundtgroup.com\/fr\/","name":"Wilhelm Hundt GmbH","description":"Votre sp\u00e9cialiste en machines et outils pour le travail de la t\u00f4le","potentialAction":[{"@type":"SearchAction","target":{"@type":"EntryPoint","urlTemplate":"https:\/\/hundtgroup.com\/fr\/?s={search_term_string}"},"query-input":{"@type":"PropertyValueSpecification","valueRequired":true,"valueName":"search_term_string"}}],"inLanguage":"fr-FR"}]}},"_links":{"self":[{"href":"https:\/\/hundtgroup.com\/fr\/wp-json\/wp\/v2\/pages\/12601","targetHints":{"allow":["GET"]}}],"collection":[{"href":"https:\/\/hundtgroup.com\/fr\/wp-json\/wp\/v2\/pages"}],"about":[{"href":"https:\/\/hundtgroup.com\/fr\/wp-json\/wp\/v2\/types\/page"}],"author":[{"embeddable":true,"href":"https:\/\/hundtgroup.com\/fr\/wp-json\/wp\/v2\/users\/1"}],"replies":[{"embeddable":true,"href":"https:\/\/hundtgroup.com\/fr\/wp-json\/wp\/v2\/comments?post=12601"}],"version-history":[{"count":0,"href":"https:\/\/hundtgroup.com\/fr\/wp-json\/wp\/v2\/pages\/12601\/revisions"}],"up":[{"embeddable":true,"href":"https:\/\/hundtgroup.com\/fr\/wp-json\/wp\/v2\/pages\/12993"}],"wp:attachment":[{"href":"https:\/\/hundtgroup.com\/fr\/wp-json\/wp\/v2\/media?parent=12601"}],"curies":[{"name":"wp","href":"https:\/\/api.w.org\/{rel}","templated":true}]}}