{"id":12616,"date":"2022-01-17T15:13:39","date_gmt":"2022-01-17T14:13:39","guid":{"rendered":"https:\/\/hundtgroup.com\/carriere\/"},"modified":"2025-06-26T12:07:32","modified_gmt":"2025-06-26T10:07:32","slug":"carriere","status":"publish","type":"page","link":"https:\/\/hundtgroup.com\/fr\/a-propos-de-nous\/carriere\/","title":{"rendered":"Carri\u00e8re"},"content":{"rendered":"<div id='av_section_1'  class='avia-section av-7k2xh-ff5a1b8c55739fe29c49a5b988ca468b main_color avia-section-default avia-no-border-styling  avia-builder-el-0  el_before_av_section  avia-builder-el-first  section-no-padding-bottom avia-bg-style-scroll container_wrap fullsize'  ><div class='container av-section-cont-open' ><main  role=\"main\" itemprop=\"mainContentOfPage\"  class='template-page content  av-content-full alpha units'><div class='post-entry post-entry-type-page post-entry-12616'><div class='entry-content-wrapper clearfix'>\n<div  class='flex_column av-kyirpm96-a90b33f083ca7e815b92472bd1d3d5f8 av_one_full  avia-builder-el-1  avia-builder-el-no-sibling  max-width-three-fourth first flex_column_div  '     ><section  class='av_textblock_section av-kyirp8mp-5026a82b04e8424b85b9f1f86d7c14af '   itemscope=\"itemscope\" itemtype=\"https:\/\/schema.org\/CreativeWork\" ><div class='avia_textblock'  itemprop=\"text\" ><p>Depuis 50 ans, nous sommes solidement \u00e9tablis sur le march\u00e9 en tant que sp\u00e9cialistes de l&rsquo;usinage de la t\u00f4le et de l&rsquo;outillage &#8211; devenez membre de cette histoire \u00e0 succ\u00e8s ! En tant qu&rsquo;entreprise dynamique en pleine croissance, nous sommes toujours \u00e0 la recherche de nouveaux collaborateurs motiv\u00e9s. Nous vous proposons des t\u00e2ches passionnantes et vari\u00e9es, une r\u00e9mun\u00e9ration \u00e9quitable et une ambiance de travail agr\u00e9able au sein d&rsquo;une entreprise familiale dirig\u00e9e par son propri\u00e9taire.<\/p>\n<\/div><\/section><\/div>\n\n<\/div><\/div><\/main><!-- close content main element --><\/div><\/div><div id='av_section_2'  class='avia-section av-esv1p-3ee1199b615e894f539766df8c524f84 main_color avia-section-default avia-no-border-styling  avia-builder-el-3  el_after_av_section  el_before_av_section  avia-bg-style-scroll container_wrap fullsize'  ><div class='container av-section-cont-open' ><div class='template-page content  av-content-full alpha units'><div class='post-entry post-entry-type-page post-entry-12616'><div class='entry-content-wrapper clearfix'>\n<div  class='flex_column av-kyisucmu-9885f5334ed90f6c7faafba57b7ddae2 av_one_full  avia-builder-el-4  el_before_av_one_full  avia-builder-el-first  max-width-four-fifth first flex_column_div  '     ><p><div class=\"pxl-headline pxl-hl hl-wrap | hl-sub--top hl--align-left hl--large-margin   \">\n    <div class=\"hl-inner\">\n            <h2 class=\"hl-main hl-line |  hl_main--default  \">Nos <span>offres d\u2019emploi<\/span> actuelles<\/h2>\n            <div class=\"overline lightgrey\">\n              <span class=\"hl-sub hl-line |  hl_sub--default  \">Postulez d\u00e8s maintenant<\/span>\n              <span class=\"overline-slant\"><\/span>\n            <\/div>\n    <\/div>\n<\/div>\n<br \/>\n<section  class='av_textblock_section av-6mqb9-f433746f831ff1f8533e557d10332d3b '   itemscope=\"itemscope\" itemtype=\"https:\/\/schema.org\/CreativeWork\" ><div class='avia_textblock'  itemprop=\"text\" ><p>Vous trouverez ici un aper\u00e7u de nos postes vacants. Nous attendons avec impatience votre candidature pertinente ! Vous n&rsquo;avez pas trouv\u00e9 ce que vous cherchiez ? N&rsquo;h\u00e9sitez pas \u00e0 revenir, nous mettons r\u00e9guli\u00e8rement cette section \u00e0 jour.<\/p>\n<\/div><\/section><\/p><\/div><div  class='flex_column av-feq31-5f5be21c17ea82a4698c3c611d9055e7 av_one_full  avia-builder-el-7  el_after_av_one_full  avia-builder-el-last  first flex_column_div  column-top-margin'     ><div class=\"grid grid-jobs\">\n\t<a id=\"jobs\" class=\"anchor\"><\/a>\n\t<div class=\"grid-items grid-inner\">\n\t\t\t\t\t<div class=\"job-card av_one_third flex_column first \">\n\t<div class=\"card-content\">\n\t\t\t\t<a href=\"https:\/\/hundtgroup.com\/fr\/ueber-uns\/karriere\/magasinier-temps-plein\/\"><h3>Magasinier (temps plein)<\/h3><\/a>\n\t\t<span class=\"gender\">(h\/f)<\/span>\n\t\t\t\t<\/div>\n\t\t<div class=\"card-action\">\n\t\t\t<div class=\"avia-button-wrap white\">\n\t\t\t\t<a href=\"https:\/\/hundtgroup.com\/fr\/ueber-uns\/karriere\/magasinier-temps-plein\/\" class=\"avia-button avia-color-theme-color avia-icon_select-no avia-size-medium avia-position-left\"><span>En savoir plus<\/span><\/a>\n\t\t\t<\/div>\n\t\t<\/div>\n<\/div>\n\t\t\t<\/div>\n<\/div><\/div>\n\n<\/div><\/div><\/div><!-- close content main div --><\/div><\/div>\n<style type=\"text\/css\" data-created_by=\"avia_inline_auto\" id=\"style-css-av-kyirs700-08cbab76013bc746cb5e42dfcf382aa5\">\n.avia-section.av-kyirs700-08cbab76013bc746cb5e42dfcf382aa5{\nbackground-repeat:no-repeat;\nbackground-image:url(https:\/\/hundtgroup.com\/wp-content\/uploads\/hundt_background_metall.jpg);\nbackground-position:50% 50%;\nbackground-attachment:scroll;\n}\n<\/style>\n<div id='av_section_3'  class='avia-section av-kyirs700-08cbab76013bc746cb5e42dfcf382aa5 main_color avia-section-default avia-no-border-styling  avia-builder-el-9  el_after_av_section  avia-builder-el-last  avia-full-stretch avia-bg-style-scroll container_wrap fullsize'  data-section-bg-repeat='stretch'><div class='container av-section-cont-open' ><div class='template-page content  av-content-full alpha units'><div class='post-entry post-entry-type-page post-entry-12616'><div class='entry-content-wrapper clearfix'>\n<div  class='flex_column av-8ibyd-7f6592657a8d92922cad4a09c653f4f3 av_one_full  avia-builder-el-10  el_before_av_one_third  avia-builder-el-first  first flex_column_div  '     ><div class=\"pxl-headline pxl-hl hl-wrap | hl-sub--top hl--align-left hl--big-margin   \">\n    <div class=\"hl-inner\">\n            <h2 class=\"hl-main hl-line |  hl_main--default  \">Quelques-uns de nos <span>avantages.<\/span><\/h2>\n            <div class=\"overline darkgrey\">\n              <span class=\"hl-sub hl-line |  hl_sub--default  \">Ce que nous pouvons vous offrir<\/span>\n              <span class=\"overline-slant\"><\/span>\n            <\/div>\n    <\/div>\n<\/div><\/div><div  class='flex_column av-grulp-f219df64774b7cd6407d45c712913850 av_one_third  avia-builder-el-12  el_after_av_one_full  el_before_av_one_third  first flex_column_div  column-top-margin'     ><div class=\"pixel-iconbox-wrap has-icon \">\n\n    \n    <div class=\"left-col \">\n\n            <div class=\"pixel-iconbox-icon-number-wrap\">\n        <img decoding=\"async\" src=\"https:\/\/hundtgroup.com\/wp-content\/uploads\/hundt-icon-checkmark.svg\" alt=\"https:\/\/hundtgroup.com\/wp-content\/uploads\/hundt-icon-checkmark.svg\" \/>\n      <\/div>\n      \n      \n    <\/div>\n\n    \n    \n    <div class=\"right-col\">\n\n      <div class=\"pixel-iconbox-content-wrap\">\n\n        <div class=\"pxl-headline pxl-hl hl-wrap | hl--align-left hl--no-margin\">\n          <div class=\"hl-inner\">\n            <h3 class=\"hl-main hl-line |  hl_main--default\">Une r\u00e9mun\u00e9ration \u00e9quitable<\/h3>\n          <\/div>\n        <\/div>\n\n                <p>Un bon travail doit \u00eatre r\u00e9compens\u00e9. C\u2019est pourquoi nous attachons une grande importance \u00e0 une r\u00e9mun\u00e9ration \u00e9quitable. <\/p>\n        \n      <\/div>\n\n      \n          <\/div>\n<\/div><\/div><div  class='flex_column av-ri25h-26b53f614047b635f46a4291d2bd19f0 av_one_third  avia-builder-el-14  el_after_av_one_third  el_before_av_one_third  flex_column_div  column-top-margin'     ><div class=\"pixel-iconbox-wrap has-icon \">\n\n    \n    <div class=\"left-col \">\n\n            <div class=\"pixel-iconbox-icon-number-wrap\">\n        <img decoding=\"async\" src=\"https:\/\/hundtgroup.com\/wp-content\/uploads\/hundt-icon-checkmark.svg\" alt=\"https:\/\/hundtgroup.com\/wp-content\/uploads\/hundt-icon-checkmark.svg\" \/>\n      <\/div>\n      \n      \n    <\/div>\n\n    \n    \n    <div class=\"right-col\">\n\n      <div class=\"pixel-iconbox-content-wrap\">\n\n        <div class=\"pxl-headline pxl-hl hl-wrap | hl--align-left hl--no-margin\">\n          <div class=\"hl-inner\">\n            <h3 class=\"hl-main hl-line |  hl_main--default\">Des t\u00e2ches passionnantes<\/h3>\n          <\/div>\n        <\/div>\n\n                <p>Aucun projet ne ressemble \u00e0 un autre. L\u2019excitation et la vari\u00e9t\u00e9 font partie de notre quotidien. <\/p>\n        \n      <\/div>\n\n      \n          <\/div>\n<\/div><\/div><div  class='flex_column av-g7bel-f0d6c04f2fd1b558566f4a5d561ec3e7 av_one_third  avia-builder-el-16  el_after_av_one_third  el_before_av_one_third  flex_column_div  column-top-margin'     ><div class=\"pixel-iconbox-wrap has-icon \">\n\n    \n    <div class=\"left-col \">\n\n            <div class=\"pixel-iconbox-icon-number-wrap\">\n        <img decoding=\"async\" src=\"https:\/\/hundtgroup.com\/wp-content\/uploads\/hundt-icon-checkmark.svg\" alt=\"https:\/\/hundtgroup.com\/wp-content\/uploads\/hundt-icon-checkmark.svg\" \/>\n      <\/div>\n      \n      \n    <\/div>\n\n    \n    \n    <div class=\"right-col\">\n\n      <div class=\"pixel-iconbox-content-wrap\">\n\n        <div class=\"pxl-headline pxl-hl hl-wrap | hl--align-left hl--no-margin\">\n          <div class=\"hl-inner\">\n            <h3 class=\"hl-main hl-line |  hl_main--default\">Appr\u00e9ciation<\/h3>\n          <\/div>\n        <\/div>\n\n                <p>Nous appr\u00e9cions la performance de nos employ\u00e9s, car ils sont la cl\u00e9 de notre succ\u00e8s.<\/p>\n        \n      <\/div>\n\n      \n          <\/div>\n<\/div><\/div><div  class='flex_column av-2a6id-d05d515416c68a53e1fc65d316336e80 av_one_third  avia-builder-el-18  el_after_av_one_third  el_before_av_one_third  first flex_column_div  column-top-margin'     ><div class=\"pixel-iconbox-wrap has-icon \">\n\n    \n    <div class=\"left-col \">\n\n            <div class=\"pixel-iconbox-icon-number-wrap\">\n        <img decoding=\"async\" src=\"https:\/\/hundtgroup.com\/wp-content\/uploads\/hundt-icon-checkmark.svg\" alt=\"https:\/\/hundtgroup.com\/wp-content\/uploads\/hundt-icon-checkmark.svg\" \/>\n      <\/div>\n      \n      \n    <\/div>\n\n    \n    \n    <div class=\"right-col\">\n\n      <div class=\"pixel-iconbox-content-wrap\">\n\n        <div class=\"pxl-headline pxl-hl hl-wrap | hl--align-left hl--no-margin\">\n          <div class=\"hl-inner\">\n            <h3 class=\"hl-main hl-line |  hl_main--default\">Responsabilit\u00e9 individuelle<\/h3>\n          <\/div>\n        <\/div>\n\n                <p>Vous \u00eates l\u2019expert de votre domaine, b\u00e9n\u00e9ficiez d\u2019une grande autonomie.<\/p>\n        \n      <\/div>\n\n      \n          <\/div>\n<\/div><\/div><div  class='flex_column av-ehi3h-451046005684609ba08aa6f280ad8524 av_one_third  avia-builder-el-20  el_after_av_one_third  el_before_av_one_third  flex_column_div  column-top-margin'     ><div class=\"pixel-iconbox-wrap has-icon \">\n\n    \n    <div class=\"left-col \">\n\n            <div class=\"pixel-iconbox-icon-number-wrap\">\n        <img decoding=\"async\" src=\"https:\/\/hundtgroup.com\/wp-content\/uploads\/hundt-icon-checkmark.svg\" alt=\"https:\/\/hundtgroup.com\/wp-content\/uploads\/hundt-icon-checkmark.svg\" \/>\n      <\/div>\n      \n      \n    <\/div>\n\n    \n    \n    <div class=\"right-col\">\n\n      <div class=\"pixel-iconbox-content-wrap\">\n\n        <div class=\"pxl-headline pxl-hl hl-wrap | hl--align-left hl--no-margin\">\n          <div class=\"hl-inner\">\n            <h3 class=\"hl-main hl-line |  hl_main--default\">Hi\u00e9rarchie plate<\/h3>\n          <\/div>\n        <\/div>\n\n                <p>Des hi\u00e9rarchies plates plut\u00f4t que des validations complexes facilitent l\u2019organisation du travail chez nous.<\/p>\n        \n      <\/div>\n\n      \n          <\/div>\n<\/div><\/div><div  class='flex_column av-bq4xp-de87c65db392d4a81e22ff500903ff93 av_one_third  avia-builder-el-22  el_after_av_one_third  avia-builder-el-last  flex_column_div  column-top-margin'     ><div class=\"pixel-iconbox-wrap has-icon \">\n\n    \n    <div class=\"left-col \">\n\n            <div class=\"pixel-iconbox-icon-number-wrap\">\n        <img decoding=\"async\" src=\"https:\/\/hundtgroup.com\/wp-content\/uploads\/hundt-icon-checkmark.svg\" alt=\"https:\/\/hundtgroup.com\/wp-content\/uploads\/hundt-icon-checkmark.svg\" \/>\n      <\/div>\n      \n      \n    <\/div>\n\n    \n    \n    <div class=\"right-col\">\n\n      <div class=\"pixel-iconbox-content-wrap\">\n\n        <div class=\"pxl-headline pxl-hl hl-wrap | hl--align-left hl--no-margin\">\n          <div class=\"hl-inner\">\n            <h3 class=\"hl-main hl-line |  hl_main--default\">Esprit d\u2019\u00e9quipe<\/h3>\n          <\/div>\n        <\/div>\n\n                <p>Un pour tous, tous pour un - nous sommes une \u00e9quipe bien rod\u00e9e et toujours solidaire.<\/p>\n        \n      <\/div>\n\n      \n          <\/div>\n<\/div><\/div>\n\n","protected":false},"excerpt":{"rendered":"","protected":false},"author":1,"featured_media":0,"parent":12993,"menu_order":2,"comment_status":"closed","ping_status":"closed","template":"","meta":{"_acf_changed":false,"inline_featured_image":false,"footnotes":""},"class_list":["post-12616","page","type-page","status-publish","hentry"],"acf":[],"yoast_head":"<!-- This site is optimized with the Yoast SEO plugin v27.3 - https:\/\/yoast.com\/product\/yoast-seo-wordpress\/ -->\n<title>Carri\u00e8re - Emplois vacants chez Hundt<\/title>\n<meta name=\"description\" content=\"Commencez votre carri\u00e8re au sein du Groupe Hundt et rejoignez notre \u00e9quipe gagnante. \u25ba En savoir plus maintenant !\" \/>\n<meta name=\"robots\" content=\"index, follow, max-snippet:-1, max-image-preview:large, max-video-preview:-1\" \/>\n<link rel=\"canonical\" href=\"https:\/\/hundtgroup.com\/fr\/a-propos-de-nous\/carriere\/\" \/>\n<meta property=\"og:locale\" content=\"fr_FR\" \/>\n<meta property=\"og:type\" content=\"article\" \/>\n<meta property=\"og:title\" content=\"Carri\u00e8re - Emplois vacants chez Hundt\" \/>\n<meta property=\"og:description\" content=\"Commencez votre carri\u00e8re au sein du Groupe Hundt et rejoignez notre \u00e9quipe gagnante. \u25ba En savoir plus maintenant !\" \/>\n<meta property=\"og:url\" content=\"https:\/\/hundtgroup.com\/fr\/a-propos-de-nous\/carriere\/\" \/>\n<meta property=\"og:site_name\" content=\"Wilhelm Hundt GmbH\" \/>\n<meta property=\"article:modified_time\" content=\"2025-06-26T10:07:32+00:00\" \/>\n<meta name=\"twitter:card\" content=\"summary_large_image\" \/>\n<meta name=\"twitter:label1\" content=\"Dur\u00e9e de lecture estim\u00e9e\" \/>\n\t<meta name=\"twitter:data1\" content=\"20 minutes\" \/>\n<script type=\"application\/ld+json\" class=\"yoast-schema-graph\">{\"@context\":\"https:\\\/\\\/schema.org\",\"@graph\":[{\"@type\":\"WebPage\",\"@id\":\"https:\\\/\\\/hundtgroup.com\\\/fr\\\/a-propos-de-nous\\\/carriere\\\/\",\"url\":\"https:\\\/\\\/hundtgroup.com\\\/fr\\\/a-propos-de-nous\\\/carriere\\\/\",\"name\":\"Carri\u00e8re - Emplois vacants chez Hundt\",\"isPartOf\":{\"@id\":\"https:\\\/\\\/hundtgroup.com\\\/fr\\\/#website\"},\"datePublished\":\"2022-01-17T14:13:39+00:00\",\"dateModified\":\"2025-06-26T10:07:32+00:00\",\"description\":\"Commencez votre carri\u00e8re au sein du Groupe Hundt et rejoignez notre \u00e9quipe gagnante. \u25ba En savoir plus maintenant !\",\"breadcrumb\":{\"@id\":\"https:\\\/\\\/hundtgroup.com\\\/fr\\\/a-propos-de-nous\\\/carriere\\\/#breadcrumb\"},\"inLanguage\":\"fr-FR\",\"potentialAction\":[{\"@type\":\"ReadAction\",\"target\":[\"https:\\\/\\\/hundtgroup.com\\\/fr\\\/a-propos-de-nous\\\/carriere\\\/\"]}]},{\"@type\":\"BreadcrumbList\",\"@id\":\"https:\\\/\\\/hundtgroup.com\\\/fr\\\/a-propos-de-nous\\\/carriere\\\/#breadcrumb\",\"itemListElement\":[{\"@type\":\"ListItem\",\"position\":1,\"name\":\"Startseite\",\"item\":\"https:\\\/\\\/hundtgroup.com\\\/fr\\\/accueil-nouveau\\\/\"},{\"@type\":\"ListItem\",\"position\":2,\"name\":\"\u00c0 propos de nous\",\"item\":\"https:\\\/\\\/hundtgroup.com\\\/fr\\\/a-propos-de-nous\\\/\"},{\"@type\":\"ListItem\",\"position\":3,\"name\":\"Carri\u00e8re\"}]},{\"@type\":\"WebSite\",\"@id\":\"https:\\\/\\\/hundtgroup.com\\\/fr\\\/#website\",\"url\":\"https:\\\/\\\/hundtgroup.com\\\/fr\\\/\",\"name\":\"Wilhelm Hundt GmbH\",\"description\":\"Votre sp\u00e9cialiste en machines et outils pour le travail de la t\u00f4le\",\"potentialAction\":[{\"@type\":\"SearchAction\",\"target\":{\"@type\":\"EntryPoint\",\"urlTemplate\":\"https:\\\/\\\/hundtgroup.com\\\/fr\\\/?s={search_term_string}\"},\"query-input\":{\"@type\":\"PropertyValueSpecification\",\"valueRequired\":true,\"valueName\":\"search_term_string\"}}],\"inLanguage\":\"fr-FR\"}]}<\/script>\n<!-- \/ Yoast SEO plugin. -->","yoast_head_json":{"title":"Carri\u00e8re - Emplois vacants chez Hundt","description":"Commencez votre carri\u00e8re au sein du Groupe Hundt et rejoignez notre \u00e9quipe gagnante. \u25ba En savoir plus maintenant !","robots":{"index":"index","follow":"follow","max-snippet":"max-snippet:-1","max-image-preview":"max-image-preview:large","max-video-preview":"max-video-preview:-1"},"canonical":"https:\/\/hundtgroup.com\/fr\/a-propos-de-nous\/carriere\/","og_locale":"fr_FR","og_type":"article","og_title":"Carri\u00e8re - Emplois vacants chez Hundt","og_description":"Commencez votre carri\u00e8re au sein du Groupe Hundt et rejoignez notre \u00e9quipe gagnante. \u25ba En savoir plus maintenant !","og_url":"https:\/\/hundtgroup.com\/fr\/a-propos-de-nous\/carriere\/","og_site_name":"Wilhelm Hundt GmbH","article_modified_time":"2025-06-26T10:07:32+00:00","twitter_card":"summary_large_image","twitter_misc":{"Dur\u00e9e de lecture estim\u00e9e":"20 minutes"},"schema":{"@context":"https:\/\/schema.org","@graph":[{"@type":"WebPage","@id":"https:\/\/hundtgroup.com\/fr\/a-propos-de-nous\/carriere\/","url":"https:\/\/hundtgroup.com\/fr\/a-propos-de-nous\/carriere\/","name":"Carri\u00e8re - Emplois vacants chez Hundt","isPartOf":{"@id":"https:\/\/hundtgroup.com\/fr\/#website"},"datePublished":"2022-01-17T14:13:39+00:00","dateModified":"2025-06-26T10:07:32+00:00","description":"Commencez votre carri\u00e8re au sein du Groupe Hundt et rejoignez notre \u00e9quipe gagnante. \u25ba En savoir plus maintenant !","breadcrumb":{"@id":"https:\/\/hundtgroup.com\/fr\/a-propos-de-nous\/carriere\/#breadcrumb"},"inLanguage":"fr-FR","potentialAction":[{"@type":"ReadAction","target":["https:\/\/hundtgroup.com\/fr\/a-propos-de-nous\/carriere\/"]}]},{"@type":"BreadcrumbList","@id":"https:\/\/hundtgroup.com\/fr\/a-propos-de-nous\/carriere\/#breadcrumb","itemListElement":[{"@type":"ListItem","position":1,"name":"Startseite","item":"https:\/\/hundtgroup.com\/fr\/accueil-nouveau\/"},{"@type":"ListItem","position":2,"name":"\u00c0 propos de nous","item":"https:\/\/hundtgroup.com\/fr\/a-propos-de-nous\/"},{"@type":"ListItem","position":3,"name":"Carri\u00e8re"}]},{"@type":"WebSite","@id":"https:\/\/hundtgroup.com\/fr\/#website","url":"https:\/\/hundtgroup.com\/fr\/","name":"Wilhelm Hundt GmbH","description":"Votre sp\u00e9cialiste en machines et outils pour le travail de la t\u00f4le","potentialAction":[{"@type":"SearchAction","target":{"@type":"EntryPoint","urlTemplate":"https:\/\/hundtgroup.com\/fr\/?s={search_term_string}"},"query-input":{"@type":"PropertyValueSpecification","valueRequired":true,"valueName":"search_term_string"}}],"inLanguage":"fr-FR"}]}},"_links":{"self":[{"href":"https:\/\/hundtgroup.com\/fr\/wp-json\/wp\/v2\/pages\/12616","targetHints":{"allow":["GET"]}}],"collection":[{"href":"https:\/\/hundtgroup.com\/fr\/wp-json\/wp\/v2\/pages"}],"about":[{"href":"https:\/\/hundtgroup.com\/fr\/wp-json\/wp\/v2\/types\/page"}],"author":[{"embeddable":true,"href":"https:\/\/hundtgroup.com\/fr\/wp-json\/wp\/v2\/users\/1"}],"replies":[{"embeddable":true,"href":"https:\/\/hundtgroup.com\/fr\/wp-json\/wp\/v2\/comments?post=12616"}],"version-history":[{"count":0,"href":"https:\/\/hundtgroup.com\/fr\/wp-json\/wp\/v2\/pages\/12616\/revisions"}],"up":[{"embeddable":true,"href":"https:\/\/hundtgroup.com\/fr\/wp-json\/wp\/v2\/pages\/12993"}],"wp:attachment":[{"href":"https:\/\/hundtgroup.com\/fr\/wp-json\/wp\/v2\/media?parent=12616"}],"curies":[{"name":"wp","href":"https:\/\/api.w.org\/{rel}","templated":true}]}}