{"id":12893,"date":"2022-03-16T11:55:46","date_gmt":"2022-03-16T10:55:46","guid":{"rendered":"https:\/\/hundtgroup.com\/information-sur-le-droit-de-retractation\/"},"modified":"2025-06-26T12:09:23","modified_gmt":"2025-06-26T10:09:23","slug":"information-sur-le-droit-de-retractation","status":"publish","type":"page","link":"https:\/\/hundtgroup.com\/fr\/boutique\/information-sur-le-droit-de-retractation\/","title":{"rendered":"Information sur le droit de r\u00e9tractation"},"content":{"rendered":"<div id='av_section_1'  class='avia-section av-2sl9s-ce1ce7ae9fb18ca1bfd02c768aeff783 main_color avia-section-default avia-no-border-styling  avia-builder-el-0  avia-builder-el-no-sibling  avia-bg-style-scroll container_wrap fullsize'  ><div class='container av-section-cont-open' ><main  role=\"main\" itemprop=\"mainContentOfPage\"  class='template-page content  av-content-full alpha units'><div class='post-entry post-entry-type-page post-entry-12893'><div class='entry-content-wrapper clearfix'>\n<div  class='flex_column av-2bm5s-12e59aa6892b139d7db93fa9c175de19 av_one_full  avia-builder-el-1  el_before_av_one_half  avia-builder-el-first  first av-break-at-tablet flex_column_div  '     ><div class=\"pxl-headline pxl-hl hl-wrap | hl-sub--off hl--align-left hl--no-margin   \">\n    <div class=\"hl-inner\">\n            <h1 class=\"hl-main hl-line |  hl_main--default  \">Droit de r\u00e9tractation<\/h1>\n            <div class=\"overline lightgrey\">\n              \n              <span class=\"overline-slant\"><\/span>\n            <\/div>\n    <\/div>\n<\/div><\/div><div  class='flex_column av-19duk-203c71f2b7316c109b6c9028b2bb783c av_one_half  avia-builder-el-3  el_after_av_one_full  el_before_av_one_half  first av-break-at-tablet flex_column_div  column-top-margin'     ><section  class='av_textblock_section av-kyllgorp-ab49c557e96d149ccd0bdfb148880aa9 '   itemscope=\"itemscope\" itemtype=\"https:\/\/schema.org\/CreativeWork\" ><div class='avia_textblock'  itemprop=\"text\" ><h3>Droit de r\u00e9tractation<\/h3>\n<p>Vous avez le droit de vous r\u00e9tracter d&rsquo;un contrat sans donner de raison dans un d\u00e9lai de quatorze jours.<\/p>\n<p>Un contrat valable avec nous est conclu apr\u00e8s que vous ayez re\u00e7u notre confirmation de commande.<\/p>\n<p>Le d\u00e9lai de r\u00e9tractation est de quatorze jours \u00e0 compter de la date \u00e0 laquelle vous, ou un tiers autre que le transporteur et d\u00e9sign\u00e9 par vous, avez pris possession des biens.<\/p>\n<p>Pour exercer votre droit de r\u00e9tractation, vous devez nous informer, Wilhelm Hundt GmbH, Schwabhausen 25, 42349 Wuppertal, T\u00e9l. : 0202\/430448-0\/ Fax : 0202\/430448-20, email : info@hundt.de, de votre d\u00e9cision de vous r\u00e9tracter du contrat au moyen d&rsquo;une d\u00e9claration claire (par exemple, lettre envoy\u00e9e par la poste, t\u00e9l\u00e9copie ou e-mail). Pour ce faire, vous pouvez utiliser le mod\u00e8le de formulaire de r\u00e9tractation ci-joint, qui n&rsquo;est toutefois pas obligatoire.<\/p>\n<p>Vous pouvez remplir le mod\u00e8le de formulaire de r\u00e9tractation ou toute autre d\u00e9claration d\u00e9nu\u00e9e d&rsquo;ambigu\u00eft\u00e9 et nous la transmettre, en utilisant les informations susmentionn\u00e9es. Pour que le d\u00e9lai de r\u00e9tractation soit respect\u00e9, il suffit que vous envoyiez la communication relative \u00e0 l&rsquo;exercice du droit de r\u00e9tractation avant l&rsquo;expiration du d\u00e9lai de r\u00e9tractation. <\/p>\n<h3>Cons\u00e9quences de la r\u00e9tractation<\/h3>\n<p>En cas de r\u00e9tractation de votre part d&rsquo;un contrat, nous vous rembourserons tous les paiements re\u00e7us de vous, y compris les frais de livraison (\u00e0 l&rsquo;exception des frais suppl\u00e9mentaires d\u00e9coulant du fait que vous avez choisi un mode de livraison autre que le mode moins co\u00fbteux de livraison standard propos\u00e9 par nous), sans retard excessif et au plus tard quatorze jours \u00e0 compter du jour o\u00f9 nous sommes inform\u00e9s de votre d\u00e9cision de r\u00e9tractation du contrat. Pour ce remboursement, nous utilisons le m\u00eame moyen de paiement que celui que vous avez utilis\u00e9 pour la transaction initiale, \u00e0 moins qu&rsquo;il n&rsquo;en ait \u00e9t\u00e9 express\u00e9ment convenu autrement avec vous ; en aucun cas, des frais ne vous seront factur\u00e9s pour ce remboursement. <\/p>\n<p>Les frais directs de renvoi des marchandises sont \u00e0 votre charge.<\/p>\n<p>Nous pouvons refuser le remboursement jusqu&rsquo;\u00e0 ce que nous ayons r\u00e9cup\u00e9r\u00e9 les biens ou jusqu&rsquo;\u00e0 ce que vous ayez fourni la preuve que vous avez renvoy\u00e9 les biens, la date retenue \u00e9tant la plus proche.<\/p>\n<\/div><\/section><\/div><div  class='flex_column av-rl3w-f06583f4044d095245411ef6c8430cfc av_one_half  avia-builder-el-5  el_after_av_one_half  avia-builder-el-last  av-break-at-tablet flex_column_div  column-top-margin'     ><section  class='av_textblock_section av-kyllqexe-41b8fbccf53431dd941cd32608e1feca '   itemscope=\"itemscope\" itemtype=\"https:\/\/schema.org\/CreativeWork\" ><div class='avia_textblock'  itemprop=\"text\" ><h3>Mod\u00e8le de formulaire de r\u00e9tractation<\/h3>\n<p>Si vous souhaitez annuler un contrat, veuillez remplir ce formulaire et le renvoyer \u00e0 :<br \/>\nWilhelm Hundt GmbH, Schwabhausen 25, 42349 Wuppertal, fax 0202\/430448-20, info@hundt.de<\/p>\n<ul>\n<li>Par la pr\u00e9sente, je\/nous (*) r\u00e9voque(ons) le contrat que j&rsquo;ai\/nous avons (*) conclu pour l&rsquo;achat de<\/li>\n<li>des marchandises suivantes (*)\/de la fourniture du service suivant (*) :<br \/>\nCommand\u00e9 le (*)\/re\u00e7u le (*) :<\/li>\n<li>Nom du\/des consommateur(s) :<\/li>\n<li>Adresse du\/des consommateur(s) :<\/li>\n<li>Signature du\/des consommateur(s) (uniquement en cas de communication sur papier) :<br \/>\nDate :<\/li>\n<\/ul>\n<p>(*) Biffer la mention inutile<\/p>\n<\/div><\/section><\/div>\n","protected":false},"excerpt":{"rendered":"","protected":false},"author":1,"featured_media":0,"parent":13346,"menu_order":4,"comment_status":"closed","ping_status":"closed","template":"","meta":{"_acf_changed":false,"inline_featured_image":false,"footnotes":""},"class_list":["post-12893","page","type-page","status-publish","hentry"],"acf":[],"yoast_head":"<!-- This site is optimized with the Yoast SEO plugin v27.3 - https:\/\/yoast.com\/product\/yoast-seo-wordpress\/ -->\n<title>Information sur le droit de r\u00e9tractation chez Hundt - Aper\u00e7u de vos droits<\/title>\n<meta name=\"description\" content=\"Apprenez-moi sur vos droits en tant que client chez Hundt.\" \/>\n<meta name=\"robots\" content=\"index, follow, max-snippet:-1, max-image-preview:large, max-video-preview:-1\" \/>\n<link rel=\"canonical\" href=\"https:\/\/hundtgroup.com\/fr\/boutique\/information-sur-le-droit-de-retractation\/\" \/>\n<meta property=\"og:locale\" content=\"fr_FR\" \/>\n<meta property=\"og:type\" content=\"article\" \/>\n<meta property=\"og:title\" content=\"Information sur le droit de r\u00e9tractation chez Hundt - Aper\u00e7u de vos droits\" \/>\n<meta property=\"og:description\" content=\"Apprenez-moi sur vos droits en tant que client chez Hundt.\" \/>\n<meta property=\"og:url\" content=\"https:\/\/hundtgroup.com\/fr\/boutique\/information-sur-le-droit-de-retractation\/\" \/>\n<meta property=\"og:site_name\" content=\"Wilhelm Hundt GmbH\" \/>\n<meta property=\"article:modified_time\" content=\"2025-06-26T10:09:23+00:00\" \/>\n<meta name=\"twitter:card\" content=\"summary_large_image\" \/>\n<meta name=\"twitter:label1\" content=\"Dur\u00e9e de lecture estim\u00e9e\" \/>\n\t<meta name=\"twitter:data1\" content=\"8 minutes\" \/>\n<script type=\"application\/ld+json\" class=\"yoast-schema-graph\">{\"@context\":\"https:\\\/\\\/schema.org\",\"@graph\":[{\"@type\":\"WebPage\",\"@id\":\"https:\\\/\\\/hundtgroup.com\\\/fr\\\/boutique\\\/information-sur-le-droit-de-retractation\\\/\",\"url\":\"https:\\\/\\\/hundtgroup.com\\\/fr\\\/boutique\\\/information-sur-le-droit-de-retractation\\\/\",\"name\":\"Information sur le droit de r\u00e9tractation chez Hundt - Aper\u00e7u de vos droits\",\"isPartOf\":{\"@id\":\"https:\\\/\\\/hundtgroup.com\\\/fr\\\/#website\"},\"datePublished\":\"2022-03-16T10:55:46+00:00\",\"dateModified\":\"2025-06-26T10:09:23+00:00\",\"description\":\"Apprenez-moi sur vos droits en tant que client chez Hundt.\",\"breadcrumb\":{\"@id\":\"https:\\\/\\\/hundtgroup.com\\\/fr\\\/boutique\\\/information-sur-le-droit-de-retractation\\\/#breadcrumb\"},\"inLanguage\":\"fr-FR\",\"potentialAction\":[{\"@type\":\"ReadAction\",\"target\":[\"https:\\\/\\\/hundtgroup.com\\\/fr\\\/boutique\\\/information-sur-le-droit-de-retractation\\\/\"]}]},{\"@type\":\"BreadcrumbList\",\"@id\":\"https:\\\/\\\/hundtgroup.com\\\/fr\\\/boutique\\\/information-sur-le-droit-de-retractation\\\/#breadcrumb\",\"itemListElement\":[{\"@type\":\"ListItem\",\"position\":1,\"name\":\"Startseite\",\"item\":\"https:\\\/\\\/hundtgroup.com\\\/fr\\\/accueil-nouveau\\\/\"},{\"@type\":\"ListItem\",\"position\":2,\"name\":\"Boutique\",\"item\":\"https:\\\/\\\/hundtgroup.com\\\/fr\\\/boutique\\\/\"},{\"@type\":\"ListItem\",\"position\":3,\"name\":\"Information sur le droit de r\u00e9tractation\"}]},{\"@type\":\"WebSite\",\"@id\":\"https:\\\/\\\/hundtgroup.com\\\/fr\\\/#website\",\"url\":\"https:\\\/\\\/hundtgroup.com\\\/fr\\\/\",\"name\":\"Wilhelm Hundt GmbH\",\"description\":\"Votre sp\u00e9cialiste en machines et outils pour le travail de la t\u00f4le\",\"potentialAction\":[{\"@type\":\"SearchAction\",\"target\":{\"@type\":\"EntryPoint\",\"urlTemplate\":\"https:\\\/\\\/hundtgroup.com\\\/fr\\\/?s={search_term_string}\"},\"query-input\":{\"@type\":\"PropertyValueSpecification\",\"valueRequired\":true,\"valueName\":\"search_term_string\"}}],\"inLanguage\":\"fr-FR\"}]}<\/script>\n<!-- \/ Yoast SEO plugin. -->","yoast_head_json":{"title":"Information sur le droit de r\u00e9tractation chez Hundt - Aper\u00e7u de vos droits","description":"Apprenez-moi sur vos droits en tant que client chez Hundt.","robots":{"index":"index","follow":"follow","max-snippet":"max-snippet:-1","max-image-preview":"max-image-preview:large","max-video-preview":"max-video-preview:-1"},"canonical":"https:\/\/hundtgroup.com\/fr\/boutique\/information-sur-le-droit-de-retractation\/","og_locale":"fr_FR","og_type":"article","og_title":"Information sur le droit de r\u00e9tractation chez Hundt - Aper\u00e7u de vos droits","og_description":"Apprenez-moi sur vos droits en tant que client chez Hundt.","og_url":"https:\/\/hundtgroup.com\/fr\/boutique\/information-sur-le-droit-de-retractation\/","og_site_name":"Wilhelm Hundt GmbH","article_modified_time":"2025-06-26T10:09:23+00:00","twitter_card":"summary_large_image","twitter_misc":{"Dur\u00e9e de lecture estim\u00e9e":"8 minutes"},"schema":{"@context":"https:\/\/schema.org","@graph":[{"@type":"WebPage","@id":"https:\/\/hundtgroup.com\/fr\/boutique\/information-sur-le-droit-de-retractation\/","url":"https:\/\/hundtgroup.com\/fr\/boutique\/information-sur-le-droit-de-retractation\/","name":"Information sur le droit de r\u00e9tractation chez Hundt - Aper\u00e7u de vos droits","isPartOf":{"@id":"https:\/\/hundtgroup.com\/fr\/#website"},"datePublished":"2022-03-16T10:55:46+00:00","dateModified":"2025-06-26T10:09:23+00:00","description":"Apprenez-moi sur vos droits en tant que client chez Hundt.","breadcrumb":{"@id":"https:\/\/hundtgroup.com\/fr\/boutique\/information-sur-le-droit-de-retractation\/#breadcrumb"},"inLanguage":"fr-FR","potentialAction":[{"@type":"ReadAction","target":["https:\/\/hundtgroup.com\/fr\/boutique\/information-sur-le-droit-de-retractation\/"]}]},{"@type":"BreadcrumbList","@id":"https:\/\/hundtgroup.com\/fr\/boutique\/information-sur-le-droit-de-retractation\/#breadcrumb","itemListElement":[{"@type":"ListItem","position":1,"name":"Startseite","item":"https:\/\/hundtgroup.com\/fr\/accueil-nouveau\/"},{"@type":"ListItem","position":2,"name":"Boutique","item":"https:\/\/hundtgroup.com\/fr\/boutique\/"},{"@type":"ListItem","position":3,"name":"Information sur le droit de r\u00e9tractation"}]},{"@type":"WebSite","@id":"https:\/\/hundtgroup.com\/fr\/#website","url":"https:\/\/hundtgroup.com\/fr\/","name":"Wilhelm Hundt GmbH","description":"Votre sp\u00e9cialiste en machines et outils pour le travail de la t\u00f4le","potentialAction":[{"@type":"SearchAction","target":{"@type":"EntryPoint","urlTemplate":"https:\/\/hundtgroup.com\/fr\/?s={search_term_string}"},"query-input":{"@type":"PropertyValueSpecification","valueRequired":true,"valueName":"search_term_string"}}],"inLanguage":"fr-FR"}]}},"_links":{"self":[{"href":"https:\/\/hundtgroup.com\/fr\/wp-json\/wp\/v2\/pages\/12893","targetHints":{"allow":["GET"]}}],"collection":[{"href":"https:\/\/hundtgroup.com\/fr\/wp-json\/wp\/v2\/pages"}],"about":[{"href":"https:\/\/hundtgroup.com\/fr\/wp-json\/wp\/v2\/types\/page"}],"author":[{"embeddable":true,"href":"https:\/\/hundtgroup.com\/fr\/wp-json\/wp\/v2\/users\/1"}],"replies":[{"embeddable":true,"href":"https:\/\/hundtgroup.com\/fr\/wp-json\/wp\/v2\/comments?post=12893"}],"version-history":[{"count":0,"href":"https:\/\/hundtgroup.com\/fr\/wp-json\/wp\/v2\/pages\/12893\/revisions"}],"up":[{"embeddable":true,"href":"https:\/\/hundtgroup.com\/fr\/wp-json\/wp\/v2\/pages\/13346"}],"wp:attachment":[{"href":"https:\/\/hundtgroup.com\/fr\/wp-json\/wp\/v2\/media?parent=12893"}],"curies":[{"name":"wp","href":"https:\/\/api.w.org\/{rel}","templated":true}]}}