{"id":12993,"date":"2022-01-12T12:31:26","date_gmt":"2022-01-12T11:31:26","guid":{"rendered":"https:\/\/hundtgroup.com\/a-propos-de-nous\/"},"modified":"2025-06-26T12:07:32","modified_gmt":"2025-06-26T10:07:32","slug":"a-propos-de-nous","status":"publish","type":"page","link":"https:\/\/hundtgroup.com\/fr\/a-propos-de-nous\/","title":{"rendered":"\u00c0 propos de nous"},"content":{"rendered":"<div id='av_section_1'  class='avia-section av-gl9o3-425af46ea03858fa49a438b9f349d8f3 main_color avia-section-default avia-no-border-styling  avia-builder-el-0  el_before_av_section  avia-builder-el-first  avia-bg-style-scroll container_wrap fullsize'  ><div class='container av-section-cont-open' ><main  role=\"main\" itemprop=\"mainContentOfPage\"  class='template-page content  av-content-full alpha units'><div class='post-entry post-entry-type-page post-entry-12993'><div class='entry-content-wrapper clearfix'>\n<div  class='flex_column av-kyilu3c2-e2911f97e8c4ff0d1127785feeb546d5 av_one_full  avia-builder-el-1  avia-builder-el-no-sibling  max-width-three-fourth first flex_column_div  '     ><section  class='av_textblock_section av-kyilsobd-6fab9c6f6e6ab38388d31b0eda83217d '   itemscope=\"itemscope\" itemtype=\"https:\/\/schema.org\/CreativeWork\" ><div class='avia_textblock'  itemprop=\"text\" ><p>Plus de 50 ans d&rsquo;exp\u00e9rience sont la base de notre travail. En tant que sp\u00e9cialiste des machines pour le travail de la t\u00f4le et en tant qu&rsquo;expert en outils, nous sommes un partenaire \u00e9tabli dans de nombreux secteurs, avec nos propres produits et notre boutique. Nous sommes toujours \u00e0 la pointe de la technologie afin de vous offrir les meilleures solutions. Dans ce contexte, il va de soi que nous fournissons \u00e9galement des prestations \u00e9tendues dans le domaine du service apr\u00e8s-vente, car : Nous ne vendons pas seulement des machines et des outils. Nous vendons des solutions adapt\u00e9es \u00e0 vos besoins.<\/p>\n<\/div><\/section><\/div>\n\n<\/div><\/div><\/main><!-- close content main element --><\/div><\/div><div id='av_section_2'  class='avia-section av-kyilydx5-6025958b2cd3a3893bc42f7b82f13bb4 alternate_color avia-section-default avia-no-border-styling  avia-builder-el-3  el_after_av_section  avia-builder-el-last  avia-bg-style-scroll container_wrap fullsize'  ><div class='container av-section-cont-open' ><div class='template-page content  av-content-full alpha units'><div class='post-entry post-entry-type-page post-entry-12993'><div class='entry-content-wrapper clearfix'>\n<div  class='flex_column av-75uj7-983a81e7e753c7c47ec0386e281c0652 av_one_full  avia-builder-el-4  el_before_av_one_full  avia-builder-el-first  first flex_column_div  '     ><div class=\"pxl-headline pxl-hl hl-wrap | hl-sub--top hl--align-left hl--no-margin   \">\n    <div class=\"hl-inner\">\n            <h2 class=\"hl-main hl-line |  hl_main--default  \">L\u2019histoire de notre succ\u00e8s<\/h2>\n            <div class=\"overline grey\">\n              <span class=\"hl-sub hl-line |  hl_sub--default  \">Un engagement envers la tradition<\/span>\n              <span class=\"overline-slant\"><\/span>\n            <\/div>\n    <\/div>\n<\/div><\/div><div  class='flex_column av-9rkrf-2467f6028caf0d3c3a315c025b99539b av_one_full  avia-builder-el-6  el_after_av_one_full  el_before_av_codeblock  first flex_column_div  column-top-margin'     ><div class=\"pixel-quote-wrap\">\n  <div class=\"left-col\" style=\"background-image: url('https:\/\/hundtgroup.com\/wp-content\/uploads\/hundt_content_geschichte.jpg')\">\n  <\/div>\n  <div class=\"right-col\">\n    <div class=\"pixel-quote-content-wrap\">\n      <div class=\"pxl-headline pxl-hl hl-wrap | hl-sub--top hl--align-left hl--no-margin\">\n        <div class=\"hl-inner\">\n          <h2 class=\"hl-main hl-line |  hl_main--default\">&quot;Une tradition qui a de l\u2019avenir&quot;.<\/h2>\n        <\/div>\n      <\/div>\n      <span><br \/>\nEva Larssen, 4e g\u00e9n\u00e9ration<br \/>\n<\/span>\n    <\/div>\n  <\/div>\n<\/div><\/div><div  class='flex_column av-12gyx7-e50acb5f09fa2691ece1df76f4f47159 av_one_third  avia-builder-el-9  el_after_av_codeblock  el_before_av_one_third  first flex_column_div  '     ><div class=\"pixel-history-wrap\">\n\n    \n    <div class=\"pixel-history-content\">\n\n            <div class=\"pxl-headline pxl-hl hl-wrap | hl--align-left hl--no-margin\">\n        <div class=\"hl-inner\">\n          <h3 class=\"hl-main hl-line |  hl_main--default\">1950<\/h3>\n          <span class=\"hl-sub hl-line |  hl_sub--default\">Ann\u00e9e de cr\u00e9ation<\/span>\n        <\/div>\n      <\/div>\n      \n            <p><br \/>\nLa soci\u00e9t\u00e9 Hundt a \u00e9t\u00e9 fond\u00e9e d\u00e8s 1950 en tant que magasin d&rsquo;outillage.<br \/>\n<\/p>\n      \n        <\/div>\n<\/div><\/div><div  class='flex_column av-38bmj-c742f52df299520d30ce8ef4cfd9dcab av_one_third  avia-builder-el-11  el_after_av_one_third  el_before_av_one_third  flex_column_div  '     ><div class=\"pixel-history-wrap\">\n\n    \n    <div class=\"pixel-history-content\">\n\n            <div class=\"pxl-headline pxl-hl hl-wrap | hl--align-left hl--no-margin\">\n        <div class=\"hl-inner\">\n          <h3 class=\"hl-main hl-line |  hl_main--default\">Ann\u00e9es 60<\/h3>\n          <span class=\"hl-sub hl-line |  hl_sub--default\">Sp\u00e9cialisation<\/span>\n        <\/div>\n      <\/div>\n      \n            <p><br \/>\nDans les ann\u00e9es 60, l&rsquo;entreprise s&rsquo;est sp\u00e9cialis\u00e9e dans les besoins en isolateurs WKS et en machines pour l&rsquo;usinage artisanal de t\u00f4les fines et d&rsquo;acier.<br \/>\n<\/p>\n      \n        <\/div>\n<\/div><\/div><div  class='flex_column av-tl6kr-771df90745890ca6c880cd8e905da628 av_one_third  avia-builder-el-13  el_after_av_one_third  el_before_av_one_third  flex_column_div  '     ><div class=\"pixel-history-wrap\">\n\n    \n    <div class=\"pixel-history-content\">\n\n            <div class=\"pxl-headline pxl-hl hl-wrap | hl--align-left hl--no-margin\">\n        <div class=\"hl-inner\">\n          <h3 class=\"hl-main hl-line |  hl_main--default\">Ann\u00e9es 70<\/h3>\n          <span class=\"hl-sub hl-line |  hl_sub--default\">D\u00e9veloppement ult\u00e9rieur<\/span>\n        <\/div>\n      <\/div>\n      \n            <p><br \/>\nLa premi\u00e8re machine \u00e0 moulurer est con\u00e7ue et construite. Depuis cette \u00e9poque, nous n&rsquo;avons cess\u00e9 de d\u00e9velopper la fabrication et l&rsquo;entretien de machines de traitement de la t\u00f4le.<br \/>\n<\/p>\n      \n        <\/div>\n<\/div><\/div><div  class='flex_column av-n5t3n-dd8572d0a5e0092eb04a6fe331ec07a9 av_one_third  avia-builder-el-15  el_after_av_one_third  el_before_av_one_third  first flex_column_div  column-top-margin'     ><div class=\"pixel-history-wrap\">\n\n    \n    <div class=\"pixel-history-content\">\n\n            <div class=\"pxl-headline pxl-hl hl-wrap | hl--align-left hl--no-margin\">\n        <div class=\"hl-inner\">\n          <h3 class=\"hl-main hl-line |  hl_main--default\">1997<\/h3>\n          <span class=\"hl-sub hl-line |  hl_sub--default\">D\u00e9part<\/span>\n        <\/div>\n      <\/div>\n      \n            <p><br \/>\nL&rsquo;entreprise est constitu\u00e9e en soci\u00e9t\u00e9 \u00e0 responsabilit\u00e9 limit\u00e9e. Les directeurs Wilhelm Hundt et Silke Droste dirigent l&rsquo;entreprise depuis trois g\u00e9n\u00e9rations.<br \/>\n<\/p>\n      \n        <\/div>\n<\/div><\/div><div  class='flex_column av-dq7sj-1017f55bb7e3af77e27dbcca11c3f5b2 av_one_third  avia-builder-el-17  el_after_av_one_third  el_before_av_one_third  flex_column_div  column-top-margin'     ><div class=\"pixel-history-wrap\">\n\n    \n    <div class=\"pixel-history-content\">\n\n            <div class=\"pxl-headline pxl-hl hl-wrap | hl--align-left hl--no-margin\">\n        <div class=\"hl-inner\">\n          <h3 class=\"hl-main hl-line |  hl_main--default\">1999<\/h3>\n          <span class=\"hl-sub hl-line |  hl_sub--default\">Num\u00e9risation<\/span>\n        <\/div>\n      <\/div>\n      \n            <p><br \/>\nLa boutique en ligne HUNDT DIREKT &#8211; une division de Wilhelm Hundt GmbH &#8211; offre d\u00e9sormais aux entreprises et aux artisans la possibilit\u00e9 de commander en ligne des outils \u00e9lectriques et manuels de haute qualit\u00e9 de fabricants de marques connues &#8211; et ce \u00e0 des prix attractifs.<br \/>\n<\/p>\n      \n        <\/div>\n<\/div><\/div><div  class='flex_column av-6lbc3-07b10d36ca74d1601a2a1baa6ba1e7ed av_one_third  avia-builder-el-19  el_after_av_one_third  el_before_av_codeblock  flex_column_div  column-top-margin'     ><div class=\"pixel-history-wrap\">\n\n    \n    <div class=\"pixel-history-content\">\n\n            <div class=\"pxl-headline pxl-hl hl-wrap | hl--align-left hl--no-margin\">\n        <div class=\"hl-inner\">\n          <h3 class=\"hl-main hl-line |  hl_main--default\">2022<\/h3>\n          <span class=\"hl-sub hl-line |  hl_sub--default\">Tradition<\/span>\n        <\/div>\n      <\/div>\n      \n            <p><br \/>\nUne exp\u00e9rience et des comp\u00e9tences de longue date avec l&rsquo;utilisation d&rsquo;outils et de m\u00e9thodes de travail modernes.<br \/>\n<\/p>\n      \n        <\/div>\n<\/div><\/div>\n\n","protected":false},"excerpt":{"rendered":"","protected":false},"author":1,"featured_media":0,"parent":0,"menu_order":12,"comment_status":"closed","ping_status":"closed","template":"","meta":{"_acf_changed":false,"inline_featured_image":false,"footnotes":""},"class_list":["post-12993","page","type-page","status-publish","hentry"],"acf":[],"yoast_head":"<!-- This site is optimized with the Yoast SEO plugin v27.3 - https:\/\/yoast.com\/product\/yoast-seo-wordpress\/ -->\n<title>\u00c0 propos de nous - Wilhelm Hundt GmbH<\/title>\n<meta name=\"robots\" content=\"index, follow, max-snippet:-1, max-image-preview:large, max-video-preview:-1\" \/>\n<link rel=\"canonical\" href=\"https:\/\/hundtgroup.com\/fr\/a-propos-de-nous\/\" \/>\n<meta property=\"og:locale\" content=\"fr_FR\" \/>\n<meta property=\"og:type\" content=\"article\" \/>\n<meta property=\"og:title\" content=\"\u00c0 propos de nous - Wilhelm Hundt GmbH\" \/>\n<meta property=\"og:url\" content=\"https:\/\/hundtgroup.com\/fr\/a-propos-de-nous\/\" \/>\n<meta property=\"og:site_name\" content=\"Wilhelm Hundt GmbH\" \/>\n<meta property=\"article:modified_time\" content=\"2025-06-26T10:07:32+00:00\" \/>\n<meta name=\"twitter:card\" content=\"summary_large_image\" \/>\n<meta name=\"twitter:label1\" content=\"Dur\u00e9e de lecture estim\u00e9e\" \/>\n\t<meta name=\"twitter:data1\" content=\"17 minutes\" \/>\n<script type=\"application\/ld+json\" class=\"yoast-schema-graph\">{\"@context\":\"https:\\\/\\\/schema.org\",\"@graph\":[{\"@type\":\"WebPage\",\"@id\":\"https:\\\/\\\/hundtgroup.com\\\/fr\\\/a-propos-de-nous\\\/\",\"url\":\"https:\\\/\\\/hundtgroup.com\\\/fr\\\/a-propos-de-nous\\\/\",\"name\":\"\u00c0 propos de nous - Wilhelm Hundt GmbH\",\"isPartOf\":{\"@id\":\"https:\\\/\\\/hundtgroup.com\\\/fr\\\/#website\"},\"datePublished\":\"2022-01-12T11:31:26+00:00\",\"dateModified\":\"2025-06-26T10:07:32+00:00\",\"breadcrumb\":{\"@id\":\"https:\\\/\\\/hundtgroup.com\\\/fr\\\/a-propos-de-nous\\\/#breadcrumb\"},\"inLanguage\":\"fr-FR\",\"potentialAction\":[{\"@type\":\"ReadAction\",\"target\":[\"https:\\\/\\\/hundtgroup.com\\\/fr\\\/a-propos-de-nous\\\/\"]}]},{\"@type\":\"BreadcrumbList\",\"@id\":\"https:\\\/\\\/hundtgroup.com\\\/fr\\\/a-propos-de-nous\\\/#breadcrumb\",\"itemListElement\":[{\"@type\":\"ListItem\",\"position\":1,\"name\":\"Startseite\",\"item\":\"https:\\\/\\\/hundtgroup.com\\\/fr\\\/accueil-nouveau\\\/\"},{\"@type\":\"ListItem\",\"position\":2,\"name\":\"\u00c0 propos de nous\"}]},{\"@type\":\"WebSite\",\"@id\":\"https:\\\/\\\/hundtgroup.com\\\/fr\\\/#website\",\"url\":\"https:\\\/\\\/hundtgroup.com\\\/fr\\\/\",\"name\":\"Wilhelm Hundt GmbH\",\"description\":\"Votre sp\u00e9cialiste en machines et outils pour le travail de la t\u00f4le\",\"potentialAction\":[{\"@type\":\"SearchAction\",\"target\":{\"@type\":\"EntryPoint\",\"urlTemplate\":\"https:\\\/\\\/hundtgroup.com\\\/fr\\\/?s={search_term_string}\"},\"query-input\":{\"@type\":\"PropertyValueSpecification\",\"valueRequired\":true,\"valueName\":\"search_term_string\"}}],\"inLanguage\":\"fr-FR\"}]}<\/script>\n<!-- \/ Yoast SEO plugin. -->","yoast_head_json":{"title":"\u00c0 propos de nous - Wilhelm Hundt GmbH","robots":{"index":"index","follow":"follow","max-snippet":"max-snippet:-1","max-image-preview":"max-image-preview:large","max-video-preview":"max-video-preview:-1"},"canonical":"https:\/\/hundtgroup.com\/fr\/a-propos-de-nous\/","og_locale":"fr_FR","og_type":"article","og_title":"\u00c0 propos de nous - Wilhelm Hundt GmbH","og_url":"https:\/\/hundtgroup.com\/fr\/a-propos-de-nous\/","og_site_name":"Wilhelm Hundt GmbH","article_modified_time":"2025-06-26T10:07:32+00:00","twitter_card":"summary_large_image","twitter_misc":{"Dur\u00e9e de lecture estim\u00e9e":"17 minutes"},"schema":{"@context":"https:\/\/schema.org","@graph":[{"@type":"WebPage","@id":"https:\/\/hundtgroup.com\/fr\/a-propos-de-nous\/","url":"https:\/\/hundtgroup.com\/fr\/a-propos-de-nous\/","name":"\u00c0 propos de nous - Wilhelm Hundt GmbH","isPartOf":{"@id":"https:\/\/hundtgroup.com\/fr\/#website"},"datePublished":"2022-01-12T11:31:26+00:00","dateModified":"2025-06-26T10:07:32+00:00","breadcrumb":{"@id":"https:\/\/hundtgroup.com\/fr\/a-propos-de-nous\/#breadcrumb"},"inLanguage":"fr-FR","potentialAction":[{"@type":"ReadAction","target":["https:\/\/hundtgroup.com\/fr\/a-propos-de-nous\/"]}]},{"@type":"BreadcrumbList","@id":"https:\/\/hundtgroup.com\/fr\/a-propos-de-nous\/#breadcrumb","itemListElement":[{"@type":"ListItem","position":1,"name":"Startseite","item":"https:\/\/hundtgroup.com\/fr\/accueil-nouveau\/"},{"@type":"ListItem","position":2,"name":"\u00c0 propos de nous"}]},{"@type":"WebSite","@id":"https:\/\/hundtgroup.com\/fr\/#website","url":"https:\/\/hundtgroup.com\/fr\/","name":"Wilhelm Hundt GmbH","description":"Votre sp\u00e9cialiste en machines et outils pour le travail de la t\u00f4le","potentialAction":[{"@type":"SearchAction","target":{"@type":"EntryPoint","urlTemplate":"https:\/\/hundtgroup.com\/fr\/?s={search_term_string}"},"query-input":{"@type":"PropertyValueSpecification","valueRequired":true,"valueName":"search_term_string"}}],"inLanguage":"fr-FR"}]}},"_links":{"self":[{"href":"https:\/\/hundtgroup.com\/fr\/wp-json\/wp\/v2\/pages\/12993","targetHints":{"allow":["GET"]}}],"collection":[{"href":"https:\/\/hundtgroup.com\/fr\/wp-json\/wp\/v2\/pages"}],"about":[{"href":"https:\/\/hundtgroup.com\/fr\/wp-json\/wp\/v2\/types\/page"}],"author":[{"embeddable":true,"href":"https:\/\/hundtgroup.com\/fr\/wp-json\/wp\/v2\/users\/1"}],"replies":[{"embeddable":true,"href":"https:\/\/hundtgroup.com\/fr\/wp-json\/wp\/v2\/comments?post=12993"}],"version-history":[{"count":0,"href":"https:\/\/hundtgroup.com\/fr\/wp-json\/wp\/v2\/pages\/12993\/revisions"}],"wp:attachment":[{"href":"https:\/\/hundtgroup.com\/fr\/wp-json\/wp\/v2\/media?parent=12993"}],"curies":[{"name":"wp","href":"https:\/\/api.w.org\/{rel}","templated":true}]}}