{"id":13324,"date":"2022-02-24T12:24:11","date_gmt":"2022-02-24T11:24:11","guid":{"rendered":"https:\/\/hundtgroup.com\/machines\/machines-de-location\/"},"modified":"2025-06-26T12:09:15","modified_gmt":"2025-06-26T10:09:15","slug":"machines-de-location","status":"publish","type":"page","link":"https:\/\/hundtgroup.com\/fr\/machines\/machines-de-location\/","title":{"rendered":"Machines de location"},"content":{"rendered":"<div id='av_section_1'  class='avia-section av-7bn0d-17b78a272662adff985497e17d81d756 main_color avia-section-default avia-no-border-styling  avia-builder-el-0  el_before_av_section  avia-builder-el-first  avia-bg-style-scroll container_wrap fullsize'  ><div class='container av-section-cont-open' ><main  role=\"main\" itemprop=\"mainContentOfPage\"  class='template-page content  av-content-full alpha units'><div class='post-entry post-entry-type-page post-entry-13324'><div class='entry-content-wrapper clearfix'>\n<div  class='flex_column av-kyk6gt5k-9d0099d3f3779a4db06fc9841bbbb0d1 av_one_full  avia-builder-el-1  avia-builder-el-no-sibling  max-width-three-fourth first flex_column_div  '     ><section  class='av_textblock_section av-kyk6gmar-7a9f00acd0e49d158645bb77353e0c7e '   itemscope=\"itemscope\" itemtype=\"https:\/\/schema.org\/CreativeWork\" ><div class='avia_textblock'  itemprop=\"text\" ><p>Vous avez temporairement besoin de machines de pointe \u00e0 des conditions attractives ? Nous vous proposons un large choix de machines modernes et de haute qualit\u00e9 \u00e0 des conditions de location flexibles. Les machines sont bien entendu en parfait \u00e9tat et pr\u00eates \u00e0 l&#8217;emploi.<\/p>\n<\/div><\/section><\/div>\n\n<\/div><\/div><\/main><!-- close content main element --><\/div><\/div>\n<style type=\"text\/css\" data-created_by=\"avia_inline_auto\" id=\"style-css-av-1scpi5-e0736b0fd4e00d8903eee1a54c6964fa\">\n.avia-section.av-1scpi5-e0736b0fd4e00d8903eee1a54c6964fa{\nbackground-repeat:no-repeat;\nbackground-image:url(https:\/\/hundtgroup.com\/wp-content\/uploads\/hundt_background_metall.jpg);\nbackground-position:50% 50%;\nbackground-attachment:scroll;\n}\n<\/style>\n<div id='av_section_2'  class='avia-section av-1scpi5-e0736b0fd4e00d8903eee1a54c6964fa main_color avia-section-default avia-no-border-styling  avia-builder-el-3  el_after_av_section  el_before_av_postcontent  avia-full-stretch avia-bg-style-scroll container_wrap fullsize'  data-section-bg-repeat='stretch'><div class='container av-section-cont-open' ><div class='template-page content  av-content-full alpha units'><div class='post-entry post-entry-type-page post-entry-13324'><div class='entry-content-wrapper clearfix'>\n<div  class='flex_column av-1kewx9-9b446cbdd19fb3007315b1116fcfa8a6 av_one_full  avia-builder-el-4  el_before_av_one_fourth  avia-builder-el-first  first flex_column_div  '     ><p><div class=\"pxl-headline pxl-hl hl-wrap | hl-sub--top hl--align-left hl--big-margin   \">\n    <div class=\"hl-inner\">\n            <h2 class=\"hl-main hl-line |  hl_main--default  \"><span>Louer<\/span> plut\u00f4t qu\u2019acheter !<\/h2>\n            <div class=\"overline darkgrey\">\n              <span class=\"hl-sub hl-line |  hl_sub--default  \">Une qualit\u00e9 \u00e9prouv\u00e9e<\/span>\n              <span class=\"overline-slant\"><\/span>\n            <\/div>\n    <\/div>\n<\/div>\n<br \/>\n<section  class='av_textblock_section av-kyk6hqgv-e1d87dbb94aca9f365ba45769672003e '   itemscope=\"itemscope\" itemtype=\"https:\/\/schema.org\/CreativeWork\" ><div class='avia_textblock'  itemprop=\"text\" ><p class=\"MsoNormal\">Outre l&rsquo;achat, nous proposons \u00e9galement la location de nos machines d&rsquo;isolation.<br \/>\nLa gamme de machines de location comprend principalement :<\/p>\n<\/div><\/section><\/p><\/div><div  class='flex_column av-fwe7ap-28a63c19a2e2c4a3c2a5b1b6e850b222 av_one_fourth  avia-builder-el-7  el_after_av_one_full  el_before_av_one_fourth  first flex_column_div  column-top-margin'     ><div class=\"product-category-wrap  has-image bg-green avia-link-column av-column-link\" >\n\n    \n    \n    <div class=\"product-category-content\">\n\n            <div class=\"pxl-headline pxl-hl hl-wrap | hl--align-left hl--no-margin\">\n        <div class=\"hl-inner\">\n          <h3 class=\"hl-main hl-line |  hl_main--default\">Machines \u00e0 moulurer\/\u00e0 border<\/h3>\n        <\/div>\n      <\/div>\n      \n            <p>Manuel ou \u00e9lectrique<\/p>\n      \n    \n    <\/div>\n<\/div><\/div><div  class='flex_column av-dqnuk1-face12b6ea5ae5fdb29f55d1b8452b73 av_one_fourth  avia-builder-el-9  el_after_av_one_fourth  el_before_av_one_fourth  flex_column_div  column-top-margin'     ><div class=\"product-category-wrap  has-image bg-green avia-link-column av-column-link\" >\n\n    \n    \n    <div class=\"product-category-content\">\n\n            <div class=\"pxl-headline pxl-hl hl-wrap | hl--align-left hl--no-margin\">\n        <div class=\"hl-inner\">\n          <h3 class=\"hl-main hl-line |  hl_main--default\">Cintreuses<\/h3>\n        <\/div>\n      <\/div>\n      \n            <p>Manuel ou \u00e9lectrique<\/p>\n      \n    \n    <\/div>\n<\/div><\/div><div  class='flex_column av-b0w1ld-fd31b8eab71bc34885caf4b2f2471ac4 av_one_fourth  avia-builder-el-11  el_after_av_one_fourth  el_before_av_one_fourth  flex_column_div  column-top-margin'     ><div class=\"product-category-wrap  has-image bg-green avia-link-column av-column-link\" >\n\n    \n    \n    <div class=\"product-category-content\">\n\n            <div class=\"pxl-headline pxl-hl hl-wrap | hl--align-left hl--no-margin\">\n        <div class=\"hl-inner\">\n          <h3 class=\"hl-main hl-line |  hl_main--default\">Cisailles guillotines<\/h3>\n        <\/div>\n      <\/div>\n      \n            <p>Manuel<\/p>\n      \n    \n    <\/div>\n<\/div><\/div><div  class='flex_column av-70i7oh-3e452e174a033e7c4b02a4c5136461e9 av_one_fourth  avia-builder-el-13  el_after_av_one_fourth  el_before_av_one_fourth  flex_column_div  column-top-margin'     ><div class=\"product-category-wrap  has-image bg-green avia-link-column av-column-link\" >\n\n    \n    \n    <div class=\"product-category-content\">\n\n            <div class=\"pxl-headline pxl-hl hl-wrap | hl--align-left hl--no-margin\">\n        <div class=\"hl-inner\">\n          <h3 class=\"hl-main hl-line |  hl_main--default\">Machines \u00e0 cintrer<\/h3>\n        <\/div>\n      <\/div>\n      \n            <p>Manuel<\/p>\n      \n    \n    <\/div>\n<\/div><\/div><div  class='flex_column av-4okqj5-45491cdc86f5ae4ae222d5483c1bc13c av_one_fourth  avia-builder-el-15  el_after_av_one_fourth  avia-builder-el-last  first flex_column_div  column-top-margin'     ><div class=\"product-category-wrap  has-image bg-green avia-link-column av-column-link\" >\n\n    \n    \n    <div class=\"product-category-content\">\n\n            <div class=\"pxl-headline pxl-hl hl-wrap | hl--align-left hl--no-margin\">\n        <div class=\"hl-inner\">\n          <h3 class=\"hl-main hl-line |  hl_main--default\">Appareils de soudage<\/h3>\n        <\/div>\n      <\/div>\n      \n            <p>et les soudeuses \u00e0 goupilles<\/p>\n      \n    \n    <\/div>\n<\/div><\/div>[av_section min_height='' min_height_pc='25' min_height_px='500px' padding='default' custom_margin='0px' custom_margin_sync='true' svg_div_top='' svg_div_top_color='#333333' svg_div_top_width='100' svg_div_top_height='50' svg_div_top_max_height='none' svg_div_top_opacity='' svg_div_bottom='' svg_div_bottom_color='#333333' svg_div_bottom_width='100' svg_div_bottom_height='50' svg_div_bottom_max_height='none' svg_div_bottom_opacity='' color='alternate_color' background='bg_color' custom_bg='' background_gradient_direction='vertical' background_gradient_color1='#000000' background_gradient_color2='#ffffff' background_gradient_color3='' src='' attachment='' attachment_size='' attach='scroll' position='top left' repeat='no-repeat' video='' video_ratio='16:9' overlay_opacity='0.5' overlay_color='' overlay_pattern='' overlay_custom_pattern='' shadow='no-border-styling' bottom_border='no-border-styling' bottom_border_diagonal_color='#333333' bottom_border_diagonal_direction='' bottom_border_style='' custom_arrow_bg='' id='' custom_class='' template_class='' aria_label='' av_element_hidden_in_editor='0' av_uid='av-1ypnr' sc_version='1.0']\n\n[av_one_full first min_height='' vertical_alignment='av-align-top' space='' row_boxshadow='' row_boxshadow_color='' row_boxshadow_width='10' custom_margin='' margin='0px' mobile_breaking='' mobile_column_order='' min_col_height='' padding='' svg_div_top='' svg_div_top_color='#333333' svg_div_top_width='100' svg_div_top_height='50' svg_div_top_max_height='none' svg_div_top_flip='' svg_div_top_invert='' svg_div_top_front='' svg_div_top_opacity='' svg_div_top_preview='' svg_div_bottom='' svg_div_bottom_color='#333333' svg_div_bottom_width='100' svg_div_bottom_height='50' svg_div_bottom_max_height='none' svg_div_bottom_flip='' svg_div_bottom_invert='' svg_div_bottom_front='' svg_div_bottom_opacity='' svg_div_bottom_preview='' border='' border_style='solid' border_color='' radius='' column_boxshadow='' column_boxshadow_color='' column_boxshadow_width='10' background='bg_color' background_color='' background_gradient_direction='vertical' background_gradient_color1='#000000' background_gradient_color2='#ffffff' background_gradient_color3='' src='' background_position='top left' background_repeat='no-repeat' highlight='' highlight_size='' animation='' link='' linktarget='' link_hover='' title_attr='' alt_attr='' mobile_display='' mobile_col_pos='0' id='' custom_class='' template_class='' aria_label='' av_uid='av-yfkb' sc_version='1.0']\n\n[pixel_sc_headline hl_main='Nous nous ferons un plaisir de vous <span>faire une offre !<\/span>' hl_main_tag='h2' hl_sub_check='top' hl_sub='Votre contact avec nous' hl_sub_bg='grey' hl_sub_tag='span' align='left' hl_main_alias='default' hl_main_class='' hl_sub_alias='default' hl_sub_class='' hl_margin='hl--no-margin' hl_link='' hl_target='' custom_class='' template_class='' av_uid='av-kybixar1' sc_version='1.0']\n\n[\/av_one_full][av_one_third first min_height='' vertical_alignment='av-align-top' space='' row_boxshadow_color='' row_boxshadow_width='10' margin='0px' margin_sync='true' mobile_breaking='' mobile_column_order='' min_col_height='' padding='' padding_sync='true' svg_div_top='' svg_div_top_color='#333333' svg_div_top_width='100' svg_div_top_height='50' svg_div_top_max_height='none' svg_div_top_opacity='' svg_div_bottom='' svg_div_bottom_color='#333333' svg_div_bottom_width='100' svg_div_bottom_height='50' svg_div_bottom_max_height='none' svg_div_bottom_opacity='' border='' border_style='solid' border_color='' radius='' radius_sync='true' column_boxshadow_color='' column_boxshadow_width='10' background='bg_color' background_color='' background_gradient_direction='vertical' background_gradient_color1='#000000' background_gradient_color2='#ffffff' background_gradient_color3='' src='' attachment='' attachment_size='' background_position='top left' background_repeat='no-repeat' highlight_size='1.1' animation='' link='' linktarget='' link_hover='' title_attr='' alt_attr='' mobile_display='' mobile_col_pos='0' id='' custom_class='cf-infobox' template_class='' aria_label='' av_uid='av-1fbz3' sc_version='1.0']\n\n[av_textblock textblock_styling_align='' textblock_styling='' textblock_styling_gap='' textblock_styling_mobile='' size='' av-medium-font-size='' av-small-font-size='' av-mini-font-size='' font_color='' color='' id='' custom_class='' template_class='' av_uid='av-kybn8262' sc_version='1.0' admin_preview_bg='']\n<h4>Wilhelm Hundt GmbH<\/h4>\nSchwabhausen 25, 42349 Wuppertal\n\n<strong>T\u00e9l :<\/strong> <a href=\"tel:0202%20430448-0\">+49 202 430448-0<\/a>\n<strong>T\u00e9l\u00e9copieur :<\/strong> +49 202 430448-20\n<a href=\"mailto:info@hundt.de\">info@hundt.de<\/a>\n\n<strong>Heures de bureau<\/strong>\nLundi-jeudi 7h-17h\nVendredi 7h-14h\n[\/av_textblock]\n\n[av_social_share title='' buttons='custom' btn_action='profile' share_facebook='aviaTBshare_facebook' share_linkedin='aviaTBshare_linkedin' yelp_link='https:\/\/www.yelp.com' facebook_profile='https:\/\/de-de.facebook.com\/WilhelmHundtGmbH\/' twitter_profile='' whatsapp_profile='' pinterest_profile='' reddit_profile='' linkedin_profile='https:\/\/de.linkedin.com\/company\/wilhelm-hundt-gmbh?trk=public_profile_experience-item_profile-section-card_subtitle-click' tumblr_profile='' vk_profile='' mail_profile='' yelp_profile='' five_100_px_profile='' behance_profile='' dribbble_profile='' flickr_profile='' instagram_profile='' skype_profile='' soundcloud_profile='' vimeo_profile='' xing_profile='' youtube_profile='' style='av-social-sharing-box-circle' alignment='' alb_description='' id='' custom_class='' template_class='' av_uid='av-kznw6i99' sc_version='1.0' admin_preview_bg='']\n\n[\/av_one_third][av_two_third min_height='' vertical_alignment='av-align-top' space='' row_boxshadow_color='' row_boxshadow_width='10' margin='0px' margin_sync='true' mobile_breaking='' mobile_column_order='' min_col_height='' padding='' padding_sync='true' svg_div_top='' svg_div_top_color='#333333' svg_div_top_width='100' svg_div_top_height='50' svg_div_top_max_height='none' svg_div_top_opacity='' svg_div_bottom='' svg_div_bottom_color='#333333' svg_div_bottom_width='100' svg_div_bottom_height='50' svg_div_bottom_max_height='none' svg_div_bottom_opacity='' border='' border_style='solid' border_color='' radius='' radius_sync='true' column_boxshadow_color='' column_boxshadow_width='10' background='bg_color' background_color='' background_gradient_direction='vertical' background_gradient_color1='#000000' background_gradient_color2='#ffffff' background_gradient_color3='' src='' attachment='' attachment_size='' background_position='top left' background_repeat='no-repeat' highlight_size='1.1' animation='' link='' linktarget='' link_hover='' title_attr='' alt_attr='' mobile_display='' mobile_col_pos='0' id='' custom_class='cf-form' template_class='' aria_label='' av_uid='av-qx6z' sc_version='1.0']\n\n[av_codeblock wrapper_element='' wrapper_element_attributes='' codeblock_type='' alb_description='' id='' custom_class='' template_class='' av_uid='av-kybiq5f2' sc_version='1.0']\n[contact-form-7 id=\"434\" title=\"Kontakt-Formular\"]\n[\/av_codeblock]\n\n[\/av_two_third][\/av_section]<\/p>\n","protected":false},"excerpt":{"rendered":"","protected":false},"author":1,"featured_media":0,"parent":12525,"menu_order":9,"comment_status":"closed","ping_status":"closed","template":"","meta":{"_acf_changed":false,"inline_featured_image":false,"footnotes":""},"class_list":["post-13324","page","type-page","status-publish","hentry"],"acf":[],"yoast_head":"<!-- This site is optimized with the Yoast SEO plugin v27.3 - https:\/\/yoast.com\/product\/yoast-seo-wordpress\/ -->\n<title>Des machines de haute qualit\u00e9 \u00e0 des prix de location avantageux | Hundt<\/title>\n<meta name=\"description\" content=\"Louez des machines de qualit\u00e9 des plus grandes marques \u00e0 des prix attractifs. Parcourez et r\u00e9servez en ligne d\u00e8s maintenant.\" \/>\n<meta name=\"robots\" content=\"index, follow, max-snippet:-1, max-image-preview:large, max-video-preview:-1\" \/>\n<link rel=\"canonical\" href=\"https:\/\/hundtgroup.com\/fr\/machines\/machines-de-location\/\" \/>\n<meta property=\"og:locale\" content=\"fr_FR\" \/>\n<meta property=\"og:type\" content=\"article\" \/>\n<meta property=\"og:title\" content=\"Des machines de haute qualit\u00e9 \u00e0 des prix de location avantageux | Hundt\" \/>\n<meta property=\"og:description\" content=\"Louez des machines de qualit\u00e9 des plus grandes marques \u00e0 des prix attractifs. Parcourez et r\u00e9servez en ligne d\u00e8s maintenant.\" \/>\n<meta property=\"og:url\" content=\"https:\/\/hundtgroup.com\/fr\/machines\/machines-de-location\/\" \/>\n<meta property=\"og:site_name\" content=\"Wilhelm Hundt GmbH\" \/>\n<meta property=\"article:modified_time\" content=\"2025-06-26T10:09:15+00:00\" \/>\n<meta name=\"twitter:card\" content=\"summary_large_image\" \/>\n<meta name=\"twitter:label1\" content=\"Dur\u00e9e de lecture estim\u00e9e\" \/>\n\t<meta name=\"twitter:data1\" content=\"13 minutes\" \/>\n<script type=\"application\/ld+json\" class=\"yoast-schema-graph\">{\"@context\":\"https:\\\/\\\/schema.org\",\"@graph\":[{\"@type\":\"WebPage\",\"@id\":\"https:\\\/\\\/hundtgroup.com\\\/fr\\\/machines\\\/machines-de-location\\\/\",\"url\":\"https:\\\/\\\/hundtgroup.com\\\/fr\\\/machines\\\/machines-de-location\\\/\",\"name\":\"Des machines de haute qualit\u00e9 \u00e0 des prix de location avantageux | Hundt\",\"isPartOf\":{\"@id\":\"https:\\\/\\\/hundtgroup.com\\\/fr\\\/#website\"},\"datePublished\":\"2022-02-24T11:24:11+00:00\",\"dateModified\":\"2025-06-26T10:09:15+00:00\",\"description\":\"Louez des machines de qualit\u00e9 des plus grandes marques \u00e0 des prix attractifs. Parcourez et r\u00e9servez en ligne d\u00e8s maintenant.\",\"breadcrumb\":{\"@id\":\"https:\\\/\\\/hundtgroup.com\\\/fr\\\/machines\\\/machines-de-location\\\/#breadcrumb\"},\"inLanguage\":\"fr-FR\",\"potentialAction\":[{\"@type\":\"ReadAction\",\"target\":[\"https:\\\/\\\/hundtgroup.com\\\/fr\\\/machines\\\/machines-de-location\\\/\"]}]},{\"@type\":\"BreadcrumbList\",\"@id\":\"https:\\\/\\\/hundtgroup.com\\\/fr\\\/machines\\\/machines-de-location\\\/#breadcrumb\",\"itemListElement\":[{\"@type\":\"ListItem\",\"position\":1,\"name\":\"Startseite\",\"item\":\"https:\\\/\\\/hundtgroup.com\\\/fr\\\/accueil-nouveau\\\/\"},{\"@type\":\"ListItem\",\"position\":2,\"name\":\"Machines\",\"item\":\"https:\\\/\\\/hundtgroup.com\\\/fr\\\/machines\\\/\"},{\"@type\":\"ListItem\",\"position\":3,\"name\":\"Machines de location\"}]},{\"@type\":\"WebSite\",\"@id\":\"https:\\\/\\\/hundtgroup.com\\\/fr\\\/#website\",\"url\":\"https:\\\/\\\/hundtgroup.com\\\/fr\\\/\",\"name\":\"Wilhelm Hundt GmbH\",\"description\":\"Votre sp\u00e9cialiste en machines et outils pour le travail de la t\u00f4le\",\"potentialAction\":[{\"@type\":\"SearchAction\",\"target\":{\"@type\":\"EntryPoint\",\"urlTemplate\":\"https:\\\/\\\/hundtgroup.com\\\/fr\\\/?s={search_term_string}\"},\"query-input\":{\"@type\":\"PropertyValueSpecification\",\"valueRequired\":true,\"valueName\":\"search_term_string\"}}],\"inLanguage\":\"fr-FR\"}]}<\/script>\n<!-- \/ Yoast SEO plugin. -->","yoast_head_json":{"title":"Des machines de haute qualit\u00e9 \u00e0 des prix de location avantageux | Hundt","description":"Louez des machines de qualit\u00e9 des plus grandes marques \u00e0 des prix attractifs. Parcourez et r\u00e9servez en ligne d\u00e8s maintenant.","robots":{"index":"index","follow":"follow","max-snippet":"max-snippet:-1","max-image-preview":"max-image-preview:large","max-video-preview":"max-video-preview:-1"},"canonical":"https:\/\/hundtgroup.com\/fr\/machines\/machines-de-location\/","og_locale":"fr_FR","og_type":"article","og_title":"Des machines de haute qualit\u00e9 \u00e0 des prix de location avantageux | Hundt","og_description":"Louez des machines de qualit\u00e9 des plus grandes marques \u00e0 des prix attractifs. Parcourez et r\u00e9servez en ligne d\u00e8s maintenant.","og_url":"https:\/\/hundtgroup.com\/fr\/machines\/machines-de-location\/","og_site_name":"Wilhelm Hundt GmbH","article_modified_time":"2025-06-26T10:09:15+00:00","twitter_card":"summary_large_image","twitter_misc":{"Dur\u00e9e de lecture estim\u00e9e":"13 minutes"},"schema":{"@context":"https:\/\/schema.org","@graph":[{"@type":"WebPage","@id":"https:\/\/hundtgroup.com\/fr\/machines\/machines-de-location\/","url":"https:\/\/hundtgroup.com\/fr\/machines\/machines-de-location\/","name":"Des machines de haute qualit\u00e9 \u00e0 des prix de location avantageux | Hundt","isPartOf":{"@id":"https:\/\/hundtgroup.com\/fr\/#website"},"datePublished":"2022-02-24T11:24:11+00:00","dateModified":"2025-06-26T10:09:15+00:00","description":"Louez des machines de qualit\u00e9 des plus grandes marques \u00e0 des prix attractifs. Parcourez et r\u00e9servez en ligne d\u00e8s maintenant.","breadcrumb":{"@id":"https:\/\/hundtgroup.com\/fr\/machines\/machines-de-location\/#breadcrumb"},"inLanguage":"fr-FR","potentialAction":[{"@type":"ReadAction","target":["https:\/\/hundtgroup.com\/fr\/machines\/machines-de-location\/"]}]},{"@type":"BreadcrumbList","@id":"https:\/\/hundtgroup.com\/fr\/machines\/machines-de-location\/#breadcrumb","itemListElement":[{"@type":"ListItem","position":1,"name":"Startseite","item":"https:\/\/hundtgroup.com\/fr\/accueil-nouveau\/"},{"@type":"ListItem","position":2,"name":"Machines","item":"https:\/\/hundtgroup.com\/fr\/machines\/"},{"@type":"ListItem","position":3,"name":"Machines de location"}]},{"@type":"WebSite","@id":"https:\/\/hundtgroup.com\/fr\/#website","url":"https:\/\/hundtgroup.com\/fr\/","name":"Wilhelm Hundt GmbH","description":"Votre sp\u00e9cialiste en machines et outils pour le travail de la t\u00f4le","potentialAction":[{"@type":"SearchAction","target":{"@type":"EntryPoint","urlTemplate":"https:\/\/hundtgroup.com\/fr\/?s={search_term_string}"},"query-input":{"@type":"PropertyValueSpecification","valueRequired":true,"valueName":"search_term_string"}}],"inLanguage":"fr-FR"}]}},"_links":{"self":[{"href":"https:\/\/hundtgroup.com\/fr\/wp-json\/wp\/v2\/pages\/13324","targetHints":{"allow":["GET"]}}],"collection":[{"href":"https:\/\/hundtgroup.com\/fr\/wp-json\/wp\/v2\/pages"}],"about":[{"href":"https:\/\/hundtgroup.com\/fr\/wp-json\/wp\/v2\/types\/page"}],"author":[{"embeddable":true,"href":"https:\/\/hundtgroup.com\/fr\/wp-json\/wp\/v2\/users\/1"}],"replies":[{"embeddable":true,"href":"https:\/\/hundtgroup.com\/fr\/wp-json\/wp\/v2\/comments?post=13324"}],"version-history":[{"count":0,"href":"https:\/\/hundtgroup.com\/fr\/wp-json\/wp\/v2\/pages\/13324\/revisions"}],"up":[{"embeddable":true,"href":"https:\/\/hundtgroup.com\/fr\/wp-json\/wp\/v2\/pages\/12525"}],"wp:attachment":[{"href":"https:\/\/hundtgroup.com\/fr\/wp-json\/wp\/v2\/media?parent=13324"}],"curies":[{"name":"wp","href":"https:\/\/api.w.org\/{rel}","templated":true}]}}