{"id":13863,"date":"2023-02-07T15:24:12","date_gmt":"2023-02-07T14:24:12","guid":{"rendered":"https:\/\/hundtgroup.com\/boutique\/frais-dexpedition\/"},"modified":"2026-03-09T11:42:48","modified_gmt":"2026-03-09T10:42:48","slug":"frais-dexpedition","status":"publish","type":"page","link":"https:\/\/hundtgroup.com\/fr\/boutique\/frais-dexpedition\/","title":{"rendered":"Frais d&rsquo;exp\u00e9dition"},"content":{"rendered":"<div id='av_section_1'  class='avia-section av-2sl9s-ce1ce7ae9fb18ca1bfd02c768aeff783 main_color avia-section-default avia-no-border-styling  avia-builder-el-0  avia-builder-el-no-sibling  avia-bg-style-scroll container_wrap fullsize'  ><div class='container av-section-cont-open' ><main  role=\"main\" itemprop=\"mainContentOfPage\"  class='template-page content  av-content-full alpha units'><div class='post-entry post-entry-type-page post-entry-13863'><div class='entry-content-wrapper clearfix'>\n<div  class='flex_column av-26tywa-9f015e1114c31c05d4acc0e727ac11ca av_one_full  avia-builder-el-1  el_before_av_one_full  avia-builder-el-first  first flex_column_div  '     ><section  class='av_textblock_section av-ldvmfxjm-655ad1f31e3569818342aa9953ef1e2e '   itemscope=\"itemscope\" itemtype=\"https:\/\/schema.org\/CreativeWork\" ><div class='avia_textblock'  itemprop=\"text\" ><h1>Frais d&rsquo;exp\u00e9dition<\/h1>\n<\/div><\/section><\/div><div  class='flex_column av-19duk-c439aaf3e1b54d5eee86c009efbb1f82 av_one_full  avia-builder-el-3  el_after_av_one_full  avia-builder-el-last  first av-break-at-tablet flex_column_div  column-top-margin'     ><p><section  class='av_textblock_section av-lduecz4t-e72d62fd59569a5b53867a745071dca5 '   itemscope=\"itemscope\" itemtype=\"https:\/\/schema.org\/CreativeWork\" ><div class='avia_textblock'  itemprop=\"text\" ><p><span style=\"font-weight: 300; font-size: 15px;\">Frais d&rsquo;exp\u00e9dition forfaitaires 10,95 \u20ac (Allemagne)<\/span><br \/>\n<span style=\"font-weight: 300; font-size: 15px;\">Livraison gratuite \u00e0 partir de 300 \u20ac de valeur nette de la marchandise (Allemagne)<br \/>\nLivraison \u00e0 l&rsquo;\u00e9tranger, veuillez consulter la liste des frais de transport<br \/>\n<\/span><\/p>\n<\/div><\/section><br \/>\n\n<style type=\"text\/css\" data-created_by=\"avia_inline_auto\" id=\"style-css-av-ldueh37h-dd1dbf5d0a6615db5f950ebceb2f762f\">\n#top .hr.hr-invisible.av-ldueh37h-dd1dbf5d0a6615db5f950ebceb2f762f{\nheight:50px;\n}\n<\/style>\n<div  class='hr av-ldueh37h-dd1dbf5d0a6615db5f950ebceb2f762f hr-invisible  avia-builder-el-5  el_after_av_textblock  el_before_av_table '><span class='hr-inner '><span class=\"hr-inner-style\"><\/span><\/span><\/div><br \/>\n<div class='avia-data-table-wrap av-z1iwyi-ccd9a6c96cb599466d31ecd98d9d6e67 avia_responsive_table avia-table-1'><table  id=\"shipping-price-table\"  class='avia-table avia-data-table avia_pricing_default  avia-builder-el-6  el_after_av_hr  avia-builder-el-last '  itemscope=\"itemscope\" itemtype=\"https:\/\/schema.org\/Table\" ><tbody><tr class=''><td class=''>Zone A <\/td><td class=''>Allemagne<\/td><td class=''>10,95 EUR net<\/td><\/tr><tr class=''><td class=''>Zone B<\/td><td class=''>(Belgique, Danemark, Luxembourg, Pays-Bas, R\u00e9publique tch\u00e8que, Autriche, Finlande et Su\u00e8de).<\/td><td class=''>28,95 EUR net<\/td><\/tr><tr class=''><td class=''>Zone C<\/td><td class=''>Autriche, Croatie, Finlande, France, Italie, Pologne, R\u00e9publique slovaque, Slov\u00e9nie, Su\u00e8de<\/td><td class=''>32,95 EUR net<\/td><\/tr><tr class=''><td class=''>Zone D<\/td><td class=''>Gr\u00e8ce, Irlande, Irlande du Nord, Portugal, Espagne, Bulgarie, Estonie, Lettonie, Lituanie, Roumanie, Hongrie<\/td><td class=''>37,95 EUR net<\/td><\/tr><tr class=''><td class=''>Zone E<\/td><td class=''>Norv\u00e8ge, Suisse et Angleterre<\/td><td class=''>49,95 EUR net<\/td><\/tr><\/tbody><\/table><\/div><\/p><\/div>\n","protected":false},"excerpt":{"rendered":"","protected":false},"author":2,"featured_media":0,"parent":13346,"menu_order":6,"comment_status":"closed","ping_status":"closed","template":"","meta":{"_acf_changed":false,"inline_featured_image":false,"footnotes":""},"class_list":["post-13863","page","type-page","status-publish","hentry"],"acf":[],"yoast_head":"<!-- This site is optimized with the Yoast SEO plugin v27.3 - https:\/\/yoast.com\/product\/yoast-seo-wordpress\/ -->\n<title>Frais de livraison | Wilhelm Hundt GmbH<\/title>\n<meta name=\"description\" content=\"Wilhelm Hundt GmbH : Frais d&#039;exp\u00e9dition\" \/>\n<meta name=\"robots\" content=\"index, follow, max-snippet:-1, max-image-preview:large, max-video-preview:-1\" \/>\n<link rel=\"canonical\" href=\"https:\/\/hundtgroup.com\/fr\/boutique\/frais-dexpedition\/\" \/>\n<meta property=\"og:locale\" content=\"fr_FR\" \/>\n<meta property=\"og:type\" content=\"article\" \/>\n<meta property=\"og:title\" content=\"Frais de livraison | Wilhelm Hundt GmbH\" \/>\n<meta property=\"og:description\" content=\"Wilhelm Hundt GmbH : Frais d&#039;exp\u00e9dition\" \/>\n<meta property=\"og:url\" content=\"https:\/\/hundtgroup.com\/fr\/boutique\/frais-dexpedition\/\" \/>\n<meta property=\"og:site_name\" content=\"Wilhelm Hundt GmbH\" \/>\n<meta property=\"article:modified_time\" content=\"2026-03-09T10:42:48+00:00\" \/>\n<meta name=\"twitter:card\" content=\"summary_large_image\" \/>\n<meta name=\"twitter:label1\" content=\"Dur\u00e9e de lecture estim\u00e9e\" \/>\n\t<meta name=\"twitter:data1\" content=\"8 minutes\" \/>\n<script type=\"application\/ld+json\" class=\"yoast-schema-graph\">{\"@context\":\"https:\\\/\\\/schema.org\",\"@graph\":[{\"@type\":\"WebPage\",\"@id\":\"https:\\\/\\\/hundtgroup.com\\\/fr\\\/boutique\\\/frais-dexpedition\\\/\",\"url\":\"https:\\\/\\\/hundtgroup.com\\\/fr\\\/boutique\\\/frais-dexpedition\\\/\",\"name\":\"Frais de livraison | Wilhelm Hundt GmbH\",\"isPartOf\":{\"@id\":\"https:\\\/\\\/hundtgroup.com\\\/fr\\\/#website\"},\"datePublished\":\"2023-02-07T14:24:12+00:00\",\"dateModified\":\"2026-03-09T10:42:48+00:00\",\"description\":\"Wilhelm Hundt GmbH : Frais d'exp\u00e9dition\",\"breadcrumb\":{\"@id\":\"https:\\\/\\\/hundtgroup.com\\\/fr\\\/boutique\\\/frais-dexpedition\\\/#breadcrumb\"},\"inLanguage\":\"fr-FR\",\"potentialAction\":[{\"@type\":\"ReadAction\",\"target\":[\"https:\\\/\\\/hundtgroup.com\\\/fr\\\/boutique\\\/frais-dexpedition\\\/\"]}]},{\"@type\":\"BreadcrumbList\",\"@id\":\"https:\\\/\\\/hundtgroup.com\\\/fr\\\/boutique\\\/frais-dexpedition\\\/#breadcrumb\",\"itemListElement\":[{\"@type\":\"ListItem\",\"position\":1,\"name\":\"Startseite\",\"item\":\"https:\\\/\\\/hundtgroup.com\\\/fr\\\/accueil-nouveau\\\/\"},{\"@type\":\"ListItem\",\"position\":2,\"name\":\"Boutique\",\"item\":\"https:\\\/\\\/hundtgroup.com\\\/fr\\\/boutique\\\/\"},{\"@type\":\"ListItem\",\"position\":3,\"name\":\"Frais d&#8217;exp\u00e9dition\"}]},{\"@type\":\"WebSite\",\"@id\":\"https:\\\/\\\/hundtgroup.com\\\/fr\\\/#website\",\"url\":\"https:\\\/\\\/hundtgroup.com\\\/fr\\\/\",\"name\":\"Wilhelm Hundt GmbH\",\"description\":\"Votre sp\u00e9cialiste en machines et outils pour le travail de la t\u00f4le\",\"potentialAction\":[{\"@type\":\"SearchAction\",\"target\":{\"@type\":\"EntryPoint\",\"urlTemplate\":\"https:\\\/\\\/hundtgroup.com\\\/fr\\\/?s={search_term_string}\"},\"query-input\":{\"@type\":\"PropertyValueSpecification\",\"valueRequired\":true,\"valueName\":\"search_term_string\"}}],\"inLanguage\":\"fr-FR\"}]}<\/script>\n<!-- \/ Yoast SEO plugin. -->","yoast_head_json":{"title":"Frais de livraison | Wilhelm Hundt GmbH","description":"Wilhelm Hundt GmbH : Frais d'exp\u00e9dition","robots":{"index":"index","follow":"follow","max-snippet":"max-snippet:-1","max-image-preview":"max-image-preview:large","max-video-preview":"max-video-preview:-1"},"canonical":"https:\/\/hundtgroup.com\/fr\/boutique\/frais-dexpedition\/","og_locale":"fr_FR","og_type":"article","og_title":"Frais de livraison | Wilhelm Hundt GmbH","og_description":"Wilhelm Hundt GmbH : Frais d'exp\u00e9dition","og_url":"https:\/\/hundtgroup.com\/fr\/boutique\/frais-dexpedition\/","og_site_name":"Wilhelm Hundt GmbH","article_modified_time":"2026-03-09T10:42:48+00:00","twitter_card":"summary_large_image","twitter_misc":{"Dur\u00e9e de lecture estim\u00e9e":"8 minutes"},"schema":{"@context":"https:\/\/schema.org","@graph":[{"@type":"WebPage","@id":"https:\/\/hundtgroup.com\/fr\/boutique\/frais-dexpedition\/","url":"https:\/\/hundtgroup.com\/fr\/boutique\/frais-dexpedition\/","name":"Frais de livraison | Wilhelm Hundt GmbH","isPartOf":{"@id":"https:\/\/hundtgroup.com\/fr\/#website"},"datePublished":"2023-02-07T14:24:12+00:00","dateModified":"2026-03-09T10:42:48+00:00","description":"Wilhelm Hundt GmbH : Frais d'exp\u00e9dition","breadcrumb":{"@id":"https:\/\/hundtgroup.com\/fr\/boutique\/frais-dexpedition\/#breadcrumb"},"inLanguage":"fr-FR","potentialAction":[{"@type":"ReadAction","target":["https:\/\/hundtgroup.com\/fr\/boutique\/frais-dexpedition\/"]}]},{"@type":"BreadcrumbList","@id":"https:\/\/hundtgroup.com\/fr\/boutique\/frais-dexpedition\/#breadcrumb","itemListElement":[{"@type":"ListItem","position":1,"name":"Startseite","item":"https:\/\/hundtgroup.com\/fr\/accueil-nouveau\/"},{"@type":"ListItem","position":2,"name":"Boutique","item":"https:\/\/hundtgroup.com\/fr\/boutique\/"},{"@type":"ListItem","position":3,"name":"Frais d&#8217;exp\u00e9dition"}]},{"@type":"WebSite","@id":"https:\/\/hundtgroup.com\/fr\/#website","url":"https:\/\/hundtgroup.com\/fr\/","name":"Wilhelm Hundt GmbH","description":"Votre sp\u00e9cialiste en machines et outils pour le travail de la t\u00f4le","potentialAction":[{"@type":"SearchAction","target":{"@type":"EntryPoint","urlTemplate":"https:\/\/hundtgroup.com\/fr\/?s={search_term_string}"},"query-input":{"@type":"PropertyValueSpecification","valueRequired":true,"valueName":"search_term_string"}}],"inLanguage":"fr-FR"}]}},"_links":{"self":[{"href":"https:\/\/hundtgroup.com\/fr\/wp-json\/wp\/v2\/pages\/13863","targetHints":{"allow":["GET"]}}],"collection":[{"href":"https:\/\/hundtgroup.com\/fr\/wp-json\/wp\/v2\/pages"}],"about":[{"href":"https:\/\/hundtgroup.com\/fr\/wp-json\/wp\/v2\/types\/page"}],"author":[{"embeddable":true,"href":"https:\/\/hundtgroup.com\/fr\/wp-json\/wp\/v2\/users\/2"}],"replies":[{"embeddable":true,"href":"https:\/\/hundtgroup.com\/fr\/wp-json\/wp\/v2\/comments?post=13863"}],"version-history":[{"count":3,"href":"https:\/\/hundtgroup.com\/fr\/wp-json\/wp\/v2\/pages\/13863\/revisions"}],"predecessor-version":[{"id":41701,"href":"https:\/\/hundtgroup.com\/fr\/wp-json\/wp\/v2\/pages\/13863\/revisions\/41701"}],"up":[{"embeddable":true,"href":"https:\/\/hundtgroup.com\/fr\/wp-json\/wp\/v2\/pages\/13346"}],"wp:attachment":[{"href":"https:\/\/hundtgroup.com\/fr\/wp-json\/wp\/v2\/media?parent=13863"}],"curies":[{"name":"wp","href":"https:\/\/api.w.org\/{rel}","templated":true}]}}