{"id":15549,"date":"2022-08-23T15:55:42","date_gmt":"2022-08-23T13:55:42","guid":{"rendered":"https:\/\/hundtgroup.com\/produkt\/trumpf-nibleur-a-fibres-composites-trutool-fcn-250\/"},"modified":"2025-07-29T10:19:18","modified_gmt":"2025-07-29T08:19:18","slug":"trumpf-nibleur-a-fibres-composites-trutool-fcn-250","status":"publish","type":"product","link":"https:\/\/hundtgroup.com\/fr\/produkt\/trumpf-nibleur-a-fibres-composites-trutool-fcn-250\/","title":{"rendered":"TRUMPF Nibleur \u00e0 fibres composites TruTool FCN 250"},"content":{"rendered":"<p>Convient pour *CFK, GFK, AFK;thermodurcissables et thermoplastiques.<br \/>\nProc\u00e9d\u00e9 \u00e0 froid sans d\u00e9gagement de fum\u00e9e.<br \/>\nFaible formation de poussi\u00e8re.<br \/>\nPas de d\u00e9lamination ou d&rsquo;effilochage.<br \/>\n360 Changement de direction de coupe \u00e0 un degr\u00e9.<br \/>\nBo\u00eetier en aluminium moul\u00e9 sous pression pour une long\u00e9vit\u00e9 maximale.<br \/>\nTravail rapide et peu fatigant sans force d&rsquo;avance.<br \/>\nR\u00e9partition ergonomique optimale du poids de tous les composants.<br \/>\nRapidement pr\u00eat \u00e0 l&#8217;emploi sans travaux de r\u00e9glage.<br \/>\nCapacit\u00e9 de virage maximale.<br \/>\nChangement de poin\u00e7ons et de matrices sans outil.<br \/>\nCo\u00fbts d&rsquo;exploitation r\u00e9duits gr\u00e2ce \u00e0 une dur\u00e9e de vie \u00e9lev\u00e9e des outils.<\/p>\n","protected":false},"excerpt":{"rendered":"<p>Convient pour *CFK, GFK, AFK;thermodurcissables et thermoplastiques. Proc\u00e9d\u00e9 \u00e0 froid sans d\u00e9gagement de fum\u00e9e. Faible formation de poussi\u00e8re. Pas de d\u00e9lamination ou d&rsquo;effilochage. 360 Changement de direction de coupe \u00e0 un degr\u00e9. Bo\u00eetier en aluminium moul\u00e9 sous pression pour une long\u00e9vit\u00e9 maximale. Travail rapide et peu fatigant sans force d&rsquo;avance. R\u00e9partition ergonomique optimale du poids [&hellip;]<\/p>\n","protected":false},"featured_media":15551,"template":"","meta":{"_acf_changed":false,"inline_featured_image":false},"product_cat":[680,670],"product_tag":[],"class_list":{"0":"post-15549","1":"product","2":"type-product","3":"status-publish","4":"has-post-thumbnail","6":"brand-trumpf","7":"product_cat-grignoteuse","8":"product_cat-outils-electriques","10":"first","11":"instock","12":"sale","13":"taxable","14":"shipping-taxable","15":"purchasable","16":"product-type-simple","17":"add-to-wishlist-before_image"},"acf":[],"yoast_head":"<!-- This site is optimized with the Yoast SEO plugin v27.3 - https:\/\/yoast.com\/product\/yoast-seo-wordpress\/ -->\n<title>TRUMPF Nibleur \u00e0 fibres composites TruTool FCN 250 - Wilhelm Hundt GmbH<\/title>\n<meta name=\"robots\" content=\"index, follow, max-snippet:-1, max-image-preview:large, max-video-preview:-1\" \/>\n<link rel=\"canonical\" href=\"https:\/\/hundtgroup.com\/fr\/produkt\/trumpf-nibleur-a-fibres-composites-trutool-fcn-250\/\" \/>\n<meta property=\"og:locale\" content=\"fr_FR\" \/>\n<meta property=\"og:type\" content=\"article\" \/>\n<meta property=\"og:title\" content=\"TRUMPF Nibleur \u00e0 fibres composites TruTool FCN 250 - Wilhelm Hundt GmbH\" \/>\n<meta property=\"og:description\" content=\"Convient pour *CFK, GFK, AFK;thermodurcissables et thermoplastiques. Proc\u00e9d\u00e9 \u00e0 froid sans d\u00e9gagement de fum\u00e9e. Faible formation de poussi\u00e8re. Pas de d\u00e9lamination ou d&rsquo;effilochage. 360 Changement de direction de coupe \u00e0 un degr\u00e9. Bo\u00eetier en aluminium moul\u00e9 sous pression pour une long\u00e9vit\u00e9 maximale. Travail rapide et peu fatigant sans force d&rsquo;avance. R\u00e9partition ergonomique optimale du poids [&hellip;]\" \/>\n<meta property=\"og:url\" content=\"https:\/\/hundtgroup.com\/fr\/produkt\/trumpf-nibleur-a-fibres-composites-trutool-fcn-250\/\" \/>\n<meta property=\"og:site_name\" content=\"Wilhelm Hundt GmbH\" \/>\n<meta property=\"article:modified_time\" content=\"2025-07-29T08:19:18+00:00\" \/>\n<meta property=\"og:image\" content=\"https:\/\/hundtgroup.com\/wp-content\/uploads\/352250-scaled.jpg\" \/>\n\t<meta property=\"og:image:width\" content=\"2560\" \/>\n\t<meta property=\"og:image:height\" content=\"2194\" \/>\n\t<meta property=\"og:image:type\" content=\"image\/jpeg\" \/>\n<meta name=\"twitter:card\" content=\"summary_large_image\" \/>\n<meta name=\"twitter:label1\" content=\"Dur\u00e9e de lecture estim\u00e9e\" \/>\n\t<meta name=\"twitter:data1\" content=\"1 minute\" \/>\n<script type=\"application\/ld+json\" class=\"yoast-schema-graph\">{\"@context\":\"https:\\\/\\\/schema.org\",\"@graph\":[{\"@type\":\"WebPage\",\"@id\":\"https:\\\/\\\/hundtgroup.com\\\/fr\\\/produkt\\\/trumpf-nibleur-a-fibres-composites-trutool-fcn-250\\\/\",\"url\":\"https:\\\/\\\/hundtgroup.com\\\/fr\\\/produkt\\\/trumpf-nibleur-a-fibres-composites-trutool-fcn-250\\\/\",\"name\":\"TRUMPF Nibleur \u00e0 fibres composites TruTool FCN 250 - Wilhelm Hundt GmbH\",\"isPartOf\":{\"@id\":\"https:\\\/\\\/hundtgroup.com\\\/fr\\\/#website\"},\"primaryImageOfPage\":{\"@id\":\"https:\\\/\\\/hundtgroup.com\\\/fr\\\/produkt\\\/trumpf-nibleur-a-fibres-composites-trutool-fcn-250\\\/#primaryimage\"},\"image\":{\"@id\":\"https:\\\/\\\/hundtgroup.com\\\/fr\\\/produkt\\\/trumpf-nibleur-a-fibres-composites-trutool-fcn-250\\\/#primaryimage\"},\"thumbnailUrl\":\"https:\\\/\\\/hundtgroup.com\\\/wp-content\\\/uploads\\\/352250-scaled.jpg\",\"datePublished\":\"2022-08-23T13:55:42+00:00\",\"dateModified\":\"2025-07-29T08:19:18+00:00\",\"breadcrumb\":{\"@id\":\"https:\\\/\\\/hundtgroup.com\\\/fr\\\/produkt\\\/trumpf-nibleur-a-fibres-composites-trutool-fcn-250\\\/#breadcrumb\"},\"inLanguage\":\"fr-FR\",\"potentialAction\":[{\"@type\":\"ReadAction\",\"target\":[\"https:\\\/\\\/hundtgroup.com\\\/fr\\\/produkt\\\/trumpf-nibleur-a-fibres-composites-trutool-fcn-250\\\/\"]}]},{\"@type\":\"ImageObject\",\"inLanguage\":\"fr-FR\",\"@id\":\"https:\\\/\\\/hundtgroup.com\\\/fr\\\/produkt\\\/trumpf-nibleur-a-fibres-composites-trutool-fcn-250\\\/#primaryimage\",\"url\":\"https:\\\/\\\/hundtgroup.com\\\/wp-content\\\/uploads\\\/352250-scaled.jpg\",\"contentUrl\":\"https:\\\/\\\/hundtgroup.com\\\/wp-content\\\/uploads\\\/352250-scaled.jpg\",\"width\":2560,\"height\":2194},{\"@type\":\"BreadcrumbList\",\"@id\":\"https:\\\/\\\/hundtgroup.com\\\/fr\\\/produkt\\\/trumpf-nibleur-a-fibres-composites-trutool-fcn-250\\\/#breadcrumb\",\"itemListElement\":[{\"@type\":\"ListItem\",\"position\":1,\"name\":\"Startseite\",\"item\":\"https:\\\/\\\/hundtgroup.com\\\/fr\\\/accueil-nouveau\\\/\"},{\"@type\":\"ListItem\",\"position\":2,\"name\":\"Boutique\",\"item\":\"https:\\\/\\\/hundtgroup.com\\\/boutique\\\/\"},{\"@type\":\"ListItem\",\"position\":3,\"name\":\"TRUMPF Nibleur \u00e0 fibres composites TruTool FCN 250\"}]},{\"@type\":\"WebSite\",\"@id\":\"https:\\\/\\\/hundtgroup.com\\\/fr\\\/#website\",\"url\":\"https:\\\/\\\/hundtgroup.com\\\/fr\\\/\",\"name\":\"Wilhelm Hundt GmbH\",\"description\":\"Votre sp\u00e9cialiste en machines et outils pour le travail de la t\u00f4le\",\"potentialAction\":[{\"@type\":\"SearchAction\",\"target\":{\"@type\":\"EntryPoint\",\"urlTemplate\":\"https:\\\/\\\/hundtgroup.com\\\/fr\\\/?s={search_term_string}\"},\"query-input\":{\"@type\":\"PropertyValueSpecification\",\"valueRequired\":true,\"valueName\":\"search_term_string\"}}],\"inLanguage\":\"fr-FR\"}]}<\/script>\n<!-- \/ Yoast SEO plugin. -->","yoast_head_json":{"title":"TRUMPF Nibleur \u00e0 fibres composites TruTool FCN 250 - Wilhelm Hundt GmbH","robots":{"index":"index","follow":"follow","max-snippet":"max-snippet:-1","max-image-preview":"max-image-preview:large","max-video-preview":"max-video-preview:-1"},"canonical":"https:\/\/hundtgroup.com\/fr\/produkt\/trumpf-nibleur-a-fibres-composites-trutool-fcn-250\/","og_locale":"fr_FR","og_type":"article","og_title":"TRUMPF Nibleur \u00e0 fibres composites TruTool FCN 250 - Wilhelm Hundt GmbH","og_description":"Convient pour *CFK, GFK, AFK;thermodurcissables et thermoplastiques. Proc\u00e9d\u00e9 \u00e0 froid sans d\u00e9gagement de fum\u00e9e. Faible formation de poussi\u00e8re. Pas de d\u00e9lamination ou d&rsquo;effilochage. 360 Changement de direction de coupe \u00e0 un degr\u00e9. Bo\u00eetier en aluminium moul\u00e9 sous pression pour une long\u00e9vit\u00e9 maximale. Travail rapide et peu fatigant sans force d&rsquo;avance. R\u00e9partition ergonomique optimale du poids [&hellip;]","og_url":"https:\/\/hundtgroup.com\/fr\/produkt\/trumpf-nibleur-a-fibres-composites-trutool-fcn-250\/","og_site_name":"Wilhelm Hundt GmbH","article_modified_time":"2025-07-29T08:19:18+00:00","og_image":[{"width":2560,"height":2194,"url":"https:\/\/hundtgroup.com\/wp-content\/uploads\/352250-scaled.jpg","type":"image\/jpeg"}],"twitter_card":"summary_large_image","twitter_misc":{"Dur\u00e9e de lecture estim\u00e9e":"1 minute"},"schema":{"@context":"https:\/\/schema.org","@graph":[{"@type":"WebPage","@id":"https:\/\/hundtgroup.com\/fr\/produkt\/trumpf-nibleur-a-fibres-composites-trutool-fcn-250\/","url":"https:\/\/hundtgroup.com\/fr\/produkt\/trumpf-nibleur-a-fibres-composites-trutool-fcn-250\/","name":"TRUMPF Nibleur \u00e0 fibres composites TruTool FCN 250 - Wilhelm Hundt GmbH","isPartOf":{"@id":"https:\/\/hundtgroup.com\/fr\/#website"},"primaryImageOfPage":{"@id":"https:\/\/hundtgroup.com\/fr\/produkt\/trumpf-nibleur-a-fibres-composites-trutool-fcn-250\/#primaryimage"},"image":{"@id":"https:\/\/hundtgroup.com\/fr\/produkt\/trumpf-nibleur-a-fibres-composites-trutool-fcn-250\/#primaryimage"},"thumbnailUrl":"https:\/\/hundtgroup.com\/wp-content\/uploads\/352250-scaled.jpg","datePublished":"2022-08-23T13:55:42+00:00","dateModified":"2025-07-29T08:19:18+00:00","breadcrumb":{"@id":"https:\/\/hundtgroup.com\/fr\/produkt\/trumpf-nibleur-a-fibres-composites-trutool-fcn-250\/#breadcrumb"},"inLanguage":"fr-FR","potentialAction":[{"@type":"ReadAction","target":["https:\/\/hundtgroup.com\/fr\/produkt\/trumpf-nibleur-a-fibres-composites-trutool-fcn-250\/"]}]},{"@type":"ImageObject","inLanguage":"fr-FR","@id":"https:\/\/hundtgroup.com\/fr\/produkt\/trumpf-nibleur-a-fibres-composites-trutool-fcn-250\/#primaryimage","url":"https:\/\/hundtgroup.com\/wp-content\/uploads\/352250-scaled.jpg","contentUrl":"https:\/\/hundtgroup.com\/wp-content\/uploads\/352250-scaled.jpg","width":2560,"height":2194},{"@type":"BreadcrumbList","@id":"https:\/\/hundtgroup.com\/fr\/produkt\/trumpf-nibleur-a-fibres-composites-trutool-fcn-250\/#breadcrumb","itemListElement":[{"@type":"ListItem","position":1,"name":"Startseite","item":"https:\/\/hundtgroup.com\/fr\/accueil-nouveau\/"},{"@type":"ListItem","position":2,"name":"Boutique","item":"https:\/\/hundtgroup.com\/boutique\/"},{"@type":"ListItem","position":3,"name":"TRUMPF Nibleur \u00e0 fibres composites TruTool FCN 250"}]},{"@type":"WebSite","@id":"https:\/\/hundtgroup.com\/fr\/#website","url":"https:\/\/hundtgroup.com\/fr\/","name":"Wilhelm Hundt GmbH","description":"Votre sp\u00e9cialiste en machines et outils pour le travail de la t\u00f4le","potentialAction":[{"@type":"SearchAction","target":{"@type":"EntryPoint","urlTemplate":"https:\/\/hundtgroup.com\/fr\/?s={search_term_string}"},"query-input":{"@type":"PropertyValueSpecification","valueRequired":true,"valueName":"search_term_string"}}],"inLanguage":"fr-FR"}]}},"_links":{"self":[{"href":"https:\/\/hundtgroup.com\/fr\/wp-json\/wp\/v2\/product\/15549","targetHints":{"allow":["GET"]}}],"collection":[{"href":"https:\/\/hundtgroup.com\/fr\/wp-json\/wp\/v2\/product"}],"about":[{"href":"https:\/\/hundtgroup.com\/fr\/wp-json\/wp\/v2\/types\/product"}],"wp:featuredmedia":[{"embeddable":true,"href":"https:\/\/hundtgroup.com\/fr\/wp-json\/wp\/v2\/media\/15551"}],"wp:attachment":[{"href":"https:\/\/hundtgroup.com\/fr\/wp-json\/wp\/v2\/media?parent=15549"}],"wp:term":[{"taxonomy":"product_cat","embeddable":true,"href":"https:\/\/hundtgroup.com\/fr\/wp-json\/wp\/v2\/product_cat?post=15549"},{"taxonomy":"product_tag","embeddable":true,"href":"https:\/\/hundtgroup.com\/fr\/wp-json\/wp\/v2\/product_tag?post=15549"}],"curies":[{"name":"wp","href":"https:\/\/api.w.org\/{rel}","templated":true}]}}