{"id":15562,"date":"2022-08-23T15:55:42","date_gmt":"2022-08-23T13:55:42","guid":{"rendered":"https:\/\/hundtgroup.com\/produkt\/grignoteuse-trumpf-trutool-n-1000\/"},"modified":"2025-07-29T10:19:41","modified_gmt":"2025-07-29T08:19:41","slug":"grignoteuse-trumpf-trutool-n-1000","status":"publish","type":"product","link":"https:\/\/hundtgroup.com\/fr\/produkt\/grignoteuse-trumpf-trutool-n-1000\/","title":{"rendered":"Grignoteuse TRUMPF TruTool N 1000"},"content":{"rendered":"<p>D\u00e9coupeuse de t\u00f4les \u00e9paisses avec nouveau moteur puissant de 2600 watts, m\u00eame sur des plis de 90\u00b0.<br \/>\nConvient aux travaux de tron\u00e7onnage dans la construction de r\u00e9servoirs\/r\u00e9cipients.<br \/>\n4 positions d&rsquo;outil pour chaque application.<br \/>\nInfluence de l&rsquo;inclinaison Coupe sur les bords, les soudures et les t\u00f4les doubl\u00e9es.<br \/>\nR\u00e9ducteur \u00e0 2 vitesses pour une performance de coupe optimale dans les mat\u00e9riaux tr\u00e8s r\u00e9sistants et une augmentation de la dur\u00e9e de vie de l&rsquo;outil.<br \/>\nLa nouvelle poign\u00e9e Softgrip r\u00e9duit les vibrations lors du travail et assure un guidage confortable de la machine.<\/p>\n","protected":false},"excerpt":{"rendered":"<p>D\u00e9coupeuse de t\u00f4les \u00e9paisses avec nouveau moteur puissant de 2600 watts, m\u00eame sur des plis de 90\u00b0. Convient aux travaux de tron\u00e7onnage dans la construction de r\u00e9servoirs\/r\u00e9cipients. 4 positions d&rsquo;outil pour chaque application. Influence de l&rsquo;inclinaison Coupe sur les bords, les soudures et les t\u00f4les doubl\u00e9es. R\u00e9ducteur \u00e0 2 vitesses pour une performance de coupe [&hellip;]<\/p>\n","protected":false},"featured_media":15563,"template":"","meta":{"_acf_changed":false,"inline_featured_image":false},"product_cat":[680,670],"product_tag":[],"class_list":{"0":"post-15562","1":"product","2":"type-product","3":"status-publish","4":"has-post-thumbnail","6":"brand-trumpf","7":"product_cat-grignoteuse","8":"product_cat-outils-electriques","10":"first","11":"instock","12":"sale","13":"taxable","14":"shipping-taxable","15":"purchasable","16":"product-type-simple","17":"add-to-wishlist-before_image"},"acf":[],"yoast_head":"<!-- This site is optimized with the Yoast SEO plugin v27.3 - https:\/\/yoast.com\/product\/yoast-seo-wordpress\/ -->\n<title>Grignoteuse TRUMPF TruTool N 1000 - Wilhelm Hundt GmbH<\/title>\n<meta name=\"robots\" content=\"index, follow, max-snippet:-1, max-image-preview:large, max-video-preview:-1\" \/>\n<link rel=\"canonical\" href=\"https:\/\/hundtgroup.com\/fr\/produkt\/grignoteuse-trumpf-trutool-n-1000\/\" \/>\n<meta property=\"og:locale\" content=\"fr_FR\" \/>\n<meta property=\"og:type\" content=\"article\" \/>\n<meta property=\"og:title\" content=\"Grignoteuse TRUMPF TruTool N 1000 - Wilhelm Hundt GmbH\" \/>\n<meta property=\"og:description\" content=\"D\u00e9coupeuse de t\u00f4les \u00e9paisses avec nouveau moteur puissant de 2600 watts, m\u00eame sur des plis de 90\u00b0. Convient aux travaux de tron\u00e7onnage dans la construction de r\u00e9servoirs\/r\u00e9cipients. 4 positions d&rsquo;outil pour chaque application. Influence de l&rsquo;inclinaison Coupe sur les bords, les soudures et les t\u00f4les doubl\u00e9es. R\u00e9ducteur \u00e0 2 vitesses pour une performance de coupe [&hellip;]\" \/>\n<meta property=\"og:url\" content=\"https:\/\/hundtgroup.com\/fr\/produkt\/grignoteuse-trumpf-trutool-n-1000\/\" \/>\n<meta property=\"og:site_name\" content=\"Wilhelm Hundt GmbH\" \/>\n<meta property=\"article:modified_time\" content=\"2025-07-29T08:19:41+00:00\" \/>\n<meta property=\"og:image\" content=\"https:\/\/hundtgroup.com\/wp-content\/uploads\/345073-scaled.jpg\" \/>\n\t<meta property=\"og:image:width\" content=\"2560\" \/>\n\t<meta property=\"og:image:height\" content=\"2560\" \/>\n\t<meta property=\"og:image:type\" content=\"image\/jpeg\" \/>\n<meta name=\"twitter:card\" content=\"summary_large_image\" \/>\n<meta name=\"twitter:label1\" content=\"Dur\u00e9e de lecture estim\u00e9e\" \/>\n\t<meta name=\"twitter:data1\" content=\"1 minute\" \/>\n<script type=\"application\/ld+json\" class=\"yoast-schema-graph\">{\"@context\":\"https:\\\/\\\/schema.org\",\"@graph\":[{\"@type\":\"WebPage\",\"@id\":\"https:\\\/\\\/hundtgroup.com\\\/fr\\\/produkt\\\/grignoteuse-trumpf-trutool-n-1000\\\/\",\"url\":\"https:\\\/\\\/hundtgroup.com\\\/fr\\\/produkt\\\/grignoteuse-trumpf-trutool-n-1000\\\/\",\"name\":\"Grignoteuse TRUMPF TruTool N 1000 - Wilhelm Hundt GmbH\",\"isPartOf\":{\"@id\":\"https:\\\/\\\/hundtgroup.com\\\/fr\\\/#website\"},\"primaryImageOfPage\":{\"@id\":\"https:\\\/\\\/hundtgroup.com\\\/fr\\\/produkt\\\/grignoteuse-trumpf-trutool-n-1000\\\/#primaryimage\"},\"image\":{\"@id\":\"https:\\\/\\\/hundtgroup.com\\\/fr\\\/produkt\\\/grignoteuse-trumpf-trutool-n-1000\\\/#primaryimage\"},\"thumbnailUrl\":\"https:\\\/\\\/hundtgroup.com\\\/wp-content\\\/uploads\\\/345073-scaled.jpg\",\"datePublished\":\"2022-08-23T13:55:42+00:00\",\"dateModified\":\"2025-07-29T08:19:41+00:00\",\"breadcrumb\":{\"@id\":\"https:\\\/\\\/hundtgroup.com\\\/fr\\\/produkt\\\/grignoteuse-trumpf-trutool-n-1000\\\/#breadcrumb\"},\"inLanguage\":\"fr-FR\",\"potentialAction\":[{\"@type\":\"ReadAction\",\"target\":[\"https:\\\/\\\/hundtgroup.com\\\/fr\\\/produkt\\\/grignoteuse-trumpf-trutool-n-1000\\\/\"]}]},{\"@type\":\"ImageObject\",\"inLanguage\":\"fr-FR\",\"@id\":\"https:\\\/\\\/hundtgroup.com\\\/fr\\\/produkt\\\/grignoteuse-trumpf-trutool-n-1000\\\/#primaryimage\",\"url\":\"https:\\\/\\\/hundtgroup.com\\\/wp-content\\\/uploads\\\/345073-scaled.jpg\",\"contentUrl\":\"https:\\\/\\\/hundtgroup.com\\\/wp-content\\\/uploads\\\/345073-scaled.jpg\",\"width\":2560,\"height\":2560},{\"@type\":\"BreadcrumbList\",\"@id\":\"https:\\\/\\\/hundtgroup.com\\\/fr\\\/produkt\\\/grignoteuse-trumpf-trutool-n-1000\\\/#breadcrumb\",\"itemListElement\":[{\"@type\":\"ListItem\",\"position\":1,\"name\":\"Startseite\",\"item\":\"https:\\\/\\\/hundtgroup.com\\\/fr\\\/accueil-nouveau\\\/\"},{\"@type\":\"ListItem\",\"position\":2,\"name\":\"Boutique\",\"item\":\"https:\\\/\\\/hundtgroup.com\\\/boutique\\\/\"},{\"@type\":\"ListItem\",\"position\":3,\"name\":\"Grignoteuse TRUMPF TruTool N 1000\"}]},{\"@type\":\"WebSite\",\"@id\":\"https:\\\/\\\/hundtgroup.com\\\/fr\\\/#website\",\"url\":\"https:\\\/\\\/hundtgroup.com\\\/fr\\\/\",\"name\":\"Wilhelm Hundt GmbH\",\"description\":\"Votre sp\u00e9cialiste en machines et outils pour le travail de la t\u00f4le\",\"potentialAction\":[{\"@type\":\"SearchAction\",\"target\":{\"@type\":\"EntryPoint\",\"urlTemplate\":\"https:\\\/\\\/hundtgroup.com\\\/fr\\\/?s={search_term_string}\"},\"query-input\":{\"@type\":\"PropertyValueSpecification\",\"valueRequired\":true,\"valueName\":\"search_term_string\"}}],\"inLanguage\":\"fr-FR\"}]}<\/script>\n<!-- \/ Yoast SEO plugin. -->","yoast_head_json":{"title":"Grignoteuse TRUMPF TruTool N 1000 - Wilhelm Hundt GmbH","robots":{"index":"index","follow":"follow","max-snippet":"max-snippet:-1","max-image-preview":"max-image-preview:large","max-video-preview":"max-video-preview:-1"},"canonical":"https:\/\/hundtgroup.com\/fr\/produkt\/grignoteuse-trumpf-trutool-n-1000\/","og_locale":"fr_FR","og_type":"article","og_title":"Grignoteuse TRUMPF TruTool N 1000 - Wilhelm Hundt GmbH","og_description":"D\u00e9coupeuse de t\u00f4les \u00e9paisses avec nouveau moteur puissant de 2600 watts, m\u00eame sur des plis de 90\u00b0. Convient aux travaux de tron\u00e7onnage dans la construction de r\u00e9servoirs\/r\u00e9cipients. 4 positions d&rsquo;outil pour chaque application. Influence de l&rsquo;inclinaison Coupe sur les bords, les soudures et les t\u00f4les doubl\u00e9es. R\u00e9ducteur \u00e0 2 vitesses pour une performance de coupe [&hellip;]","og_url":"https:\/\/hundtgroup.com\/fr\/produkt\/grignoteuse-trumpf-trutool-n-1000\/","og_site_name":"Wilhelm Hundt GmbH","article_modified_time":"2025-07-29T08:19:41+00:00","og_image":[{"width":2560,"height":2560,"url":"https:\/\/hundtgroup.com\/wp-content\/uploads\/345073-scaled.jpg","type":"image\/jpeg"}],"twitter_card":"summary_large_image","twitter_misc":{"Dur\u00e9e de lecture estim\u00e9e":"1 minute"},"schema":{"@context":"https:\/\/schema.org","@graph":[{"@type":"WebPage","@id":"https:\/\/hundtgroup.com\/fr\/produkt\/grignoteuse-trumpf-trutool-n-1000\/","url":"https:\/\/hundtgroup.com\/fr\/produkt\/grignoteuse-trumpf-trutool-n-1000\/","name":"Grignoteuse TRUMPF TruTool N 1000 - Wilhelm Hundt GmbH","isPartOf":{"@id":"https:\/\/hundtgroup.com\/fr\/#website"},"primaryImageOfPage":{"@id":"https:\/\/hundtgroup.com\/fr\/produkt\/grignoteuse-trumpf-trutool-n-1000\/#primaryimage"},"image":{"@id":"https:\/\/hundtgroup.com\/fr\/produkt\/grignoteuse-trumpf-trutool-n-1000\/#primaryimage"},"thumbnailUrl":"https:\/\/hundtgroup.com\/wp-content\/uploads\/345073-scaled.jpg","datePublished":"2022-08-23T13:55:42+00:00","dateModified":"2025-07-29T08:19:41+00:00","breadcrumb":{"@id":"https:\/\/hundtgroup.com\/fr\/produkt\/grignoteuse-trumpf-trutool-n-1000\/#breadcrumb"},"inLanguage":"fr-FR","potentialAction":[{"@type":"ReadAction","target":["https:\/\/hundtgroup.com\/fr\/produkt\/grignoteuse-trumpf-trutool-n-1000\/"]}]},{"@type":"ImageObject","inLanguage":"fr-FR","@id":"https:\/\/hundtgroup.com\/fr\/produkt\/grignoteuse-trumpf-trutool-n-1000\/#primaryimage","url":"https:\/\/hundtgroup.com\/wp-content\/uploads\/345073-scaled.jpg","contentUrl":"https:\/\/hundtgroup.com\/wp-content\/uploads\/345073-scaled.jpg","width":2560,"height":2560},{"@type":"BreadcrumbList","@id":"https:\/\/hundtgroup.com\/fr\/produkt\/grignoteuse-trumpf-trutool-n-1000\/#breadcrumb","itemListElement":[{"@type":"ListItem","position":1,"name":"Startseite","item":"https:\/\/hundtgroup.com\/fr\/accueil-nouveau\/"},{"@type":"ListItem","position":2,"name":"Boutique","item":"https:\/\/hundtgroup.com\/boutique\/"},{"@type":"ListItem","position":3,"name":"Grignoteuse TRUMPF TruTool N 1000"}]},{"@type":"WebSite","@id":"https:\/\/hundtgroup.com\/fr\/#website","url":"https:\/\/hundtgroup.com\/fr\/","name":"Wilhelm Hundt GmbH","description":"Votre sp\u00e9cialiste en machines et outils pour le travail de la t\u00f4le","potentialAction":[{"@type":"SearchAction","target":{"@type":"EntryPoint","urlTemplate":"https:\/\/hundtgroup.com\/fr\/?s={search_term_string}"},"query-input":{"@type":"PropertyValueSpecification","valueRequired":true,"valueName":"search_term_string"}}],"inLanguage":"fr-FR"}]}},"_links":{"self":[{"href":"https:\/\/hundtgroup.com\/fr\/wp-json\/wp\/v2\/product\/15562","targetHints":{"allow":["GET"]}}],"collection":[{"href":"https:\/\/hundtgroup.com\/fr\/wp-json\/wp\/v2\/product"}],"about":[{"href":"https:\/\/hundtgroup.com\/fr\/wp-json\/wp\/v2\/types\/product"}],"wp:featuredmedia":[{"embeddable":true,"href":"https:\/\/hundtgroup.com\/fr\/wp-json\/wp\/v2\/media\/15563"}],"wp:attachment":[{"href":"https:\/\/hundtgroup.com\/fr\/wp-json\/wp\/v2\/media?parent=15562"}],"wp:term":[{"taxonomy":"product_cat","embeddable":true,"href":"https:\/\/hundtgroup.com\/fr\/wp-json\/wp\/v2\/product_cat?post=15562"},{"taxonomy":"product_tag","embeddable":true,"href":"https:\/\/hundtgroup.com\/fr\/wp-json\/wp\/v2\/product_tag?post=15562"}],"curies":[{"name":"wp","href":"https:\/\/api.w.org\/{rel}","templated":true}]}}